{"id":1037,"date":"2019-07-15T11:58:40","date_gmt":"2019-07-15T11:58:40","guid":{"rendered":"http:\/\/lapurisimaalzira.org\/?page_id=1037"},"modified":"2026-04-10T13:18:26","modified_gmt":"2026-04-10T11:18:26","slug":"admision-alumnos-bachillerato-procedentes-de-otros-centros","status":"publish","type":"page","link":"https:\/\/lapurisimaalzira.org\/?page_id=1037","title":{"rendered":"Admisi\u00f3n alumnos Bachillerato (procedentes de otros Centros) para el curso 2026-2027"},"content":{"rendered":"\n<p class=\"has-text-align-center has-vivid-cyan-blue-color has-luminous-vivid-amber-background-color has-text-color has-background has-medium-font-size\"><a rel=\"noreferrer noopener\" href=\"https:\/\/portal.edu.gva.es\/telematricula\/es\/inicio\/\" target=\"_blank\"><strong>PORTAL TELEM\u00c1TICO DE CONSELLERIA<\/strong><\/a><\/p>\n\n\n\n<hr class=\"wp-block-separator has-css-opacity\"\/>\n\n\n\n<div class=\"wp-block-buttons is-horizontal is-content-justification-center is-layout-flex wp-container-core-buttons-is-layout-499968f5 wp-block-buttons-is-layout-flex\">\n<div class=\"wp-block-button\"><a class=\"wp-block-button__link wp-element-button\">Cita previa para hacer en el Colegio la Admisi\u00f3n 2026 (EN BREVE)<\/a><\/div>\n<\/div>\n\n\n\n<hr class=\"wp-block-separator has-css-opacity\"\/>\n\n\n\n<p class=\"has-text-align-center has-medium-font-size\"><a href=\"http:\/\/www.ceice.gva.es\/es\/web\/admision-alumnado\" target=\"_blank\" rel=\"noreferrer noopener\" aria-label=\"P\u00e1gina web de Conselleria (abre en una nueva pesta\u00f1a)\">P\u00e1gina web de Conselleria<\/a><\/p>\n\n\n\n<hr class=\"wp-block-separator has-css-opacity\"\/>\n\n\n<div class=\"wp-block-image\">\n<figure class=\"aligncenter size-full\"><img loading=\"lazy\" decoding=\"async\" width=\"1587\" height=\"2245\" src=\"https:\/\/lapurisimaalzira.org\/wp-content\/uploads\/2026\/03\/CALENDARIO-ADMISION-26-27-BACHILLERATO.png\" alt=\"\" class=\"wp-image-5840\" srcset=\"https:\/\/lapurisimaalzira.org\/wp-content\/uploads\/2026\/03\/CALENDARIO-ADMISION-26-27-BACHILLERATO.png 1587w, https:\/\/lapurisimaalzira.org\/wp-content\/uploads\/2026\/03\/CALENDARIO-ADMISION-26-27-BACHILLERATO-212x300.png 212w, https:\/\/lapurisimaalzira.org\/wp-content\/uploads\/2026\/03\/CALENDARIO-ADMISION-26-27-BACHILLERATO-724x1024.png 724w, https:\/\/lapurisimaalzira.org\/wp-content\/uploads\/2026\/03\/CALENDARIO-ADMISION-26-27-BACHILLERATO-768x1086.png 768w, https:\/\/lapurisimaalzira.org\/wp-content\/uploads\/2026\/03\/CALENDARIO-ADMISION-26-27-BACHILLERATO-1086x1536.png 1086w, https:\/\/lapurisimaalzira.org\/wp-content\/uploads\/2026\/03\/CALENDARIO-ADMISION-26-27-BACHILLERATO-1448x2048.png 1448w, https:\/\/lapurisimaalzira.org\/wp-content\/uploads\/2026\/03\/CALENDARIO-ADMISION-26-27-BACHILLERATO-600x849.png 600w\" sizes=\"auto, (max-width: 1587px) 100vw, 1587px\" \/><\/figure>\n<\/div>\n\n\n<hr class=\"wp-block-separator has-alpha-channel-opacity\"\/>\n\n\n\n<p class=\"has-text-align-center has-large-font-size\"><a href=\"https:\/\/ceice.gva.es\/documents\/162640623\/402847517\/260303_CE+Valencia+2.pdf\/4b749398-e3f0-e1d5-177c-7dcecce01cad?t=1772540757962\" target=\"_blank\" rel=\"noreferrer noopener\">Criterios espec\u00edficos de admisi\u00f3n 26-27<\/a><\/p>\n\n\n\n<hr class=\"wp-block-separator has-alpha-channel-opacity\"\/>\n\n\n\n<p class=\"has-text-align-center has-medium-font-size\"><a href=\"http:\/\/www.ceice.gva.es\/va\/web\/centros-docentes\/consulta-general\" target=\"_blank\" rel=\"noreferrer noopener\" aria-label=\"Gu\u00eda de Centros Docentes (abre en una nueva pesta\u00f1a)\">Gu\u00eda de Centros Docentes<\/a><\/p>\n\n\n\n<hr class=\"wp-block-separator has-css-opacity\"\/>\n\n\n\n<p class=\"has-text-align-center\"><strong>Legislaci\u00f3n  vigente<\/strong><strong> relativa a la Admisi\u00f3n de  alumnos<\/strong><\/p>\n\n\n\n<p align=\"justify\"><a href=\"http:\/\/www.boe.es\/boe\/dias\/1996\/02\/27\/pdfs\/A07349-07374.pdf\" target=\"_blank\" rel=\"noopener noreferrer\">BOE 50 (27-02-1996)<\/a>:\n Real Decreto 84\/1996, de 26 de enero, por el que se  aprueba el \nReglamento General sobre inscripci\u00f3n de empresas y afiliaci\u00f3n, altas,  \nbajas y variaciones de datos de trabajadores en la Seguridad Social.<\/p>\n\n\n\n<p align=\"justify\"><a href=\"http:\/\/www.docv.gva.es\/datos\/2002\/03\/27\/pdf\/2002_X2873.pdf\" target=\"_blank\" rel=\"noopener noreferrer\">DOCV 4218 (27-03-2002)<\/a>:\n Orden de 27 de febrero de 2002, de la Conselleria de  Sanidad, por la \nque se establece el Informe de Salud del Escolar como documento  \nsanitario de utilizaci\u00f3n obligatoria para el acceso a un centro escolar o\n para  el inicio de etapa educativa.<\/p>\n\n\n\n<p align=\"justify\"><a href=\"http:\/\/www.docv.gva.es\/datos\/2005\/02\/23\/pdf\/2005_X1851.pdf\" target=\"_blank\" rel=\"noopener noreferrer\">DOCV 4952 (23-02-2005)<\/a>:\n Resoluci\u00f3n de 9 de febrero de 2005, del director  general de Ense\u00f1anza \npor la que se dictan instrucciones para la aplicaci\u00f3n de la  Ley \nOrg\u00e1nica 4\/2000, de 11 de enero, y del Real Decreto 2.393\/2004, de 30 de\n  diciembre, sobre derechos y libertades de los extranjeros en Espa\u00f1a y \nsu  integraci\u00f3n social en el sistema educativo.<\/p>\n\n\n\n<p align=\"justify\"><a href=\"http:\/\/www.docv.gva.es\/datos\/2009\/05\/29\/pdf\/2009_6135.pdf\" target=\"_blank\" rel=\"noopener noreferrer\">DOCV 6024 (29-05-2009)<\/a>:\n Orden de 19 de mayo de 2009, de la Conselleria de  Educaci\u00f3n, por la \nque se establece el procedimiento de admisi\u00f3n del alumnado en  los \nProgramas de Cualificaci\u00f3n Profesional Inicial financiados con fondos  \np\u00fablicos<em>.<\/em><\/p>\n\n\n\n<p align=\"justify\"><a rel=\"noreferrer noopener\" href=\"http:\/\/www.docv.gva.es\/datos\/2012\/05\/21\/pdf\/2012_4928.pdf\" target=\"_blank\">DOCV 6778 (21-05-2012)<\/a>:  Decreto 73\/2012, de 18 de mayo, del Consell, por el que se determinan  las condiciones de aplicaci\u00f3n del Real Decreto Ley 14\/2012, de 20 de  abril, de medidas urgentes de racionalizaci\u00f3n del gasto p\u00fablico en el  \u00e1mbito educativo no universitario en la Comunitat Valenciana.<\/p>\n\n\n\n<p align=\"justify\"><a href=\"http:\/\/www.docv.gva.es\/datos\/2012\/05\/22\/pdf\/2012_4912.pdf\" target=\"_blank\" rel=\"noreferrer noopener\">DOCV 6779 (22-05-2012)<\/a>:\n Orden 19\/2012, de 21 de mayo, de la Conseller\u00eda de Educaci\u00f3n, Formaci\u00f3n\n y Empleo, por la que se regula la aplicaci\u00f3n del Real Decreto Ley \n14\/2012, de 20 de abril, de medidas urgentes de racionalizaci\u00f3n del \ngasto p\u00fablico en el \u00e1mbito educativo, en los centros docentes no \nuniversitarios p\u00fablicos y privados concertados de la Comunitat \nValenciana.<br> <\/p>\n\n\n\n<p align=\"justify\"><a href=\"http:\/\/www.docv.gva.es\/datos\/2014\/04\/03\/pdf\/2014_2838.pdf\" target=\"_blank\" rel=\"noreferrer noopener\">DOCV 7247 (03-04-2014)<\/a>:\n Resoluci\u00f3n de 28 de marzo de 2014, del director general de Centros y \nPersonal Docente por la que se dictan instrucciones en relaci\u00f3n con la \nescolarizaci\u00f3n del alumnado cuyos padres no conviven por motivos de \nseparaci\u00f3n, divorcio o situaci\u00f3n an\u00e1loga.<\/p>\n\n\n\n<p align=\"justify\"><a target=\"_blank\" href=\"http:\/\/www.docv.gva.es\/datos\/2016\/05\/17\/pdf\/2016_3472.pdf\" rel=\"noreferrer noopener\">DOCV 7784 (17-05-2016)<\/a>:\n DECRETO 59\/2016, de 13 de mayo, del Consell, por el que se fija el \nn\u00famero m\u00e1ximo de alumnado y la jornada lectiva del personal docente en \nlos niveles no universitarios regulados por la Ley Org\u00e1nica 2\/2006, de 3\n de mayo, de Educaci\u00f3n, en los centros docentes no universitarios de la \nComunitat Valenciana.<\/p>\n\n\n\n<p align=\"justify\"><a href=\"http:\/\/www.dogv.gva.es\/datos\/2020\/04\/06\/pdf\/2020_2818.pdf\" target=\"_blank\" rel=\"noreferrer noopener\">DOGV 8781 (06-04-2020)<\/a>:\n DECRETO LEY 2\/2020, de 3 de abril, de medidas urgentes, en el \u00e1mbito de la educaci\u00f3n, de la cultura y del deporte, para paliar los efectos de la emergencia sanitaria provocada por la Covid-19.<\/p>\n\n\n\n<p align=\"justify\"><a href=\"http:\/\/dogv.gva.es\/datos\/2020\/12\/31\/pdf\/2020_11362.pdf\" target=\"_blank\" rel=\"noreferrer noopener\">DOGV 8987 (31-12-2020)<\/a>:\n LEY 3\/2020, de 30 de diciembre, de la Generalitat, de medidas fiscales, de gesti\u00f3n administrativa y financiera y de organizaci\u00f3n de la Generalitat 2021.<\/p>\n\n\n\n<p align=\"justify\"><a href=\"https:\/\/dogv.gva.es\/datos\/2024\/04\/24\/pdf\/2024_3541.pdf\" target=\"_blank\" rel=\"noreferrer noopener\">DOGV 9835 (24-04-2024)<\/a>: DECRETO 48\/2024, de 23 de abril, del Consell, por el\nque se regula el proceso de admisi\u00f3n en los centros docentes p\u00fablicos y privados concertados que imparten ense\u00f1anzas de Educaci\u00f3n Infantil, Educaci\u00f3n Primaria, Educaci\u00f3n Secundaria Obligatoria y Bachillerato, y en los centros de Educaci\u00f3n Especial, en la Comunitat Valenciana. <\/p>\n\n\n\n<p align=\"justify\"><a href=\"https:\/\/dogv.gva.es\/datos\/2024\/04\/25\/pdf\/2024_3627.pdf\" target=\"_blank\" rel=\"noreferrer noopener\">DOGV 9836 (25-04-2024)<\/a>: CORRECCI\u00d3N de errores del Decreto 48\/2024, de 23 de abril, del Consell, por el que se regula el proceso de admisi\u00f3n en los centros docentes p\u00fablicos y privados concertados que imparten ense\u00f1anzas de Educaci\u00f3n Infantil, Educaci\u00f3n Primaria, Educaci\u00f3n Secundaria Obligatoria y Bachillerato, y en los centros de Educaci\u00f3n Especial, en la Comunitat Valenciana. Criterios para la valoraci\u00f3n de las solicitudes. <\/p>\n\n\n\n<p align=\"justify\"><a href=\"https:\/\/dogv.gva.es\/datos\/2024\/04\/25\/pdf\/2024_3619.pdf\" target=\"_blank\" rel=\"noreferrer noopener\">DOGV 9836 (25-04-2024)<\/a>: ORDEN 8\/2024, de 24 de abril, de la Conselleria de Educaci\u00f3n, Universidades y Empleo, por la que se regula el procedimiento de admisi\u00f3n del alumnado en los centros docentes p\u00fablicos y privados concertados que imparten ense\u00f1anzas de Educaci\u00f3n Infantil, Educaci\u00f3n Primaria, Educaci\u00f3n Secundaria Obligatoria y Bachillerato y en los centros de Educaci\u00f3n Especial en la Comunitat Valenciana. <\/p>\n\n\n\n<p align=\"justify\"><a href=\"https:\/\/dogv.gva.es\/datos\/2026\/03\/02\/pdf\/2026_6504_es.pdf\" target=\"_blank\" rel=\"noreferrer noopener\">DOGV 10313 (02-03-2026)<\/a>: RESOLUCI\u00d3N de 25 de febrero de 2026, de la Direcci\u00f3n General de Centros Docentes, por la que se establece el calendario y se dictan instrucciones respecto al procedimiento de admisi\u00f3n del alumnado en los centros docentes sostenidos con fondos p\u00fablicos de la Comunitat Valenciana que imparten ense\u00f1anzas de Educaci\u00f3n Infantil, Educaci\u00f3n Primaria, Educaci\u00f3n Secundaria Obligatoria y Bachillerato, y en los centros de Educaci\u00f3n Especial, para el curso 2026-2027. <\/p>\n","protected":false},"excerpt":{"rendered":"<p>PORTAL TELEM\u00c1TICO DE CONSELLERIA P\u00e1gina web de Conselleria Criterios espec\u00edficos de admisi\u00f3n 26-27 Gu\u00eda de Centros Docentes Legislaci\u00f3n vigente relativa &hellip; <\/p>\n","protected":false},"author":1,"featured_media":0,"parent":0,"menu_order":0,"comment_status":"closed","ping_status":"closed","template":"","meta":{"footnotes":""},"class_list":["post-1037","page","type-page","status-publish","hentry"],"_links":{"self":[{"href":"https:\/\/lapurisimaalzira.org\/index.php?rest_route=\/wp\/v2\/pages\/1037","targetHints":{"allow":["GET"]}}],"collection":[{"href":"https:\/\/lapurisimaalzira.org\/index.php?rest_route=\/wp\/v2\/pages"}],"about":[{"href":"https:\/\/lapurisimaalzira.org\/index.php?rest_route=\/wp\/v2\/types\/page"}],"author":[{"embeddable":true,"href":"https:\/\/lapurisimaalzira.org\/index.php?rest_route=\/wp\/v2\/users\/1"}],"replies":[{"embeddable":true,"href":"https:\/\/lapurisimaalzira.org\/index.php?rest_route=%2Fwp%2Fv2%2Fcomments&post=1037"}],"version-history":[{"count":68,"href":"https:\/\/lapurisimaalzira.org\/index.php?rest_route=\/wp\/v2\/pages\/1037\/revisions"}],"predecessor-version":[{"id":5888,"href":"https:\/\/lapurisimaalzira.org\/index.php?rest_route=\/wp\/v2\/pages\/1037\/revisions\/5888"}],"wp:attachment":[{"href":"https:\/\/lapurisimaalzira.org\/index.php?rest_route=%2Fwp%2Fv2%2Fmedia&parent=1037"}],"curies":[{"name":"wp","href":"https:\/\/api.w.org\/{rel}","templated":true}]}}