{"id":111,"date":"2018-08-24T10:45:37","date_gmt":"2018-08-24T10:45:37","guid":{"rendered":"http:\/\/lapurisimaalzira.org\/?page_id=111"},"modified":"2020-12-05T21:22:01","modified_gmt":"2020-12-05T19:22:01","slug":"historia-del-centro","status":"publish","type":"page","link":"https:\/\/lapurisimaalzira.org\/?page_id=111","title":{"rendered":"Historia del Centro"},"content":{"rendered":"\n<p align=\"justify\">&nbsp;&nbsp;&nbsp;&nbsp;&nbsp;&nbsp;&nbsp;&nbsp;&nbsp; Las Hermanas Franciscanas de la Inmaculada llegaron a nuestra ciudad en 1879, siendo una de las primeras fundaciones de Madre Francisca. A instancias del Obispo de Valencia, D. Antol\u00edn Monescillo, se cre\u00f3 el Centro de Protecci\u00f3n de la Mujer, en la calle Albornoz, ubicada en la Vila, atendiendo, seg\u00fan el esp\u00edritu de su fundadora, a las j\u00f3venes que acud\u00edan a Alzira en busca de trabajo y estaban necesitadas de apoyo y orientaci\u00f3n.<\/p>\n\n\n\n<p align=\"justify\">&nbsp;&nbsp;&nbsp;&nbsp;&nbsp;&nbsp;&nbsp;&nbsp;&nbsp; En 1883, las Hermanas Franciscanas inauguraron un Parvulario llamado \u00abNuestra Se\u00f1ora del Buen Consejo\u00bb, inici\u00e1ndose as\u00ed su labor docente. El parvulario fue creciendo y se convirti\u00f3 en el Colegio \u00abLa Pur\u00edsima\u00bb, situado en la calle Santa Luc\u00eda n\u00ba 36; era mixto s\u00f3lo en el parvulario y femenino en el resto. La buena labor realizada por las religiosas hizo que se ampliara la matr\u00edcula y que se impartieran clases de bachillerato, siendo el centro homologado en 1956. El Colegio, que ten\u00eda internado desde 1953, en los a\u00f1os sesenta del siglo XX se hab\u00eda quedado peque\u00f1o y no cumpl\u00eda con los requisitos exigidos por la inspecci\u00f3n de Ense\u00f1anza en cuanto a espacios, laboratorios y otros servicios; por ello la Congregaci\u00f3n planific\u00f3 adquirir unos terrenos, fuera de la Vila, al otro lado del r\u00edo Barxeta, en la Partida Tulell, entonces totalmente despoblada y dedicada en su mayor parte al cultivo del naranjo.<\/p>\n\n\n\n<p align=\"justify\">&nbsp;&nbsp;&nbsp;&nbsp;&nbsp;&nbsp;&nbsp;&nbsp;&nbsp; La primera piedra del actual edificio fue colocada en junio de 1969 y el 24 de octubre de 1970 se bendijo el Colegio actual. En \u00e9l, adem\u00e1s de los ni\u00f1os del parvulario, tambi\u00e9n se admiti\u00f3 a chicos en COU. En el curso 1980-81 pas\u00f3 a ser mixto 1\u00ba de BUP y, progresivamente, toda secundaria. La promoci\u00f3n que termin\u00f3 COU en 1996 fue la primera que fue mixta en todas las etapas educativas: Preescolar, EGB (1\u00ba, en el curso 1984-85), BUP y COU.<\/p>\n\n\n\n<div class=\"wp-block-image\"><figure class=\"aligncenter size-large\"><img loading=\"lazy\" decoding=\"async\" width=\"269\" height=\"188\" src=\"https:\/\/lapurisimaalzira.org\/wp-content\/uploads\/2020\/11\/Primera-piedra.jpg\" alt=\"\" class=\"wp-image-2427\"\/><\/figure><\/div>\n\n\n\n<p align=\"justify\">&nbsp;&nbsp;&nbsp;&nbsp;&nbsp;&nbsp;&nbsp;&nbsp;&nbsp; Las Hnas. Franciscanas de la Inmaculada se han dedicado a la educaci\u00f3n de las distintas generaciones de ni\u00f1os\/as y j\u00f3venes de Alzira y de la comarca, as\u00ed como de poblaciones m\u00e1s alejadas, en la \u00e9poca en la que hab\u00eda internado, hasta finales de los 80.<\/p>\n\n\n\n<p align=\"justify\">&nbsp;&nbsp;&nbsp;&nbsp;&nbsp;&nbsp;&nbsp;&nbsp;&nbsp; El Colegio ha ido adapt\u00e1ndose a las nuevas leyes de educaci\u00f3n y a los nuevos tiempos, cumpliendo con todos los requisitos y exigencias de las disposiciones oficiales de ense\u00f1anza. Goza de una excelente situaci\u00f3n, numeroso alumnado y un buen equipo de profesores, de gran experiencia y dedicaci\u00f3n, acompa\u00f1ados en todo momento por la Comunidad de Hermanas Franciscanas, con la que trabajan con estrecha colaboraci\u00f3n.<\/p>\n\n\n\n<p align=\"justify\">&nbsp;&nbsp;&nbsp;&nbsp;&nbsp;&nbsp;&nbsp;&nbsp;&nbsp; El 30 de diciembre de 2008, El Colegio recibi\u00f3 la Insignia de Oro de la ciudad, otorgada por el Excelent\u00edsimo Ayuntamiento, con motivo de los 125 a\u00f1os de dedicaci\u00f3n a la ense\u00f1anza en Alzira.<\/p>\n\n\n\n<div class=\"wp-block-image\"><figure class=\"aligncenter size-large\"><img loading=\"lazy\" decoding=\"async\" width=\"768\" height=\"794\" src=\"https:\/\/lapurisimaalzira.org\/wp-content\/uploads\/2019\/07\/31-12-08_Insignia_de_oro_2_.jpg\" alt=\"\" class=\"wp-image-569\" srcset=\"https:\/\/lapurisimaalzira.org\/wp-content\/uploads\/2019\/07\/31-12-08_Insignia_de_oro_2_.jpg 768w, https:\/\/lapurisimaalzira.org\/wp-content\/uploads\/2019\/07\/31-12-08_Insignia_de_oro_2_-600x620.jpg 600w, https:\/\/lapurisimaalzira.org\/wp-content\/uploads\/2019\/07\/31-12-08_Insignia_de_oro_2_-290x300.jpg 290w\" sizes=\"auto, (max-width: 768px) 100vw, 768px\" \/><\/figure><\/div>\n\n\n\n<p align=\"justify\">&nbsp;&nbsp;&nbsp;&nbsp;&nbsp;&nbsp;&nbsp;&nbsp;&nbsp; El centro est\u00e1 concertado en todos los niveles educativos: Educaci\u00f3n Infantil, Primaria, ESO y Bachillerato. Obtuvo el Sello de Bronce de Aenor y forma parte de la Red de Centros de Calidad de la Generalitat Valenciana, en el Nivel III, y de la Red de Centros Pluriling\u00fces.<\/p>\n\n\n\n<div class=\"wp-block-image\"><figure class=\"aligncenter\"><img decoding=\"async\" src=\"http:\/\/www.lapurisimaalzira.es\/mediapool\/113\/1131484\/resources\/21248646.jpg\" alt=\"\"\/><\/figure><\/div>\n\n\n\n<p align=\"justify\">&nbsp;&nbsp;&nbsp;&nbsp;&nbsp;&nbsp;&nbsp;&nbsp;&nbsp; Desde el curso 2017-18, el colegio participa en el Programa Beda y desde el curso 2019-20 ostenta el Sello de Vida Saludable.<\/p>\n\n\n\n<div class=\"wp-block-image\"><figure class=\"aligncenter size-large\"><img loading=\"lazy\" decoding=\"async\" width=\"304\" height=\"304\" src=\"https:\/\/lapurisimaalzira.org\/wp-content\/uploads\/2018\/08\/Sello-saludable.png\" alt=\"\" class=\"wp-image-103\" srcset=\"https:\/\/lapurisimaalzira.org\/wp-content\/uploads\/2018\/08\/Sello-saludable.png 304w, https:\/\/lapurisimaalzira.org\/wp-content\/uploads\/2018\/08\/Sello-saludable-300x300.png 300w, https:\/\/lapurisimaalzira.org\/wp-content\/uploads\/2018\/08\/Sello-saludable-100x100.png 100w, https:\/\/lapurisimaalzira.org\/wp-content\/uploads\/2018\/08\/Sello-saludable-150x150.png 150w, https:\/\/lapurisimaalzira.org\/wp-content\/uploads\/2018\/08\/Sello-saludable-70x70.png 70w, https:\/\/lapurisimaalzira.org\/wp-content\/uploads\/2018\/08\/Sello-saludable-246x246.png 246w, https:\/\/lapurisimaalzira.org\/wp-content\/uploads\/2018\/08\/Sello-saludable-276x276.png 276w, https:\/\/lapurisimaalzira.org\/wp-content\/uploads\/2018\/08\/Sello-saludable-125x125.png 125w\" sizes=\"auto, (max-width: 304px) 100vw, 304px\" \/><\/figure><\/div>\n\n\n\n<p align=\"justify\">&nbsp;&nbsp;&nbsp;&nbsp;&nbsp;&nbsp;&nbsp;&nbsp;&nbsp; Nuestro colegio es Centro examinador de los ex\u00e1menes de Cambridge.<\/p>\n\n\n\n<div class=\"wp-block-image\"><figure class=\"aligncenter size-large\"><img loading=\"lazy\" decoding=\"async\" width=\"584\" height=\"86\" src=\"https:\/\/lapurisimaalzira.org\/wp-content\/uploads\/2020\/12\/Cambridge.png\" alt=\"\" class=\"wp-image-2433\" srcset=\"https:\/\/lapurisimaalzira.org\/wp-content\/uploads\/2020\/12\/Cambridge.png 584w, https:\/\/lapurisimaalzira.org\/wp-content\/uploads\/2020\/12\/Cambridge-300x44.png 300w\" sizes=\"auto, (max-width: 584px) 100vw, 584px\" \/><\/figure><\/div>\n","protected":false},"excerpt":{"rendered":"<p>&nbsp;&nbsp;&nbsp;&nbsp;&nbsp;&nbsp;&nbsp;&nbsp;&nbsp; Las Hermanas Franciscanas de la Inmaculada llegaron a nuestra ciudad en 1879, siendo una de las primeras fundaciones de &hellip; <\/p>\n","protected":false},"author":1,"featured_media":0,"parent":0,"menu_order":0,"comment_status":"closed","ping_status":"closed","template":"","meta":{"footnotes":""},"class_list":["post-111","page","type-page","status-publish","hentry"],"_links":{"self":[{"href":"https:\/\/lapurisimaalzira.org\/index.php?rest_route=\/wp\/v2\/pages\/111","targetHints":{"allow":["GET"]}}],"collection":[{"href":"https:\/\/lapurisimaalzira.org\/index.php?rest_route=\/wp\/v2\/pages"}],"about":[{"href":"https:\/\/lapurisimaalzira.org\/index.php?rest_route=\/wp\/v2\/types\/page"}],"author":[{"embeddable":true,"href":"https:\/\/lapurisimaalzira.org\/index.php?rest_route=\/wp\/v2\/users\/1"}],"replies":[{"embeddable":true,"href":"https:\/\/lapurisimaalzira.org\/index.php?rest_route=%2Fwp%2Fv2%2Fcomments&post=111"}],"version-history":[{"count":5,"href":"https:\/\/lapurisimaalzira.org\/index.php?rest_route=\/wp\/v2\/pages\/111\/revisions"}],"predecessor-version":[{"id":2434,"href":"https:\/\/lapurisimaalzira.org\/index.php?rest_route=\/wp\/v2\/pages\/111\/revisions\/2434"}],"wp:attachment":[{"href":"https:\/\/lapurisimaalzira.org\/index.php?rest_route=%2Fwp%2Fv2%2Fmedia&parent=111"}],"curies":[{"name":"wp","href":"https:\/\/api.w.org\/{rel}","templated":true}]}}