{"id":12,"date":"2018-08-17T09:40:10","date_gmt":"2018-08-17T09:40:10","guid":{"rendered":"http:\/\/lapurisimaalzira.org\/?page_id=12"},"modified":"2022-08-05T13:43:33","modified_gmt":"2022-08-05T11:43:33","slug":"inicio","status":"publish","type":"page","link":"https:\/\/lapurisimaalzira.org\/","title":{"rendered":""},"content":{"rendered":"\n<p class=\"has-vivid-green-cyan-background-color has-luminous-vivid-amber-background-color has-background\">Esta p\u00e1gina web utiliza cookies con el fin de mejorar sus servicios, as\u00ed como permitir ciertas funciones. Si contin\u00faa navegando acepta el uso de \u00e9stas. Puede cambiar la configuraci\u00f3n u obtener m\u00e1s informaci\u00f3n en <a href=\"https:\/\/lapurisimaalzira.org\/wp-content\/uploads\/2022\/02\/Politica-de-cookies.pdf\" target=\"_blank\" rel=\"noreferrer noopener\">pol\u00edtica de cookies<\/a>. Si lo desea, tambi\u00e9n puede consultar nuestro <a rel=\"noreferrer noopener\" href=\"https:\/\/lapurisimaalzira.org\/wp-content\/uploads\/2022\/02\/Aviso-legal-2021.pdf\" target=\"_blank\">aviso legal<\/a> y <a rel=\"noreferrer noopener\" href=\"https:\/\/lapurisimaalzira.org\/wp-content\/uploads\/2022\/02\/Politica-de-privacidad-2021.pdf\" target=\"_blank\">pol\u00edtica de privacidad<\/a>. <\/p>\n\n\n<p><\/p>\n<p><iframe loading=\"lazy\" style=\"border-width: 0;\" src=\"https:\/\/calendar.google.com\/calendar\/embed?showTitle=0&amp;showCalendars=0&amp;showTz=0&amp;height=600&amp;wkst=2&amp;bgcolor=%23FFFFFF&amp;src=lapurisimaalzira.es_jd5fd7amqnkc2ops8t82sisuas%40group.calendar.google.com&amp;color=%23711616&amp;ctz=Europe%2FMadrid\" scrolling=\"no\" width=\"800\" height=\"600\" frameborder=\"0\"><\/iframe><\/p>\n\n\n<p id=\"sello_prodat\"><\/p>\n","protected":false},"excerpt":{"rendered":"<p>Esta p\u00e1gina web utiliza cookies con el fin de mejorar sus servicios, as\u00ed como permitir ciertas funciones. Si contin\u00faa navegando &hellip; <\/p>\n","protected":false},"author":1,"featured_media":0,"parent":0,"menu_order":0,"comment_status":"closed","ping_status":"closed","template":"template-home.php","meta":{"footnotes":""},"class_list":["post-12","page","type-page","status-publish","hentry"],"_links":{"self":[{"href":"https:\/\/lapurisimaalzira.org\/index.php?rest_route=\/wp\/v2\/pages\/12","targetHints":{"allow":["GET"]}}],"collection":[{"href":"https:\/\/lapurisimaalzira.org\/index.php?rest_route=\/wp\/v2\/pages"}],"about":[{"href":"https:\/\/lapurisimaalzira.org\/index.php?rest_route=\/wp\/v2\/types\/page"}],"author":[{"embeddable":true,"href":"https:\/\/lapurisimaalzira.org\/index.php?rest_route=\/wp\/v2\/users\/1"}],"replies":[{"embeddable":true,"href":"https:\/\/lapurisimaalzira.org\/index.php?rest_route=%2Fwp%2Fv2%2Fcomments&post=12"}],"version-history":[{"count":35,"href":"https:\/\/lapurisimaalzira.org\/index.php?rest_route=\/wp\/v2\/pages\/12\/revisions"}],"predecessor-version":[{"id":3467,"href":"https:\/\/lapurisimaalzira.org\/index.php?rest_route=\/wp\/v2\/pages\/12\/revisions\/3467"}],"wp:attachment":[{"href":"https:\/\/lapurisimaalzira.org\/index.php?rest_route=%2Fwp%2Fv2%2Fmedia&parent=12"}],"curies":[{"name":"wp","href":"https:\/\/api.w.org\/{rel}","templated":true}]}}