{"id":1211,"date":"2019-07-16T11:07:47","date_gmt":"2019-07-16T11:07:47","guid":{"rendered":"http:\/\/lapurisimaalzira.org\/?page_id=1211"},"modified":"2026-01-07T14:26:37","modified_gmt":"2026-01-07T12:26:37","slug":"prueba-idiomas-a2","status":"publish","type":"page","link":"https:\/\/lapurisimaalzira.org\/?page_id=1211","title":{"rendered":"Pruebas homologadas para la obtenci\u00f3n del certificado de Nivel B\u00e1sico (A2) de ingl\u00e9s\/franc\u00e9s (curso 2025-26)"},"content":{"rendered":"\n<p align=\"justify\">Estas  pruebas van dirigidas a aquellos alumnos que tengan 16 a\u00f1os o m\u00e1s  durante el a\u00f1o 2026 para poder obtener el Certificado de Nivel B\u00e1sico de  Idiomas (A2) sin necesidad de matricularse en la Escuela Oficial de  Idiomas. Dicho certificado permitir\u00e1 el acceso al primer curso de Nivel  Intermedio de la Escuela Oficial de Idiomas. <\/p>\n\n\n\n<div class=\"wp-block-buttons is-content-justification-center is-layout-flex wp-container-core-buttons-is-layout-16018d1d wp-block-buttons-is-layout-flex\">\n<div class=\"wp-block-button\"><a class=\"wp-block-button__link wp-element-button\" href=\"https:\/\/lapurisimaalzira.org\/wp-content\/uploads\/2023\/01\/Solicitud-inscripcion-prueba-A2.pdf\" target=\"_blank\" rel=\"noreferrer noopener\">Solicitud inscripci\u00f3n Pruebas A2<\/a><\/div>\n<\/div>\n\n\n\n<p><\/p>\n\n\n\n<p align=\"justify\">Para inscribirse en la prueba hay que entregar la Solicitud de inscripci\u00f3n a los profesores de Ingl\u00e9s y\/o Franc\u00e9s desde el d\u00eda 16-02-2026 <strong>hasta el d\u00eda 20-02-2026<\/strong>.<\/p>\n\n\n\n<table class=\"wp-block-table aligncenter\" border=\"1\"><tbody><tr><td>&nbsp;&nbsp;Prueba nivel b\u00e1sico Ingl\u00e9s<\/td><td align=\"center\">28-04-2026<br>(11:00h-13:30h)<\/td><\/tr><tr><td>&nbsp;&nbsp;Prueba nivel b\u00e1sico Franc\u00e9s&nbsp;&nbsp;  <\/td><td align=\"center\">29-04-2026<br>&nbsp;&nbsp;(11:00h-13:30h)&nbsp;&nbsp;<\/td><\/tr><\/tbody><\/table>\n\n\n\n<p align=\"justify\">A los alumnos que superen la prueba se les expedir\u00e1 por parte del Centro el t\u00edtulo correspondiente. A dichos alumnos se les avisar\u00e1 para su recogida.<\/p>\n\n\n\n<hr class=\"wp-block-separator has-css-opacity\"\/>\n\n\n\n<p class=\"has-text-align-center\"><strong>Legislaci\u00f3n vigente<\/strong><\/p>\n\n\n\n<p align=\"justify\"><a href=\"http:\/\/www.dogv.gva.es\/datos\/2011\/11\/08\/pdf\/2011_11192.pdf\" target=\"\u00bb_blank\u00bb\" rel=\"noopener noreferrer\">DOCV 6646 (08-11-2011)<\/a>:  ORDEN 20\/2<em>011<\/em>, de 24 de octubre, de la Conselleria de Educaci\u00f3n, Formaci\u00f3n y Empleo, por la que se regulan las pruebas homologadas para la obtenci\u00f3n del certificado de Nivel B\u00e1sico de las lenguas alemana, francesa, inglesa e italiana, cursadas por el alumnado de Educaci\u00f3n Secundaria y de Formaci\u00f3n Profesional de la Comunitat Valenciana. <\/p>\n\n\n\n<p align=\"justify\"><a href=\"https:\/\/dogv.gva.es\/datos\/2025\/12\/30\/pdf\/2025_52022_es.pdf\" target=\"\u00bb_blank\u00bb\" rel=\"noopener noreferrer\">DOGV 10271 (30-12-2025)<\/a>:  RESOLUCI\u00d3N de 17 de diciembre de 2025, de la Direcci\u00f3n General de Centros Docentes, de convocatoria de las pruebas homologadas del nivel A2 del Marco com\u00fan europeo de referencia para las lenguas (MCER) del curso 2025\/2026. <\/p>\n","protected":false},"excerpt":{"rendered":"<p>Estas pruebas van dirigidas a aquellos alumnos que tengan 16 a\u00f1os o m\u00e1s durante el a\u00f1o 2026 para poder obtener &hellip; <\/p>\n","protected":false},"author":1,"featured_media":0,"parent":0,"menu_order":0,"comment_status":"closed","ping_status":"closed","template":"","meta":{"footnotes":""},"class_list":["post-1211","page","type-page","status-publish","hentry"],"_links":{"self":[{"href":"https:\/\/lapurisimaalzira.org\/index.php?rest_route=\/wp\/v2\/pages\/1211","targetHints":{"allow":["GET"]}}],"collection":[{"href":"https:\/\/lapurisimaalzira.org\/index.php?rest_route=\/wp\/v2\/pages"}],"about":[{"href":"https:\/\/lapurisimaalzira.org\/index.php?rest_route=\/wp\/v2\/types\/page"}],"author":[{"embeddable":true,"href":"https:\/\/lapurisimaalzira.org\/index.php?rest_route=\/wp\/v2\/users\/1"}],"replies":[{"embeddable":true,"href":"https:\/\/lapurisimaalzira.org\/index.php?rest_route=%2Fwp%2Fv2%2Fcomments&post=1211"}],"version-history":[{"count":63,"href":"https:\/\/lapurisimaalzira.org\/index.php?rest_route=\/wp\/v2\/pages\/1211\/revisions"}],"predecessor-version":[{"id":5632,"href":"https:\/\/lapurisimaalzira.org\/index.php?rest_route=\/wp\/v2\/pages\/1211\/revisions\/5632"}],"wp:attachment":[{"href":"https:\/\/lapurisimaalzira.org\/index.php?rest_route=%2Fwp%2Fv2%2Fmedia&parent=1211"}],"curies":[{"name":"wp","href":"https:\/\/api.w.org\/{rel}","templated":true}]}}