{"id":1298,"date":"2019-07-16T18:18:50","date_gmt":"2019-07-16T18:18:50","guid":{"rendered":"http:\/\/lapurisimaalzira.org\/?page_id=1298"},"modified":"2026-02-25T14:45:23","modified_gmt":"2026-02-25T12:45:23","slug":"pau-2019-y-titulo-bachillerato","status":"publish","type":"page","link":"https:\/\/lapurisimaalzira.org\/?page_id=1298","title":{"rendered":"PAU 2026 y T\u00edtulo Bachillerato"},"content":{"rendered":"\n<p class=\"has-large-font-size\">Plazo ordinario y extraordinario<\/p>\n\n\n\n<div data-wp-interactive=\"core\/file\" class=\"wp-block-file aligncenter\"><object data-wp-bind--hidden=\"!state.hasPdfPreview\" hidden class=\"wp-block-file__embed\" data=\"https:\/\/lapurisimaalzira.org\/wp-content\/uploads\/2026\/02\/0.-LEE-CON-ATENCION-ORDINARIA-Y-EXTRAORDINARIA-2026.pdf\" type=\"application\/pdf\" style=\"width:100%;height:600px\" aria-label=\"Incrustado de 0. LEE CON ATENCI\u00d3N ORDINARIA Y EXTRAORDINARIA 2026.\"><\/object><a id=\"wp-block-file--media-90ff4d54-fb98-4304-aaa4-ffe43397ec24\" href=\"https:\/\/lapurisimaalzira.org\/wp-content\/uploads\/2026\/02\/0.-LEE-CON-ATENCION-ORDINARIA-Y-EXTRAORDINARIA-2026.pdf\" target=\"_blank\" rel=\"noreferrer noopener\">0. LEE CON ATENCI\u00d3N ORDINARIA Y EXTRAORDINARIA 2026<\/a><a href=\"https:\/\/lapurisimaalzira.org\/wp-content\/uploads\/2026\/02\/0.-LEE-CON-ATENCION-ORDINARIA-Y-EXTRAORDINARIA-2026.pdf\" class=\"wp-block-file__button wp-element-button\" download aria-describedby=\"wp-block-file--media-90ff4d54-fb98-4304-aaa4-ffe43397ec24\">Descarga<\/a><\/div>\n\n\n\n<p align=\"justify\">Los interesados deber\u00e1n entregar la documentaci\u00f3n pertinente, el resguardo del pago del T\u00edtulo de Bachillerato y el impreso de Matr\u00edcula en las PAU.<\/p>\n\n\n\n<div class=\"wp-block-file aligncenter\"><a id=\"wp-block-file--media-dabb6f73-bb07-4668-b9ed-7b3a5965f3a0\" href=\"https:\/\/lapurisimaalzira.org\/wp-content\/uploads\/2026\/02\/Documentacion-solicitud-titulo-y-matricula-PAU-ordinaria-y-extraordinaria-2026.pdf\" target=\"_blank\" rel=\"noreferrer noopener\">Documentaci\u00f3n solicitud t\u00edtulo y matr\u00edcula PAU (ordinaria y extraordinaria) 2026<\/a><a href=\"https:\/\/lapurisimaalzira.org\/wp-content\/uploads\/2026\/02\/Documentacion-solicitud-titulo-y-matricula-PAU-ordinaria-y-extraordinaria-2026.pdf\" class=\"wp-block-file__button wp-element-button\" download aria-describedby=\"wp-block-file--media-dabb6f73-bb07-4668-b9ed-7b3a5965f3a0\">Descarga<\/a><\/div>\n\n\n\n<hr class=\"wp-block-separator has-css-opacity\"\/>\n\n\n\n<p class=\"has-text-align-center has-medium-font-size\"><a href=\"https:\/\/ceice.gva.es\/doc046\/gen\/es\/\" data-type=\"URL\" data-id=\"https:\/\/ceice.gva.es\/doc046\/gen\/es\/\" target=\"_blank\" rel=\"noreferrer noopener\">Pago del T\u00edtulo de Bachillerato<\/a><\/p>\n\n\n\n<p class=\"has-text-align-center\">(no compatible con Google Chrome)<\/p>\n\n\n\n<ol class=\"wp-block-list\">\n<li>Seleccionar <em>Tasas por expedici\u00f3n de t\u00edtulos<\/em>.<\/li>\n\n\n\n<li>Organo gestor: <em>Instituts de Val\u00e8ncia<\/em>.<\/li>\n\n\n\n<li>Tasa: <em>T\u00edtulo de Bachillerato.<\/em><\/li>\n\n\n\n<li>Marcar si es familia numerosa o hay alguna minusval\u00eda.<\/li>\n\n\n\n<li>Imprimir y firmar el documento.<\/li>\n\n\n\n<li>Presentarlo en alguno de los bancos mencionados en <em>Entidades colaboradoras<\/em> y efectuar el pago o pagar online.<\/li>\n\n\n\n<li>Entregar el resguardo del pago en el Colegio.<\/li>\n<\/ol>\n\n\n\n<hr class=\"wp-block-separator has-css-opacity is-style-wide\"\/>\n\n\n\n<div class=\"wp-block-file aligncenter\"><a id=\"wp-block-file--media-8bf36f86-af64-465e-83cb-ed65cc68efee\" href=\"https:\/\/lapurisimaalzira.org\/wp-content\/uploads\/2026\/02\/Matricula-PAU-2026-ord.-y-extra.pdf\" target=\"_blank\" rel=\"noreferrer noopener\">Matr\u00edcula PAU 2026 (ord. y extra.)<\/a><a href=\"https:\/\/lapurisimaalzira.org\/wp-content\/uploads\/2026\/02\/Matricula-PAU-2026-ord.-y-extra.pdf\" class=\"wp-block-file__button wp-element-button\" download aria-describedby=\"wp-block-file--media-8bf36f86-af64-465e-83cb-ed65cc68efee\">Descarga<\/a><\/div>\n\n\n\n<hr class=\"wp-block-separator has-css-opacity\"\/>\n\n\n\n<p class=\"has-text-align-center\"><a href=\"https:\/\/universitats.gva.es\/es\/prova-acces-universitat-pau\" target=\"_blank\" rel=\"noreferrer noopener\">Informaci\u00f3n PAU<\/a><\/p>\n\n\n\n<p><\/p>\n","protected":false},"excerpt":{"rendered":"<p>Plazo ordinario y extraordinario Los interesados deber\u00e1n entregar la documentaci\u00f3n pertinente, el resguardo del pago del T\u00edtulo de Bachillerato y &hellip; <\/p>\n","protected":false},"author":1,"featured_media":0,"parent":0,"menu_order":0,"comment_status":"closed","ping_status":"closed","template":"","meta":{"footnotes":""},"class_list":["post-1298","page","type-page","status-publish","hentry"],"_links":{"self":[{"href":"https:\/\/lapurisimaalzira.org\/index.php?rest_route=\/wp\/v2\/pages\/1298","targetHints":{"allow":["GET"]}}],"collection":[{"href":"https:\/\/lapurisimaalzira.org\/index.php?rest_route=\/wp\/v2\/pages"}],"about":[{"href":"https:\/\/lapurisimaalzira.org\/index.php?rest_route=\/wp\/v2\/types\/page"}],"author":[{"embeddable":true,"href":"https:\/\/lapurisimaalzira.org\/index.php?rest_route=\/wp\/v2\/users\/1"}],"replies":[{"embeddable":true,"href":"https:\/\/lapurisimaalzira.org\/index.php?rest_route=%2Fwp%2Fv2%2Fcomments&post=1298"}],"version-history":[{"count":58,"href":"https:\/\/lapurisimaalzira.org\/index.php?rest_route=\/wp\/v2\/pages\/1298\/revisions"}],"predecessor-version":[{"id":5765,"href":"https:\/\/lapurisimaalzira.org\/index.php?rest_route=\/wp\/v2\/pages\/1298\/revisions\/5765"}],"wp:attachment":[{"href":"https:\/\/lapurisimaalzira.org\/index.php?rest_route=%2Fwp%2Fv2%2Fmedia&parent=1298"}],"curies":[{"name":"wp","href":"https:\/\/api.w.org\/{rel}","templated":true}]}}