{"id":1339,"date":"2019-07-16T19:44:49","date_gmt":"2019-07-16T19:44:49","guid":{"rendered":"http:\/\/lapurisimaalzira.org\/?page_id=1339"},"modified":"2025-09-04T20:41:29","modified_gmt":"2025-09-04T18:41:29","slug":"danza-bachillerato","status":"publish","type":"page","link":"https:\/\/lapurisimaalzira.org\/?page_id=1339","title":{"rendered":"Alumnos de Bachillerato que cursan danza en 2025-2026"},"content":{"rendered":"\n<!--\n<table class=\"wp-block-table aligncenter\" border=\"1\"><tbody>\n<tr>\n<td align=\"center\"><strong>Materia que se convalida<\/strong><\/td>\n<td align=\"center\"><strong>Asignatura de las ense\u00f1anzas profesionales de danza <\/strong><\/td>\n<td align=\"center\"><strong>Calificaci\u00f3n que figurar\u00e1 en el expediente <\/strong><\/td>\n<\/tr>\n\n<tr align=\"center\">\n<td>Artes Esc\u00e9nicas I<br>(1\u00ba Bachillerato)<\/td>\n<td align=\"center\">1er curso de una asignatura de danza o baile<\/td>\n<td align=\"center\"> \"Convalidada\"<\/td>\n<\/tr>\n\n<tr align=\"center\">\n<td>Coro y T\u00e9cnica vocal I<br>(1\u00ba Bachillerato)<\/td>\n<td align=\"center\">Un curso de una asignatura de contenido an\u00e1logo<\/td>\n<td align=\"center\"> \"Convalidada\"<\/td>\n<\/tr>\n\n<tr align=\"center\">\n<td>Cultura Audiovisual<br>(1\u00ba Bachillerato)<\/td>\n<td align=\"center\">Un curso de una asignatura de contenido an\u00e1logo<\/td>\n<td align=\"center\"> \"Convalidada\"<\/td>\n<\/tr>\n\n<tr align=\"center\">\n<td>Lenguaje y Pr\u00e1ctica Musical<br>(1\u00ba Bachillerato)<\/td>\n<td align=\"center\">3r curso de M\u00fasica<\/td>\n<td align=\"center\"> \"Convalidada\"<\/td>\n<\/tr>\n\n<tr align=\"center\">\n<td>Una asignatura espec\u00edfica (excepto Educaci\u00f3n F\u00edsica)<\/td>\n<td align=\"center\">1 asignatura de las ense\u00f1anzas profesionales no empleada antes para convalidar<\/td>\n<td align=\"center\"> \"Convalidada\"<\/td>\n<\/tr>\n\n<tr align=\"center\">\n<td>Educaci\u00f3n F\u00edsica<\/td>\n<td align=\"center\">Estar matriculado en las ense\u00f1anzas profesionales de danza<\/td>\n<td align=\"center\"> \"Exento\"<\/td>\n<\/tr>\n\n<tr align=\"center\">\n<td>Artes Esc\u00e9nicas<br>(2\u00ba Bachillerato)<\/td>\n<td align=\"center\">Interpretaci\u00f3n y Creatividad y Danza<\/td>\n<td align=\"center\"> \"Convalidada\"<\/td>\n<\/tr>\n\n<tr align=\"center\">\n<td>Historia de la M\u00fasica y de la Danza<br>(2\u00ba Bachillerato)<\/td>\n<td align=\"center\">Origen y Evoluci\u00f3n de la Danza y una entre las siguientes asignaturas:<br>\nOrigen y Evoluci\u00f3n del Flamenco<br>\nHistoria de la Danza Espa\u00f1ola<br>\nHistoria de la Danza Cl\u00e1sica<br>\nHistoria de la Danza Moderna y Contempor\u00e1nea<\/td>\n<td align=\"center\"> \"Convalidada\"<\/td>\n<\/tr>\n\n<\/tbody><\/table>\n-->\n\n\n\n<p class=\"has-text-align-center\"><strong>Documentaci\u00f3n a presentar<\/strong> <strong>(entregar antes del 31 de octubre)<\/strong><\/p>\n\n\n\n<div class=\"wp-block-buttons is-horizontal is-content-justification-center is-layout-flex wp-container-core-buttons-is-layout-499968f5 wp-block-buttons-is-layout-flex\">\n<div class=\"wp-block-button\"><a class=\"wp-block-button__link wp-element-button\" href=\"https:\/\/ceice.gva.es\/documents\/162640733\/364216957\/Annex+XII_ORDRE+Solicitud+del+alumne+convalidaci%C3%B3+i+exempci%C3%B3+DANSA.+CORREGIT+ESCOLA+BOLERA.pdf\/70aa30d4-2a71-ea55-2f97-b50cc5e4063f?t=1698388957558\" target=\"_blank\" rel=\"noreferrer noopener\">Solicitud de convalidaci\u00f3n de materias de Bachillerato<\/a><\/div>\n<\/div>\n\n\n\n<p><\/p>\n\n\n\n<p class=\"has-text-align-center has-medium-font-size\">y<\/p>\n\n\n\n<ul class=\"wp-block-list\">\n<li>Certificaci\u00f3n acad\u00e9mica acreditativa de la superaci\u00f3n de la\/s  asignatura\/s con la que se solicita realizar la convalidaci\u00f3n. <\/li>\n<\/ul>\n\n\n\n<p class=\"has-text-align-center has-medium-font-size\">o<\/p>\n\n\n\n<ul class=\"wp-block-list\">\n<li>Certificado  de matr\u00edcula de ense\u00f1anzas profesionales de danza (<em>en el caso de que  la asignatura necesaria para obtener la convalidaci\u00f3n se est\u00e9 cursando  en el mismo a\u00f1o acad\u00e9mico que la materia objeto de convalidaci\u00f3n<\/em>) &nbsp; &nbsp; &nbsp; &nbsp; &nbsp; &nbsp; &nbsp;<\/li>\n<\/ul>\n\n\n\n<p align=\"justify\"><strong><em>Nota<\/em><\/strong><em>:\n En el caso de que la asignatura necesaria para  obtener la \nconvalidacion se est\u00e9 cursando en el mismo a\u00f1o acad\u00e9mico  que la materia\n objeto de convalidaci\u00f3n, se considerar\u00e1 dicha materia  como \u00abpendiente \nde convalidaci\u00f3n\u00bb. Una vez acreditada la superaci\u00f3n de  la asignatura \nnecesaria para convalidar la materia de Bachillerato, se  indicar\u00e1 la \nconvalidaci\u00f3n en los  documentos de evaluaci\u00f3n para la materia \ncorrespondiente. En caso de que  no se presentara el certificado \ncorrespondiente a la superaci\u00f3n de la  asignatura de las ense\u00f1anzas \nprofesionales de danza,  necesaria para obtener la convalidaci\u00f3n, en la \nfecha de la evaluaci\u00f3n  final extraordinaria, la materia cuya \nconvalidaci\u00f3n se solicit\u00f3, aparecer\u00e1 con la calificaci\u00f3n  \u00abno \npresentado\u00bb en los documentos de evaluaci\u00f3n. Las asignaturas \nconvalidadas NO cuentan para la nota media de Bachillerato.<\/em><\/p>\n\n\n\n<p class=\"has-text-align-center\"><strong>Documentaci\u00f3n a presentar para la exenci\u00f3n de Educaci\u00f3n F\u00edsica:<\/strong><\/p>\n\n\n\n<ul class=\"wp-block-list\">\n<li>Certificado de matr\u00edcula de ense\u00f1anzas profesionales de danza.<\/li>\n<\/ul>\n\n\n\n<p align=\"justify\"><strong><em>Nota<\/em><\/strong><em>: <\/em><em>Al\n finalizar el curso se deber\u00e1  aportar certificado de haber  mantenido \nla matr\u00edcula para que  sea  efectiva la exenci\u00f3n. De no hacerlo, la \ncitada materia se considerar\u00e1 no  superada y&nbsp; el alumno o alumna podr\u00e1 \nrealizar la prueba extraordinaria  que tendr\u00e1 lugar en los primeros d\u00edas\n del mes de septiembre. <\/em><em>Si\n  el alumno renunciase a la matr\u00edcula en las Ense\u00f1anzas Profesionales de\n  Danza antes de la fecha de la sesi\u00f3n de la evaluaci\u00f3n final ordinaria,\n  podr\u00e1 solicitar ser evaluada desde ese momento en la materia de  \nEducaci\u00f3n f\u00edsica<\/em>.&nbsp;&nbsp;\n\n<\/p>\n\n\n\n<hr class=\"wp-block-separator has-css-opacity\"\/>\n\n\n\n<p class=\"has-text-align-center\"><strong>Legislaci\u00f3n  vigente relativa a la convalidaci\u00f3n y exenci\u00f3n de asignaturas<\/strong><\/p>\n\n\n\n<p align=\"justify\"><a href=\"https:\/\/www.boe.es\/boe\/dias\/2009\/02\/28\/pdfs\/BOE-A-2009-3424.pdf\" target=\"_blank\" rel=\"noreferrer noopener\">BOE 51 (28-02-2009)<\/a>:\n Real Decreto 242\/2009, de 27 de febrero, por el que se establecen \nconvalidaciones entre las ense\u00f1anzas profesionales de M\u00fasica y de Danza y\n la Educaci\u00f3n secundaria obligatoria y el Bachillerato, as\u00ed como los \nefectos que sobre la materia de Educaci\u00f3n f\u00edsica deben tener la \ncondici\u00f3n de deportista de alto nivel o alto rendimiento y las \nense\u00f1anzas profesionales de Danza.<\/p>\n\n\n\n<p align=\"justify\"><a href=\"http:\/\/www.docv.gva.es\/datos\/2010\/07\/30\/pdf\/2010_8536.pdf\" target=\"_blank\" rel=\"noreferrer noopener\">DOCV 6322 (30-07-2010)<\/a>:\n  ORDEN 71\/2010, de 15 de julio, de la Conselleria de Educaci\u00f3n, por la \n que se regula el procedimiento para solicitar la convalidaci\u00f3n y  \nexenci\u00f3n de materias en la Educaci\u00f3n Secundaria Obligatoria y el  \nBachillerato por parte del alumnado que cursa simult\u00e1neamente ense\u00f1anzas\n  profesionales de m\u00fasica y de danza o bien que acredita la condici\u00f3n de\n  deportista de alto nivel, de alto rendimiento o de \u00e9lite en la \nComunitat  Valenciana.<\/p>\n\n\n\n<p align=\"justify\"><a href=\"http:\/\/www.docv.gva.es\/datos\/2011\/05\/13\/pdf\/2011_5391.pdf\" target=\"_blank\" rel=\"noreferrer noopener\">DOCV 6520 (13-05-2011)<\/a>:\n  ORDEN 27\/2011, de 5 de mayo, de la Conselleria de Educaci\u00f3n, por la \nque  se modifica parcialmente la Orden de 19 de junio de 2009, de la  \nConselleria de Educaci\u00f3n, por la que se regula la organizaci\u00f3n y el  \nfuncionamiento del Bachillerato diurno, nocturno y a distancia en la  \nComunitat Valenciana, y la Orden 71\/2010, de 15 de julio, de la  \nConselleria de Educaci\u00f3n, por la que se regula el procedimiento para  \nsolicitar la convalidaci\u00f3n y exenci\u00f3n de materias en la Educaci\u00f3n  \nSecundaria Obligatoria y el Bachillerato por parte del alumnado que  \ncursa simult\u00e1neamente ense\u00f1anzas profesionales de M\u00fasica y de Danza o  \nbien que acredita la condici\u00f3n de deportista de alto nivel, de alto  \nrendimiento o de \u00e9lite en la Comunitat Valenciana.<\/p>\n\n\n\n<p align=\"justify\"><a href=\"http:\/\/www.cece.gva.es\/ocd\/areaord\/docs\/secundaria\/conv_musdan_depelit_1516.pdf\" target=\"_blank\" rel=\"noreferrer noopener\">Resoluci\u00f3n de 25 de septiembre de 2015<\/a>,\n del director general de Pol\u00edtica Educativa, por la que se dictan \ninstrucciones, adaptadas a los cursos de implantaci\u00f3n de la Ley Org\u00e1nica\n 8\/2013, de 9 de diciembre, para la mejora de la calidad educativa, para\n la convalidaci\u00f3n y exenci\u00f3n de materias en la Educaci\u00f3n Secundaria \nObligatoria y en el Bachillerato por parte del alumnado que cursa \nsimult\u00e1neamente ense\u00f1anzas profesionales de M\u00fasica y de Danza, o bien \nque acredita la condici\u00f3n de deportista de alto nivel, de alto \nrendimiento o de \u00e9lite en la Comunitat Valenciana.<a href=\"http:\/\/www.cefe.gva.es\/ocd\/areaord\/docs\/resumen_conv.pdf\" target=\"_blank\" rel=\"noreferrer noopener\"><br> <\/a><\/p>\n\n\n\n<p align=\"justify\"><a href=\"http:\/\/www.cece.gva.es\/ocd\/areaord\/docs\/secundaria\/conv_musdan_depelit_1516_modif.pdf\" target=\"_blank\" rel=\"noreferrer noopener\">Resoluci\u00f3n de 29 de octubre de 2015<\/a>,\n del director general de Pol\u00edtica Educativa, por la que modifica \nparcialmente la Resoluci\u00f3n de 25 de septiembre de 2015, del director \ngeneral de Pol\u00edtica Educativa, por la que se dictan instrucciones, \nadaptadas a los cursos de implantaci\u00f3n de la Ley Org\u00e1nica 8\/2013, de 9 \nde diciembre, para la mejora de la calidad educativa, para la \nconvalidaci\u00f3n y exenci\u00f3n de materias en la Educaci\u00f3n Secundaria \nObligatoria y el Bachillerato por parte del alumnado que cursa \nsimult\u00e1neamente ense\u00f1anzas profesionaes de M\u00fasica y de Danza, o bien que\n acredita la condici\u00f3n de deportista de alto nivel, de alto rendimiento o\n de \u00e9lite en la Comunitat Valenciana.<\/p>\n\n\n\n<p align=\"justify\"><a href=\"http:\/\/www.ceice.gva.es\/documents\/162640733\/163220858\/Resoluci%C3%B3%20de+15+de+juliol+de+2016.pdf\/974e7a17-42cb-4042-a8fd-b375262dbf2c\" target=\"_blank\" rel=\"noreferrer noopener\">Resoluci\u00f3n de 15 de julio de 2016<\/a>,\n del director general de Pol\u00edtica Educativa, por la que se dictan \ninstrucciones, adaptadas a los cursos de implantaci\u00f3n de la Ley Org\u00e1nica\n 8\/2013, de 9 de diciembre, para la mejora de la calidad educativa, para\n la convalidaci\u00f3n y exenci\u00f3n de materias en la Educaci\u00f3n Secundaria \nObligatoria y el Bachillerato por parte del alumnado que cursa \nsimult\u00e1neamente ense\u00f1anzas profesionales de M\u00fasica y de Danza, o bien \nque acredita la condici\u00f3n de deportista de alto nivel, de alto \nrendimiento o de \u00e9lite en la Comunitat Valenciana para el curso \n2016-2017.<\/p>\n\n\n\n<p align=\"justify\"><a href=\"http:\/\/www.dogv.gva.es\/datos\/2017\/02\/16\/pdf\/2017_1229.pdf\" target=\"_blank\" rel=\"noreferrer noopener\">DOGV 7981 (16-02-2017)<\/a>:\n ORDEN 5\/2017, de 6 de febrero, de la Conselleria de Educaci\u00f3n, \nInvestigaci\u00f3n, Cultura y Deporte, por la que se regula el programa \ndenominado Coordinaci\u00f3n horaria dirigido al alumnado que cursa \nsimult\u00e1neamente las ense\u00f1anzas profesionales de M\u00fasica y\/o Danza y la \nEducaci\u00f3n Secundaria.<\/p>\n\n\n\n<p align=\"justify\"><a href=\"https:\/\/dogv.gva.es\/datos\/2025\/05\/12\/pdf\/2025_15086_es.pdf\" target=\"_blank\" rel=\"noreferrer noopener\">DOGV 10105 (12-05-2025)<\/a>: RESOLUCI\u00d3N de 6 de mayo de 2025, de la Direcci\u00f3n General de Centros Docentes por la que se resuelve la convocatoria para autorizar el Programa de Coordinaci\u00f3n Horaria dirigido al alumnado que cursa simult\u00e1neamente las ense\u00f1anzas profesionales de M\u00fasica y\/o Danza y Educaci\u00f3n Secundaria para el curso acad\u00e9mico 2025-2026.<\/p>\n","protected":false},"excerpt":{"rendered":"<p>Documentaci\u00f3n a presentar (entregar antes del 31 de octubre) y o Nota: En el caso de que la asignatura necesaria &hellip; <\/p>\n","protected":false},"author":1,"featured_media":0,"parent":0,"menu_order":0,"comment_status":"closed","ping_status":"closed","template":"","meta":{"footnotes":""},"class_list":["post-1339","page","type-page","status-publish","hentry"],"_links":{"self":[{"href":"https:\/\/lapurisimaalzira.org\/index.php?rest_route=\/wp\/v2\/pages\/1339","targetHints":{"allow":["GET"]}}],"collection":[{"href":"https:\/\/lapurisimaalzira.org\/index.php?rest_route=\/wp\/v2\/pages"}],"about":[{"href":"https:\/\/lapurisimaalzira.org\/index.php?rest_route=\/wp\/v2\/types\/page"}],"author":[{"embeddable":true,"href":"https:\/\/lapurisimaalzira.org\/index.php?rest_route=\/wp\/v2\/users\/1"}],"replies":[{"embeddable":true,"href":"https:\/\/lapurisimaalzira.org\/index.php?rest_route=%2Fwp%2Fv2%2Fcomments&post=1339"}],"version-history":[{"count":21,"href":"https:\/\/lapurisimaalzira.org\/index.php?rest_route=\/wp\/v2\/pages\/1339\/revisions"}],"predecessor-version":[{"id":5475,"href":"https:\/\/lapurisimaalzira.org\/index.php?rest_route=\/wp\/v2\/pages\/1339\/revisions\/5475"}],"wp:attachment":[{"href":"https:\/\/lapurisimaalzira.org\/index.php?rest_route=%2Fwp%2Fv2%2Fmedia&parent=1339"}],"curies":[{"name":"wp","href":"https:\/\/api.w.org\/{rel}","templated":true}]}}