{"id":1440,"date":"2019-07-17T17:40:53","date_gmt":"2019-07-17T17:40:53","guid":{"rendered":"http:\/\/lapurisimaalzira.org\/?page_id=1440"},"modified":"2019-07-17T17:43:16","modified_gmt":"2019-07-17T17:43:16","slug":"salud","status":"publish","type":"page","link":"https:\/\/lapurisimaalzira.org\/?page_id=1440","title":{"rendered":"Salud"},"content":{"rendered":"\n<h2 class=\"wp-block-heading\">Informe de Salud del Escolar<\/h2>\n\n\n\n<p align=\"justify\"><a href=\"http:\/\/www.docv.gva.es\/datos\/2002\/03\/27\/pdf\/2002_X2873.pdf\" target=\"_blank\" rel=\"noreferrer noopener\">DOGV 4218 (27-03-2002)<\/a>:\n Orden de 27 de febrero de 2002, de la Conseller\u00eda de Sanidad, por la \nque se establece el Informe de Salud del Escolar como documento \nsanitario de utilizaci\u00f3n obligatoria para el acceso a un centro escolar o\n para el inicio de etapa educativa.<\/p>\n\n\n\n<p align=\"justify\"><a href=\"http:\/\/www.docv.gva.es\/datos\/2016\/08\/12\/pdf\/2016_6508.pdf\" target=\"_blank\" rel=\"noreferrer noopener\">DOCV 7850 (12-08-2016)<\/a>:\n Orden 6\/2016, de 4 de agosto, de la Conselleria de Sanidad Universal y \nSalud P\u00fablica, por la que se modifica la Orden de 27 de febrero de 2002,\n de la Conselleria de Sanidad, por el que se establece el informe de \nSalud del Escolar, como documento sanitario de utilizaci\u00f3n obligatoria \npara el acceso a un centro escolar o para el inicio de etapa educativa.<\/p>\n\n\n\n<div class=\"wp-block-file aligncenter\"><a href=\"https:\/\/lapurisimaalzira.org\/wp-content\/uploads\/2019\/07\/03-Informe_salud_escolar.pdf\" target=\"_blank\" rel=\"noreferrer noopener\">Informe de salud del escolar<\/a><a href=\"https:\/\/lapurisimaalzira.org\/wp-content\/uploads\/2019\/07\/03-Informe_salud_escolar.pdf\" class=\"wp-block-file__button\" download>Descarga<\/a><\/div>\n\n\n\n<hr class=\"wp-block-separator\"\/>\n\n\n\n<h2 class=\"wp-block-heading\">Atenci\u00f3n sanitaria en Centros Educativos<\/h2>\n\n\n\n<p align=\"justify\"><a href=\"http:\/\/www.docv.gva.es\/datos\/2016\/09\/05\/pdf\/2016_6828.pdf\" target=\"_blank\" rel=\"noreferrer noopener\"><br><\/a><a href=\"http:\/\/www.dogv.gva.es\/datos\/2018\/06\/18\/pdf\/2018_5900.pdf\" target=\"_blank\" rel=\"noreferrer noopener\">DOGV 8319 (18-06-2018)<\/a>:\n RESOLUCI\u00d3N de 13 de junio de 2018, de la Conselleria de Educaci\u00f3n, \nInvestigaci\u00f3n, Cultura y Deporte y de la Conselleria de Sanidad \nUniversal y Salud P\u00fablica, por la que se dictan instrucciones y \norientaciones de atenci\u00f3n sanitaria espec\u00edfica en centros educativos \npara regular la atenci\u00f3n sanitaria al alumnado con problemas de salud \ncr\u00f3nica en horario escolar, la atenci\u00f3n a la urgencia, as\u00ed como la \nadministraci\u00f3n de medicamentos y la existencia de botiquines en los \ncentros escolares.<\/p>\n","protected":false},"excerpt":{"rendered":"<p>Informe de Salud del Escolar DOGV 4218 (27-03-2002): Orden de 27 de febrero de 2002, de la Conseller\u00eda de Sanidad, &hellip; <\/p>\n","protected":false},"author":1,"featured_media":0,"parent":0,"menu_order":0,"comment_status":"closed","ping_status":"closed","template":"","meta":{"footnotes":""},"class_list":["post-1440","page","type-page","status-publish","hentry"],"_links":{"self":[{"href":"https:\/\/lapurisimaalzira.org\/index.php?rest_route=\/wp\/v2\/pages\/1440","targetHints":{"allow":["GET"]}}],"collection":[{"href":"https:\/\/lapurisimaalzira.org\/index.php?rest_route=\/wp\/v2\/pages"}],"about":[{"href":"https:\/\/lapurisimaalzira.org\/index.php?rest_route=\/wp\/v2\/types\/page"}],"author":[{"embeddable":true,"href":"https:\/\/lapurisimaalzira.org\/index.php?rest_route=\/wp\/v2\/users\/1"}],"replies":[{"embeddable":true,"href":"https:\/\/lapurisimaalzira.org\/index.php?rest_route=%2Fwp%2Fv2%2Fcomments&post=1440"}],"version-history":[{"count":3,"href":"https:\/\/lapurisimaalzira.org\/index.php?rest_route=\/wp\/v2\/pages\/1440\/revisions"}],"predecessor-version":[{"id":1444,"href":"https:\/\/lapurisimaalzira.org\/index.php?rest_route=\/wp\/v2\/pages\/1440\/revisions\/1444"}],"wp:attachment":[{"href":"https:\/\/lapurisimaalzira.org\/index.php?rest_route=%2Fwp%2Fv2%2Fmedia&parent=1440"}],"curies":[{"name":"wp","href":"https:\/\/api.w.org\/{rel}","templated":true}]}}