{"id":1465,"date":"2019-07-18T16:07:46","date_gmt":"2019-07-18T16:07:46","guid":{"rendered":"http:\/\/lapurisimaalzira.org\/?page_id=1465"},"modified":"2025-12-17T12:25:26","modified_gmt":"2025-12-17T10:25:26","slug":"plan-de-convivencia","status":"publish","type":"page","link":"https:\/\/lapurisimaalzira.org\/?page_id=1465","title":{"rendered":"Plan de convivencia"},"content":{"rendered":"\n<p align=\"justify\"><a href=\"http:\/\/www.docv.gva.es\/datos\/2014\/08\/01\/pdf\/2014_7282.pdf\" target=\"_blank\" rel=\"noreferrer noopener\">DOCV 7330 (01-08-2014)<\/a>:\n ORDEN 62\/2014, de 28 de julio, de la Conseller\u00eda de Educaci\u00f3n, Cultura y\n Deporte, por la cual se actualiza la normativa que regula la \nelaboraci\u00f3n de los planes de convivencia en los centros educativos de la\n Comunitat Valenciana y se establecen los protocolos de actuaci\u00f3n e \nintervenci\u00f3n ante supuestos de violencia escolar.<\/p>\n\n\n\n<p align=\"justify\"><a href=\"https:\/\/www.dogv.gva.es\/datos\/2016\/12\/27\/pdf\/2016_10425.pdf\" target=\"_blank\" rel=\"noreferrer noopener\">DOGV 7944 (27-12-2016)<\/a>:\n Instrucci\u00f3n del 15 de diciembre de 2016, del director general de \nPol\u00edtica Educativa, por la que se establece el protocolo de \nacompa\u00f1amiento para garantizar el derecho a la identidad de g\u00e9nero, la \nexpresi\u00f3n de g\u00e9nero y la intersexualidad.<\/p>\n\n\n\n<p align=\"justify\"><a href=\"https:\/\/www.dogv.gva.es\/datos\/2017\/04\/11\/pdf\/2017_3089.pdf\" target=\"_blank\" rel=\"noreferrer noopener\">DOGV 8019 (11-04-2017)<\/a>:\n LEY 8\/2017, de 7 de abril, de la Generalitat, integral del \nreconocimiento del derecho a la identidad y a la expresi\u00f3n de g\u00e9nero en \nla Comunitat Valenciana.<\/p>\n\n\n\n<p align=\"justify\"><a href=\"http:\/\/www.dogv.gva.es\/datos\/2019\/02\/20\/pdf\/2019_1651.pdf\" target=\"_blank\" rel=\"noreferrer noopener\">DOGV 8490 (20-02-2019)<\/a>:\n RESOLUCI\u00d3N de 14 de febrero de 2019, de la Secretar\u00eda Auton\u00f3mica de \nEducaci\u00f3n e Investigaci\u00f3n, por la cual se dictan instrucciones para su \naplicaci\u00f3n en los centros docentes sostenidos con fondos p\u00fablicos de \nense\u00f1anzas no universitarias de la Comunitat Valenciana ante varios \nsuspuestos de no convivencia de los progenitores por motivos de \nseparaci\u00f3n, divorcio, nulidad matrimonial, ruptura de parejas de hecho o\n situaciones an\u00e1logas.<\/p>\n\n\n\n<p align=\"justify\"><a href=\"http:\/\/www.dogv.gva.es\/datos\/2019\/05\/03\/pdf\/2019_4442.pdf\" target=\"_blank\" rel=\"noreferrer noopener\">DOGV 8540 (03-05-2019)<\/a>:\n ORDEN 20\/2019, de 30 de abril, de la Conselleria de Educaci\u00f3n, \nInvestigaci\u00f3n, Cultura y Deporte, por la cual se regula la organizaci\u00f3n \nde la respuesta educativa para la inclusi\u00f3n del alumnado en los centros \ndocentes sostenidos con fondos p\u00fablicos del sistema educativo \nvalenciano.<\/p>\n\n\n\n<p align=\"justify\"><a rel=\"noreferrer noopener\" aria-label=\"DOGV 8602 (30-07-2019) (abre en una nueva pesta\u00f1a)\" href=\"http:\/\/www.dogv.gva.es\/datos\/2019\/07\/30\/pdf\/2019_7689.pdf\" target=\"_blank\">DOGV 8602 (30-07-2019)<\/a>: RESOLUCI\u00d3N  de  24  de  julio  de  2019,  de  la  Secretar\u00eda  Auton\u00f3mica  de  Educaci\u00f3n  y  Formaci\u00f3n  Profesional,  por  la  que  se  dictan  instrucciones  para  la  aplicaci\u00f3n  de  algunos  de  los  principales  procedimientos  previstos  en  la  Orden 20\/2019, de 30 de abril, de la Conseller\u00eda de Educaci\u00f3n,  Investigaci\u00f3n,  Cultura  y  Deporte,  por  la  que  se  regula  la  organizaci\u00f3n  de  la  respuesta  educativa  para  la  inclusi\u00f3n del alumnado en los centros docentes sostenidos con fondos p\u00fablicos del sistema educativo valenciano, y se publican los formularios referidos a la evaluaci\u00f3n sociopsicopedag\u00f3gica,  el  informe  sociospsicopedag\u00f3gico,  el  plan de actuaci\u00f3n personalizado (PAP) y el dictamen para la escolarizaci\u00f3n. <\/p>\n\n\n\n<p align=\"justify\"><a rel=\"noreferrer noopener\" aria-label=\"DOGV 8602 (30-07-2019) (abre en una nueva pesta\u00f1a)\" href=\"http:\/\/www.dogv.gva.es\/datos\/2019\/07\/30\/pdf\/2019_7689.pdf\" target=\"_blank\">DOGV 8602 (30-07-2019)<\/a>: RESOLUCI\u00d3N  de  24  de  julio  de  2019,  de  la  Secretar\u00eda  Auton\u00f3mica  de  Educaci\u00f3n  y  Formaci\u00f3n  Profesional,  por  la  que  se  dictan  instrucciones  para  la  aplicaci\u00f3n  de  los  procedimientos  de  solicitud  y  desarrollo  de  la  atenci\u00f3n  educativa  al  alumnado  hospitalizado  o  convaleciente  en  su  domicilio  por  enfermedad,  previstos  en  la  Orden  20\/2019,  de  30  de  abril,  de  la  Conselleria  d\u2019Educaci\u00f3,  Investigaci\u00f3,  Cultura  i  Esport,  por  la  que  se  regula  la  organizaci\u00f3n  de  la  respuesta  educativa  para  la  inclusi\u00f3n  del  alumnado  en  los  centros  docentes  sostenidos  con  fondos p\u00fablicos del sistema educativo valenciano. <\/p>\n\n\n\n<p align=\"justify\"><a rel=\"noreferrer noopener\" aria-label=\"DOGV 10263 (17-12-2025) (abre en una nueva pesta\u00f1a)\" href=\"https:\/\/dogv.gva.es\/datos\/2025\/12\/17\/pdf\/2025_50344_es.pdf\" target=\"_blank\">DOGV 10263 (17-12-2025)<\/a>: DECRETO 193\/2025, de 12 de diciembre, del Consell, de la convivencia en el sistema educativo de la Comunitat\nValenciana.<\/p>\n","protected":false},"excerpt":{"rendered":"<p>DOCV 7330 (01-08-2014): ORDEN 62\/2014, de 28 de julio, de la Conseller\u00eda de Educaci\u00f3n, Cultura y Deporte, por la cual &hellip; <\/p>\n","protected":false},"author":1,"featured_media":0,"parent":0,"menu_order":0,"comment_status":"closed","ping_status":"closed","template":"","meta":{"footnotes":""},"class_list":["post-1465","page","type-page","status-publish","hentry"],"_links":{"self":[{"href":"https:\/\/lapurisimaalzira.org\/index.php?rest_route=\/wp\/v2\/pages\/1465","targetHints":{"allow":["GET"]}}],"collection":[{"href":"https:\/\/lapurisimaalzira.org\/index.php?rest_route=\/wp\/v2\/pages"}],"about":[{"href":"https:\/\/lapurisimaalzira.org\/index.php?rest_route=\/wp\/v2\/types\/page"}],"author":[{"embeddable":true,"href":"https:\/\/lapurisimaalzira.org\/index.php?rest_route=\/wp\/v2\/users\/1"}],"replies":[{"embeddable":true,"href":"https:\/\/lapurisimaalzira.org\/index.php?rest_route=%2Fwp%2Fv2%2Fcomments&post=1465"}],"version-history":[{"count":3,"href":"https:\/\/lapurisimaalzira.org\/index.php?rest_route=\/wp\/v2\/pages\/1465\/revisions"}],"predecessor-version":[{"id":5622,"href":"https:\/\/lapurisimaalzira.org\/index.php?rest_route=\/wp\/v2\/pages\/1465\/revisions\/5622"}],"wp:attachment":[{"href":"https:\/\/lapurisimaalzira.org\/index.php?rest_route=%2Fwp%2Fv2%2Fmedia&parent=1465"}],"curies":[{"name":"wp","href":"https:\/\/api.w.org\/{rel}","templated":true}]}}