{"id":1471,"date":"2019-07-18T16:16:21","date_gmt":"2019-07-18T16:16:21","guid":{"rendered":"http:\/\/lapurisimaalzira.org\/?page_id=1471"},"modified":"2025-07-25T09:08:59","modified_gmt":"2025-07-25T07:08:59","slug":"infantil-primaria","status":"publish","type":"page","link":"https:\/\/lapurisimaalzira.org\/?page_id=1471","title":{"rendered":"Infantil\/Primaria"},"content":{"rendered":"\n<h2 class=\"wp-block-heading\">Organizaci\u00f3n y funcionamiento de Infantil y Primaria<\/h2>\n\n\n\n<p align=\"justify\"><a href=\"https:\/\/www.boe.es\/boe\/dias\/2006\/05\/04\/pdfs\/A17158-17207.pdf\" target=\"_blank\" rel=\"noreferrer noopener\">BOE 106 (04-05-2006)<\/a>: LEY ORG\u00c1NICA 2\/2006,&nbsp; de 3 de mayo, de Educaci\u00f3n.<\/p>\n\n\n\n<p align=\"justify\"><a href=\"http:\/\/www.docv.gva.es\/datos\/2010\/06\/11\/pdf\/2010_6554.pdf\" target=\"_blank\" rel=\"noreferrer noopener\">DOCV 6287 (11-06-2010)<\/a>:\n ORDEN 59\/2010, de 2 de junio, de la Conseller\u00eda de Educaci\u00f3n, por la \nque se regula la menci\u00f3n honor\u00edfica y la convocatoria de los premios \nextraordinarios al rendimiento acad\u00e9mico de Educaci\u00f3n Primaria de la \nComunitat Valenciana a partir del curso 2009-2010.<\/p>\n\n\n\n<p align=\"justify\"><a href=\"http:\/\/www.boe.es\/boe\/dias\/2013\/07\/13\/pdfs\/BOE-A-2013-7708.pdf\" target=\"_blank\" rel=\"noreferrer noopener\">BOE 167 (13-07-2013)<\/a>:\n Real Decreto 476\/2013, de 21 de junio, por el que se regulan las \ncondiciones de cualificaci\u00f3n y formaci\u00f3n que deben poseer los maestros \nde los centros privados de Educaci\u00f3n Infantil y de Educaci\u00f3n Primaria.<\/p>\n\n\n\n<p align=\"justify\"><a href=\"https:\/\/www.boe.es\/boe\/dias\/2013\/12\/03\/pdfs\/BOE-A-2013-12632.pdf\" target=\"_blank\" rel=\"noreferrer noopener\">BOE 289 (03-12-2013)<\/a>:\n Real Decreto Legislativo 1\/2013, de 29 de noviembre, por el que se \naprueba el Texto Refundido de la Ley General de derechos de las personas\n con discapacidad y de su inclusi\u00f3n social.<\/p>\n\n\n\n<p align=\"justify\"><a href=\"https:\/\/www.boe.es\/boe\/dias\/2013\/12\/10\/pdfs\/BOE-A-2013-12886.pdf\" target=\"_blank\" rel=\"noreferrer noopener\" aria-label=\" (abre en una nueva pesta\u00f1a)\">BOE 295 (10-12-2013)<\/a>: Ley Org\u00e1nica 8\/2013, de 9 de diciembre, para la mejora de la calidad educativa.<\/p>\n\n\n\n<p align=\"justify\"><a href=\"http:\/\/www.docv.gva.es\/datos\/2014\/07\/07\/pdf\/2014_6347.pdf\" target=\"_blank\" rel=\"noreferrer noopener\" aria-label=\" (abre en una nueva pesta\u00f1a)\">DOCV 7311 (07-07-2014)<\/a>:  DECRETO 108\/2014, de 4 de julio, del Consell, por el que establece el  curr\u00edculo y desarrolla la ordenaci\u00f3n general de la educaci\u00f3n primaria en  la Comunitat Valenciana.<\/p>\n\n\n\n<p align=\"justify\"><a href=\"http:\/\/www.docv.gva.es\/datos\/2014\/12\/12\/pdf\/2014_11310.pdf\" target=\"_blank\" rel=\"noreferrer noopener\" aria-label=\" (abre en una nueva pesta\u00f1a)\">DOCV 7422 (12-12-2014)<\/a>:  ORDEN 89\/2014, de 9 de diciembre, de la Conseller\u00eda de Educaci\u00f3n,  Cultura y Deporte, por la que se establecen los documentos oficiales de  evaluaci\u00f3n y se concretan aspectos de la ordenaci\u00f3n general de la  Educaci\u00f3n Primaria en la Comunitat Valenciana.<\/p>\n\n\n\n<p align=\"justify\"><a href=\"http:\/\/www.boe.es\/boe\/dias\/2015\/01\/29\/pdfs\/BOE-A-2015-738.pdf\" target=\"_blank\" rel=\"noreferrer noopener\" aria-label=\" (abre en una nueva pesta\u00f1a)\">BOE 25 (29-01-2015)<\/a>:  Orden ECD\/65\/2015, de 21 de enero, por la que se describen las  relaciones entre las competencias, los contenidos y los criterios de  evaluaci\u00f3n de la educaci\u00f3n primaria, la educaci\u00f3n secundaria obligatoria  y el bachillerato.<\/p>\n\n\n\n<p align=\"justify\"><a href=\"http:\/\/www.docv.gva.es\/datos\/2015\/07\/03\/pdf\/2015_6232.pdf\" target=\"_blank\" rel=\"noreferrer noopener\" aria-label=\" (abre en una nueva pesta\u00f1a)\">DOCV 7563 (03-07-2015)<\/a>:  RESOLUCI\u00d3N de 23 de junio de 2015, del director general de Innovaci\u00f3n,  Ordenaci\u00f3n y Pol\u00edtica Ling\u00fc\u00edstica, por la que se modifica el anexo I,  Expediente acad\u00e9mico, de la Orden 89\/2014, de 9 de diciembre, de la  Conseller\u00eda de Educaci\u00f3n, Cultura y Deporte, por la que se establecen  los documentos oficiales de evaluaci\u00f3n y se concretan aspectos de la  ordenaci\u00f3n general de la Educaci\u00f3n Primaria en la Comunitat Valenciana.<\/p>\n\n\n\n<p align=\"justify\"><a href=\"http:\/\/www.docv.gva.es\/datos\/2015\/09\/09\/pdf\/2015_7393.pdf\" target=\"_blank\" rel=\"noreferrer noopener\" aria-label=\" (abre en una nueva pesta\u00f1a)\">DOCV 7611 (09-09-2015)<\/a>:  DECRETO 136\/2015, de 4 de septiembre, del Consell, por el que se  modifican el Decreto 108\/2014, de 4 de julio, del Consell, por el que se  establece el curr\u00edculo y desarrolla la ordenaci\u00f3n general de la  Educaci\u00f3n Primaria en la Comunitat Valenciana, y el Decreto 87\/2015, de 5  de junio, del Consell, por el que se establece el curr\u00edculo y se  desarrolla la ordenaci\u00f3n general de la Educaci\u00f3n Secundaria Obligatoria y  del Bachillerato en la Comunitat Valenciana.<\/p>\n\n\n\n<p align=\"justify\"><a href=\"http:\/\/www.boe.es\/boe\/dias\/2016\/04\/15\/pdfs\/BOE-A-2016-3626.pdf\" target=\"_blank\" rel=\"noreferrer noopener\" aria-label=\" (abre en una nueva pesta\u00f1a)\">BOE 91 (15-04-2016)<\/a>:  RESOLUCION de 30 de marzo de 2016, de la Secretar\u00eda de Estado de  Educaci\u00f3n, Formaci\u00f3n Profesional y Universidades, por la que se definen  los cuestionarios de contexto y los indicadores comunes de centro para  la evaluaci\u00f3n final de Educaci\u00f3n Primaria.<\/p>\n\n\n\n<p align=\"justify\"><a href=\"http:\/\/www.boe.es\/boe\/dias\/2016\/04\/15\/pdfs\/BOE-A-2016-3627.pdf\" target=\"_blank\" rel=\"noreferrer noopener\" aria-label=\" (abre en una nueva pesta\u00f1a)\">BOE 91 (15-04-2016)<\/a>:  RESOLUCION de 30 de marzo de 2016, de la Secretar\u00eda de Estado de  Educaci\u00f3n, Formaci\u00f3n Profesional y Universidades, por la que se regula  la evaluaci\u00f3n individualizada del alumnado en tercer curso de Educaci\u00f3n  Primaria en el \u00e1mbito de gesti\u00f3n del Ministerio de Educaci\u00f3n, Cultura y  Deporte.<\/p>\n\n\n\n<p align=\"justify\"><a href=\"http:\/\/www.dogv.gva.es\/datos\/2016\/05\/17\/pdf\/2016_3472.pdf\" target=\"_blank\" rel=\"noreferrer noopener\" aria-label=\" (abre en una nueva pesta\u00f1a)\">DOCV 7784 (17-05-2016)<\/a>:  DECRETO 59\/2016, de 13 de mayo, del Consell, por el que se fija el  n\u00famero m\u00e1ximo de alumnado y la jornada lectiva del personal docente en  los niveles no universitarios regulados por la Ley Org\u00e1nica 2\/2006, de 3  de mayo, de Educaci\u00f3n, en los cetros docentes no universitarios de la  Comunitat Valenciana.<\/p>\n\n\n\n<p align=\"justify\"><a href=\"http:\/\/www.ceice.gva.es\/documents\/162783115\/163048407\/Resolucio_Avaluacio_25_maig.pdf\/e41a5e97-42ab-4264-88f7-fa5253b80682\" target=\"_blank\" rel=\"noreferrer noopener\" aria-label=\" (abre en una nueva pesta\u00f1a)\">Resoluci\u00f3n de 25 de mayo de 2016<\/a>,  de la Direcci\u00f3n General de Pol\u00edtica Educativa, por la cual se establece  el procedimiento para la realizaci\u00f3n de las pruebas finales de  evaluaci\u00f3n de tercero y sexto de Educaci\u00f3n Primaria.<\/p>\n\n\n\n<p align=\"justify\"><a href=\"http:\/\/www.docv.gva.es\/datos\/2016\/06\/15\/pdf\/2016_4433.pdf\" target=\"_blank\" rel=\"noreferrer noopener\" aria-label=\" (abre en una nueva pesta\u00f1a)\">DOCV 7806 (15-06-2016)<\/a>:  ORDEN 25\/2016, de 13 de junio, de la Conselleria de Educaci\u00f3n,  Investigaci\u00f3n, Cultura y Deporte, por la que se regulan las condiciones,  el procedimiento de solicitud y de autorizaci\u00f3n de un plan espec\u00edfico  de organizaci\u00f3n de la jornada escolar en los centros sostenidos con  fondos p\u00fablicos de segundo ciclo de Educaci\u00f3n Infantil, Educaci\u00f3n  Primaria y Educaci\u00f3n Especial de la Comunitat Valenciana.<\/p>\n\n\n\n<p align=\"justify\"><a href=\"https:\/\/www.boe.es\/boe\/dias\/2016\/12\/10\/pdfs\/BOE-A-2016-11733.pdf\" target=\"_blank\" rel=\"noreferrer noopener\" aria-label=\" (abre en una nueva pesta\u00f1a)\">BOE 298 (10-12-2016)<\/a>:  Real Decreto-ley 5\/2016, de 9 de diciembre, de medidas urgentes para la  ampliaci\u00f3n del calendario de implantaci\u00f3n de la Ley Org\u00e1nica 8\/2013, de  9 de diciembre, para la mejora de la calidad educativa.<\/p>\n\n\n\n<p align=\"justify\"><a href=\"http:\/\/www.dogv.gva.es\/datos\/2017\/07\/14\/pdf\/2017_6394.pdf\" target=\"_blank\" rel=\"noreferrer noopener\" aria-label=\" (abre en una nueva pesta\u00f1a)\">DOGV 8084 (14-07-2017)<\/a>:  DECRETO 88\/2017, de 7 de julio, del Consell, por el que se modifica el  Decreto 108\/2014, de 4 de julio, del Consell, por el que se establece el  curr\u00edculo y se desarrolla la ordenaci\u00f3n general de la Educaci\u00f3n  Primaria en la Comunitat Valenciana.<\/p>\n\n\n\n<p align=\"justify\"><a href=\"http:\/\/www.dogv.gva.es\/datos\/2017\/07\/14\/pdf\/2017_6393.pdf\" target=\"_blank\" rel=\"noreferrer noopener\" aria-label=\" (abre en una nueva pesta\u00f1a)\">DOGV 8084 (14-07-2017)<\/a>:  DECRETO 89\/2017, de 7 de julio, del Consell, por el que se modifican  las disposiciones transitorias del Decreto 59\/2016, de 13 de mayo, del  Consell, por el que se fija el n\u00famero m\u00e1ximo de alumnado y la jornada  lectiva del personal docente en los niveles no universitarios regulados  por la Ley org\u00e1nica 2\/2006, de 3 de mayo, de educaci\u00f3n, en los centros  docentes no universitarios de la Comunitat Valenciana.<\/p>\n\n\n\n<p align=\"justify\"><a href=\"http:\/\/www.dogv.gva.es\/datos\/2018\/05\/18\/pdf\/2018_4428.pdf\" target=\"_blank\" rel=\"noreferrer noopener\" aria-label=\" (abre en una nueva pesta\u00f1a)\">DOGV 8298 (18-05-2018)<\/a>:  RESOLUCI\u00d3N de 3 de mayo de 2018, del director general de Pol\u00edtica  Educativa, por la cual se modifican los anexos I, II, III y IV de la  Orden 89\/2014, de 9 de diciembre, de la Conselleria de Educaci\u00f3n,  Cultura y Deporte, por la cual se establecen los documentos oficiales de  evaluaci\u00f3n y se concretan aspectos de la ordenaci\u00f3n general de la  Educaci\u00f3n Primaria en la Comunitat Valenciana.<\/p>\n\n\n\n<p align=\"justify\"><a href=\"http:\/\/www.dogv.gva.es\/datos\/2018\/05\/28\/pdf\/2018_5167.pdf\" target=\"_blank\" rel=\"noreferrer noopener\">DOGV 8304 (28-05-2018)<\/a>:\n CORRECCI\u00d3N de errores de la Resoluci\u00f3n de 3 de mayo de 2018, del \ndirector general de Pol\u00edtica Educativa, por la cual se modifican los \nanexos I, II, III y IV de la Orden 89\/2014, de 9 de diciembre, de la \nConselleria de Educaci\u00f3n, Cultura y Deporte, por la cual se establecen \nlos documentos oficiales de evaluaci\u00f3n y se concretan aspectos de la \nordenaci\u00f3n general de la Educaci\u00f3n Primaria en la Comunitat Valenciana.<\/p>\n\n\n\n<p align=\"justify\"><a rel=\"noreferrer noopener\" aria-label=\" (abre en una nueva pesta\u00f1a)\" href=\"https:\/\/www.boe.es\/boe\/dias\/2021\/11\/17\/pdfs\/BOE-A-2021-18812.pdf\" target=\"_blank\">BOE 275 (17-11-2021)<\/a>: Real Decreto 984\/2021, de 16 de noviembre, por el que se regulan la evaluaci\u00f3n y la promoci\u00f3n en la Educaci\u00f3n Primaria, as\u00ed como la evaluaci\u00f3n, la promoci\u00f3n y la titulaci\u00f3n en la Educaci\u00f3n Secundaria Obligatoria, el Bachillerato y la Formaci\u00f3n Profesional.<\/p>\n\n\n\n<p align=\"justify\"><a rel=\"noreferrer noopener\" aria-label=\" (abre en una nueva pesta\u00f1a)\" href=\"https:\/\/www.boe.es\/boe\/dias\/2022\/02\/02\/pdfs\/BOE-A-2022-1654.pdf\" target=\"_blank\">BOE 28 (02-02-2022)<\/a>: Real Decreto 95\/2022, de 1 de febrero, por el que se establece la ordenaci\u00f3n y las ense\u00f1anzas m\u00ednimas de la Educaci\u00f3n Infantil.<\/p>\n\n\n\n<p align=\"justify\"><a rel=\"noreferrer noopener\" aria-label=\" (abre en una nueva pesta\u00f1a)\" href=\"https:\/\/www.boe.es\/boe\/dias\/2022\/03\/02\/pdfs\/BOE-A-2022-3296.pdf\" target=\"_blank\">BOE 52 (02-03-2022)<\/a>: Real Decreto 157\/2022, de 1 de marzo, por el que se establecen la ordenaci\u00f3n y las ense\u00f1anzas m\u00ednimas de la Educaci\u00f3n Primaria.<\/p>\n\n\n\n<p align=\"justify\"><a href=\"https:\/\/www.boe.es\/boe\/dias\/2022\/06\/24\/pdfs\/BOE-A-2022-10452.pdf\" target=\"_blank\" rel=\"noreferrer noopener\">BOE 150 (24-06-2022)<\/a>:\n Resoluci\u00f3n de 21 de junio de 2022, de la Secretar\u00eda de Estado de Educaci\u00f3n, por la que se publican los curr\u00edculos de las ense\u00f1anzas de religi\u00f3n cat\u00f3lica correspondientes a Educaci\u00f3n Infantil, Educaci\u00f3n Primaria, Educaci\u00f3n Secundaria Obligatoria y Bachillerato.<\/p>\n\n\n\n<p align=\"justify\"><a href=\"https:\/\/dogv.gva.es\/datos\/2022\/07\/08\/pdf\/2022_6454.pdf\" target=\"_blank\" rel=\"noreferrer noopener\">DOGV 9378 (08-07-2022)<\/a>:\n RESOLUCI\u00d3N de 5 de julio de 2022, del secretario auton\u00f3mico de Educaci\u00f3n y Formaci\u00f3n Profesional, por la que se aprueban las instrucciones para la organizaci\u00f3n y el funcionamiento de los centros que imparten Educaci\u00f3n Infantil de segundo ciclo y Educaci\u00f3n Primaria durante el curso 2022-2023<\/p>\n\n\n\n<p align=\"justify\"><a href=\"https:\/\/dogv.gva.es\/datos\/2022\/08\/10\/pdf\/2022_7571.pdf\" target=\"_blank\" rel=\"noreferrer noopener\">DOGV 9402 (10-08-2022)<\/a>:\n DECRETO 100\/2022, de 29 de julio, del Consell, por el cual se establece la ordenaci\u00f3n y el curr\u00edculo de Educaci\u00f3n Infantil. <\/p>\n\n\n\n<p align=\"justify\"><a href=\"https:\/\/dogv.gva.es\/datos\/2022\/08\/10\/pdf\/2022_7572.pdf\" target=\"_blank\" rel=\"noreferrer noopener\">DOGV 9402 (10-08-2022)<\/a>:\n DECRETO 106\/2022, de 5 de agosto, del Consell, de ordenaci\u00f3n y curr\u00edculo de la etapa de Educaci\u00f3n Primaria. <\/p>\n\n\n\n<p align=\"justify\"><a href=\"https:\/\/dogv.gva.es\/datos\/2022\/11\/03\/pdf\/2022_10055.pdf\" target=\"_blank\" rel=\"noreferrer noopener\">DOGV 9462 (03-11-2022)<\/a>:\n CORRECCI\u00d3N de errores del Decreto 100\/2022, de 29 de julio, del Consell, por el cual se establece la ordenaci\u00f3n y\nel curr\u00edculo de Educaci\u00f3n Infantil. <\/p>\n\n\n\n<p align=\"justify\"><a href=\"https:\/\/dogv.gva.es\/datos\/2022\/11\/03\/pdf\/2022_10057.pdf\" target=\"_blank\" rel=\"noreferrer noopener\">DOGV 9462 (03-11-2022)<\/a>:\n CORRECCI\u00d3N de errores del Decreto 106\/2022, de 5 de agosto, del Consell, de ordenaci\u00f3n y curr\u00edculo de la etapa\nde Educaci\u00f3n Primaria. <\/p>\n\n\n\n<p align=\"justify\"><a rel=\"noreferrer noopener\" aria-label=\" (abre en una nueva pesta\u00f1a)\" href=\"https:\/\/dogv.gva.es\/datos\/2022\/11\/16\/pdf\/2022_10681.pdf\" target=\"_blank\">DOGV 9471 (16-11-2022)<\/a>: DECRETO 195\/2022, de 11 de noviembre, del Consell, de igualdad y convivencia en el sistema educativo valenciano.<\/p>\n\n\n\n<p align=\"justify\"><a rel=\"noreferrer noopener\" aria-label=\" (abre en una nueva pesta\u00f1a)\" href=\"https:\/\/dogv.gva.es\/datos\/2024\/06\/28\/pdf\/2024_6326.pdf\" target=\"_blank\">DOGV 9880 (28-06-2024)<\/a>: LEY 1\/2024, de 27 de junio, de la Generalitat, por la que se regula la libertad educativa.<\/p>\n\n\n\n<p align=\"justify\"><a rel=\"noreferrer noopener\" aria-label=\" (abre en una nueva pesta\u00f1a)\" href=\"https:\/\/www.boe.es\/boe\/dias\/2024\/08\/09\/pdfs\/BOE-A-2024-16511.pdf\" target=\"_blank\">BOE 192 (09-08-2024)<\/a>: Ley 1\/2024, de 27 de junio, por la que se regula la libertad educativa.<\/p>\n\n\n\n<p align=\"justify\"><a rel=\"noreferrer noopener\" aria-label=\" (abre en una nueva pesta\u00f1a)\" href=\"https:\/\/dogv.gva.es\/datos\/2025\/07\/11\/pdf\/2025_26502_es.pdf\" target=\"_blank\">DOGV 10149 (11-07-2025)<\/a>: RESOLUCI\u00d3N de 7 de julio de 2025, de la Secretar\u00eda Auton\u00f3mica de Educaci\u00f3n, por la que se aprueban las instrucciones para la organizaci\u00f3n y el funcionamiento de los centros que imparten Educaci\u00f3n Infantil de segundo ciclo y Educaci\u00f3n\nPrimaria durante el curso 2025-2026.<\/p>\n\n\n\n<p align=\"justify\"><a rel=\"noreferrer noopener\" aria-label=\" (abre en una nueva pesta\u00f1a)\" href=\"https:\/\/dogv.gva.es\/datos\/2025\/07\/25\/pdf\/2025_29243_es.pdf\" target=\"_blank\">DOGV 10159 (25-07-2025)<\/a>: RESOLUCI\u00d3N de 21 de julio de 2025, de la Direcci\u00f3n General de Innovaci\u00f3n e Inclusi\u00f3n Educativa, por la que se dictan las instrucciones para la organizaci\u00f3n de la atenci\u00f3n educativa domiciliaria y hospitalaria.<\/p>\n","protected":false},"excerpt":{"rendered":"<p>Organizaci\u00f3n y funcionamiento de Infantil y Primaria BOE 106 (04-05-2006): LEY ORG\u00c1NICA 2\/2006,&nbsp; de 3 de mayo, de Educaci\u00f3n. DOCV &hellip; <\/p>\n","protected":false},"author":1,"featured_media":0,"parent":0,"menu_order":0,"comment_status":"closed","ping_status":"closed","template":"","meta":{"footnotes":""},"class_list":["post-1471","page","type-page","status-publish","hentry"],"_links":{"self":[{"href":"https:\/\/lapurisimaalzira.org\/index.php?rest_route=\/wp\/v2\/pages\/1471","targetHints":{"allow":["GET"]}}],"collection":[{"href":"https:\/\/lapurisimaalzira.org\/index.php?rest_route=\/wp\/v2\/pages"}],"about":[{"href":"https:\/\/lapurisimaalzira.org\/index.php?rest_route=\/wp\/v2\/types\/page"}],"author":[{"embeddable":true,"href":"https:\/\/lapurisimaalzira.org\/index.php?rest_route=\/wp\/v2\/users\/1"}],"replies":[{"embeddable":true,"href":"https:\/\/lapurisimaalzira.org\/index.php?rest_route=%2Fwp%2Fv2%2Fcomments&post=1471"}],"version-history":[{"count":26,"href":"https:\/\/lapurisimaalzira.org\/index.php?rest_route=\/wp\/v2\/pages\/1471\/revisions"}],"predecessor-version":[{"id":5434,"href":"https:\/\/lapurisimaalzira.org\/index.php?rest_route=\/wp\/v2\/pages\/1471\/revisions\/5434"}],"wp:attachment":[{"href":"https:\/\/lapurisimaalzira.org\/index.php?rest_route=%2Fwp%2Fv2%2Fmedia&parent=1471"}],"curies":[{"name":"wp","href":"https:\/\/api.w.org\/{rel}","templated":true}]}}