{"id":1474,"date":"2019-07-18T16:18:38","date_gmt":"2019-07-18T16:18:38","guid":{"rendered":"http:\/\/lapurisimaalzira.org\/?page_id=1474"},"modified":"2025-07-25T09:10:57","modified_gmt":"2025-07-25T07:10:57","slug":"eso","status":"publish","type":"page","link":"https:\/\/lapurisimaalzira.org\/?page_id=1474","title":{"rendered":"ESO"},"content":{"rendered":"\n<h2 class=\"wp-block-heading\">Curr\u00edculo ESO<\/h2>\n\n\n\n<p align=\"justify\"><a href=\"http:\/\/boe.es\/boe\/dias\/2015\/01\/03\/pdfs\/BOE-A-2015-37.pdf\" target=\"_blank\" rel=\"noreferrer noopener\">BOE 3 (03-01-2015)<\/a>:\n REAL DECRETO 1105\/2014, de 26 de diciembre, por el que se establece el \ncurr\u00edculo b\u00e1sico de la Educaci\u00f3n Secundaria Obligatoria y del \nBachillerato.<\/p>\n\n\n\n<p align=\"justify\"><a href=\"http:\/\/www.boe.es\/boe\/dias\/2015\/01\/29\/pdfs\/BOE-A-2015-738.pdf\" target=\"_blank\" rel=\"noreferrer noopener\" aria-label=\" (abre en una nueva pesta\u00f1a)\">BOE 25 (29-01-2015)<\/a>:  Orden ECD\/65\/2015, de 21 de enero, por la que se describen las  relaciones entre las competencias, los contenidos y los criterios de  evaluaci\u00f3n de la educaci\u00f3n primaria, la educaci\u00f3n secundaria obligatoria  y el bachillerato.<\/p>\n\n\n\n<p align=\"justify\"><a href=\"http:\/\/www.boe.es\/boe\/dias\/2015\/05\/01\/pdfs\/BOE-A-2015-4782.pdf\" target=\"_blank\" rel=\"noreferrer noopener\" aria-label=\" (abre en una nueva pesta\u00f1a)\">BOE 104 (01-05-2015)<\/a>:  Correcci\u00f3n de errores del Real Decreto 1105\/2014, de 26 de diciembre,  por el que se establece el curr\u00edculo b\u00e1sico de la Educaci\u00f3n Secundaria  Obligatoria y del Bachillerato.<\/p>\n\n\n\n<p align=\"justify\"><a href=\"http:\/\/www.docv.gva.es\/datos\/2015\/06\/10\/pdf\/2015_5410.pdf\" target=\"_blank\" rel=\"noreferrer noopener\" aria-label=\" (abre en una nueva pesta\u00f1a)\">DOCV 7544 (10-06-2015)<\/a>:  DECRETO 87\/2015, de 5 de junio, del Consell, por el que establece el  curr\u00edculo y desarrolla la ordenaci\u00f3n general de la Educaci\u00f3n Secundaria  Obligatoria y del Bachillerato en la Comunitat Valenciana.<\/p>\n\n\n\n<p align=\"justify\"><a href=\"https:\/\/www.boe.es\/boe\/dias\/2017\/02\/13\/pdfs\/BOE-A-2017-1409.pdf\" target=\"_blank\" rel=\"noreferrer noopener\" aria-label=\" (abre en una nueva pesta\u00f1a)\">BOE 37 (13-02-2017)<\/a>:  Correcci\u00f3n de errores del Real Decreto 1105\/2014, de 26 de diciembre,  por el que se establece el curr\u00edculo b\u00e1sico de la Educaci\u00f3n Secundaria  Obligatoria y del Bachillerato.<\/p>\n\n\n\n<p align=\"justify\"><a href=\"https:\/\/www.boe.es\/boe\/dias\/2017\/06\/03\/pdfs\/BOE-A-2017-6250.pdf\" target=\"_blank\" rel=\"noreferrer noopener\" aria-label=\" (abre en una nueva pesta\u00f1a)\">BOE 132 (03-06-2017)<\/a>:  Real Decreto 562\/2017, de 2 de junio, por el que se regulan las  condiciones para la obtenci\u00f3n de los t\u00edtulos de Graduado en Educaci\u00f3n  Secundaria Obligatoria y de Bachiller, de acuerdo con lo dispuesto en el  Real Decreto-ley 5\/2016, de 9 de diciembre, de medidas urgentes para la  ampliaci\u00f3n del calendario de implantaci\u00f3n de la Ley Org\u00e1nica 8\/2013, de  9 de diciembre, para la mejora de la calidad educativa.<\/p>\n\n\n\n<p align=\"justify\"><a href=\"http:\/\/www.dogv.gva.es\/datos\/2018\/04\/30\/pdf\/2018_4258.pdf\" target=\"_blank\" rel=\"noreferrer noopener\" aria-label=\" (abre en una nueva pesta\u00f1a)\">DOGV 8284 (30-04-2018)<\/a>:  DECRETO 51\/2018, de 27 de abril, del Consell, por el que se modifica el  Decreto 87\/2015, por el que se establece el curr\u00edculo y desarrolla la  ordenaci\u00f3n general de la educaci\u00f3n secundaria obligatoria y del  bachillerato en la Comunitat Valenciana.<\/p>\n\n\n\n<p align=\"justify\"><a href=\"https:\/\/www.boe.es\/boe\/dias\/2022\/03\/30\/pdfs\/BOE-A-2022-4975.pdf\" target=\"_blank\" rel=\"noreferrer noopener\" aria-label=\" (abre en una nueva pesta\u00f1a)\">BOE 76 (30-03-2022)<\/a>:  Real Decreto 217\/2022, de 29 de marzo, por el que se establece la ordenaci\u00f3n y las ense\u00f1anzas m\u00ednimas de la Educaci\u00f3n Secundaria Obligatoria.<\/p>\n\n\n\n<p align=\"justify\"><a href=\"https:\/\/www.boe.es\/boe\/dias\/2022\/04\/09\/pdfs\/BOE-A-2022-5813.pdf\" target=\"_blank\" rel=\"noreferrer noopener\" aria-label=\" (abre en una nueva pesta\u00f1a)\">BOE 85 (09-04-2022)<\/a>:  Correcci\u00f3n de errores del Real Decreto 217\/2022, de 29 de marzo, por el que se establece la ordenaci\u00f3n y las ense\u00f1anzas m\u00ednimas de la Educaci\u00f3n Secundaria Obligatoria.<\/p>\n\n\n\n<p align=\"justify\"><a href=\"https:\/\/www.boe.es\/boe\/dias\/2022\/06\/24\/pdfs\/BOE-A-2022-10452.pdf\" target=\"_blank\" rel=\"noreferrer noopener\">BOE 150 (24-06-2022)<\/a>:\n Resoluci\u00f3n de 21 de junio de 2022, de la Secretar\u00eda de Estado de Educaci\u00f3n, por la que se publican los curr\u00edculos de las ense\u00f1anzas de religi\u00f3n cat\u00f3lica correspondientes a Educaci\u00f3n Infantil, Educaci\u00f3n Primaria, Educaci\u00f3n Secundaria Obligatoria y Bachillerato.<\/p>\n\n\n\n<p align=\"justify\"><a href=\"https:\/\/dogv.gva.es\/datos\/2022\/08\/11\/pdf\/2022_7573.pdf\" target=\"_blank\" rel=\"noreferrer noopener\" aria-label=\" (abre en una nueva pesta\u00f1a)\">DOGV 9403 (11-08-2022)<\/a>:  DECRETO 107\/2022, de 5 de agosto, del Consell, por el que se establece la ordenaci\u00f3n y el curr\u00edculo de Educaci\u00f3n Secundaria Obligatoria.<\/p>\n\n\n\n<p align=\"justify\"><a href=\"https:\/\/dogv.gva.es\/datos\/2022\/11\/03\/pdf\/2022_10060.pdf\" target=\"_blank\" rel=\"noreferrer noopener\" aria-label=\" (abre en una nueva pesta\u00f1a)\">DOGV 9462 (03-11-2022)<\/a>:  CORRECCI\u00d3N de errores del Decreto 107\/2022, de 5 de agosto, del Consell, por el que se establece la ordenaci\u00f3n y el curr\u00edculo de Educaci\u00f3n Secundaria Obligatoria.<\/p>\n\n\n\n<hr class=\"wp-block-separator has-css-opacity\"\/>\n\n\n\n<h2 class=\"wp-block-heading\">Organizaci\u00f3n y funcionamiento de ESO<\/h2>\n\n\n\n<p><a href=\"https:\/\/www.boe.es\/boe\/dias\/2006\/05\/04\/pdfs\/A17158-17207.pdf\" target=\"_blank\" rel=\"noreferrer noopener\" aria-label=\" (abre en una nueva pesta\u00f1a)\">BOE 106 (04-05-2006)<\/a>: LEY ORG\u00c1NICA 2\/2006, de 3 de mayo, de Educaci\u00f3n.<\/p>\n\n\n\n<p align=\"justify\"><a href=\"http:\/\/www.docv.gva.es\/datos\/2010\/06\/11\/pdf\/2010_6548.pdf\" target=\"_blank\" rel=\"noreferrer noopener\" aria-label=\" (abre en una nueva pesta\u00f1a)\">DOCV 6287 (11-06-2010)<\/a>:  ORDEN 58\/2010, de 2 de junio, de la Conseller\u00eda de Educaci\u00f3n, por la  que se regula la menci\u00f3n honor\u00edfica y la convocatoria de los premios  extraordinarios al rendimiento acad\u00e9mico de Educaci\u00f3n Secundaria  Obligatoria de la Comunitat Valenciana a partir del curso 2009-2010.<\/p>\n\n\n\n<p align=\"justify\"><a href=\"https:\/\/www.boe.es\/boe\/dias\/2013\/12\/03\/pdfs\/BOE-A-2013-12632.pdf\" target=\"_blank\" rel=\"noreferrer noopener\">BOE 289 (03-12-2013)<\/a>:\n Real Decreto Legislativo 1\/2013, de 29 de noviembre, por el que se \naprueba el Texto Refundido de la Ley General de derechos de las personas\n con discapacidad y de su inclusi\u00f3n social.<\/p>\n\n\n\n<p align=\"justify\"><a href=\"http:\/\/www.docv.gva.es\/datos\/2013\/12\/09\/pdf\/2013_11702.pdf\" target=\"_blank\" rel=\"noreferrer noopener\" aria-label=\" (abre en una nueva pesta\u00f1a)\">DOCV 7168 (09-12-2013)<\/a>:  DECRETO 183\/2013, de 5 de diciembre, del Consell, por el que se procede  a la adecuaci\u00f3n normativa en el \u00e1mbito educativo en lo referente a la  realizaci\u00f3n de pruebas extraordinarias de evaluaci\u00f3n y sesiones de  evaluaci\u00f3n extraordinarias.<\/p>\n\n\n\n<p align=\"justify\"><a href=\"https:\/\/www.boe.es\/boe\/dias\/2013\/12\/10\/pdfs\/BOE-A-2013-12886.pdf\" target=\"_blank\" rel=\"noreferrer noopener\" aria-label=\" (abre en una nueva pesta\u00f1a)\">BOE 295 (10-12-2013)<\/a>: Ley Org\u00e1nica 8\/2013, de 9 de diciembre, para la mejora de la calidad educativa.<\/p>\n\n\n\n<p align=\"justify\"><a href=\"http:\/\/www.docv.gva.es\/datos\/2015\/09\/09\/pdf\/2015_7393.pdf\" target=\"_blank\" rel=\"noreferrer noopener\" aria-label=\" (abre en una nueva pesta\u00f1a)\">DOCV 7611 (09-09-2015)<\/a>:  DECRETO 136\/2015, de 4 de septiembre, del Consell, por el que se  modifican el Decreto 108\/2014, de 4 de julio, del Consell, por el que se  establece el curr\u00edculo y desarrolla la ordenaci\u00f3n general de la  Educaci\u00f3n Primaria en la Comunitat Valenciana, y el Decreto 87\/2015, de 5  de junio, del Consell, por el que se establece el curr\u00edculo y se  desarrolla la ordenaci\u00f3n general de la Educaci\u00f3n Secundaria Obligatoria y  del Bachillerato en la Comunitat Valenciana.<\/p>\n\n\n\n<p align=\"justify\"><a href=\"http:\/\/www.dogv.gva.es\/datos\/2016\/05\/17\/pdf\/2016_3472.pdf\" target=\"_blank\" rel=\"noreferrer noopener\" aria-label=\" (abre en una nueva pesta\u00f1a)\">DOCV 7784 (17-05-2016)<\/a>:  DECRETO 59\/2016, de 13 de mayo, del Consell, por el que se fija el  n\u00famero m\u00e1ximo de alumnado y la jornada lectiva del personal docente en  los niveles no universitarios regulados por la Ley Org\u00e1nica 2\/2006, de 3  de mayo, de Educaci\u00f3n, en los centros docentes no universitarios de la  Comunitat Valenciana.<\/p>\n\n\n\n<p align=\"justify\"><a href=\"https:\/\/www.boe.es\/boe\/dias\/2016\/07\/30\/pdfs\/BOE-A-2016-7337.pdf\" target=\"_blank\" rel=\"noreferrer noopener\">BOE 183 (30-07-2016)<\/a>:\n Real Decreto 310\/2016, de 29 de julio, por el que se regulan las \nevaluaciones finales de Educaci\u00f3n Secundaria Obligatoria y de \nBachillerato.<\/p>\n\n\n\n<p align=\"justify\"><a href=\"https:\/\/www.boe.es\/boe\/dias\/2016\/12\/10\/pdfs\/BOE-A-2016-11733.pdf\" target=\"_blank\" rel=\"noreferrer noopener\" aria-label=\" (abre en una nueva pesta\u00f1a)\">BOE 298 (10-12-2016)<\/a>:  Real Decreto-ley 5\/2016, de 9 de diciembre, de medidas urgentes para la  ampliaci\u00f3n del calendario de implantaci\u00f3n de la Ley Org\u00e1nica 8\/2013, de  9 de diciembre, para la mejora de la calidad educativa.<\/p>\n\n\n\n<p align=\"justify\"><a href=\"http:\/\/www.dogv.gva.es\/datos\/2017\/07\/14\/pdf\/2017_6393.pdf\" target=\"_blank\" rel=\"noreferrer noopener\" aria-label=\" (abre en una nueva pesta\u00f1a)\">DOGV 8084 (14-07-2017)<\/a>:  DECRETO 89\/2017, de 7 de julio, del Consell, por el que se modifican  las disposiciones transitorias del Decreto 59\/2016, de 13 de mayo, del  Consell, por el que s fija el n\u00famero m\u00e1ximo de alumnado y la jornada  lectiva del personal docente en los niveles no universitarios regulados  por la Ley org\u00e1nica 2\/2006, de 3 de mayo, de educaci\u00f3n, en los centros  docentes no universitarios de la Comunitat Valenciana.<\/p>\n\n\n\n<p align=\"justify\"><a href=\"http:\/\/www.dogv.gva.es\/datos\/2017\/10\/10\/pdf\/2017_8755.pdf\" target=\"_blank\" rel=\"noreferrer noopener\">DOGV 8146 (10-10-2017)<\/a>:\n ORDEN 38\/2017, de 4 de octubre, de la Conselleria de Educaci\u00f3n, \nInvestigaci\u00f3n, Cultura y Deporte, por la que se regula la evaluaci\u00f3n en \nEducaci\u00f3n Secundaria Obligatoria, en Bachillerato y en las ense\u00f1anzas de\n la Educaci\u00f3n de las Personas Adultas en la Comunitat Valenciana.<\/p>\n\n\n\n<p align=\"justify\"><a rel=\"noreferrer noopener\" aria-label=\" (abre en una nueva pesta\u00f1a)\" href=\"https:\/\/www.boe.es\/boe\/dias\/2021\/11\/17\/pdfs\/BOE-A-2021-18812.pdf\" target=\"_blank\">BOE 275 (17-11-2021)<\/a>: Real Decreto 984\/2021, de 16 de noviembre, por el que se regulan la evaluaci\u00f3n y la promoci\u00f3n en la Educaci\u00f3n Primaria, as\u00ed como la evaluaci\u00f3n, la promoci\u00f3n y la titulaci\u00f3n en la Educaci\u00f3n Secundaria Obligatoria, el Bachillerato y la Formaci\u00f3n Profesional.<\/p>\n\n\n\n<p align=\"justify\"><a rel=\"noreferrer noopener\" aria-label=\" (abre en una nueva pesta\u00f1a)\" href=\"https:\/\/dogv.gva.es\/datos\/2022\/09\/02\/pdf\/2022_7917.pdf\" target=\"_blank\">DOGV 9418 (02-09-2022)<\/a>: RESOLUCI\u00d3N de 31 de agosto de 2022, de la Secretar\u00eda Auton\u00f3mica de Educaci\u00f3n y Formaci\u00f3n Profesional, por la que se aprueban instrucciones para la aplicaci\u00f3n de la medida cautelar acordada por el Tribunal Superior de Justicia de la Comunitat Valenciana. <\/p>\n\n\n\n<p align=\"justify\"><a rel=\"noreferrer noopener\" aria-label=\" (abre en una nueva pesta\u00f1a)\" href=\"https:\/\/dogv.gva.es\/datos\/2022\/11\/16\/pdf\/2022_10681.pdf\" target=\"_blank\">DOGV 9471 (16-11-2022)<\/a>: DECRETO 195\/2022, de 11 de noviembre, del Consell, de igualdad y convivencia en el sistema educativo valenciano.<\/p>\n\n\n\n<p align=\"justify\"><a rel=\"noreferrer noopener\" aria-label=\" (abre en una nueva pesta\u00f1a)\" href=\"https:\/\/dogv.gva.es\/datos\/2023\/08\/31\/pdf\/2023_9065.pdf\" target=\"_blank\">DOGV 9673 (31-08-2023)<\/a>: RESOLUCI\u00d3N de 28 de agosto de 2023, de la Secretar\u00eda Auton\u00f3mica de Educaci\u00f3n, por la que se modifica el anexo \u00fanico de la Resoluci\u00f3n de 12 de julio de 2023, de la Secretar\u00eda Auton\u00f3mica de Educaci\u00f3n y Formaci\u00f3n Profesional, por la que se aprueban instrucciones para la ejecuci\u00f3n de las sentencias 312\/2023, de 29 de junio de 2023; 335\/2023, de 30 de junio, y 336\/2023, de 30 de junio, del Tribunal Superior de Just\u00edcia de la Comunitat Valenciana.<\/p>\n\n\n\n<p align=\"justify\"><a rel=\"noreferrer noopener\" aria-label=\" (abre en una nueva pesta\u00f1a)\" href=\"https:\/\/dogv.gva.es\/datos\/2024\/06\/26\/pdf\/2024_6134.pdf\" target=\"_blank\">DOGV 9878 (26-06-2024)<\/a>: DECRETO 66\/2024, de 21 de junio, del Consell, por el que se modifica el Decreto 107\/2022, de 5 de agosto, del Consell, por el que se establece la ordenaci\u00f3n y el curr\u00edculo de Educaci\u00f3n Secundaria Obligatoria y la Orden 19\/2023, de 29 de junio, de la Conselleria de Educaci\u00f3n, Cultura y Deporte, por la que se regulan los procedimientos derivados del Decreto 107\/2022, de 5 de agosto, del Consell, por el que se establecen la ordenaci\u00f3n y el curr\u00edculo de Educaci\u00f3n Secundaria Obligatoria, y del Decreto 108\/2022, de 5 de agosto, del Consell, por el que se establecen la ordenaci\u00f3n y el curr\u00edculo de Bachillerato, as\u00ed como la organizaci\u00f3n y el funcionamiento del Bachillerato nocturno y a distancia en la Comunitat Valenciana.<\/p>\n\n\n\n<p align=\"justify\"><a rel=\"noreferrer noopener\" aria-label=\" (abre en una nueva pesta\u00f1a)\" href=\"https:\/\/dogv.gva.es\/datos\/2024\/06\/28\/pdf\/2024_6326.pdf\" target=\"_blank\">DOGV 9880 (28-06-2024)<\/a>: LEY 1\/2024, de 27 de junio, de la Generalitat, por la que se regula la libertad educativa.<\/p>\n\n\n\n<p align=\"justify\"><a rel=\"noreferrer noopener\" aria-label=\" (abre en una nueva pesta\u00f1a)\" href=\"https:\/\/www.boe.es\/boe\/dias\/2024\/08\/09\/pdfs\/BOE-A-2024-16511.pdf\" target=\"_blank\">BOE 192 (09-08-2024)<\/a>: Ley 1\/2024, de 27 de junio, por la que se regula la libertad educativa.<\/p>\n\n\n\n<p align=\"justify\"><a rel=\"noreferrer noopener\" aria-label=\" (abre en una nueva pesta\u00f1a)\" href=\"https:\/\/dogv.gva.es\/datos\/2025\/07\/10\/pdf\/2025_26525_es.pdf\" target=\"_blank\">DOGV 10148 (10-07-2025)<\/a>: RESOLUCI\u00d3N de 7 de julio de 2025, de la Secretar\u00eda Auton\u00f3mica de Educaci\u00f3n, por la que se aprueban las instrucciones para la organizaci\u00f3n y el funcionamiento de los centros que imparten Educaci\u00f3n Secundaria Obligatoria y Bachillerato\ndurante el curso 2025-2026.<\/p>\n\n\n\n<p align=\"justify\"><a rel=\"noreferrer noopener\" aria-label=\" (abre en una nueva pesta\u00f1a)\" href=\"https:\/\/dogv.gva.es\/datos\/2025\/07\/25\/pdf\/2025_29243_es.pdf\" target=\"_blank\">DOGV 10159 (25-07-2025)<\/a>: RESOLUCI\u00d3N de 21 de julio de 2025, de la Direcci\u00f3n General de Innovaci\u00f3n e Inclusi\u00f3n Educativa, por la que se dictan las instrucciones para la organizaci\u00f3n de la atenci\u00f3n educativa domiciliaria y hospitalaria.<\/p>\n","protected":false},"excerpt":{"rendered":"<p>Curr\u00edculo ESO BOE 3 (03-01-2015): REAL DECRETO 1105\/2014, de 26 de diciembre, por el que se establece el curr\u00edculo b\u00e1sico &hellip; <\/p>\n","protected":false},"author":1,"featured_media":0,"parent":0,"menu_order":0,"comment_status":"closed","ping_status":"closed","template":"","meta":{"footnotes":""},"class_list":["post-1474","page","type-page","status-publish","hentry"],"_links":{"self":[{"href":"https:\/\/lapurisimaalzira.org\/index.php?rest_route=\/wp\/v2\/pages\/1474","targetHints":{"allow":["GET"]}}],"collection":[{"href":"https:\/\/lapurisimaalzira.org\/index.php?rest_route=\/wp\/v2\/pages"}],"about":[{"href":"https:\/\/lapurisimaalzira.org\/index.php?rest_route=\/wp\/v2\/types\/page"}],"author":[{"embeddable":true,"href":"https:\/\/lapurisimaalzira.org\/index.php?rest_route=\/wp\/v2\/users\/1"}],"replies":[{"embeddable":true,"href":"https:\/\/lapurisimaalzira.org\/index.php?rest_route=%2Fwp%2Fv2%2Fcomments&post=1474"}],"version-history":[{"count":30,"href":"https:\/\/lapurisimaalzira.org\/index.php?rest_route=\/wp\/v2\/pages\/1474\/revisions"}],"predecessor-version":[{"id":5435,"href":"https:\/\/lapurisimaalzira.org\/index.php?rest_route=\/wp\/v2\/pages\/1474\/revisions\/5435"}],"wp:attachment":[{"href":"https:\/\/lapurisimaalzira.org\/index.php?rest_route=%2Fwp%2Fv2%2Fmedia&parent=1474"}],"curies":[{"name":"wp","href":"https:\/\/api.w.org\/{rel}","templated":true}]}}