{"id":1478,"date":"2019-07-18T18:56:15","date_gmt":"2019-07-18T18:56:15","guid":{"rendered":"http:\/\/lapurisimaalzira.org\/?page_id=1478"},"modified":"2025-07-25T09:11:49","modified_gmt":"2025-07-25T07:11:49","slug":"bachillerato","status":"publish","type":"page","link":"https:\/\/lapurisimaalzira.org\/?page_id=1478","title":{"rendered":"Bachillerato"},"content":{"rendered":"\n<h2 class=\"wp-block-heading\">Curr\u00edculo de Bachillerato<\/h2>\n\n\n\n<p align=\"justify\"><a href=\"http:\/\/www.docv.gva.es\/datos\/2008\/07\/15\/pdf\/2008_8761.pdf\" target=\"_blank\" rel=\"noreferrer noopener\">DOCV 5806 (15-07-2008)<\/a>:\n DECRETO 102\/2008, de 11 de julio, del Consell, por el que se establece \nel curr\u00edculo del bachillerato en la Comunidad Valenciana.<\/p>\n\n\n\n<p align=\"justify\"><a href=\"http:\/\/www.docv.gva.es\/datos\/2012\/07\/16\/pdf\/2012_7049.pdf\" target=\"_blank\" rel=\"noreferrer noopener\">DOCV 6819 (16-07-2012)<\/a>:\n DECRETO 115\/2012, de 13 de julio, del Consell, de modificaci\u00f3n del \ndecreto 102\/2008, de 11 de julio, por el que se establece el curr\u00edculo \ndel Bachillerato en la Comunitat Valenciana.<\/p>\n\n\n\n<p align=\"justify\"><a href=\"http:\/\/boe.es\/boe\/dias\/2015\/01\/03\/pdfs\/BOE-A-2015-37.pdf\" target=\"_blank\" rel=\"noreferrer noopener\" aria-label=\" (abre en una nueva pesta\u00f1a)\">BOE 3 (03-01-2015)<\/a>:  REAL DECRETO 1105\/2014, de 26 de diciembre, por el que se establece el  curr\u00edculo b\u00e1sico de la Educaci\u00f3n Secundaria Obligatoria y del  Bachillerato.<\/p>\n\n\n\n<p align=\"justify\"><a href=\"http:\/\/www.boe.es\/boe\/dias\/2015\/01\/29\/pdfs\/BOE-A-2015-738.pdf\" target=\"_blank\" rel=\"noreferrer noopener\">BOE 25 (29-01-2015)<\/a>:\n Orden ECD\/65\/2015, de 21 de enero, por la que se describen las \nrelaciones entre las competencias, los contenidos y los criterios de \nevaluaci\u00f3n de la educaci\u00f3n primaria, la educaci\u00f3n secundaria obligatoria\n y el bachillerato.<\/p>\n\n\n\n<p align=\"justify\"><a href=\"http:\/\/www.boe.es\/boe\/dias\/2015\/05\/01\/pdfs\/BOE-A-2015-4782.pdf\" target=\"_blank\" rel=\"noreferrer noopener\">BOE 104 (01-05-2015)<\/a>:\n Correcci\u00f3n de errores del Real Decreto 1105\/2014, de 26 de diciembre, \npor el que se establece el curr\u00edculo b\u00e1sico de la Educaci\u00f3n Secundaria \nObligatoria y del Bachillerato.<\/p>\n\n\n\n<p align=\"justify\"><a href=\"http:\/\/www.docv.gva.es\/datos\/2015\/06\/10\/pdf\/2015_5410.pdf\" target=\"_blank\" rel=\"noreferrer noopener\">DOCV 7544 (10-06-2015)<\/a>:\n DECRETO 87\/2015, de 5 de junio, del Consell, por el que establece el \ncurr\u00edculo y desarrolla la ordenaci\u00f3n general de la Educaci\u00f3n Secundaria \nObligatoria y del Bachillerato en la Comunitat Valenciana.<\/p>\n\n\n\n<p align=\"justify\"><a href=\"https:\/\/www.boe.es\/boe\/dias\/2017\/02\/13\/pdfs\/BOE-A-2017-1409.pdf\" target=\"_blank\" rel=\"noreferrer noopener\" aria-label=\" (abre en una nueva pesta\u00f1a)\">BOE 37 (13-02-2017)<\/a>:  Correcci\u00f3n de errores del Real Decreto 1105\/2014, de 26 de diciembre,  por el que se establece el curr\u00edculo b\u00e1sico de la Educaci\u00f3n Secundaria  Obligatoria y del Bachillerato.<\/p>\n\n\n\n<p align=\"justify\"><a href=\"https:\/\/www.boe.es\/boe\/dias\/2017\/06\/03\/pdfs\/BOE-A-2017-6250.pdf\" target=\"_blank\" rel=\"noreferrer noopener\">BOE 132 (03-06-2017)<\/a>:\n Real Decreto 562\/2017, de 2 de junio, por el que se regulan las \ncondiciones para la obtenci\u00f3n de los t\u00edtulos de Graduado en Educaci\u00f3n \nSecundaria Obligatoria y de Bachiller, de acuerdo con lo dispuesto en el\n Real Decreto-ley 5\/2016, de 9 de diciembre, de medidas urgentes para la\n ampliaci\u00f3n del calendario de implantaci\u00f3n de la Ley Org\u00e1nica 8\/2013, de\n 9 de diciembre, para la mejora de la calidad educativa.<\/p>\n\n\n\n<p align=\"justify\"><a href=\"http:\/\/www.dogv.gva.es\/datos\/2018\/04\/30\/pdf\/2018_4258.pdf\" target=\"_blank\" rel=\"noreferrer noopener\" aria-label=\" (abre en una nueva pesta\u00f1a)\">DOGV 8284 (30-04-2018)<\/a>:  DECRETO 51\/2018, de 27 de abril, del Consell, por el que se modifica el  Decreto 87\/2015, por el que se establece el curr\u00edculo y desarrolla la  ordenaci\u00f3n general de la educaci\u00f3n secundaria obligatoria y del  bachillerato en la Comunitat Valenciana.<\/p>\n\n\n\n<p align=\"justify\"><a href=\"https:\/\/www.boe.es\/boe\/dias\/2022\/06\/24\/pdfs\/BOE-A-2022-10452.pdf\" target=\"_blank\" rel=\"noreferrer noopener\">BOE 150 (24-06-2022)<\/a>:\n Resoluci\u00f3n de 21 de junio de 2022, de la Secretar\u00eda de Estado de Educaci\u00f3n, por la que se publican los curr\u00edculos de las ense\u00f1anzas de religi\u00f3n cat\u00f3lica correspondientes a Educaci\u00f3n Infantil, Educaci\u00f3n Primaria, Educaci\u00f3n Secundaria Obligatoria y Bachillerato.<\/p>\n\n\n\n<p align=\"justify\"><a href=\"https:\/\/dogv.gva.es\/datos\/2022\/08\/12\/pdf\/2022_7578.pdf\" target=\"_blank\" rel=\"noreferrer noopener\" aria-label=\" (abre en una nueva pesta\u00f1a)\">DOGV 9404 (12-08-2022)<\/a>:  DECRETO 108\/2022, de 5 de agosto, del Consell, por el que se establecen la ordenaci\u00f3n y el curr\u00edculo de Bachillerato.<\/p>\n\n\n\n<p align=\"justify\"><a href=\"https:\/\/dogv.gva.es\/datos\/2022\/11\/07\/pdf\/2022_10265.pdf\" target=\"_blank\" rel=\"noreferrer noopener\" aria-label=\" (abre en una nueva pesta\u00f1a)\">DOGV 9464 (07-11-2022)<\/a>:  CORRECCI\u00d3N de errores del Decreto 108\/2022, de 5 de agosto, del Consell, por el que se establecen la ordenaci\u00f3n y el curr\u00edculo de Bachillerato.<\/p>\n\n\n\n<hr class=\"wp-block-separator has-css-opacity\"\/>\n\n\n\n<h2 class=\"wp-block-heading\">Organizaci\u00f3n y funcionamiento de Bachillerato<\/h2>\n\n\n\n<p align=\"justify\"><a href=\"https:\/\/www.boe.es\/boe\/dias\/2006\/05\/04\/pdfs\/A17158-17207.pdf\" target=\"_blank\" rel=\"noreferrer noopener\" aria-label=\" (abre en una nueva pesta\u00f1a)\">BOE 106 (04-05-2006)<\/a>: LEY ORG\u00c1NICA 2\/2006, de 3 de mayo, de Educaci\u00f3n.<\/p>\n\n\n\n<p align=\"justify\"><a href=\"http:\/\/www.docv.gva.es\/datos\/2009\/06\/30\/pdf\/2009_7627.pdf\" target=\"_blank\" rel=\"noreferrer noopener\" aria-label=\" (abre en una nueva pesta\u00f1a)\">DOCV 6046 (30-06-2009)<\/a>:  ORDEN de 19 de junio de 2009, de la Conseller\u00eda de Educaci\u00f3n, por la  que se regula la organizaci\u00f3n y el funcionamiento del Bachillerato  diurno, nocturno y a distancia en la Comunitat Valenciana.<\/p>\n\n\n\n<p align=\"justify\"><a href=\"http:\/\/www.docv.gva.es\/datos\/2012\/08\/03\/pdf\/2012_7741.pdf\" target=\"_blank\" rel=\"noreferrer noopener\" aria-label=\" (abre en una nueva pesta\u00f1a)\">DOCV 6833 (03-08-2012)<\/a>:  ORDEN 50\/2012, de 26 de julio, de la Conseller\u00eda de Educaci\u00f3n,  Formaci\u00f3n y Empleo, por la que se modifica la Orden de 19 de junio de  2009, de la Conseller\u00eda de Educaci\u00f3n, por la que se regula la  organizaci\u00f3n y el funcionamiento del Bachillerato diurno, nocturno y a  distancia en la Comunitat Valenciana, y la Orden de 24 de noviembre de  2008, de la Conseller\u00eda de Educaci\u00f3n, sobre evaluaci\u00f3n en Bachillerato  en la Comunitat Valenciana.<\/p>\n\n\n\n<p align=\"justify\"><a rel=\"noreferrer noopener\" href=\"https:\/\/www.boe.es\/boe\/dias\/2013\/12\/03\/pdfs\/BOE-A-2013-12632.pdf\" target=\"_blank\">BOE 289 (03-12-2013)<\/a>:  Real Decreto Legislativo 1\/2013, de 29 de noviembre, por el que se  aprueba el Texto Refundido de la Ley General de derechos de las personas  con discapacidad y de su inclusi\u00f3n social.<\/p>\n\n\n\n<p align=\"justify\"><a href=\"http:\/\/www.docv.gva.es\/datos\/2013\/12\/09\/pdf\/2013_11702.pdf\" target=\"_blank\" rel=\"noreferrer noopener\" aria-label=\" (abre en una nueva pesta\u00f1a)\">DOCV 7168 (09-12-2013)<\/a>:  DECRETO 183\/2013, de 5 de diciembre, del Consell, por el que se procede  a la adecuaci\u00f3n normativa en el \u00e1mbito educativo en lo referente a la  realizaci\u00f3n de pruebas extraordinarias de evaluaci\u00f3n y sesiones de  evaluaci\u00f3n extraordinarias.<\/p>\n\n\n\n<p align=\"justify\"><a href=\"https:\/\/www.boe.es\/boe\/dias\/2013\/12\/10\/pdfs\/BOE-A-2013-12886.pdf\" target=\"_blank\" rel=\"noreferrer noopener\" aria-label=\" (abre en una nueva pesta\u00f1a)\">BOE 295 (10-12-2013)<\/a>: Ley Org\u00e1nica 8\/2013, de 9 de diciembre, para la mejora de la calidad educativa.<\/p>\n\n\n\n<p align=\"justify\"><a href=\"http:\/\/www.docv.gva.es\/datos\/2015\/09\/09\/pdf\/2015_7393.pdf\" target=\"_blank\" rel=\"noreferrer noopener\" aria-label=\" (abre en una nueva pesta\u00f1a)\">DOCV 7611 (09-09-2015)<\/a>:  DECRETO 136\/2015, de 4 de septiembre, del Consell, por el que se  modifican el Decreto 108\/2014, de 4 de julio, del Consell, por el que se  establece el curr\u00edculo y desarrolla la ordenaci\u00f3n general de la  Educaci\u00f3n Primaria en la Comunitat Valenciana, y el Decreto 87\/2015, de 5  de junio, del Consell, por el que se establece el curr\u00edculo y se  desarrolla la ordenaci\u00f3n general de la Educaci\u00f3n Secundaria Obligatoria y  del Bachillerato en la Comunitat Valenciana.<\/p>\n\n\n\n<p align=\"justify\"><a href=\"http:\/\/www.dogv.gva.es\/datos\/2016\/05\/17\/pdf\/2016_3472.pdf\" target=\"_blank\" rel=\"noreferrer noopener\" aria-label=\" (abre en una nueva pesta\u00f1a)\">DOCV 7784 (17-05-2016)<\/a>:  DECRETO 59\/2016, de 13 de mayo, del Consell, por el que se fija el  n\u00famero m\u00e1ximo de alumnado y la jornada lectiva del personal docente en  los niveles no universitarios regulados por la Ley Org\u00e1nica 2\/2006, de 3  de mayo, de Educaci\u00f3n, en los centros docentes no universitarios de la  Comunitat Valenciana.<\/p>\n\n\n\n<p align=\"justify\"><a href=\"https:\/\/www.boe.es\/boe\/dias\/2016\/07\/30\/pdfs\/BOE-A-2016-7337.pdf\" target=\"_blank\" rel=\"noreferrer noopener\" aria-label=\" (abre en una nueva pesta\u00f1a)\">BOE 183 (30-07-2016)<\/a>:  Real Decreto 310\/2016, de 29 de julio, por el que se regulan las  evaluaciones finales de Educaci\u00f3n Secundaria Obligatoria y de  Bachillerato.<\/p>\n\n\n\n<p align=\"justify\"><a href=\"https:\/\/www.boe.es\/boe\/dias\/2016\/12\/10\/pdfs\/BOE-A-2016-11733.pdf\" target=\"_blank\" rel=\"noreferrer noopener\">BOE 298 (10-12-2016)<\/a>: Real Decreto-ley 5\/2016, de 9 de diciembre, de medidas urgentes para la ampliaci\u00f3n del calendario de impantaci\u00f3n de la Ley Org\u00e1nica 8\/2013, de 9 de diciembre, para la mejora de la calidad educativa.<\/p>\n\n\n\n<p align=\"justify\"><a href=\"http:\/\/www.dogv.gva.es\/datos\/2017\/07\/14\/pdf\/2017_6393.pdf\" target=\"_blank\" rel=\"noreferrer noopener\" aria-label=\" (abre en una nueva pesta\u00f1a)\">DOGV 8084 (14-07-2017)<\/a>:  DECRETO 89\/2017, de 7 de julio, del Consell, por el que se modifican  las disposiciones transitorias del Decreto 59\/2016, de 13 de mayo, del  Consell, por el que se fija el n\u00famero m\u00e1ximo de alumnado y la jornada  lectiva del personal docente en los niveles no universitarios regulados  por la Ley org\u00e1nica 2\/2006, de 3 de mayo, de educaci\u00f3n, en los centros  docentes no universitarios de la Comunitat Valenciana.<\/p>\n\n\n\n<p align=\"justify\"><a href=\"http:\/\/www.dogv.gva.es\/datos\/2017\/10\/10\/pdf\/2017_8755.pdf\" target=\"_blank\" rel=\"noreferrer noopener\" aria-label=\" (abre en una nueva pesta\u00f1a)\">DOGV 8146 (10-10-2017)<\/a>:  ORDEN 38\/2017, de 4 de octubre, de la Conselleria de Educaci\u00f3n,  Investigaci\u00f3n, Cultura y Deporte, por la que se regula la evaluaci\u00f3n en  Educaci\u00f3n Secundaria Obligatoria, en Bachillerato y en las ense\u00f1anzas de  la Educaci\u00f3n de las Personas Adultas en la Comunitat Valenciana.<\/p>\n\n\n\n<p align=\"justify\"><a rel=\"noreferrer noopener\" aria-label=\" (abre en una nueva pesta\u00f1a)\" href=\"https:\/\/www.boe.es\/boe\/dias\/2021\/11\/17\/pdfs\/BOE-A-2021-18812.pdf\" target=\"_blank\">BOE 275 (17-11-2021)<\/a>: Real Decreto 984\/2021, de 16 de noviembre, por el que se regulan la evaluaci\u00f3n y la promoci\u00f3n en la Educaci\u00f3n Primaria, as\u00ed como la evaluaci\u00f3n, la promoci\u00f3n y la titulaci\u00f3n en la Educaci\u00f3n Secundaria Obligatoria, el Bachillerato y la Formaci\u00f3n Profesional.<\/p>\n\n\n\n<p align=\"justify\"><a rel=\"noreferrer noopener\" aria-label=\" (abre en una nueva pesta\u00f1a)\" href=\"https:\/\/www.boe.es\/boe\/dias\/2022\/04\/06\/pdfs\/BOE-A-2022-5521.pdf\" target=\"_blank\">BOE 82 (06-04-2022)<\/a>: Real Decreto 243\/2022, de 5 de abril, por el que se establecen la ordenaci\u00f3n y las ense\u00f1anzas m\u00ednimas del Bachillerato.<\/p>\n\n\n\n<p align=\"justify\"><a rel=\"noreferrer noopener\" aria-label=\" (abre en una nueva pesta\u00f1a)\" href=\"https:\/\/dogv.gva.es\/datos\/2022\/11\/16\/pdf\/2022_10681.pdf\" target=\"_blank\">DOGV 9471 (16-11-2022)<\/a>: DECRETO 195\/2022, de 11 de noviembre, del Consell, de igualdad y convivencia en el sistema educativo valenciano.<\/p>\n\n\n\n<p align=\"justify\"><a rel=\"noreferrer noopener\" aria-label=\" (abre en una nueva pesta\u00f1a)\" href=\"https:\/\/dogv.gva.es\/datos\/2023\/07\/04\/pdf\/2023_7514.pdf\" target=\"_blank\">DOGV 9631 (04-07-2023)<\/a>: ORDEN 19\/2023, de 29 de junio, de la Conselleria de Educaci\u00f3n, Cultura y Deporte, por la que se regulan los procedimientos derivados del Decreto 107\/2022, de 5 de agosto, del Consell, por el que se establecen la ordenaci\u00f3n y el curr\u00edculo de Educaci\u00f3n Secundaria Obligatoria, y del Decreto 108\/2022, de 5 de agosto, del Consell, por el que se establecen la ordenaci\u00f3n y el curr\u00edculo de Bachillerato, as\u00ed como la organizaci\u00f3n y el funcionamiento del Bachillerato nocturno y a distancia en la Comunitat Valenciana.<\/p>\n\n\n\n<p align=\"justify\"><a rel=\"noreferrer noopener\" aria-label=\" (abre en una nueva pesta\u00f1a)\" href=\"https:\/\/dogv.gva.es\/datos\/2023\/12\/05\/pdf\/2023_12059.pdf\" target=\"_blank\">DOGV 9739 (05-12-2023)<\/a>: RESOLUCI\u00d3N de 17 de noviembre de 2023, del secretario auton\u00f3mico de Educaci\u00f3n, de la Conselleria de Educaci\u00f3n, Universidades y Empleo, por la que se modifica el anexo VIII del Decreto 108\/2022, de 5 de agosto, del Consell, por el cual se establecen la ordenaci\u00f3n y el curr\u00edculum de Bachillerato.<\/p>\n\n\n\n<p align=\"justify\"><a rel=\"noreferrer noopener\" aria-label=\" (abre en una nueva pesta\u00f1a)\" href=\"https:\/\/dogv.gva.es\/datos\/2024\/06\/26\/pdf\/2024_6134.pdf\" target=\"_blank\">DOGV 9878 (26-06-2024)<\/a>: DECRETO 66\/2024, de 21 de junio, del Consell, por el que se modifica el Decreto 107\/2022, de 5 de agosto, del Consell, por el que se establece la ordenaci\u00f3n y el curr\u00edculo de Educaci\u00f3n Secundaria Obligatoria y la Orden 19\/2023, de 29 de junio, de la Conselleria de Educaci\u00f3n, Cultura y Deporte, por la que se regulan los procedimientos derivados del Decreto 107\/2022, de 5 de agosto, del Consell, por el que se establecen la ordenaci\u00f3n y el curr\u00edculo de Educaci\u00f3n Secundaria Obligatoria, y del Decreto 108\/2022, de 5 de agosto, del Consell, por el que se establecen la ordenaci\u00f3n y el curr\u00edculo de Bachillerato, as\u00ed como la organizaci\u00f3n y el funcionamiento del Bachillerato nocturno y a distancia en la Comunitat Valenciana.<\/p>\n\n\n\n<p align=\"justify\"><a rel=\"noreferrer noopener\" aria-label=\" (abre en una nueva pesta\u00f1a)\" href=\"https:\/\/dogv.gva.es\/datos\/2024\/06\/28\/pdf\/2024_6326.pdf\" target=\"_blank\">DOGV 9880 (28-06-2024)<\/a>: LEY 1\/2024, de 27 de junio, de la Generalitat, por la que se regula la libertad educativa.<\/p>\n\n\n\n<p align=\"justify\"><a rel=\"noreferrer noopener\" aria-label=\" (abre en una nueva pesta\u00f1a)\" href=\"https:\/\/www.boe.es\/boe\/dias\/2024\/08\/09\/pdfs\/BOE-A-2024-16511.pdf\" target=\"_blank\">BOE 192 (09-08-2024)<\/a>: Ley 1\/2024, de 27 de junio, por la que se regula la libertad educativa.<\/p>\n\n\n\n<p align=\"justify\"><a rel=\"noreferrer noopener\" aria-label=\" (abre en una nueva pesta\u00f1a)\" href=\"https:\/\/dogv.gva.es\/datos\/2025\/07\/10\/pdf\/2025_26525_es.pdf\" target=\"_blank\">DOGV 10148 (10-07-2025)<\/a>: RESOLUCI\u00d3N de 7 de julio de 2025, de la Secretar\u00eda Auton\u00f3mica de Educaci\u00f3n, por la que se aprueban las instrucciones para la organizaci\u00f3n y el funcionamiento de los centros que imparten Educaci\u00f3n Secundaria Obligatoria y Bachillerato\ndurante el curso 2025-2026.<\/p>\n\n\n\n<p align=\"justify\"><a rel=\"noreferrer noopener\" aria-label=\" (abre en una nueva pesta\u00f1a)\" href=\"https:\/\/dogv.gva.es\/datos\/2025\/07\/25\/pdf\/2025_29243_es.pdf\" target=\"_blank\">DOGV 10159 (25-07-2025)<\/a>: RESOLUCI\u00d3N de 21 de julio de 2025, de la Direcci\u00f3n General de Innovaci\u00f3n e Inclusi\u00f3n Educativa, por la que se dictan las instrucciones para la organizaci\u00f3n de la atenci\u00f3n educativa domiciliaria y hospitalaria.<\/p>\n","protected":false},"excerpt":{"rendered":"<p>Curr\u00edculo de Bachillerato DOCV 5806 (15-07-2008): DECRETO 102\/2008, de 11 de julio, del Consell, por el que se establece el &hellip; <\/p>\n","protected":false},"author":1,"featured_media":0,"parent":0,"menu_order":0,"comment_status":"closed","ping_status":"closed","template":"","meta":{"footnotes":""},"class_list":["post-1478","page","type-page","status-publish","hentry"],"_links":{"self":[{"href":"https:\/\/lapurisimaalzira.org\/index.php?rest_route=\/wp\/v2\/pages\/1478","targetHints":{"allow":["GET"]}}],"collection":[{"href":"https:\/\/lapurisimaalzira.org\/index.php?rest_route=\/wp\/v2\/pages"}],"about":[{"href":"https:\/\/lapurisimaalzira.org\/index.php?rest_route=\/wp\/v2\/types\/page"}],"author":[{"embeddable":true,"href":"https:\/\/lapurisimaalzira.org\/index.php?rest_route=\/wp\/v2\/users\/1"}],"replies":[{"embeddable":true,"href":"https:\/\/lapurisimaalzira.org\/index.php?rest_route=%2Fwp%2Fv2%2Fcomments&post=1478"}],"version-history":[{"count":28,"href":"https:\/\/lapurisimaalzira.org\/index.php?rest_route=\/wp\/v2\/pages\/1478\/revisions"}],"predecessor-version":[{"id":5436,"href":"https:\/\/lapurisimaalzira.org\/index.php?rest_route=\/wp\/v2\/pages\/1478\/revisions\/5436"}],"wp:attachment":[{"href":"https:\/\/lapurisimaalzira.org\/index.php?rest_route=%2Fwp%2Fv2%2Fmedia&parent=1478"}],"curies":[{"name":"wp","href":"https:\/\/api.w.org\/{rel}","templated":true}]}}