{"id":1486,"date":"2019-07-18T19:21:18","date_gmt":"2019-07-18T19:21:18","guid":{"rendered":"http:\/\/lapurisimaalzira.org\/?page_id=1486"},"modified":"2022-04-04T13:26:05","modified_gmt":"2022-04-04T11:26:05","slug":"descargas","status":"publish","type":"page","link":"https:\/\/lapurisimaalzira.org\/?page_id=1486","title":{"rendered":"Descargas"},"content":{"rendered":"\n<div class=\"wp-block-file aligncenter\"><a href=\"https:\/\/lapurisimaalzira.org\/wp-content\/uploads\/2019\/07\/Autorizaci\u00f3n-recogida-de-documentos.pdf\">Autorizaci\u00f3n recogida de documentos<\/a><a href=\"https:\/\/lapurisimaalzira.org\/wp-content\/uploads\/2019\/07\/Autorizaci\u00f3n-recogida-de-documentos.pdf\" class=\"wp-block-file__button\" download>Descarga<\/a><\/div>\n\n\n\n<div class=\"wp-block-file aligncenter\"><a href=\"https:\/\/lapurisimaalzira.org\/wp-content\/uploads\/2019\/07\/Ficha-inscripci\u00f3n-AMPA.pdf\">Ficha inscripci\u00f3n AMPA<\/a><a href=\"https:\/\/lapurisimaalzira.org\/wp-content\/uploads\/2019\/07\/Ficha-inscripci\u00f3n-AMPA.pdf\" class=\"wp-block-file__button\" download>Descarga<\/a><\/div>\n\n\n\n<div class=\"wp-block-file aligncenter\"><a href=\"https:\/\/lapurisimaalzira.org\/wp-content\/uploads\/2019\/07\/03-Informe_salud_escolar.pdf\" target=\"_blank\" rel=\"noreferrer noopener\">Informe de salud del escolar<\/a><a href=\"https:\/\/lapurisimaalzira.org\/wp-content\/uploads\/2019\/07\/03-Informe_salud_escolar.pdf\" class=\"wp-block-file__button\" download>Descarga<\/a><\/div>\n\n\n\n<div class=\"wp-block-file aligncenter\"><a href=\"https:\/\/lapurisimaalzira.org\/wp-content\/uploads\/2019\/07\/Justificaci\u00f3n-faltas-asistencia.pdf\">Justificaci\u00f3n faltas de asistencia<\/a><a href=\"https:\/\/lapurisimaalzira.org\/wp-content\/uploads\/2019\/07\/Justificaci\u00f3n-faltas-asistencia.pdf\" class=\"wp-block-file__button\" download>Descarga<\/a><\/div>\n\n\n\n<div class=\"wp-block-file aligncenter\"><a href=\"https:\/\/lapurisimaalzira.org\/wp-content\/uploads\/2020\/07\/04-Modelo-orden-de-domiciliaci\u00f3n-CORE_C50-2020.pdf\" target=\"_blank\" rel=\"noreferrer noopener\">Orden de domiciliaci\u00f3n bancaria<\/a><a href=\"https:\/\/lapurisimaalzira.org\/wp-content\/uploads\/2020\/07\/04-Modelo-orden-de-domiciliaci\u00f3n-CORE_C50-2020.pdf\" class=\"wp-block-file__button\" download>Descarga<\/a><\/div>\n\n\n\n<div class=\"wp-block-file aligncenter\"><a href=\"https:\/\/lapurisimaalzira.org\/wp-content\/uploads\/2020\/09\/Planes-de-Actuaci\u00f3n-ante-Covid-19-Colegio-La-Pur\u00edsima.pdf\" target=\"_blank\" rel=\"noreferrer noopener\">Planes de Actuaci\u00f3n ante Covid-19-Colegio La Pur\u00edsima<\/a><a href=\"https:\/\/lapurisimaalzira.org\/wp-content\/uploads\/2020\/09\/Planes-de-Actuaci\u00f3n-ante-Covid-19-Colegio-La-Pur\u00edsima.pdf\" class=\"wp-block-file__button\" download>Descarga<\/a><\/div>\n\n\n\n<div class=\"wp-block-file aligncenter\"><a href=\"https:\/\/lapurisimaalzira.org\/wp-content\/uploads\/2020\/09\/Plan-de-Contingencia.pdf\" target=\"_blank\" rel=\"noreferrer noopener\">Plan de Contingencia<\/a><a href=\"https:\/\/lapurisimaalzira.org\/wp-content\/uploads\/2020\/09\/Plan-de-Contingencia.pdf\" class=\"wp-block-file__button\" download>Descarga<\/a><\/div>\n\n\n\n<div class=\"wp-block-file aligncenter\"><a href=\"https:\/\/lapurisimaalzira.org\/wp-content\/uploads\/2020\/10\/GESTI\u00d3N_DE_CASOS_COVID-06-10-2020.pdf\" target=\"_blank\" rel=\"noreferrer noopener\">Gesti\u00f3n de casos COVID 06-10-2020<\/a><a href=\"https:\/\/lapurisimaalzira.org\/wp-content\/uploads\/2020\/10\/GESTI\u00d3N_DE_CASOS_COVID-06-10-2020.pdf\" class=\"wp-block-file__button\" download>Descarga<\/a><\/div>\n\n\n\n<div class=\"wp-block-file aligncenter\"><a href=\"https:\/\/lapurisimaalzira.org\/wp-content\/uploads\/2021\/03\/03-24-2021-Actualizacion-protocolo-contra-Covid-19-centros-no-universitarios.pdf\" target=\"_blank\" rel=\"noreferrer noopener\">Protocolo de contenci\u00f3n contra Covid-19 (10-03-2021)<\/a><a href=\"https:\/\/lapurisimaalzira.org\/wp-content\/uploads\/2021\/03\/03-24-2021-Actualizacion-protocolo-contra-Covid-19-centros-no-universitarios.pdf\" class=\"wp-block-file__button\" download>Descarga<\/a><\/div>\n\n\n\n<div class=\"wp-block-file aligncenter\"><a href=\"https:\/\/lapurisimaalzira.org\/wp-content\/uploads\/2021\/07\/Protocolo_PREV-HIG-PROM-julio21.pdf\" target=\"_blank\" rel=\"noreferrer noopener\">Protocolo de protecci\u00f3n y prevenci\u00f3n Covid-19 (julio 2021)<\/a><a href=\"https:\/\/lapurisimaalzira.org\/wp-content\/uploads\/2021\/07\/Protocolo_PREV-HIG-PROM-julio21.pdf\" class=\"wp-block-file__button\" download>Descarga<\/a><\/div>\n\n\n\n<div class=\"wp-block-file aligncenter\"><a href=\"https:\/\/lapurisimaalzira.org\/wp-content\/uploads\/2021\/09\/Novedades-Gestio\u0301n-de-Casos-Covid19-para-las-familias.pdf\" target=\"_blank\" rel=\"noreferrer noopener\">Novedades protocolo gestio\u0301n de casos Covid19 (septiembre 2021)<\/a><a href=\"https:\/\/lapurisimaalzira.org\/wp-content\/uploads\/2021\/09\/Novedades-Gestio\u0301n-de-Casos-Covid19-para-las-familias.pdf\" class=\"wp-block-file__button\" download>Descarga<\/a><\/div>\n\n\n\n<div class=\"wp-block-file aligncenter\"><a href=\"https:\/\/lapurisimaalzira.org\/wp-content\/uploads\/2021\/11\/2021-11-03-Protocolo.pdf\" target=\"_blank\" rel=\"noreferrer noopener\">Protocolo de protecci\u00f3n y prevenci\u00f3n Covid-19 (29-10-2021)<\/a><a href=\"https:\/\/lapurisimaalzira.org\/wp-content\/uploads\/2021\/11\/2021-11-03-Protocolo.pdf\" class=\"wp-block-file__button\" download>Descarga<\/a><\/div>\n\n\n\n<div class=\"wp-block-file aligncenter\"><a href=\"https:\/\/lapurisimaalzira.org\/wp-content\/uploads\/2022\/01\/Adaptacion-Guia-Centros-Educativos_08.01.2022.pdf\" target=\"_blank\" rel=\"noreferrer noopener\">Adaptacion Guia Centros Educativos Covid-19_(08-01-2022)<\/a><a href=\"https:\/\/lapurisimaalzira.org\/wp-content\/uploads\/2022\/01\/Adaptacion-Guia-Centros-Educativos_08.01.2022.pdf\" class=\"wp-block-file__button\" download>Descarga<\/a><\/div>\n\n\n\n<div class=\"wp-block-file aligncenter\"><a href=\"https:\/\/lapurisimaalzira.org\/wp-content\/uploads\/2022\/04\/2022-04-04-Actualizacion-del-protocolo.pdf\" target=\"_blank\" rel=\"noreferrer noopener\">Protocolo de protecci\u00f3n y prevenci\u00f3n Covid-19 (30-03-2022)<\/a><a href=\"https:\/\/lapurisimaalzira.org\/wp-content\/uploads\/2022\/04\/2022-04-04-Actualizacion-del-protocolo.pdf\" class=\"wp-block-file__button\" download>Descarga<\/a><\/div>\n\n\n\n<hr class=\"wp-block-separator\"\/>\n\n\n\n<p class=\"has-text-align-center has-medium-font-size\"><strong>Grupo de difusi\u00f3n del Colegio<\/strong><\/p>\n\n\n\n<div class=\"wp-block-image\"><figure class=\"aligncenter\"><img loading=\"lazy\" decoding=\"async\" width=\"300\" height=\"168\" src=\"https:\/\/lapurisimaalzira.org\/wp-content\/uploads\/2019\/09\/Telegram.jpg\" alt=\"\" class=\"wp-image-1637\"\/><\/figure><\/div>\n\n\n\n<p align=\"justify\">Para\n acceder al canal @LaPurisima hay que instalarse en el tel\u00e9fono m\u00f3vil la\n aplicaci\u00f3n Telegram, buscar @LaPurisima en la misma app y unirse al \ncanal.<\/p>\n\n\n\n<p align=\"justify\">Nota: en los Iphone, la b\u00fasqueda se debe realizar dentro de la aplicaci\u00f3n Telegram, en el apartado Chat.<\/p>\n\n\n\n<hr class=\"wp-block-separator\"\/>\n\n\n\n<div class=\"wp-block-image\"><figure class=\"aligncenter\"><a href=\"https:\/\/familia.edu.gva.es\/familia\/myitaca\/myitaca_login?idioma=C\" target=\"_blank\" rel=\"noreferrer noopener\"><img loading=\"lazy\" decoding=\"async\" width=\"126\" height=\"78\" src=\"https:\/\/lapurisimaalzira.org\/wp-content\/uploads\/2019\/09\/Itaca.jpg\" alt=\"\" class=\"wp-image-1636\" srcset=\"https:\/\/lapurisimaalzira.org\/wp-content\/uploads\/2019\/09\/Itaca.jpg 126w, https:\/\/lapurisimaalzira.org\/wp-content\/uploads\/2019\/09\/Itaca-125x78.jpg 125w\" sizes=\"auto, (max-width: 126px) 100vw, 126px\" \/><\/a><figcaption><a rel=\"noreferrer noopener\" aria-label=\"Acceso al M\u00f3dulo Familias (abre en una nueva pesta\u00f1a)\" href=\"https:\/\/familia.edu.gva.es\/wf-front\/myitaca\/login_wf\" target=\"_blank\">Acceso a la Web Familias<\/a><\/figcaption><\/figure><\/div>\n\n\n\n<div class=\"wp-block-button aligncenter\"><a class=\"wp-block-button__link\" href=\"http:\/\/www.ceice.gva.es\/webitaca\/docs\/webfamilia\/Sol-licitud_ACCES_WEB_FAMILIA.pdf\" target=\"_blank\" rel=\"noopener noreferrer\">Formulario de inscripci\u00f3n<\/a><\/div>\n\n\n\n<hr class=\"wp-block-separator\"\/>\n\n\n\n<div class=\"wp-block-image\"><figure class=\"aligncenter\"><a href=\"https:\/\/drive.google.com\/file\/d\/0B-eGjsIW9JKwaXFEX1A1NUJ6SHM\/view?usp=sharing\" target=\"_blank\" rel=\"noreferrer noopener\"><img loading=\"lazy\" decoding=\"async\" width=\"200\" height=\"150\" src=\"https:\/\/lapurisimaalzira.org\/wp-content\/uploads\/2019\/09\/Android.jpg\" alt=\"\" class=\"wp-image-1635\"\/><\/a><figcaption><a href=\"https:\/\/drive.google.com\/file\/d\/0B-eGjsIW9JKwaXFEX1A1NUJ6SHM\/view?usp=sharing\" target=\"_blank\" rel=\"noreferrer noopener\" aria-label=\" (abre en una nueva pesta\u00f1a)\">App Colegio La Pur\u00edsima<\/a><\/figcaption><\/figure><\/div>\n\n\n\n<p class=\"has-text-align-center\"><strong>Instrucciones<\/strong><\/p>\n\n\n\n<ol class=\"wp-block-list\"><li>Descargar el archivo.<\/li><li>Copiar el archivo al dispositivo m\u00f3vil (android).<\/li><li>En el dispositivo, ejecutar el archivo copiado pulsando sobre \u00e9l.<\/li><li>Si no deja instalar, permitir instalar de Fuentes desconocidas (en configuraci\u00f3n del tel\u00e9fono, en el apartado Seguridad).<\/li><\/ol>\n","protected":false},"excerpt":{"rendered":"<p>Grupo de difusi\u00f3n del Colegio Para acceder al canal @LaPurisima hay que instalarse en el tel\u00e9fono m\u00f3vil la aplicaci\u00f3n Telegram, &hellip; <\/p>\n","protected":false},"author":1,"featured_media":0,"parent":0,"menu_order":0,"comment_status":"closed","ping_status":"closed","template":"","meta":{"footnotes":""},"class_list":["post-1486","page","type-page","status-publish","hentry"],"_links":{"self":[{"href":"https:\/\/lapurisimaalzira.org\/index.php?rest_route=\/wp\/v2\/pages\/1486","targetHints":{"allow":["GET"]}}],"collection":[{"href":"https:\/\/lapurisimaalzira.org\/index.php?rest_route=\/wp\/v2\/pages"}],"about":[{"href":"https:\/\/lapurisimaalzira.org\/index.php?rest_route=\/wp\/v2\/types\/page"}],"author":[{"embeddable":true,"href":"https:\/\/lapurisimaalzira.org\/index.php?rest_route=\/wp\/v2\/users\/1"}],"replies":[{"embeddable":true,"href":"https:\/\/lapurisimaalzira.org\/index.php?rest_route=%2Fwp%2Fv2%2Fcomments&post=1486"}],"version-history":[{"count":17,"href":"https:\/\/lapurisimaalzira.org\/index.php?rest_route=\/wp\/v2\/pages\/1486\/revisions"}],"predecessor-version":[{"id":3168,"href":"https:\/\/lapurisimaalzira.org\/index.php?rest_route=\/wp\/v2\/pages\/1486\/revisions\/3168"}],"wp:attachment":[{"href":"https:\/\/lapurisimaalzira.org\/index.php?rest_route=%2Fwp%2Fv2%2Fmedia&parent=1486"}],"curies":[{"name":"wp","href":"https:\/\/api.w.org\/{rel}","templated":true}]}}