{"id":201,"date":"2019-06-30T18:45:24","date_gmt":"2019-06-30T18:45:24","guid":{"rendered":"http:\/\/lapurisimaalzira.org\/?page_id=201"},"modified":"2019-07-01T20:35:41","modified_gmt":"2019-07-01T20:35:41","slug":"modelo-educativo","status":"publish","type":"page","link":"https:\/\/lapurisimaalzira.org\/?page_id=201","title":{"rendered":"Modelo educativo"},"content":{"rendered":"\n<p style=\"text-align:center\" class=\"has-medium-font-size\"><strong>Cat\u00f3lico y franciscano<\/strong><\/p>\n\n\n\n<p align=\"justify\">\n\n&nbsp;&nbsp;&nbsp;&nbsp; Nuestros Centros son cat\u00f3licos y con la espiritualidad franciscana desde el carisma de Hermanas Franciscanas de la Inmaculada. Nuestra opci\u00f3n educativa tiene como modelo a Mar\u00eda en su sencillez, fidelidad, disponibilidad, acogida y gratuidad. Se ofrece como alternativa a los hombres de hoy a quienes presentan la Buena Nueva de Jes\u00fas, desde una \u00f3ptica peculiar: la franciscana.\n\n<\/p>\n\n\n\n<p align=\"justify\">\n\n&nbsp;&nbsp;&nbsp;&nbsp; La educaci\u00f3n que ofrecemos es un servicio de evangelizaci\u00f3n y de compromiso con los hombres:\n\n<\/p>\n\n\n\n<ul class=\"wp-block-list\"><li>En un \u00e1mbito de libertad y amor que favorezca un clima de fraternidad, alegr\u00eda, gratitud, amor a la naturaleza, acogida, austeridad, gratuidad, disponibilidad, servicio y sencillez.<\/li><li>Con una comunidad educativa, en din\u00e1mica evangelizadora, que proclama la necesaria relaci\u00f3n entre la fe y la vida, manifestada en el trabajo por la paz y el bien, la misericordia y la fraternidad.<\/li><\/ul>\n\n\n\n<div class=\"wp-block-image\"><figure class=\"aligncenter\"><img loading=\"lazy\" decoding=\"async\" width=\"428\" height=\"450\" src=\"https:\/\/lapurisimaalzira.org\/wp-content\/uploads\/2019\/06\/San-Francisco.jpg\" alt=\"\" class=\"wp-image-207\" srcset=\"https:\/\/lapurisimaalzira.org\/wp-content\/uploads\/2019\/06\/San-Francisco.jpg 428w, https:\/\/lapurisimaalzira.org\/wp-content\/uploads\/2019\/06\/San-Francisco-285x300.jpg 285w\" sizes=\"auto, (max-width: 428px) 100vw, 428px\" \/><\/figure><\/div>\n\n\n\n<p style=\"text-align:center\" class=\"has-medium-font-size\"><strong>Tipo\u00a0de persona que queremos educar<\/strong><\/p>\n\n\n\n<ul class=\"wp-block-list\"><li>Hombres y mujeres comprometidos solidariamente en la construcci\u00f3n de un mundo en paz.<\/li><li>Hombres\n y mujeres capaces de ser liberadores de su medio, participando de forma\n cr\u00edtica, creadora y solidaria en el trabajo por un mundo justo, que sea\n lugar de vida para todos.<\/li><li>Hombres\n y mujeres para los dem\u00e1s, capaces de vivir en amistad y en solidaridad \ncon las aspiraciones y sufrimientos de todos los hombres: todos hermanos\n y responsables los unos de los otros.<\/li><li>Hombres\n y mujeres abiertos siempre a todo lo creado, en un empe\u00f1o eficaz por la\n salvaguarda de la naturaleza, considerada como bien universal, sin la \nque no es posible la vida.<\/li><\/ul>\n\n\n\n<div class=\"wp-block-image\"><figure class=\"aligncenter\"><img loading=\"lazy\" decoding=\"async\" width=\"261\" height=\"450\" src=\"https:\/\/lapurisimaalzira.org\/wp-content\/uploads\/2019\/07\/Pur\u00edsima.jpg\" alt=\"\" class=\"wp-image-211\" srcset=\"https:\/\/lapurisimaalzira.org\/wp-content\/uploads\/2019\/07\/Pur\u00edsima.jpg 261w, https:\/\/lapurisimaalzira.org\/wp-content\/uploads\/2019\/07\/Pur\u00edsima-174x300.jpg 174w\" sizes=\"auto, (max-width: 261px) 100vw, 261px\" \/><\/figure><\/div>\n\n\n\n<p style=\"text-align:center\" class=\"has-medium-font-size\"><strong>Valores, actitudes, comportamientos que potenciamos y vivimos<\/strong><\/p>\n\n\n\n<p align=\"justify\">\n     El\n sentido de nuestros colegios es ofrecer una alternativa de una sociedad\n m\u00e1s justa, m\u00e1s igual, deseosa de vivir en paz y solidariamente.\n\n<\/p>\n\n\n\n<p align=\"justify\">     Queremos que la educaci\u00f3n en nuestros Centros se conforme a los rasgos de <strong>PAZ Y BIEN, MISERICORDIA Y FRATERNIDAD<\/strong>,\n como una exigencia de la dignidad y de la igualdad, entre los \nhombres&nbsp;(todos hijos de Dios), con un profundo respeto a la dignidad de \nla persona.<\/p>\n\n\n\n<p align=\"justify\">&nbsp;&nbsp;&nbsp;&nbsp; Rasgos que nos llevan a la opci\u00f3n por unos VALORES, unas ACTITUDES y una PROYECCI\u00d3N EDUCATIVA particulares.<\/p>\n\n\n\n<p style=\"text-align:center\"><strong>Rasgos\u00a0y valores<\/strong><\/p>\n\n\n\n<p><strong>PAZ Y BIEN:<\/strong><\/p>\n\n\n\n<ul class=\"wp-block-list\"><li>Justicia.<\/li><li>Libertad<\/li><li>Defensa de la vida.<\/li><li>Solidaridad.<\/li><\/ul>\n\n\n\n<p><strong>MISERICORDIA:<\/strong><\/p>\n\n\n\n<ul class=\"wp-block-list\"><li>Gratuidad.<\/li><li>Alegr\u00eda.<\/li><li>Sencillez.<\/li><\/ul>\n\n\n\n<p><strong>FRATERNIDAD:<\/strong><\/p>\n\n\n\n<ul class=\"wp-block-list\"><li>Acogida.<\/li><li>Amistad.<\/li><li>Agradecimiento.<\/li><\/ul>\n\n\n\n<p style=\"text-align:center\"><strong>Actitudes<\/strong><\/p>\n\n\n\n<ul class=\"wp-block-list\"><li>Valorar el ser sobre el tener.<\/li><li>Interesarse por los dem\u00e1s y comprometerse por una ayuda gratuita y desinteresada.<\/li><li>Valorar el esp\u00edritu de trabajo, constancia y honradez.<\/li><li>Tener una visi\u00f3n de los valores humanos desde el esp\u00edritu cristiano franciscano.<\/li><li>Conocer y analizar experiencial y cr\u00edticamente la realidad.<\/li><li>Aceptar y acoger las distintas realidades y culturas dej\u00e1ndose afectar por ellas.<\/li><li>Comprometerse solidariamente para transformar las situaciones de injusticia.<\/li><li>Optar por la gratuidad, el compartir, la fraternidad y el servicio.<\/li><li>Cultivar\n la participaci\u00f3n, la colaboraci\u00f3n y la libertad responsable que permita\n tomar las propias decisiones, personal y coherentemente.<\/li><\/ul>\n\n\n\n<p>Todo esto supone priorizar:<\/p>\n\n\n\n<ul class=\"wp-block-list\"><li>La tarea pastoral.<\/li><li>El trabajo de tutor\u00eda.<\/li><li>El acompa\u00f1amiento a los padres de familia.<\/li><li>La formaci\u00f3n permanente de los profesores.<\/li><li>La implicaci\u00f3n en la tarea educativa de todo el personal del Centro.<\/li><li>El trabajo en equipo.<\/li><\/ul>\n\n\n\n<blockquote class=\"wp-block-quote is-layout-flow wp-block-quote-is-layout-flow\"><p align=\"justify\">         Con  nuestra tarea educativa, cimentada en un Dios que nos ama, queremos  crear un clima de familiar encuentro y acogida, donde cada uno se sienta  impulsado a desarrollar su capacidad personal.<\/p><p>          Como educadores en la fe, anunciamos con nuestra vida y nuestra palabra   la Buena Nueva, dando sentido evang\u00e9lico a la acci\u00f3n educativa. <\/p><p align=\"justify\">           Educamos a nuestros ni\u00f1os y j\u00f3venes en la confianza, sencillez, bondad,   alegr\u00eda y di\u00e1logo, de tal manera que sean capaces de vivir en amistad,   abiertos siempre a todo lo creado. <\/p><p align=\"justify\"> &nbsp;&nbsp;&nbsp;&nbsp;&nbsp;&nbsp;&nbsp;&nbsp;  Les ayudamos a adquirir una formaci\u00f3n moral, intelectual y  humana  dentro de una libertad responsable, que favorezca el esp\u00edritu  cr\u00edtico y  creador, para que sean liberadores de su medio. <\/p><p align=\"justify\"> &nbsp;&nbsp;&nbsp;&nbsp;&nbsp;&nbsp;&nbsp;&nbsp;&nbsp;  Nota distintiva, en nuestros colegios de Educaci\u00f3n Especial,  es la de  llevar a cabo la labor educativa del sordo y del ciego, con la  plenitud  de entrega y dedicaci\u00f3n que dese\u00f3 Madre Francisca. <\/p><p align=\"justify\"> &nbsp;&nbsp;&nbsp;&nbsp;&nbsp;&nbsp;&nbsp;&nbsp;  Nos esmeramos en darles toda la amplitud y profundidad de  formaci\u00f3n,  instrucci\u00f3n y rehabilitaci\u00f3n, para que sean personas plenas  de sentido y  misi\u00f3n, ante Dios, ante s\u00ed mismas y ante la sociedad. \u00ab<\/p><cite> (CC. GG. 30-33)<br>  <\/cite><\/blockquote>\n","protected":false},"excerpt":{"rendered":"<p>Cat\u00f3lico y franciscano &nbsp;&nbsp;&nbsp;&nbsp; Nuestros Centros son cat\u00f3licos y con la espiritualidad franciscana desde el carisma de Hermanas Franciscanas de &hellip; <\/p>\n","protected":false},"author":1,"featured_media":0,"parent":0,"menu_order":0,"comment_status":"closed","ping_status":"closed","template":"","meta":{"footnotes":""},"class_list":["post-201","page","type-page","status-publish","hentry"],"_links":{"self":[{"href":"https:\/\/lapurisimaalzira.org\/index.php?rest_route=\/wp\/v2\/pages\/201","targetHints":{"allow":["GET"]}}],"collection":[{"href":"https:\/\/lapurisimaalzira.org\/index.php?rest_route=\/wp\/v2\/pages"}],"about":[{"href":"https:\/\/lapurisimaalzira.org\/index.php?rest_route=\/wp\/v2\/types\/page"}],"author":[{"embeddable":true,"href":"https:\/\/lapurisimaalzira.org\/index.php?rest_route=\/wp\/v2\/users\/1"}],"replies":[{"embeddable":true,"href":"https:\/\/lapurisimaalzira.org\/index.php?rest_route=%2Fwp%2Fv2%2Fcomments&post=201"}],"version-history":[{"count":5,"href":"https:\/\/lapurisimaalzira.org\/index.php?rest_route=\/wp\/v2\/pages\/201\/revisions"}],"predecessor-version":[{"id":212,"href":"https:\/\/lapurisimaalzira.org\/index.php?rest_route=\/wp\/v2\/pages\/201\/revisions\/212"}],"wp:attachment":[{"href":"https:\/\/lapurisimaalzira.org\/index.php?rest_route=%2Fwp%2Fv2%2Fmedia&parent=201"}],"curies":[{"name":"wp","href":"https:\/\/api.w.org\/{rel}","templated":true}]}}