{"id":2882,"date":"2021-11-11T09:41:45","date_gmt":"2021-11-11T07:41:45","guid":{"rendered":"https:\/\/lapurisimaalzira.org\/?page_id=2882"},"modified":"2022-03-26T11:52:12","modified_gmt":"2022-03-26T09:52:12","slug":"premios-curso-2021-2022","status":"publish","type":"page","link":"https:\/\/lapurisimaalzira.org\/?page_id=2882","title":{"rendered":"Premios curso 2021-2022"},"content":{"rendered":"\n<p><strong>25-03-2022<\/strong><\/p>\n\n\n\n<p><strong>Concurso \u00abAcci\u00f3n por el clima\u00bb<\/strong><\/p>\n\n\n\n<p>Nuestros alumnos de 1 ESO, han trabajado much\u00edsimo junto a sus profes Concha y \u00c1ngeles, y despu\u00e9s de meses preparando el proyecto \u00abNUESTRAS BOMBAS DAN VIDA\u00bb han acudido hoy a la fase final del concurso \u00abAcci\u00f3n por el clima\u00bb al museo Principe Felipe.<\/p>\n\n\n\n<p><strong>Enhorabuena<\/strong> porque \u00a1\u00a1\u00a1HAN CONSEGUIDO EL SEGUNDO PREMIO en su categor\u00eda!!!<\/p>\n\n\n\n<p>Buen trabajo <img loading=\"lazy\" decoding=\"async\" width=\"16\" height=\"16\" alt=\"&#x1f44d;\" src=\"https:\/\/static.xx.fbcdn.net\/images\/emoji.php\/v9\/tfc\/1\/16\/1f44d.png\"><img loading=\"lazy\" decoding=\"async\" width=\"16\" height=\"16\" alt=\"&#x2764;\" src=\"https:\/\/static.xx.fbcdn.net\/images\/emoji.php\/v9\/t6c\/1\/16\/2764.png\">.<\/p>\n\n\n\n<figure class=\"wp-block-image size-large\"><img loading=\"lazy\" decoding=\"async\" width=\"1024\" height=\"768\" src=\"https:\/\/lapurisimaalzira.org\/wp-content\/uploads\/2022\/03\/Accion-por-el-clima-1024x768.jpg\" alt=\"\" class=\"wp-image-3105\" srcset=\"https:\/\/lapurisimaalzira.org\/wp-content\/uploads\/2022\/03\/Accion-por-el-clima-1024x768.jpg 1024w, https:\/\/lapurisimaalzira.org\/wp-content\/uploads\/2022\/03\/Accion-por-el-clima-600x450.jpg 600w, https:\/\/lapurisimaalzira.org\/wp-content\/uploads\/2022\/03\/Accion-por-el-clima-300x225.jpg 300w, https:\/\/lapurisimaalzira.org\/wp-content\/uploads\/2022\/03\/Accion-por-el-clima-768x576.jpg 768w, https:\/\/lapurisimaalzira.org\/wp-content\/uploads\/2022\/03\/Accion-por-el-clima-1536x1152.jpg 1536w, https:\/\/lapurisimaalzira.org\/wp-content\/uploads\/2022\/03\/Accion-por-el-clima.jpg 2048w\" sizes=\"auto, (max-width: 1024px) 100vw, 1024px\" \/><\/figure>\n\n\n\n<hr class=\"wp-block-separator\"\/>\n\n\n\n<p><strong>08-02-2022<\/strong><\/p>\n\n\n\n<p><strong>XIV Premi Malva de poesia infantil<\/strong><\/p>\n\n\n\n<p>Donem la enhorabona a Juan Borrero, alumne de 3r d&#8217;ESO, perque ha quedat finalista del XIV Premi Malva de poesia infantil<img loading=\"lazy\" decoding=\"async\" alt=\"&#x1f4da;\" src=\"https:\/\/www.facebook.com\/images\/emoji.php\/v9\/t49\/1\/16\/1f4da.png\" width=\"16\" height=\"16\"><img loading=\"lazy\" decoding=\"async\" alt=\"&#x270d;\" src=\"https:\/\/www.facebook.com\/images\/emoji.php\/v9\/te2\/1\/16\/270d.png\" width=\"16\" height=\"16\">. Segueix aix\u00ed.<\/p>\n\n\n\n<div class=\"wp-block-image\"><figure class=\"aligncenter size-full\"><img loading=\"lazy\" decoding=\"async\" width=\"1024\" height=\"768\" src=\"https:\/\/lapurisimaalzira.org\/wp-content\/uploads\/2022\/02\/Juan-Borrero-Falla-Malva.jpg\" alt=\"\" class=\"wp-image-3027\" srcset=\"https:\/\/lapurisimaalzira.org\/wp-content\/uploads\/2022\/02\/Juan-Borrero-Falla-Malva.jpg 1024w, https:\/\/lapurisimaalzira.org\/wp-content\/uploads\/2022\/02\/Juan-Borrero-Falla-Malva-600x450.jpg 600w, https:\/\/lapurisimaalzira.org\/wp-content\/uploads\/2022\/02\/Juan-Borrero-Falla-Malva-300x225.jpg 300w, https:\/\/lapurisimaalzira.org\/wp-content\/uploads\/2022\/02\/Juan-Borrero-Falla-Malva-768x576.jpg 768w\" sizes=\"auto, (max-width: 1024px) 100vw, 1024px\" \/><\/figure><\/div>\n\n\n\n<p><a href=\"https:\/\/www.youtube.com\/watch?v=Yd9A8SSYkHQ\" target=\"_blank\" rel=\"noreferrer noopener\">Youtube<\/a><\/p>\n\n\n\n<p><a href=\"https:\/\/www.elseisdoble.com\/vernoticia\/54106\/la_xiv_edicio_del_concurs_premi_malva_alzira_de_poesia_infantil_i_juvenil_2021_ja_te_guanyadors\" target=\"_blank\" rel=\"noreferrer noopener\">El Seis Doble: La XIV edici\u00f3 del Concurs Premi Malva Alzira de Poesia Infantil i Juvenil 2021 ja t\u00e9 guanyadors<\/a><\/p>\n\n\n\n<hr class=\"wp-block-separator\"\/>\n\n\n\n<p><strong>10-12-2021<\/strong><\/p>\n\n\n\n<p><strong>V Concurs de Redacci\u00f3 Juvenil en Valenci\u00e0<\/strong><\/p>\n\n\n\n<p>Les nostres alumnes Ana Albelda Jover i Irene Azor\u00edn Aguado han estat guanyadores del V Concurs de Redacci\u00f3 Juvenil en Valenci\u00e0, la tem\u00e0tica del qual era \u201cHist\u00f2ries per a representar&#8230;S\u2019al\u00e7a el tel\u00f3!\u201dAna Albelda Jover ha obtingut el tercer premi de la categoria de 1r i 2n d\u2019ESO. Irene Azor\u00edn Aguado ha obtingut el primer premi de la categoria de 3r i 4t d\u2019ESO. Agra\u00efm al alcalde Diego G\u00f3mez, al regidor de cultura Alfred Aranda i a la t\u00e9cnica del SERVAL Andrea Maravilla la seua presencia. ENHORABONA a Ana i a Irene i a les seues families.<\/p>\n\n\n\n<div class=\"wp-block-image\"><figure class=\"aligncenter size-full\"><img loading=\"lazy\" decoding=\"async\" width=\"720\" height=\"960\" src=\"https:\/\/lapurisimaalzira.org\/wp-content\/uploads\/2021\/12\/Irene-Ana.jpg\" alt=\"\" class=\"wp-image-2928\" srcset=\"https:\/\/lapurisimaalzira.org\/wp-content\/uploads\/2021\/12\/Irene-Ana.jpg 720w, https:\/\/lapurisimaalzira.org\/wp-content\/uploads\/2021\/12\/Irene-Ana-600x800.jpg 600w, https:\/\/lapurisimaalzira.org\/wp-content\/uploads\/2021\/12\/Irene-Ana-225x300.jpg 225w\" sizes=\"auto, (max-width: 720px) 100vw, 720px\" \/><\/figure><\/div>\n\n\n\n<p><a href=\"https:\/\/www.elseisdoble.com\/vernoticia\/53717\/alzira_lliura_els_premis_del_v_concurs_de_redaccio_juvenil_en_valencia\" target=\"_blank\" rel=\"noreferrer noopener\">El Seis Doble (13-12-2021)<\/a>: Alzira lliura els premis del &#8216;V Concurs de Redacci\u00f3 Juvenil en Valenci\u00e0&#8217;<\/p>\n\n\n\n<hr class=\"wp-block-separator\"\/>\n\n\n\n<p><strong>09-11-2021<\/strong><\/p>\n\n\n\n<p><strong>Concurso escolar de narrativa infantil y juvenil falla Pla\u00e7a Malva<\/strong><\/p>\n\n\n\n<p>Felicitamos a Patricia Castells, alumna de 6\u00ba de Ed. Primaria, por ser finalista en la 2\u00aa categor\u00eda del XXIV concurso de narrativa infantil y juvenil organizado por la Asociaci\u00f3n Cultural Falla Pla\u00e7a Malva as\u00ed como tambi\u00e9n damos la enhorabuena a todos los participantes de nuestro cole porque hemos obtenido premio especial por m\u00e1ximo n\u00famero de trabajos presentados.<\/p>\n\n\n\n<div class=\"wp-block-image\"><figure class=\"aligncenter size-full\"><img loading=\"lazy\" decoding=\"async\" width=\"960\" height=\"720\" src=\"https:\/\/lapurisimaalzira.org\/wp-content\/uploads\/2021\/11\/Patricia-Castells.jpg\" alt=\"\" class=\"wp-image-2888\" srcset=\"https:\/\/lapurisimaalzira.org\/wp-content\/uploads\/2021\/11\/Patricia-Castells.jpg 960w, https:\/\/lapurisimaalzira.org\/wp-content\/uploads\/2021\/11\/Patricia-Castells-600x450.jpg 600w, https:\/\/lapurisimaalzira.org\/wp-content\/uploads\/2021\/11\/Patricia-Castells-300x225.jpg 300w, https:\/\/lapurisimaalzira.org\/wp-content\/uploads\/2021\/11\/Patricia-Castells-768x576.jpg 768w\" sizes=\"auto, (max-width: 960px) 100vw, 960px\" \/><\/figure><\/div>\n\n\n\n<p><a href=\"https:\/\/www.elseisdoble.com\/vernoticia\/53487\/el_xxiv_concurs_de_narrativa_infantil_i_juvenil_falla_plaa_malva_dalzira_ja_te_guanyadors\" target=\"_blank\" rel=\"noreferrer noopener\">El Seis Doble (11-11-2021)<\/a>: El XXIV Concurs de Narrativa Infantil i Juvenil Falla Pla\u00e7a Malva d\u2019Alzira ja t\u00e9 guanyadors<\/p>\n","protected":false},"excerpt":{"rendered":"<p>25-03-2022 Concurso \u00abAcci\u00f3n por el clima\u00bb Nuestros alumnos de 1 ESO, han trabajado much\u00edsimo junto a sus profes Concha y &hellip; <\/p>\n","protected":false},"author":1,"featured_media":0,"parent":0,"menu_order":0,"comment_status":"closed","ping_status":"closed","template":"","meta":{"footnotes":""},"class_list":["post-2882","page","type-page","status-publish","hentry"],"_links":{"self":[{"href":"https:\/\/lapurisimaalzira.org\/index.php?rest_route=\/wp\/v2\/pages\/2882","targetHints":{"allow":["GET"]}}],"collection":[{"href":"https:\/\/lapurisimaalzira.org\/index.php?rest_route=\/wp\/v2\/pages"}],"about":[{"href":"https:\/\/lapurisimaalzira.org\/index.php?rest_route=\/wp\/v2\/types\/page"}],"author":[{"embeddable":true,"href":"https:\/\/lapurisimaalzira.org\/index.php?rest_route=\/wp\/v2\/users\/1"}],"replies":[{"embeddable":true,"href":"https:\/\/lapurisimaalzira.org\/index.php?rest_route=%2Fwp%2Fv2%2Fcomments&post=2882"}],"version-history":[{"count":8,"href":"https:\/\/lapurisimaalzira.org\/index.php?rest_route=\/wp\/v2\/pages\/2882\/revisions"}],"predecessor-version":[{"id":3106,"href":"https:\/\/lapurisimaalzira.org\/index.php?rest_route=\/wp\/v2\/pages\/2882\/revisions\/3106"}],"wp:attachment":[{"href":"https:\/\/lapurisimaalzira.org\/index.php?rest_route=%2Fwp%2Fv2%2Fmedia&parent=2882"}],"curies":[{"name":"wp","href":"https:\/\/api.w.org\/{rel}","templated":true}]}}