{"id":334,"date":"2019-07-04T20:07:15","date_gmt":"2019-07-04T20:07:15","guid":{"rendered":"http:\/\/lapurisimaalzira.org\/?page_id=334"},"modified":"2019-07-05T20:34:46","modified_gmt":"2019-07-05T20:34:46","slug":"el-saludo-franciscano","status":"publish","type":"page","link":"https:\/\/lapurisimaalzira.org\/?page_id=334","title":{"rendered":"El saludo franciscano: \u00a1Paz y Bien!"},"content":{"rendered":"\n<div class=\"wp-block-image\"><figure class=\"aligncenter\"><img decoding=\"async\" src=\"http:\/\/es-livepages.strato.com\/mediapool\/113\/1131484\/resources\/21279500.jpg\" alt=\"\"\/><\/figure><\/div>\n\n\n\n<p align=\"justify\">&nbsp;&nbsp;&nbsp;&nbsp;&nbsp;&nbsp;&nbsp;&nbsp;&nbsp;&nbsp;Cuando uno se encuentra con un franciscano, religioso o seglar, su saludo es: \u00abPaz y Bien\u00bb. Algunos lo consideran un saludo tard\u00edo; otros opinan que arranca del mismo San Francisco.<\/p>\n\n\n\n<p align=\"justify\">&nbsp;&nbsp;&nbsp;&nbsp;&nbsp;&nbsp;&nbsp;&nbsp;&nbsp; Una de las primeras biograf\u00edas de San Francisco nos transmite que tanto Francisco como sus compa\u00f1eros basaban su pedagog\u00eda de pacificaci\u00f3n en la verdadera paz con uno mismo y con la fraternidad, con el grupo, transmitiendo serenidad y alegr\u00eda contagiosa. Dec\u00eda Francisco: \u00abLa paz que proclam\u00e1is con la boca, deb\u00e9is tenerla desbordante en vuestros corazones, de tal manera que por vuestra paz y mansedumbre invit\u00e9is a todos a la paz y a la benignidad\u00bb.<\/p>\n\n\n\n<p align=\"justify\">&nbsp;&nbsp;&nbsp;&nbsp;&nbsp;&nbsp;&nbsp;&nbsp;&nbsp; El mismo Francisco, en su Testamento, recuerda algunos valores que el Se\u00f1or, dador de todo bien, le ha regalado, y uno de ellos es que encontr\u00e1ndose con la gente les diese este saludo: \u00abEl Se\u00f1or te d\u00e9 la paz\u00bb. As\u00ed que no solo de camino o por las calles de la ciudad, sino que en cada serm\u00f3n, antes de comunicar la palabra de Dios e invitar a la conversi\u00f3n, deseaba la paz a los presentes diciendo: \u00abEl Se\u00f1or os d\u00e9 la paz\u00bb.<\/p>\n\n\n\n<p align=\"justify\">&nbsp;&nbsp;&nbsp;&nbsp;&nbsp;&nbsp;&nbsp;&nbsp;&nbsp; La paz, fruto de la justicia, abre el camino a la bondad, lluvia fecunda del Dios que es bien, todo bien, sumo bien, y que se concreta entre los hombres en la concordia y la reconciliaci\u00f3n. En un mundo de violencia y discordia como el medieval, pero que se prolongan tambi\u00e9n en nuestro mundo contempor\u00e1neo, me agrada recordar que Francisco se sirve de la m\u00fasica, de la poes\u00eda y de la experiencia del Dios que es el gozo, nuestra alegr\u00eda y nuestra riqueza a saciedad, e invita a algunos de sus hermanos a que re\u00fanan al alcalde y al obispo de As\u00eds, que estaban enemistados, y les canten el \u00abC\u00e1ntico de las criaturas\u00bb, al que a\u00f1ade una estrofa nueva:<\/p>\n\n\n\n<blockquote class=\"wp-block-quote is-layout-flow wp-block-quote-is-layout-flow\"><p>Loado seas, mi Se\u00f1or, por aquellos que perdonan por tu amor<\/p><p>y soportan enfermedad y tribulaci\u00f3n.<\/p><p>Bienaventurados aquellos que las sufren en paz,<\/p><p>pues por t\u00ed, Alt\u00edsimos, coronados ser\u00e1n.<\/p><cite>C\u00e1ntico de las criaturas<\/cite><\/blockquote>\n\n\n\n<p align=\"justify\">&nbsp;&nbsp;&nbsp;&nbsp;&nbsp;&nbsp;&nbsp;&nbsp;&nbsp; El saludo de \u00abPaz y Bien\u00bb es una invitaci\u00f3n a abrir el coraz\u00f3n a la paz, fuerza interior y principio de renovaci\u00f3n y de bien moral y social. Por eso, Francisco ped\u00eda a sus hermanos que no quer\u00eda que se mostrasen tristes y enojados, sino, m\u00e1s bien, gozosos en el Se\u00f1or, alegres y debidamente agradables.<\/p>\n","protected":false},"excerpt":{"rendered":"<p>&nbsp;&nbsp;&nbsp;&nbsp;&nbsp;&nbsp;&nbsp;&nbsp;&nbsp;&nbsp;Cuando uno se encuentra con un franciscano, religioso o seglar, su saludo es: \u00abPaz y Bien\u00bb. Algunos lo consideran un &hellip; <\/p>\n","protected":false},"author":1,"featured_media":0,"parent":0,"menu_order":0,"comment_status":"closed","ping_status":"closed","template":"","meta":{"footnotes":""},"class_list":["post-334","page","type-page","status-publish","hentry"],"_links":{"self":[{"href":"https:\/\/lapurisimaalzira.org\/index.php?rest_route=\/wp\/v2\/pages\/334","targetHints":{"allow":["GET"]}}],"collection":[{"href":"https:\/\/lapurisimaalzira.org\/index.php?rest_route=\/wp\/v2\/pages"}],"about":[{"href":"https:\/\/lapurisimaalzira.org\/index.php?rest_route=\/wp\/v2\/types\/page"}],"author":[{"embeddable":true,"href":"https:\/\/lapurisimaalzira.org\/index.php?rest_route=\/wp\/v2\/users\/1"}],"replies":[{"embeddable":true,"href":"https:\/\/lapurisimaalzira.org\/index.php?rest_route=%2Fwp%2Fv2%2Fcomments&post=334"}],"version-history":[{"count":3,"href":"https:\/\/lapurisimaalzira.org\/index.php?rest_route=\/wp\/v2\/pages\/334\/revisions"}],"predecessor-version":[{"id":349,"href":"https:\/\/lapurisimaalzira.org\/index.php?rest_route=\/wp\/v2\/pages\/334\/revisions\/349"}],"wp:attachment":[{"href":"https:\/\/lapurisimaalzira.org\/index.php?rest_route=%2Fwp%2Fv2%2Fmedia&parent=334"}],"curies":[{"name":"wp","href":"https:\/\/api.w.org\/{rel}","templated":true}]}}