{"id":340,"date":"2019-07-04T20:08:22","date_gmt":"2019-07-04T20:08:22","guid":{"rendered":"http:\/\/lapurisimaalzira.org\/?page_id=340"},"modified":"2020-11-29T14:32:04","modified_gmt":"2020-11-29T12:32:04","slug":"simbolos-franciscanos","status":"publish","type":"page","link":"https:\/\/lapurisimaalzira.org\/?page_id=340","title":{"rendered":"S\u00edmbolos franciscanos"},"content":{"rendered":"\n<div class=\"wp-block-image\"><figure class=\"aligncenter size-large\"><img loading=\"lazy\" decoding=\"async\" width=\"483\" height=\"679\" src=\"https:\/\/lapurisimaalzira.org\/wp-content\/uploads\/2020\/11\/Tau-paz-y-bien.jpg\" alt=\"\" class=\"wp-image-2408\" srcset=\"https:\/\/lapurisimaalzira.org\/wp-content\/uploads\/2020\/11\/Tau-paz-y-bien.jpg 483w, https:\/\/lapurisimaalzira.org\/wp-content\/uploads\/2020\/11\/Tau-paz-y-bien-213x300.jpg 213w\" sizes=\"auto, (max-width: 483px) 100vw, 483px\" \/><\/figure><\/div>\n\n\n\n<p align=\"justify\"><strong>&nbsp;&nbsp;&nbsp;&nbsp;&nbsp;&nbsp;&nbsp;&nbsp;&nbsp;&nbsp;\u00abLa Tau\u00bb:<\/strong>&nbsp;Es la \u00faltima letra del alfabeto hebreo, que corresponde a la T. El Papa Inocencio III, ante una Iglesia empobrecida, vio la necesidad de una reforma urgente, y convoc\u00f3 en el a\u00f1o 1215 el IV Concilio de Letr\u00e1n.<\/p>\n\n\n\n<p align=\"justify\">&nbsp;&nbsp;&nbsp;&nbsp;&nbsp;&nbsp;&nbsp;&nbsp;&nbsp;&nbsp;Francisco estuvo all\u00ed en el discurso de apertura. El Papa Inocencio III, evoc\u00f3 al profeta Ezequiel, mensajero del perd\u00f3n de Dios para cuantos estuvieran signados con la letra Tau, e invitaba a todos los cristianos a aceptar la Tau como s\u00edmbolo de la urgente renovaci\u00f3n espiritual que estaba necesitando la Iglesia. La Tau tiene exactamente la misma forma de la cruz en que fue clavado Cristo&#8230; San Francisco se sinti\u00f3 aludido y desde entonces escogi\u00f3 el signo Tau como s\u00edmbolo de su vocaci\u00f3n y la de sus disc\u00edpulos. Para todo franciscano es parte de la herencia que nos dej\u00f3 San Francisco. Llevar la Tau quiere significar el empe\u00f1o de grabarla en el coraz\u00f3n, viviendo una vida seg\u00fan el esp\u00edritu franciscano, pasando del Evangelio a la vida y de la vida al Evangelio.<\/p>\n\n\n\n<div class=\"wp-block-image\"><figure class=\"aligncenter size-large\"><img loading=\"lazy\" decoding=\"async\" width=\"381\" height=\"500\" src=\"https:\/\/lapurisimaalzira.org\/wp-content\/uploads\/2020\/11\/Cruz-de-San-Damian.jpg\" alt=\"\" class=\"wp-image-2410\" srcset=\"https:\/\/lapurisimaalzira.org\/wp-content\/uploads\/2020\/11\/Cruz-de-San-Damian.jpg 381w, https:\/\/lapurisimaalzira.org\/wp-content\/uploads\/2020\/11\/Cruz-de-San-Damian-229x300.jpg 229w\" sizes=\"auto, (max-width: 381px) 100vw, 381px\" \/><\/figure><\/div>\n\n\n\n<p align=\"justify\"><strong>&nbsp;&nbsp;&nbsp;&nbsp;&nbsp;&nbsp;&nbsp;&nbsp;&nbsp;&nbsp;El crucifijo o Cristo de San Dami\u00e1n:&nbsp;<\/strong>Es un icono, una imagen del crucificado pintada sobre tabla. Es de estilo rom\u00e1nico con influencias bizantinas, obra de un pintor an\u00f3nimo del s. XII. Mide 2,10 m. de alto por 1,30 de ancho.<\/p>\n\n\n\n<p align=\"justify\">&nbsp;&nbsp;&nbsp;&nbsp;&nbsp;&nbsp;&nbsp;&nbsp;&nbsp;&nbsp;Francisco atravesaba una larga etapa de b\u00fasqueda y oraba as\u00ed en lugares solitarios: \u00abSe\u00f1or, \u00bfqu\u00e9 quieres que haga?\u00bb. En el verano de 1205, cuando estaba rezando en la ermita de San Dami\u00e1n, donde estaba esta imagen del crucificado, oy\u00f3 una voz que le dec\u00eda: \u00abFrancisco, ve y repara mi iglesia que amenaza ruina\u00bb. Francisco entendi\u00f3 que ten\u00eda que restaurar ermitas como la de San Dami\u00e1n y se puso manos a la obra. Despu\u00e9s comprendi\u00f3 que la tarea que el Se\u00f1or le ped\u00eda no era la de restaurar piedras, sino personas.<\/p>\n","protected":false},"excerpt":{"rendered":"<p>&nbsp;&nbsp;&nbsp;&nbsp;&nbsp;&nbsp;&nbsp;&nbsp;&nbsp;&nbsp;\u00abLa Tau\u00bb:&nbsp;Es la \u00faltima letra del alfabeto hebreo, que corresponde a la T. El Papa Inocencio III, ante una Iglesia &hellip; <\/p>\n","protected":false},"author":1,"featured_media":0,"parent":0,"menu_order":0,"comment_status":"closed","ping_status":"closed","template":"","meta":{"footnotes":""},"class_list":["post-340","page","type-page","status-publish","hentry"],"_links":{"self":[{"href":"https:\/\/lapurisimaalzira.org\/index.php?rest_route=\/wp\/v2\/pages\/340","targetHints":{"allow":["GET"]}}],"collection":[{"href":"https:\/\/lapurisimaalzira.org\/index.php?rest_route=\/wp\/v2\/pages"}],"about":[{"href":"https:\/\/lapurisimaalzira.org\/index.php?rest_route=\/wp\/v2\/types\/page"}],"author":[{"embeddable":true,"href":"https:\/\/lapurisimaalzira.org\/index.php?rest_route=\/wp\/v2\/users\/1"}],"replies":[{"embeddable":true,"href":"https:\/\/lapurisimaalzira.org\/index.php?rest_route=%2Fwp%2Fv2%2Fcomments&post=340"}],"version-history":[{"count":4,"href":"https:\/\/lapurisimaalzira.org\/index.php?rest_route=\/wp\/v2\/pages\/340\/revisions"}],"predecessor-version":[{"id":2412,"href":"https:\/\/lapurisimaalzira.org\/index.php?rest_route=\/wp\/v2\/pages\/340\/revisions\/2412"}],"wp:attachment":[{"href":"https:\/\/lapurisimaalzira.org\/index.php?rest_route=%2Fwp%2Fv2%2Fmedia&parent=340"}],"curies":[{"name":"wp","href":"https:\/\/api.w.org\/{rel}","templated":true}]}}