{"id":395,"date":"2019-07-09T17:41:21","date_gmt":"2019-07-09T17:41:21","guid":{"rendered":"http:\/\/lapurisimaalzira.org\/?page_id=395"},"modified":"2026-03-13T13:23:00","modified_gmt":"2026-03-13T11:23:00","slug":"informacion-primaria","status":"publish","type":"page","link":"https:\/\/lapurisimaalzira.org\/?page_id=395","title":{"rendered":"Informaci\u00f3n Primaria"},"content":{"rendered":"\n<p><strong>Curso 2025\/26<\/strong><\/p>\n\n\n\n<table class=\"wp-block-table aligncenter has-subtle-pale-green-background-color has-background is-style-regular\" \n       style=\"width: 1px; min-width: 830px; max-width: 100%; margin: 0 auto; border-collapse: collapse; table-layout: auto; border: 1px solid #000000;\" \n       cellspacing=\"0\" \n       cellpadding=\"10\">\n    <thead>\n        <tr style=\"background-color: #f2f2f2;\">\n            <th style=\"width: 80px; border: 1px solid #000000;\" align=\"center\"><strong>GRUPO<\/strong><\/th>\n            <th style=\"width: 250px; border: 1px solid #000000;\" align=\"center\"><strong>TUTOR\/A<\/strong><\/th>\n            <th style=\"width: 250px; border: 1px solid #000000;\" align=\"center\"><strong>ATENCI\u00d3N PADRES (octubre-mayo)<\/strong><\/th>\n            <th style=\"width: 250px; border: 1px solid #000000;\" align=\"center\"><strong>email<\/strong><\/th>\n        <\/tr>\n    <\/thead>\n    <tbody>\n        <tr><td align=\"center\" style=\"border: 1px solid #000000;\">1\u00ba A<\/td><td style=\"border: 1px solid #000000;\">&nbsp;Mar\u00eda Ros Silla<\/td><td align=\"center\" style=\"border: 1px solid #000000;\">Martes 12:30h-13:15h<\/td><td style=\"border: 1px solid #000000;\"><a href=\"mailto:mros@lapurisimaalzira.es\">mros@lapurisimaalzira.es<\/a><\/td><\/tr>\n        <tr><td align=\"center\" style=\"border: 1px solid #000000;\">1\u00ba B<\/td><td style=\"border: 1px solid #000000;\">&nbsp;Mar\u00eda Casp G\u00f3mez<\/td><td align=\"center\" style=\"border: 1px solid #000000;\">Martes 12:30h-13:15h<\/td><td style=\"border: 1px solid #000000;\"><a href=\"mailto:mcasp@lapurisimaalzira.es\">mcasp@lapurisimaalzira.es<\/a><\/td><\/tr>\n        <tr><td align=\"center\" style=\"border: 1px solid #000000;\">2\u00ba A<\/td><td style=\"border: 1px solid #000000;\">&nbsp;Carmen Leiva Maseres<\/td><td align=\"center\" style=\"border: 1px solid #000000;\">Martes 12:30h-13:15h<\/td><td style=\"border: 1px solid #000000;\"><a href=\"mailto:cleiva@lapurisimaalzira.es\">cleiva@lapurisimaalzira.es<\/a><\/td><\/tr>\n        <tr><td align=\"center\" style=\"border: 1px solid #000000;\">2\u00ba B<\/td><td style=\"border: 1px solid #000000;\">&nbsp;Gemma Nogu\u00e9s Mart\u00ednez<\/td><td align=\"center\" style=\"border: 1px solid #000000;\">Martes 12:30h-13:15h<\/td><td style=\"border: 1px solid #000000;\"><a href=\"mailto:gnogues@lapurisimaalzira.es\">gnogues@lapurisimaalzira.es<\/a><\/td><\/tr>\n        <tr><td align=\"center\" style=\"border: 1px solid #000000;\">3\u00ba A<\/td><td style=\"border: 1px solid #000000;\">&nbsp;Eugenia Garc\u00eda Gim\u00e9nez<\/td><td align=\"center\" style=\"border: 1px solid #000000;\">Martes 12:30h-13:15h<\/td><td style=\"border: 1px solid #000000;\"><a href=\"mailto:egarcia@lapurisimaalzira.es\">egarcia@lapurisimaalzira.es<\/a><\/td><\/tr>\n        <tr><td align=\"center\" style=\"border: 1px solid #000000;\">3\u00ba B<\/td><td style=\"border: 1px solid #000000;\">&nbsp;Esmeralda Mont Puchades<\/td><td align=\"center\" style=\"border: 1px solid #000000;\">Martes 12:30h-13:15h<\/td><td style=\"border: 1px solid #000000;\"><a href=\"mailto:emont@lapurisimaalzira.es\">emont@lapurisimaalzira.es<\/a><\/td><\/tr>\n        <tr><td align=\"center\" style=\"border: 1px solid #000000;\">4\u00ba A<\/td><td style=\"border: 1px solid #000000;\">&nbsp;Rosa Selfa Castells<\/td><td align=\"center\" style=\"border: 1px solid #000000;\">Martes 12:30h-13:15h<\/td><td style=\"border: 1px solid #000000;\"><a href=\"mailto:rselfa@lapurisimaalzira.es\">rselfa@lapurisimaalzira.es<\/a><\/td><\/tr>\n        <tr><td align=\"center\" style=\"border: 1px solid #000000;\">4\u00ba B<\/td><td style=\"border: 1px solid #000000;\">&nbsp;Gemma Renovell Blasco<\/td><td align=\"center\" style=\"border: 1px solid #000000;\">Martes 12:30h-13:15h<\/td><td style=\"border: 1px solid #000000;\"><a href=\"mailto:grenovell@lapurisimaalzira.es\">grenovell@lapurisimaalzira.es<\/a><\/td><\/tr>\n        <tr><td align=\"center\" style=\"border: 1px solid #000000;\">5\u00ba A<\/td><td style=\"border: 1px solid #000000;\">&nbsp;Carmina Peris Roig<\/td><td align=\"center\" style=\"border: 1px solid #000000;\">Martes 12:30h-13:15h<\/td><td style=\"border: 1px solid #000000;\"><a href=\"mailto:cperis@lapurisimaalzira.es\">cperis@lapurisimaalzira.es<\/a><\/td><\/tr>\n        <tr><td align=\"center\" style=\"border: 1px solid #000000;\">5\u00ba B<\/td><td style=\"border: 1px solid #000000;\">&nbsp;Carla Prats Prats<\/td><td align=\"center\" style=\"border: 1px solid #000000;\">Martes 12:30h-13:15h<\/td><td style=\"border: 1px solid #000000;\"><a href=\"mailto:cprats@lapurisimaalzira.es\">cprats@lapurisimaalzira.es<\/a><\/td><\/tr>\n        <tr><td align=\"center\" style=\"border: 1px solid #000000;\">6\u00ba A<\/td><td style=\"border: 1px solid #000000;\">&nbsp;Noelia Mart\u00ednez Albert<\/td><td align=\"center\" style=\"border: 1px solid #000000;\">Martes 12:30h-13:15h<\/td><td style=\"border: 1px solid #000000;\"><a href=\"mailto:nmartinez@lapurisimaalzira.es\">nmartinez@lapurisimaalzira.es<\/a><\/td><\/tr>\n        <tr><td align=\"center\" style=\"border: 1px solid #000000;\">6\u00ba B<\/td><td style=\"border: 1px solid #000000;\">&nbsp;Paloma Sala Oliver<br>Carlos Carbonell Vanaclocha<\/td><td align=\"center\" style=\"border: 1px solid #000000;\">Martes 12:30h-13:15h<\/td><td style=\"border: 1px solid #000000;\"><a href=\"mailto:psala@lapurisimaalzira.es\">psala@lapurisimaalzira.es<\/a><br><a href=\"mailto:ccarbonell@lapurisimaalzira.es\">ccarbonell@lapurisimaalzira.es<\/a><\/td><\/tr>\n    <\/tbody>\n<\/table>\n\n\n\n<p><\/p>\n\n\n\n<p class=\"has-text-align-center\"><strong>Especialistas<\/strong><\/p>\n\n\n\n<table class=\"wp-block-table aligncenter has-subtle-pale-green-background-color has-background is-style-regular\" \n       style=\"width: 1px; min-width: 650px; max-width: 100%; margin: 0 auto; border-collapse: collapse; table-layout: auto; border: 1px solid #000000;\" \n       cellspacing=\"0\" \n       cellpadding=\"10\">\n    <thead>\n        <tr style=\"background-color: #f2f2f2;\">\n            <th style=\"width: 350px; border: 1px solid #000000;\" align=\"center\"><strong>ESPECIALISTA<\/strong><\/th>\n            <th style=\"width: 300px; border: 1px solid #000000;\" align=\"center\"><strong>email<\/strong><\/th>\n        <\/tr>\n    <\/thead>\n    <tbody>\n        <tr><td align=\"center\" style=\"border: 1px solid #000000;\">Vanessa Almi\u00f1ana Gay<\/td><td style=\"border: 1px solid #000000;\"><a href=\"mailto:valminana@lapurisimaalzira.es\">valminana@lapurisimaalzira.es<\/a><\/td><\/tr>\n        <tr><td align=\"center\" style=\"border: 1px solid #000000;\">Elena Andreu Gozalvo<\/td><td style=\"border: 1px solid #000000;\"><a href=\"mailto:eandreu@lapurisimaalzira.es\">eandreu@lapurisimaalzira.es<\/a><\/td><\/tr>\n        <tr><td align=\"center\" style=\"border: 1px solid #000000;\">Eva Camarasa Vendrell<\/td><td style=\"border: 1px solid #000000;\"><a href=\"mailto:ecamarasa@lapurisimaalzira.es\">ecamarasa@lapurisimaalzira.es<\/a><\/td><\/tr>\n        <tr><td align=\"center\" style=\"border: 1px solid #000000;\">Juan Bautista Requena Pelegr\u00ed<\/td><td style=\"border: 1px solid #000000;\"><a href=\"mailto:jbrequena@lapurisimaalzira.es\">jbrequena@lapurisimaalzira.es<\/a><\/td><\/tr>\n        <tr><td align=\"center\" style=\"border: 1px solid #000000;\">David Serrano Mart\u00ed<\/td><td style=\"border: 1px solid #000000;\"><a href=\"mailto:dserrano@lapurisimaalzira.es\">dserrano@lapurisimaalzira.es<\/a><\/td><\/tr>\n        <tr><td align=\"center\" style=\"border: 1px solid #000000;\">Juan Vallet Ruiz<\/td><td style=\"border: 1px solid #000000;\"><a href=\"mailto:jvallet@lapurisimaalzira.es\">jvallet@lapurisimaalzira.es<\/a><\/td><\/tr>\n    <\/tbody>\n<\/table>\n\n\n\n<p><\/p>\n\n\n\n<div class=\"wp-block-file aligncenter\"><a id=\"wp-block-file--media-60bf093c-01a3-4f5f-bc15-c7472bb56fc0\" href=\"https:\/\/lapurisimaalzira.org\/wp-content\/uploads\/2025\/07\/LISTADO-DE-LIBROS-PRIMARIA-CURSO-25-26.pdf\" target=\"_blank\" rel=\"noreferrer noopener\">LISTADO DE LIBROS PRIMARIA CURSO 25-26<\/a><a href=\"https:\/\/lapurisimaalzira.org\/wp-content\/uploads\/2025\/07\/LISTADO-DE-LIBROS-PRIMARIA-CURSO-25-26.pdf\" class=\"wp-block-file__button wp-element-button\" download aria-describedby=\"wp-block-file--media-60bf093c-01a3-4f5f-bc15-c7472bb56fc0\">Descarga<\/a><\/div>\n\n\n\n<p><strong>Entrada al colegio<\/strong><\/p>\n\n\n\n<p>Se ha organizado la entrada al centro por la ma\u00f1ana a trav\u00e9s de diferentes puertas que se habilitar\u00e1n de manera excepcional. Adem\u00e1s de la puerta naranja habitual, se ha habilitado la puerta gris corredera, la puerta peque\u00f1a que da a la calle Rambla y la verja naranja de entrada de la Volta a Peu.<\/p>\n\n\n\n<figure class=\"wp-block-image size-large\"><img loading=\"lazy\" decoding=\"async\" width=\"1024\" height=\"429\" src=\"https:\/\/lapurisimaalzira.org\/wp-content\/uploads\/2020\/09\/Organizacio\u0301n-Inicio-de-curso-20-21-1024x429.jpg\" alt=\"\" class=\"wp-image-2285\" srcset=\"https:\/\/lapurisimaalzira.org\/wp-content\/uploads\/2020\/09\/Organizacio\u0301n-Inicio-de-curso-20-21-1024x429.jpg 1024w, https:\/\/lapurisimaalzira.org\/wp-content\/uploads\/2020\/09\/Organizacio\u0301n-Inicio-de-curso-20-21-600x252.jpg 600w, https:\/\/lapurisimaalzira.org\/wp-content\/uploads\/2020\/09\/Organizacio\u0301n-Inicio-de-curso-20-21-300x126.jpg 300w, https:\/\/lapurisimaalzira.org\/wp-content\/uploads\/2020\/09\/Organizacio\u0301n-Inicio-de-curso-20-21-768x322.jpg 768w, https:\/\/lapurisimaalzira.org\/wp-content\/uploads\/2020\/09\/Organizacio\u0301n-Inicio-de-curso-20-21.jpg 1319w\" sizes=\"auto, (max-width: 1024px) 100vw, 1024px\" \/><\/figure>\n\n\n\n<p>En septiembre y en junio la apertura de las puertas se realizar\u00e1 a las 8:45h (las filas entrar\u00e1n a las 8:55h) y a las 13:00h.<\/p>\n\n\n\n<p>De octubre a mayo la apertura de las puertas se realizar\u00e1 por la ma\u00f1ana a las 8:45h (las filas entrar\u00e1n a las 8:55h), y a las 12:30h y por la tarde a las 14:45h (las filas entrar\u00e1n a las 14:55h) y a las 16:30h.<\/p>\n\n\n\n<p>Los tutores estar\u00e1n en el patio para formar filas y subir ordenadamente. Los especialistas se encargar\u00e1n de las puertas ayudando al portero, ya que habr\u00e1 cuatro puertas para vigilar.<\/p>\n\n\n\n<p>Ser\u00e1 muy necesaria la puntualidad y el orden.<\/p>\n\n\n\n<p>En el caso concreto de hermanos de diferentes cursos (de infantil y primaria) entrar\u00e1n ambos en el turno m\u00e1s temprano.<\/p>\n\n\n\n<p><strong>Salida del colegio<\/strong><\/p>\n\n\n\n<p>Las salidas se realizar\u00e1n por las mismas puertas que las de entrada. Se pide a las familias m\u00e1xima puntualidad. Es responsabilidad de todos que se realice este procedimiento de manera escrupulosa.<\/p>\n\n\n<div class=\"wp-block-image\">\n<figure class=\"aligncenter size-full\"><img loading=\"lazy\" decoding=\"async\" width=\"842\" height=\"595\" src=\"https:\/\/lapurisimaalzira.org\/wp-content\/uploads\/2022\/10\/Lugar-de-colocacion-de-alumnos-a-la-salida_001.png\" alt=\"\" class=\"wp-image-3652\" srcset=\"https:\/\/lapurisimaalzira.org\/wp-content\/uploads\/2022\/10\/Lugar-de-colocacion-de-alumnos-a-la-salida_001.png 842w, https:\/\/lapurisimaalzira.org\/wp-content\/uploads\/2022\/10\/Lugar-de-colocacion-de-alumnos-a-la-salida_001-600x424.png 600w, https:\/\/lapurisimaalzira.org\/wp-content\/uploads\/2022\/10\/Lugar-de-colocacion-de-alumnos-a-la-salida_001-300x212.png 300w, https:\/\/lapurisimaalzira.org\/wp-content\/uploads\/2022\/10\/Lugar-de-colocacion-de-alumnos-a-la-salida_001-768x543.png 768w\" sizes=\"auto, (max-width: 842px) 100vw, 842px\" \/><\/figure>\n<\/div>\n\n\n<p><strong>En d\u00edas de lluvia<\/strong><\/p>\n\n\n<div class=\"wp-block-image\">\n<figure class=\"aligncenter size-large\"><img loading=\"lazy\" decoding=\"async\" width=\"1024\" height=\"438\" src=\"https:\/\/lapurisimaalzira.org\/wp-content\/uploads\/2020\/11\/LLuvia_Primaria-1024x438.png\" alt=\"\" class=\"wp-image-2377\" srcset=\"https:\/\/lapurisimaalzira.org\/wp-content\/uploads\/2020\/11\/LLuvia_Primaria-1024x438.png 1024w, https:\/\/lapurisimaalzira.org\/wp-content\/uploads\/2020\/11\/LLuvia_Primaria-600x256.png 600w, https:\/\/lapurisimaalzira.org\/wp-content\/uploads\/2020\/11\/LLuvia_Primaria-300x128.png 300w, https:\/\/lapurisimaalzira.org\/wp-content\/uploads\/2020\/11\/LLuvia_Primaria-768x328.png 768w, https:\/\/lapurisimaalzira.org\/wp-content\/uploads\/2020\/11\/LLuvia_Primaria-1536x657.png 1536w, https:\/\/lapurisimaalzira.org\/wp-content\/uploads\/2020\/11\/LLuvia_Primaria.png 1551w\" sizes=\"auto, (max-width: 1024px) 100vw, 1024px\" \/><\/figure>\n<\/div>\n\n\n<p><\/p>\n","protected":false},"excerpt":{"rendered":"<p>Curso 2025\/26 GRUPO TUTOR\/A ATENCI\u00d3N PADRES (octubre-mayo) email 1\u00ba A &nbsp;Mar\u00eda Ros Silla Martes 12:30h-13:15h mros@lapurisimaalzira.es 1\u00ba B &nbsp;Mar\u00eda Casp &hellip; <\/p>\n","protected":false},"author":1,"featured_media":0,"parent":0,"menu_order":0,"comment_status":"closed","ping_status":"closed","template":"","meta":{"footnotes":""},"class_list":["post-395","page","type-page","status-publish","hentry"],"_links":{"self":[{"href":"https:\/\/lapurisimaalzira.org\/index.php?rest_route=\/wp\/v2\/pages\/395","targetHints":{"allow":["GET"]}}],"collection":[{"href":"https:\/\/lapurisimaalzira.org\/index.php?rest_route=\/wp\/v2\/pages"}],"about":[{"href":"https:\/\/lapurisimaalzira.org\/index.php?rest_route=\/wp\/v2\/types\/page"}],"author":[{"embeddable":true,"href":"https:\/\/lapurisimaalzira.org\/index.php?rest_route=\/wp\/v2\/users\/1"}],"replies":[{"embeddable":true,"href":"https:\/\/lapurisimaalzira.org\/index.php?rest_route=%2Fwp%2Fv2%2Fcomments&post=395"}],"version-history":[{"count":92,"href":"https:\/\/lapurisimaalzira.org\/index.php?rest_route=\/wp\/v2\/pages\/395\/revisions"}],"predecessor-version":[{"id":5833,"href":"https:\/\/lapurisimaalzira.org\/index.php?rest_route=\/wp\/v2\/pages\/395\/revisions\/5833"}],"wp:attachment":[{"href":"https:\/\/lapurisimaalzira.org\/index.php?rest_route=%2Fwp%2Fv2%2Fmedia&parent=395"}],"curies":[{"name":"wp","href":"https:\/\/api.w.org\/{rel}","templated":true}]}}