{"id":405,"date":"2019-07-09T17:45:04","date_gmt":"2019-07-09T17:45:04","guid":{"rendered":"http:\/\/lapurisimaalzira.org\/?page_id=405"},"modified":"2026-04-14T12:15:20","modified_gmt":"2026-04-14T10:15:20","slug":"informacion-eso","status":"publish","type":"page","link":"https:\/\/lapurisimaalzira.org\/?page_id=405","title":{"rendered":"Informaci\u00f3n ESO"},"content":{"rendered":"\n<p><strong>Curso 2025\/26<\/strong><\/p>\n\n\n\n<table class=\"wp-block-table aligncenter has-subtle-pale-green-background-color has-background is-style-regular\" \n       style=\"width: 1px; min-width: 850px; max-width: 100%; margin: 0 auto; border-collapse: collapse; table-layout: auto; border: 1px solid #000000;\" \n       cellspacing=\"0\" \n       cellpadding=\"10\">\n    <thead>\n        <tr style=\"background-color: #f2f2f2;\">\n            <th style=\"width: 150px; border: 1px solid #000000;\" align=\"center\"><strong>GRUPO<\/strong><\/th>\n            <th style=\"width: 250px; border: 1px solid #000000;\" align=\"center\"><strong>TUTOR\/A<\/strong><\/th>\n            <th style=\"width: 200px; border: 1px solid #000000;\" align=\"center\"><strong>ATENCI\u00d3N PADRES (octubre-mayo)<\/strong><\/th>\n            <th style=\"width: 250px; border: 1px solid #000000;\" align=\"center\"><strong>email<\/strong><\/th>\n        <\/tr>\n    <\/thead>\n    <tbody>\n        <tr><td align=\"center\" style=\"border: 1px solid #000000;\">1\u00ba A<\/td><td style=\"border: 1px solid #000000;\">&nbsp;Sue Pelufo Pellicer<\/td><td align=\"center\" style=\"border: 1px solid #000000;\">Martes 09:50h-10:45h<\/td><td style=\"border: 1px solid #000000;\"><a href=\"mailto:spelufo@lapurisimaalzira.es\">spelufo@lapurisimaalzira.es<\/a><\/td><\/tr>\n        <tr><td align=\"center\" style=\"border: 1px solid #000000;\">1\u00ba B<\/td><td style=\"border: 1px solid #000000;\">&nbsp;\u00c1ngeles Alcal\u00e1 Caster\u00e1<\/td><td align=\"center\" style=\"border: 1px solid #000000;\">Mi\u00e9rcoles 12:05h-13:00h<\/td><td style=\"border: 1px solid #000000;\"><a href=\"mailto:aalcala@lapurisimaalzira.es\">aalcala@lapurisimaalzira.es<\/a><\/td><\/tr>\n        <tr><td align=\"center\" style=\"border: 1px solid #000000;\">2\u00ba A<\/td><td style=\"border: 1px solid #000000;\">&nbsp;Eva Sisternes Ca\u00f1ete<\/td><td align=\"center\" style=\"border: 1px solid #000000;\">Mi\u00e9rcoles 12:05h-13:00h<\/td><td style=\"border: 1px solid #000000;\"><a href=\"mailto:esisternes@lapurisimaalzira.es\">esisternes@lapurisimaalzira.es<\/a><\/td><\/tr>\n        <tr><td align=\"center\" style=\"border: 1px solid #000000;\">2\u00ba B<\/td><td style=\"border: 1px solid #000000;\">&nbsp;M\u00aa Amparo Armengol Olivares<\/td><td align=\"center\" style=\"border: 1px solid #000000;\">Viernes 12:05h-13:00h<\/td><td style=\"border: 1px solid #000000;\"><a href=\"mailto:maarmengol@lapurisimaalzira.es\">maarmengol@lapurisimaalzira.es<\/a><\/td><\/tr>\n        <tr><td align=\"center\" style=\"border: 1px solid #000000;\">3\u00ba A<\/td><td style=\"border: 1px solid #000000;\">&nbsp;Gloria Mart\u00ednez Ortigosa<\/td><td align=\"center\" style=\"border: 1px solid #000000;\">Viernes 08:55h-09:50h<\/td><td style=\"border: 1px solid #000000;\"><a href=\"mailto:gmartinez@lapurisimaalzira.es\">gmartinez@lapurisimaalzira.es<\/a><\/td><\/tr>\n        <tr><td align=\"center\" style=\"border: 1px solid #000000;\">3\u00ba B<\/td><td style=\"border: 1px solid #000000;\">&nbsp;Cristina Blanco Miguel<\/td><td align=\"center\" style=\"border: 1px solid #000000;\">Viernes 11:10h-12:05h<\/td><td style=\"border: 1px solid #000000;\"><a href=\"mailto:cblanco@lapurisimaalzira.es\">cblanco@lapurisimaalzira.es<\/a><\/td><\/tr>\n        <tr><td align=\"center\" style=\"border: 1px solid #000000;\">4\u00ba A<\/td><td style=\"border: 1px solid #000000;\">&nbsp;Delfina Mach\u00ed Ribes<\/td><td align=\"center\" style=\"border: 1px solid #000000;\">Lunes 12:05h-13:00h<\/td><td style=\"border: 1px solid #000000;\"><a href=\"mailto:dmachi@lapurisimaalzira.es\">dmachi@lapurisimaalzira.es<\/a><\/td><\/tr>\n        <tr><td align=\"center\" style=\"border: 1px solid #000000;\">4\u00ba B<\/td><td style=\"border: 1px solid #000000;\">&nbsp;Consuelo Parra Gregori<\/td><td align=\"center\" style=\"border: 1px solid #000000;\">Lunes 12:05h-13:00h<\/td><td style=\"border: 1px solid #000000;\"><a href=\"mailto:cparra@lapurisimaalzira.es\">cparra@lapurisimaalzira.es<\/a><\/td><\/tr>\n    <\/tbody>\n<\/table>\n\n\n\n<p><\/p>\n\n\n\n<table class=\"wp-block-table aligncenter has-subtle-pale-green-background-color has-background is-style-regular\" \n       style=\"width: 1px; min-width: 650px; max-width: 100%; margin: 0 auto; border-collapse: collapse; table-layout: auto; border: 1px solid #000000;\" \n       cellspacing=\"0\" \n       cellpadding=\"10\">\n    <thead>\n        <tr style=\"background-color: #f2f2f2;\">\n            <th style=\"width: 350px; border: 1px solid #000000;\" align=\"center\"><strong>OTROS PROFESORES\/AS<\/strong><\/th>\n            <th style=\"width: 300px; border: 1px solid #000000;\" align=\"center\"><strong>email<\/strong><\/th>\n        <\/tr>\n    <\/thead>\n    <tbody>\n        <tr><td align=\"center\" style=\"border: 1px solid #000000;\">Pablo Ant\u00f3n Piera<\/td><td style=\"border: 1px solid #000000;\"><a href=\"mailto:panton@lapurisimaalzira.es\">panton@lapurisimaalzira.es<\/a><\/td><\/tr>\n        <tr><td align=\"center\" style=\"border: 1px solid #000000;\">Rafael Blanco Ballester<\/td><td style=\"border: 1px solid #000000;\"><a href=\"mailto:rblanco@lapurisimaalzira.es\">rblanco@lapurisimaalzira.es<\/a><\/td><\/tr>\n        <tr><td align=\"center\" style=\"border: 1px solid #000000;\">Miguel \u00c1ngel Calvo Cervera<\/td><td style=\"border: 1px solid #000000;\"><a href=\"mailto:macalvo@lapurisimaalzira.es\">macalvo@lapurisimaalzira.es<\/a><\/td><\/tr>\n        <tr><td align=\"center\" style=\"border: 1px solid #000000;\">Nadia Che Sanz<\/td><td style=\"border: 1px solid #000000;\"><a href=\"mailto:nche@lapurisimaalzira.es\">nche@lapurisimaalzira.es<\/a><\/td><\/tr>\n        <tr><td align=\"center\" style=\"border: 1px solid #000000;\">Sara Dalmau Castell\u00f3<\/td><td style=\"border: 1px solid #000000;\"><a href=\"mailto:sdalmau@lapurisimaalzira.es\">sdalmau@lapurisimaalzira.es<\/a><\/td><\/tr>\n\n<tr><td align=\"center\" style=\"border: 1px solid #000000;\">Sara Gadea Del Cura<\/td><td style=\"border: 1px solid #000000;\"><a href=\"mailto:sgadea@lapurisimaalzira.es\">sgadea@lapurisimaalzira.es<\/a><\/td><\/tr>\n\n        <tr><td align=\"center\" style=\"border: 1px solid #000000;\">Clara Gald\u00f3n Garc\u00eda<\/td><td style=\"border: 1px solid #000000;\"><a href=\"mailto:cgaldon@lapurisimaalzira.es\">cgaldon@lapurisimaalzira.es<\/a><\/td><\/tr>\n        <tr><td align=\"center\" style=\"border: 1px solid #000000;\">Elena Gonz\u00e1lez Comenge<\/td><td style=\"border: 1px solid #000000;\"><a href=\"mailto:egonzalez@lapurisimaalzira.es\">egonzalez@lapurisimaalzira.es<\/a><\/td><\/tr>\n        <tr><td align=\"center\" style=\"border: 1px solid #000000;\">Carlos Iborra Vila<\/td><td style=\"border: 1px solid #000000;\"><a href=\"mailto:ciborra@lapurisimaalzira.es\">ciborra@lapurisimaalzira.es<\/a><\/td><\/tr>\n        <tr><td align=\"center\" style=\"border: 1px solid #000000;\">Esther Juan Escrihuela<\/td><td style=\"border: 1px solid #000000;\"><a href=\"mailto:ejuan@lapurisimaalzira.es\">ejuan@lapurisimaalzira.es<\/a><\/td><\/tr>\n\n        <tr><td align=\"center\" style=\"border: 1px solid #000000;\">Jos\u00e9 Antonio Lozano Navarro<\/td><td style=\"border: 1px solid #000000;\"><a href=\"mailto:jalozano@lapurisimaalzira.es\">jalozano@lapurisimaalzira.es<\/a><\/td><\/tr>\n        <tr><td align=\"center\" style=\"border: 1px solid #000000;\">Lidia Marcilla Silla<\/td><td style=\"border: 1px solid #000000;\"><a href=\"mailto:lmarcilla@lapurisimaalzira.es\">lmarcilla@lapurisimaalzira.es<\/a><\/td><\/tr>\n        <tr><td align=\"center\" style=\"border: 1px solid #000000;\">Rub\u00e9n Moya Camarasa<\/td><td style=\"border: 1px solid #000000;\"><a href=\"mailto:rmoya@lapurisimaalzira.es\">rmoya@lapurisimaalzira.es<\/a><\/td><\/tr>\n        <tr><td align=\"center\" style=\"border: 1px solid #000000;\">M\u00aa Dolores Navarro Langa<\/td><td style=\"border: 1px solid #000000;\"><a href=\"mailto:mdnavarro@lapurisimaalzira.es\">mdnavarro@lapurisimaalzira.es<\/a><\/td><\/tr>\n        <tr><td align=\"center\" style=\"border: 1px solid #000000;\">Sara Orts Comes<\/td><td style=\"border: 1px solid #000000;\"><a href=\"mailto:sorts@lapurisimaalzira.es\">sorts@lapurisimaalzira.es<\/a><\/td><\/tr>\n        <tr><td align=\"center\" style=\"border: 1px solid #000000;\">J\u00e9ssica Tudela Pineda<\/td><td style=\"border: 1px solid #000000;\"><a href=\"mailto:jtudela@lapurisimaalzira.es\">jtudela@lapurisimaalzira.es<\/a><\/td><\/tr>\n        <tr><td align=\"center\" style=\"border: 1px solid #000000;\">Enrique Vidal G\u00f3mez<\/td><td style=\"border: 1px solid #000000;\"><a href=\"mailto:evidal@lapurisimaalzira.es\">evidal@lapurisimaalzira.es<\/a><\/td><\/tr>\n    <\/tbody>\n<\/table>\n\n\n\n<p><\/p>\n\n\n\n<div class=\"wp-block-file aligncenter\"><a id=\"wp-block-file--media-18b0738a-7c39-49c3-898c-6ba090cddf45\" href=\"https:\/\/lapurisimaalzira.org\/wp-content\/uploads\/2025\/06\/Listado-libros-de-texto-ESO-2025-2026.pdf\" target=\"_blank\" rel=\"noreferrer noopener\">Listado libros de texto-ESO 2025-2026<\/a><a href=\"https:\/\/lapurisimaalzira.org\/wp-content\/uploads\/2025\/06\/Listado-libros-de-texto-ESO-2025-2026.pdf\" class=\"wp-block-file__button wp-element-button\" download aria-describedby=\"wp-block-file--media-18b0738a-7c39-49c3-898c-6ba090cddf45\">Descarga<\/a><\/div>\n\n\n\n<div class=\"wp-block-file aligncenter\"><a id=\"wp-block-file--media-471bd9d8-f5d9-4b3a-95b2-a6b1f90ce5d7\" href=\"https:\/\/lapurisimaalzira.org\/wp-content\/uploads\/2025\/06\/OPT-1o_25_26.pdf\" target=\"_blank\" rel=\"noreferrer noopener\">Asignaturas optativas 1\u00ba ESO 2025-2026<\/a><a href=\"https:\/\/lapurisimaalzira.org\/wp-content\/uploads\/2025\/06\/OPT-1o_25_26.pdf\" class=\"wp-block-file__button wp-element-button\" download aria-describedby=\"wp-block-file--media-471bd9d8-f5d9-4b3a-95b2-a6b1f90ce5d7\">Descarga<\/a><\/div>\n\n\n\n<div class=\"wp-block-file aligncenter\"><a id=\"wp-block-file--media-19208537-62ad-4ce7-b36f-d6308c946cb4\" href=\"https:\/\/lapurisimaalzira.org\/wp-content\/uploads\/2024\/06\/OPT-2o.pdf\" target=\"_blank\" rel=\"noreferrer noopener\">Asignaturas optativas 2\u00ba ESO 2024-2025<\/a><a href=\"https:\/\/lapurisimaalzira.org\/wp-content\/uploads\/2024\/06\/OPT-2o.pdf\" class=\"wp-block-file__button wp-element-button\" download aria-describedby=\"wp-block-file--media-19208537-62ad-4ce7-b36f-d6308c946cb4\">Descarga<\/a><\/div>\n\n\n\n<div class=\"wp-block-file aligncenter\"><a id=\"wp-block-file--media-f0b17928-3b30-4ba7-a746-467a14ce9440\" href=\"https:\/\/lapurisimaalzira.org\/wp-content\/uploads\/2025\/06\/OPT-3o_25_26.pdf\" target=\"_blank\" rel=\"noreferrer noopener\">Asignaturas optativas 3\u00ba ESO 2025-2026<\/a><a href=\"https:\/\/lapurisimaalzira.org\/wp-content\/uploads\/2025\/06\/OPT-3o_25_26.pdf\" class=\"wp-block-file__button wp-element-button\" download aria-describedby=\"wp-block-file--media-f0b17928-3b30-4ba7-a746-467a14ce9440\">Descarga<\/a><\/div>\n\n\n\n<div class=\"wp-block-file aligncenter\"><a id=\"wp-block-file--media-d667d261-6947-4fcb-a5a7-c480fad1526c\" href=\"https:\/\/lapurisimaalzira.org\/wp-content\/uploads\/2025\/06\/OPT-4o_25_26.pdf\" target=\"_blank\" rel=\"noreferrer noopener\">Asignaturas optativas 4\u00ba ESO 2025-2026<\/a><a href=\"https:\/\/lapurisimaalzira.org\/wp-content\/uploads\/2025\/06\/OPT-4o_25_26.pdf\" class=\"wp-block-file__button wp-element-button\" download aria-describedby=\"wp-block-file--media-d667d261-6947-4fcb-a5a7-c480fad1526c\">Descarga<\/a><\/div>\n\n\n\n<p><\/p>\n\n\n\n<p>La hora de entrada por la ma\u00f1ana ser\u00e1 a las 8:00h y la salida a las 14h o a las 15h (dependiendo del horario del d\u00eda)<\/p>\n","protected":false},"excerpt":{"rendered":"<p>Curso 2025\/26 GRUPO TUTOR\/A ATENCI\u00d3N PADRES (octubre-mayo) email 1\u00ba A &nbsp;Sue Pelufo Pellicer Martes 09:50h-10:45h spelufo@lapurisimaalzira.es 1\u00ba B &nbsp;\u00c1ngeles Alcal\u00e1 &hellip; <\/p>\n","protected":false},"author":1,"featured_media":0,"parent":0,"menu_order":0,"comment_status":"closed","ping_status":"closed","template":"","meta":{"footnotes":""},"class_list":["post-405","page","type-page","status-publish","hentry"],"_links":{"self":[{"href":"https:\/\/lapurisimaalzira.org\/index.php?rest_route=\/wp\/v2\/pages\/405","targetHints":{"allow":["GET"]}}],"collection":[{"href":"https:\/\/lapurisimaalzira.org\/index.php?rest_route=\/wp\/v2\/pages"}],"about":[{"href":"https:\/\/lapurisimaalzira.org\/index.php?rest_route=\/wp\/v2\/types\/page"}],"author":[{"embeddable":true,"href":"https:\/\/lapurisimaalzira.org\/index.php?rest_route=\/wp\/v2\/users\/1"}],"replies":[{"embeddable":true,"href":"https:\/\/lapurisimaalzira.org\/index.php?rest_route=%2Fwp%2Fv2%2Fcomments&post=405"}],"version-history":[{"count":100,"href":"https:\/\/lapurisimaalzira.org\/index.php?rest_route=\/wp\/v2\/pages\/405\/revisions"}],"predecessor-version":[{"id":5889,"href":"https:\/\/lapurisimaalzira.org\/index.php?rest_route=\/wp\/v2\/pages\/405\/revisions\/5889"}],"wp:attachment":[{"href":"https:\/\/lapurisimaalzira.org\/index.php?rest_route=%2Fwp%2Fv2%2Fmedia&parent=405"}],"curies":[{"name":"wp","href":"https:\/\/api.w.org\/{rel}","templated":true}]}}