{"id":414,"date":"2019-07-09T17:46:32","date_gmt":"2019-07-09T17:46:32","guid":{"rendered":"http:\/\/lapurisimaalzira.org\/?page_id=414"},"modified":"2026-03-06T12:02:33","modified_gmt":"2026-03-06T10:02:33","slug":"informacion-bachillerato","status":"publish","type":"page","link":"https:\/\/lapurisimaalzira.org\/?page_id=414","title":{"rendered":"Informaci\u00f3n Bachillerato"},"content":{"rendered":"\n<p><strong>Curso 2025\/26<\/strong><\/p>\n\n\n\n<table class=\"wp-block-table aligncenter has-subtle-pale-green-background-color has-background is-style-regular\" \n       style=\"width: 1px; min-width: 850px; max-width: 100%; margin: 0 auto; border-collapse: collapse; table-layout: auto; border: 1px solid #000000;\" \n       cellspacing=\"0\" \n       cellpadding=\"10\">\n    <thead>\n        <tr style=\"background-color: #f2f2f2;\">\n            <th style=\"width: 150px; border: 1px solid #000000;\" align=\"center\"><strong>GRUPO<\/strong><\/th>\n            <th style=\"width: 275px; border: 1px solid #000000;\" align=\"center\"><strong>TUTOR\/A<\/strong><\/th>\n            <th style=\"width: 200px; border: 1px solid #000000;\" align=\"center\"><strong>ATENCI\u00d3N PADRES (octubre-mayo)<\/strong><\/th>\n            <th style=\"width: 225px; border: 1px solid #000000;\" align=\"center\"><strong>email<\/strong><\/th>\n        <\/tr>\n    <\/thead>\n    <tbody>\n        <tr><td align=\"center\" style=\"border: 1px solid #000000;\">1\u00ba A<\/td><td style=\"border: 1px solid #000000;\">&nbsp;Enrique Vidal G\u00f3mez<br>Sara Gadea Del Cura<\/td><td align=\"center\" style=\"border: 1px solid #000000;\">Lunes 09:50h-10:45h<\/td><td style=\"border: 1px solid #000000;\"><a href=\"mailto:evidal@lapurisimaalzira.es\">evidal@lapurisimaalzira.es<\/a><br><a href=\"mailto:sgadea@lapurisimaalzira.es\">sgadea@lapurisimaalzira.es<\/a><\/td><\/tr>\n\n        <tr><td align=\"center\" style=\"border: 1px solid #000000;\">1\u00ba B<\/td><td style=\"border: 1px solid #000000;\">&nbsp;Jos\u00e9 Antonio Lozano Navarro<\/td><td align=\"center\" style=\"border: 1px solid #000000;\">Viernes 09:50h-10:45h<\/td><td style=\"border: 1px solid #000000;\"><a href=\"mailto:jalozano@lapurisimaalzira.es\">jalozano@lapurisimaalzira.es<\/a><\/td><\/tr>\n        <tr><td align=\"center\" style=\"border: 1px solid #000000;\">2\u00ba A<\/td><td style=\"border: 1px solid #000000;\">&nbsp;Esther Juan Escrihuela<\/td><td align=\"center\" style=\"border: 1px solid #000000;\">Jueves 12:05h-13:00h<\/td><td style=\"border: 1px solid #000000;\"><a href=\"mailto:ejuan@lapurisimaalzira.es\">ejuan@lapurisimaalzira.es<\/a><\/td><\/tr>\n        <tr><td align=\"center\" style=\"border: 1px solid #000000;\">2\u00ba B<\/td><td style=\"border: 1px solid #000000;\">&nbsp;Nadia Che Sanz<\/td><td align=\"center\" style=\"border: 1px solid #000000;\">Mi\u00e9rcoles 08:55h-09:50h<\/td><td style=\"border: 1px solid #000000;\"><a href=\"mailto:nche@lapurisimaalzira.es\">nche@lapurisimaalzira.es<\/a><\/td><\/tr>\n    <\/tbody>\n<\/table>\n\n\n\n<p><\/p>\n\n\n\n<table class=\"wp-block-table aligncenter has-subtle-pale-green-background-color has-background is-style-regular\" \n       style=\"width: 1px; min-width: 650px; max-width: 100%; margin: 0 auto; border-collapse: collapse; table-layout: auto; border: 1px solid #000000;\" \n       cellspacing=\"0\" \n       cellpadding=\"10\">\n    <thead>\n        <tr style=\"background-color: #f2f2f2;\">\n            <th style=\"width: 350px; border: 1px solid #000000;\" align=\"center\"><strong>OTROS PROFESORES\/AS<\/strong><\/th>\n            <th style=\"width: 300px; border: 1px solid #000000;\" align=\"center\"><strong>email<\/strong><\/th>\n        <\/tr>\n    <\/thead>\n    <tbody>\n        <tr><td align=\"center\" style=\"border: 1px solid #000000;\">\u00c1ngeles Alcal\u00e1 Caster\u00e1<\/td><td style=\"border: 1px solid #000000;\"><a href=\"mailto:aalcala@lapurisimaalzira.es\">aalcala@lapurisimaalzira.es<\/a><\/td><\/tr>\n        <tr><td align=\"center\" style=\"border: 1px solid #000000;\">M\u00aa Amparo Armengol Olivares<\/td><td style=\"border: 1px solid #000000;\"><a href=\"mailto:maarmengol@lapurisimaalzira.es\">maarmengol@lapurisimaalzira.es<\/a><\/td><\/tr>\n        <tr><td align=\"center\" style=\"border: 1px solid #000000;\">Rafael Blanco Ballester<\/td><td style=\"border: 1px solid #000000;\"><a href=\"mailto:rblanco@lapurisimaalzira.es\">rblanco@lapurisimaalzira.es<\/a><\/td><\/tr>\n        <tr><td align=\"center\" style=\"border: 1px solid #000000;\">Cristina Blanco Miguel<\/td><td style=\"border: 1px solid #000000;\"><a href=\"mailto:cblanco@lapurisimaalzira.es\">cblanco@lapurisimaalzira.es<\/a><\/td><\/tr>\n        <tr><td align=\"center\" style=\"border: 1px solid #000000;\">Elena Gonz\u00e1lez Comenge<\/td><td style=\"border: 1px solid #000000;\"><a href=\"mailto:egonzalez@lapurisimaalzira.es\">egonzalez@lapurisimaalzira.es<\/a><\/td><\/tr>\n        <tr><td align=\"center\" style=\"border: 1px solid #000000;\">Carlos Iborra Vila<\/td><td style=\"border: 1px solid #000000;\"><a href=\"mailto:orientador@lapurisimaalzira.es\">orientador@lapurisimaalzira.es<\/a><\/td><\/tr>\n        <tr><td align=\"center\" style=\"border: 1px solid #000000;\">Lidia Marcilla Silla<\/td><td style=\"border: 1px solid #000000;\"><a href=\"mailto:lmarcilla@lapurisimaalzira.es\">lmarcilla@lapurisimaalzira.es<\/a><\/td><\/tr>\n        <tr><td align=\"center\" style=\"border: 1px solid #000000;\">Gloria Mart\u00ednez Ortigosa<\/td><td style=\"border: 1px solid #000000;\"><a href=\"mailto:gmartinez@lapurisimaalzira.es\">gmartinez@lapurisimaalzira.es<\/a><\/td><\/tr>\n        <tr><td align=\"center\" style=\"border: 1px solid #000000;\">M\u00aa Dolores Navarro Langa<\/td><td style=\"border: 1px solid #000000;\"><a href=\"mailto:mdnavarro@lapurisimaalzira.es\">mdnavarro@lapurisimaalzira.es<\/a><\/td><\/tr>\n        <tr><td align=\"center\" style=\"border: 1px solid #000000;\">Lorenzo Ortiz Gil<\/td><td style=\"border: 1px solid #000000;\"><a href=\"mailto:lortiz@lapurisimaalzira.es\">lortiz@lapurisimaalzira.es<\/a><\/td><\/tr>\n        <tr><td align=\"center\" style=\"border: 1px solid #000000;\">Sara Orts Comes<\/td><td style=\"border: 1px solid #000000;\"><a href=\"mailto:sorts@lapurisimaalzira.es\">sorts@lapurisimaalzira.es<\/a><\/td><\/tr>\n        <tr><td align=\"center\" style=\"border: 1px solid #000000;\">Consuelo Parra Gregori<\/td><td style=\"border: 1px solid #000000;\"><a href=\"mailto:cparra@lapurisimaalzira.es\">cparra@lapurisimaalzira.es<\/a><\/td><\/tr>\n        <tr><td align=\"center\" style=\"border: 1px solid #000000;\">Sue Pelufo Pellicer<\/td><td style=\"border: 1px solid #000000;\"><a href=\"mailto:spelufo@lapurisimaalzira.es\">spelufo@lapurisimaalzira.es<\/a><\/td><\/tr>\n        <tr><td align=\"center\" style=\"border: 1px solid #000000;\">J\u00e9ssica Tudela Pineda<\/td><td style=\"border: 1px solid #000000;\"><a href=\"mailto:jtudela@lapurisimaalzira.es\">jtudela@lapurisimaalzira.es<\/a><\/td><\/tr>\n    <\/tbody>\n<\/table>\n\n\n\n<p><\/p>\n\n\n\n<div class=\"wp-block-file aligncenter\"><a id=\"wp-block-file--media-5bd69b03-ebce-43c0-9bd7-f349f6ed12c8\" href=\"https:\/\/lapurisimaalzira.org\/wp-content\/uploads\/2025\/06\/Listado-libros-de-texto-Bachillerato-2025-2026.pdf\" target=\"_blank\" rel=\"noreferrer noopener\">Listado libros de texto Bachillerato 2025-2026<\/a><a href=\"https:\/\/lapurisimaalzira.org\/wp-content\/uploads\/2025\/06\/Listado-libros-de-texto-Bachillerato-2025-2026.pdf\" class=\"wp-block-file__button wp-element-button\" download aria-describedby=\"wp-block-file--media-5bd69b03-ebce-43c0-9bd7-f349f6ed12c8\">Descarga<\/a><\/div>\n\n\n\n<div class=\"wp-block-file aligncenter\"><a id=\"wp-block-file--media-67c4a942-2a6a-4cde-a17e-7b44af741b13\" href=\"https:\/\/lapurisimaalzira.org\/wp-content\/uploads\/2025\/06\/OPT-1o-BATX_25_26.pdf\" target=\"_blank\" rel=\"noreferrer noopener\">Asignaturas optativas 1\u00ba Bachillerato 2025-2026<\/a><a href=\"https:\/\/lapurisimaalzira.org\/wp-content\/uploads\/2025\/06\/OPT-1o-BATX_25_26.pdf\" class=\"wp-block-file__button wp-element-button\" download aria-describedby=\"wp-block-file--media-67c4a942-2a6a-4cde-a17e-7b44af741b13\">Descarga<\/a><\/div>\n\n\n\n<div class=\"wp-block-file aligncenter\"><a id=\"wp-block-file--media-a8f0cbf6-d1e0-46c2-8c8b-f34b21604b1b\" href=\"https:\/\/lapurisimaalzira.org\/wp-content\/uploads\/2025\/06\/OPT-2n-BATX_25_26.pdf\" target=\"_blank\" rel=\"noreferrer noopener\">Asignaturas optativas 2\u00ba Bachillerato 2025-2026<\/a><a href=\"https:\/\/lapurisimaalzira.org\/wp-content\/uploads\/2025\/06\/OPT-2n-BATX_25_26.pdf\" class=\"wp-block-file__button wp-element-button\" download aria-describedby=\"wp-block-file--media-a8f0cbf6-d1e0-46c2-8c8b-f34b21604b1b\">Descarga<\/a><\/div>\n\n\n\n<p class=\"has-text-align-center\"><a href=\"https:\/\/universitats.gva.es\/es\/prova-acces-universitat-pau\" target=\"_blank\" rel=\"noreferrer noopener\">Informaci\u00f3n PAU<\/a><\/p>\n\n\n\n<p>&nbsp;&nbsp;&nbsp;&nbsp;&nbsp;&nbsp;&nbsp; La hora de entrada de todos los grupos de&nbsp;Bachiller es a las 8:00h por la ma\u00f1ana y la salida a las 14:00h o a las 15:00h dependiendo del horario del d\u00eda.<br><\/p>\n\n\n\n<p><strong>&nbsp;&nbsp;&nbsp;&nbsp;&nbsp;&nbsp;Tanto las entradas como la salidas se realizar\u00e1n siempre por la puerta gris de acceso al Patio de Secundaria.<\/strong><\/p>\n","protected":false},"excerpt":{"rendered":"<p>Curso 2025\/26 GRUPO TUTOR\/A ATENCI\u00d3N PADRES (octubre-mayo) email 1\u00ba A &nbsp;Enrique Vidal G\u00f3mezSara Gadea Del Cura Lunes 09:50h-10:45h evidal@lapurisimaalzira.essgadea@lapurisimaalzira.es 1\u00ba &hellip; <\/p>\n","protected":false},"author":1,"featured_media":0,"parent":0,"menu_order":0,"comment_status":"closed","ping_status":"closed","template":"","meta":{"footnotes":""},"class_list":["post-414","page","type-page","status-publish","hentry"],"_links":{"self":[{"href":"https:\/\/lapurisimaalzira.org\/index.php?rest_route=\/wp\/v2\/pages\/414","targetHints":{"allow":["GET"]}}],"collection":[{"href":"https:\/\/lapurisimaalzira.org\/index.php?rest_route=\/wp\/v2\/pages"}],"about":[{"href":"https:\/\/lapurisimaalzira.org\/index.php?rest_route=\/wp\/v2\/types\/page"}],"author":[{"embeddable":true,"href":"https:\/\/lapurisimaalzira.org\/index.php?rest_route=\/wp\/v2\/users\/1"}],"replies":[{"embeddable":true,"href":"https:\/\/lapurisimaalzira.org\/index.php?rest_route=%2Fwp%2Fv2%2Fcomments&post=414"}],"version-history":[{"count":91,"href":"https:\/\/lapurisimaalzira.org\/index.php?rest_route=\/wp\/v2\/pages\/414\/revisions"}],"predecessor-version":[{"id":5820,"href":"https:\/\/lapurisimaalzira.org\/index.php?rest_route=\/wp\/v2\/pages\/414\/revisions\/5820"}],"wp:attachment":[{"href":"https:\/\/lapurisimaalzira.org\/index.php?rest_route=%2Fwp%2Fv2%2Fmedia&parent=414"}],"curies":[{"name":"wp","href":"https:\/\/api.w.org\/{rel}","templated":true}]}}