{"id":4234,"date":"2023-10-18T10:56:22","date_gmt":"2023-10-18T08:56:22","guid":{"rendered":"https:\/\/lapurisimaalzira.org\/?page_id=4234"},"modified":"2024-06-25T10:32:38","modified_gmt":"2024-06-25T08:32:38","slug":"premios-curso-2023-2024","status":"publish","type":"page","link":"https:\/\/lapurisimaalzira.org\/?page_id=4234","title":{"rendered":"Premios Curso 2023-2024"},"content":{"rendered":"\n<p><strong>19-06-2024<\/strong><\/p>\n\n\n\n<p><strong>Premios Extraordinarios al Rendimiento Acad\u00e9mico de ESO curso 2022-2023<\/strong><\/p>\n\n\n\n<p>El pasado mi\u00e9rcoles 19 de junio, fueron entregados los Premios Extraordinarios al Rendimiento Acad\u00e9mico de la ESO del curso 22-23 en el Palau de la M\u00fasica de Valencia. Damos la enhorabuena a los alumnos Juan Borrero, Adri\u00e1n Ferrandis y Miguel Remigia por parte de nuestro centro, a los que se uni\u00f3 la alumna Sara Alandete, actualmente tambi\u00e9n en 1\u00ba de Bachiller, por los resultados obtenidos en su anterior centro (Colegio Santa Ana de Algemes\u00ed).<\/p>\n\n\n<div class=\"wp-block-image\">\n<figure class=\"aligncenter size-full\"><img loading=\"lazy\" decoding=\"async\" width=\"900\" height=\"506\" src=\"https:\/\/lapurisimaalzira.org\/wp-content\/uploads\/2024\/06\/P4.jpg\" alt=\"\" class=\"wp-image-4692\" srcset=\"https:\/\/lapurisimaalzira.org\/wp-content\/uploads\/2024\/06\/P4.jpg 900w, https:\/\/lapurisimaalzira.org\/wp-content\/uploads\/2024\/06\/P4-600x337.jpg 600w, https:\/\/lapurisimaalzira.org\/wp-content\/uploads\/2024\/06\/P4-300x169.jpg 300w, https:\/\/lapurisimaalzira.org\/wp-content\/uploads\/2024\/06\/P4-768x432.jpg 768w\" sizes=\"auto, (max-width: 900px) 100vw, 900px\" \/><\/figure>\n<\/div>\n\n<div class=\"wp-block-image\">\n<figure class=\"aligncenter size-full\"><img loading=\"lazy\" decoding=\"async\" width=\"900\" height=\"506\" src=\"https:\/\/lapurisimaalzira.org\/wp-content\/uploads\/2024\/06\/P1.jpg\" alt=\"\" class=\"wp-image-4689\" srcset=\"https:\/\/lapurisimaalzira.org\/wp-content\/uploads\/2024\/06\/P1.jpg 900w, https:\/\/lapurisimaalzira.org\/wp-content\/uploads\/2024\/06\/P1-600x337.jpg 600w, https:\/\/lapurisimaalzira.org\/wp-content\/uploads\/2024\/06\/P1-300x169.jpg 300w, https:\/\/lapurisimaalzira.org\/wp-content\/uploads\/2024\/06\/P1-768x432.jpg 768w\" sizes=\"auto, (max-width: 900px) 100vw, 900px\" \/><\/figure>\n<\/div>\n\n<div class=\"wp-block-image\">\n<figure class=\"aligncenter size-full\"><img loading=\"lazy\" decoding=\"async\" width=\"900\" height=\"506\" src=\"https:\/\/lapurisimaalzira.org\/wp-content\/uploads\/2024\/06\/P2.jpg\" alt=\"\" class=\"wp-image-4690\" srcset=\"https:\/\/lapurisimaalzira.org\/wp-content\/uploads\/2024\/06\/P2.jpg 900w, https:\/\/lapurisimaalzira.org\/wp-content\/uploads\/2024\/06\/P2-600x337.jpg 600w, https:\/\/lapurisimaalzira.org\/wp-content\/uploads\/2024\/06\/P2-300x169.jpg 300w, https:\/\/lapurisimaalzira.org\/wp-content\/uploads\/2024\/06\/P2-768x432.jpg 768w\" sizes=\"auto, (max-width: 900px) 100vw, 900px\" \/><\/figure>\n<\/div>\n\n<div class=\"wp-block-image\">\n<figure class=\"aligncenter size-full\"><img loading=\"lazy\" decoding=\"async\" width=\"900\" height=\"506\" src=\"https:\/\/lapurisimaalzira.org\/wp-content\/uploads\/2024\/06\/P3.jpg\" alt=\"\" class=\"wp-image-4691\" srcset=\"https:\/\/lapurisimaalzira.org\/wp-content\/uploads\/2024\/06\/P3.jpg 900w, https:\/\/lapurisimaalzira.org\/wp-content\/uploads\/2024\/06\/P3-600x337.jpg 600w, https:\/\/lapurisimaalzira.org\/wp-content\/uploads\/2024\/06\/P3-300x169.jpg 300w, https:\/\/lapurisimaalzira.org\/wp-content\/uploads\/2024\/06\/P3-768x432.jpg 768w\" sizes=\"auto, (max-width: 900px) 100vw, 900px\" \/><\/figure>\n<\/div>\n\n\n<p>Todo el centro se une a este reconocimiento a su dedicaci\u00f3n y esfuerzo.<\/p>\n\n\n\n<hr class=\"wp-block-separator has-alpha-channel-opacity\"\/>\n\n\n\n<p><strong>30-05-2024<\/strong><\/p>\n\n\n\n<p><strong>Concurso de dibujo: \u00abAlzira i el Rei en Jaume\u00bb<\/strong><\/p>\n\n\n\n<p>Nuestros alumnos \u00c1lex Fita (1\u00ba Primaria A) y Daniel Pellicer (6\u00ba Primaria A) han sido galardonados con el 3\u00ba y 1\u00ba premio respectivamente de su categor\u00eda en el XVI Concurso de dibujo escolar de Alzira, organizado por Onda Cero, bajo el lema \u00abAlzira i el Rei en Jaume\u00bb.<\/p>\n\n\n\n<p>Han recibido el diploma acreditativo y los obsequios de los patrocinadores en el auditorio de la Casa de la Cultura en un espect\u00e1culo muy divertido protagonizado por Jaime I y D\u00aa Violante de Hungria.<\/p>\n\n\n<div class=\"wp-block-image\">\n<figure class=\"aligncenter size-large\"><img loading=\"lazy\" decoding=\"async\" width=\"768\" height=\"1024\" src=\"https:\/\/lapurisimaalzira.org\/wp-content\/uploads\/2024\/05\/Concurso-30-05-2024-768x1024.jpg\" alt=\"\" class=\"wp-image-4634\" srcset=\"https:\/\/lapurisimaalzira.org\/wp-content\/uploads\/2024\/05\/Concurso-30-05-2024-768x1024.jpg 768w, https:\/\/lapurisimaalzira.org\/wp-content\/uploads\/2024\/05\/Concurso-30-05-2024-600x800.jpg 600w, https:\/\/lapurisimaalzira.org\/wp-content\/uploads\/2024\/05\/Concurso-30-05-2024-225x300.jpg 225w, https:\/\/lapurisimaalzira.org\/wp-content\/uploads\/2024\/05\/Concurso-30-05-2024-1152x1536.jpg 1152w, https:\/\/lapurisimaalzira.org\/wp-content\/uploads\/2024\/05\/Concurso-30-05-2024.jpg 1536w\" sizes=\"auto, (max-width: 768px) 100vw, 768px\" \/><\/figure>\n<\/div>\n\n\n<hr class=\"wp-block-separator has-alpha-channel-opacity\"\/>\n\n\n\n<p><strong>27-02-2024<\/strong><\/p>\n\n\n\n<p><strong>Premios Extraordinarios al Rendimiento Acad\u00e9mico de Primaria curso 2021-2022<\/strong><\/p>\n\n\n\n<p>Hoy han sido entregados los Premios Extraordinarios al Rendimiento Acad\u00e9mico en Educaci\u00f3n Primaria del curso 21-22 en Torrent. <\/p>\n\n\n<div class=\"wp-block-image\">\n<figure class=\"aligncenter size-large\"><img loading=\"lazy\" decoding=\"async\" width=\"1024\" height=\"768\" src=\"https:\/\/lapurisimaalzira.org\/wp-content\/uploads\/2024\/02\/Premios-Primaria-21-22-2-1024x768.jpg\" alt=\"\" class=\"wp-image-4389\" srcset=\"https:\/\/lapurisimaalzira.org\/wp-content\/uploads\/2024\/02\/Premios-Primaria-21-22-2-1024x768.jpg 1024w, https:\/\/lapurisimaalzira.org\/wp-content\/uploads\/2024\/02\/Premios-Primaria-21-22-2-600x450.jpg 600w, https:\/\/lapurisimaalzira.org\/wp-content\/uploads\/2024\/02\/Premios-Primaria-21-22-2-300x225.jpg 300w, https:\/\/lapurisimaalzira.org\/wp-content\/uploads\/2024\/02\/Premios-Primaria-21-22-2-768x576.jpg 768w, https:\/\/lapurisimaalzira.org\/wp-content\/uploads\/2024\/02\/Premios-Primaria-21-22-2-1536x1152.jpg 1536w, https:\/\/lapurisimaalzira.org\/wp-content\/uploads\/2024\/02\/Premios-Primaria-21-22-2.jpg 2048w\" sizes=\"auto, (max-width: 1024px) 100vw, 1024px\" \/><\/figure>\n<\/div>\n\n\n<p>Nuestra m\u00e1s sincera enhorabuena a Gerard Abril, Pablo Cerezo y Manu Montalv\u00e1 por este reconocimiento. Nos sentimos orgullosos de vosotros. <\/p>\n\n\n<div class=\"wp-block-image\">\n<figure class=\"aligncenter size-large\"><img loading=\"lazy\" decoding=\"async\" width=\"1024\" height=\"768\" src=\"https:\/\/lapurisimaalzira.org\/wp-content\/uploads\/2024\/02\/Premios-Primaria-21-22-1024x768.jpg\" alt=\"\" class=\"wp-image-4390\" srcset=\"https:\/\/lapurisimaalzira.org\/wp-content\/uploads\/2024\/02\/Premios-Primaria-21-22-1024x768.jpg 1024w, https:\/\/lapurisimaalzira.org\/wp-content\/uploads\/2024\/02\/Premios-Primaria-21-22-600x450.jpg 600w, https:\/\/lapurisimaalzira.org\/wp-content\/uploads\/2024\/02\/Premios-Primaria-21-22-300x225.jpg 300w, https:\/\/lapurisimaalzira.org\/wp-content\/uploads\/2024\/02\/Premios-Primaria-21-22-768x576.jpg 768w, https:\/\/lapurisimaalzira.org\/wp-content\/uploads\/2024\/02\/Premios-Primaria-21-22-1536x1152.jpg 1536w, https:\/\/lapurisimaalzira.org\/wp-content\/uploads\/2024\/02\/Premios-Primaria-21-22.jpg 2048w\" sizes=\"auto, (max-width: 1024px) 100vw, 1024px\" \/><\/figure>\n<\/div>\n\n\n<hr class=\"wp-block-separator has-alpha-channel-opacity\"\/>\n\n\n\n<p><strong>10-02-2024<\/strong><\/p>\n\n\n\n<p><strong>Premios Extraordinarios al Rendimiento Acad\u00e9mico de la ESO curso 2021-2022<\/strong><\/p>\n\n\n\n<p>Hoy han sido entregados los Premios Extraordinarios al Rendimiento Acad\u00e9mico de la ESO del curso 21-22 en el Palau de la M\u00fasica de Valencia. Damos la enhorabuena a las alumnas Irene Azor\u00edn (ausente al encontrarse en Madrid para las Becas Europa), Blanca Llop y Mireia Perell\u00f3 por recibir esta distinci\u00f3n tan merecida. <\/p>\n\n\n<div class=\"wp-block-image\">\n<figure class=\"aligncenter size-large\"><img loading=\"lazy\" decoding=\"async\" width=\"1024\" height=\"768\" src=\"https:\/\/lapurisimaalzira.org\/wp-content\/uploads\/2024\/02\/Premios-extraordinarios-Secundaria-2-1024x768.jpg\" alt=\"\" class=\"wp-image-4373\" srcset=\"https:\/\/lapurisimaalzira.org\/wp-content\/uploads\/2024\/02\/Premios-extraordinarios-Secundaria-2-1024x768.jpg 1024w, https:\/\/lapurisimaalzira.org\/wp-content\/uploads\/2024\/02\/Premios-extraordinarios-Secundaria-2-600x450.jpg 600w, https:\/\/lapurisimaalzira.org\/wp-content\/uploads\/2024\/02\/Premios-extraordinarios-Secundaria-2-300x225.jpg 300w, https:\/\/lapurisimaalzira.org\/wp-content\/uploads\/2024\/02\/Premios-extraordinarios-Secundaria-2-768x576.jpg 768w, https:\/\/lapurisimaalzira.org\/wp-content\/uploads\/2024\/02\/Premios-extraordinarios-Secundaria-2-1536x1152.jpg 1536w, https:\/\/lapurisimaalzira.org\/wp-content\/uploads\/2024\/02\/Premios-extraordinarios-Secundaria-2.jpg 2048w\" sizes=\"auto, (max-width: 1024px) 100vw, 1024px\" \/><\/figure>\n<\/div>\n\n\n<p>Todo el centro se une a este reconocimiento a su dedicaci\u00f3n y esfuerzo.<\/p>\n\n\n<div class=\"wp-block-image\">\n<figure class=\"aligncenter size-large\"><img loading=\"lazy\" decoding=\"async\" width=\"768\" height=\"1024\" src=\"https:\/\/lapurisimaalzira.org\/wp-content\/uploads\/2024\/02\/Premios-extraordinarios-Secundaria-768x1024.jpg\" alt=\"\" class=\"wp-image-4374\" srcset=\"https:\/\/lapurisimaalzira.org\/wp-content\/uploads\/2024\/02\/Premios-extraordinarios-Secundaria-768x1024.jpg 768w, https:\/\/lapurisimaalzira.org\/wp-content\/uploads\/2024\/02\/Premios-extraordinarios-Secundaria-600x800.jpg 600w, https:\/\/lapurisimaalzira.org\/wp-content\/uploads\/2024\/02\/Premios-extraordinarios-Secundaria-225x300.jpg 225w, https:\/\/lapurisimaalzira.org\/wp-content\/uploads\/2024\/02\/Premios-extraordinarios-Secundaria-1152x1536.jpg 1152w, https:\/\/lapurisimaalzira.org\/wp-content\/uploads\/2024\/02\/Premios-extraordinarios-Secundaria.jpg 1536w\" sizes=\"auto, (max-width: 768px) 100vw, 768px\" \/><\/figure>\n<\/div>\n\n\n<hr class=\"wp-block-separator has-alpha-channel-opacity\"\/>\n\n\n\n<p><strong>15-12-2023<\/strong><\/p>\n\n\n\n<p><strong>VII Concurso de redacci\u00f3n juvenil Alzira<\/strong><\/p>\n\n\n\n<p>Nuestro alumno Miguel Remigia de 1\u00ba de Bachillerato ha obtenido el primer acc\u00e9sit en el VII concurso de redacci\u00f3n juvenil en Valenci\u00e0 de Alzira. <\/p>\n\n\n\n<p>Miguel ha participado en le categor\u00eda de Bachillerato, FP y Escuela de adultos con la tem\u00e1tica \u00abAlzira t\u00e9 tots els colors del verd\u00bb.<\/p>\n\n\n<div class=\"wp-block-image\">\n<figure class=\"aligncenter size-large\"><img loading=\"lazy\" decoding=\"async\" width=\"1024\" height=\"545\" src=\"https:\/\/lapurisimaalzira.org\/wp-content\/uploads\/2023\/12\/01-1024x545.jpg\" alt=\"\" class=\"wp-image-4308\" srcset=\"https:\/\/lapurisimaalzira.org\/wp-content\/uploads\/2023\/12\/01-1024x545.jpg 1024w, https:\/\/lapurisimaalzira.org\/wp-content\/uploads\/2023\/12\/01-600x319.jpg 600w, https:\/\/lapurisimaalzira.org\/wp-content\/uploads\/2023\/12\/01-300x160.jpg 300w, https:\/\/lapurisimaalzira.org\/wp-content\/uploads\/2023\/12\/01-768x409.jpg 768w, https:\/\/lapurisimaalzira.org\/wp-content\/uploads\/2023\/12\/01.jpg 1080w\" sizes=\"auto, (max-width: 1024px) 100vw, 1024px\" \/><\/figure>\n<\/div>\n\n\n<hr class=\"wp-block-separator has-alpha-channel-opacity\"\/>\n\n\n\n<p><strong>06-11-2023<\/strong><\/p>\n\n\n\n<p><strong>Concurso de dibujo \u00abEspais verds d&#8217;Alzira\u00bb<\/strong><\/p>\n\n\n\n<p>Nuestra alumna Irene Azor\u00edn de 2\u00ba de Bachillerato ha obtenido el 3r premio en la categor\u00eda de Bachillerato del concurso de dibujo \u00abEspais verds d&#8217;Alzira\u00bb organizado por el Ayuntamiento de Alzira.<\/p>\n\n\n<div class=\"wp-block-image\">\n<figure class=\"aligncenter size-large\"><img loading=\"lazy\" decoding=\"async\" width=\"1024\" height=\"1024\" src=\"https:\/\/lapurisimaalzira.org\/wp-content\/uploads\/2023\/11\/Irene-Azorin-1024x1024.jpg\" alt=\"\" class=\"wp-image-4261\" srcset=\"https:\/\/lapurisimaalzira.org\/wp-content\/uploads\/2023\/11\/Irene-Azorin-1024x1024.jpg 1024w, https:\/\/lapurisimaalzira.org\/wp-content\/uploads\/2023\/11\/Irene-Azorin-300x300.jpg 300w, https:\/\/lapurisimaalzira.org\/wp-content\/uploads\/2023\/11\/Irene-Azorin-100x100.jpg 100w, https:\/\/lapurisimaalzira.org\/wp-content\/uploads\/2023\/11\/Irene-Azorin-600x600.jpg 600w, https:\/\/lapurisimaalzira.org\/wp-content\/uploads\/2023\/11\/Irene-Azorin-150x150.jpg 150w, https:\/\/lapurisimaalzira.org\/wp-content\/uploads\/2023\/11\/Irene-Azorin-768x768.jpg 768w, https:\/\/lapurisimaalzira.org\/wp-content\/uploads\/2023\/11\/Irene-Azorin-70x70.jpg 70w, https:\/\/lapurisimaalzira.org\/wp-content\/uploads\/2023\/11\/Irene-Azorin-246x246.jpg 246w, https:\/\/lapurisimaalzira.org\/wp-content\/uploads\/2023\/11\/Irene-Azorin-276x276.jpg 276w, https:\/\/lapurisimaalzira.org\/wp-content\/uploads\/2023\/11\/Irene-Azorin-125x125.jpg 125w, https:\/\/lapurisimaalzira.org\/wp-content\/uploads\/2023\/11\/Irene-Azorin.jpg 1080w\" sizes=\"auto, (max-width: 1024px) 100vw, 1024px\" \/><\/figure>\n<\/div>\n\n\n<hr class=\"wp-block-separator has-alpha-channel-opacity\"\/>\n\n\n\n<p><strong>18-10-2023<\/strong><\/p>\n\n\n\n<p><strong>Premios Extraordinarios al Rendimiento Acad\u00e9mico 2022-2023<\/strong><\/p>\n\n\n\n<p>Enhorabuena a los alumnos que han conseguido el Premio Extraordinario al Rendimiento Acad\u00e9mico 2022-23.<\/p>\n\n\n\n<p>Los premios de ESO lo han obtenido Juan Borrero, Adri\u00e1n Ferrandis y Miguel Remigia (que cursaron la ESO en nuestro Centro) y Sara Alandete (que curs\u00f3 ESO en el Colegio Santa Ana de Algemes\u00ed).<\/p>\n\n\n<div class=\"wp-block-image\">\n<figure class=\"aligncenter size-full\"><img loading=\"lazy\" decoding=\"async\" width=\"512\" height=\"640\" src=\"https:\/\/lapurisimaalzira.org\/wp-content\/uploads\/2023\/10\/Premio-Secundaria-22-23.jpg\" alt=\"\" class=\"wp-image-4235\" srcset=\"https:\/\/lapurisimaalzira.org\/wp-content\/uploads\/2023\/10\/Premio-Secundaria-22-23.jpg 512w, https:\/\/lapurisimaalzira.org\/wp-content\/uploads\/2023\/10\/Premio-Secundaria-22-23-240x300.jpg 240w\" sizes=\"auto, (max-width: 512px) 100vw, 512px\" \/><\/figure>\n<\/div>\n\n\n<p>En la convocatoria de Primaria lo han obtenido Emma Belenguer, Daniel Vento y Alejandro Ferrandis.<\/p>\n","protected":false},"excerpt":{"rendered":"<p>19-06-2024 Premios Extraordinarios al Rendimiento Acad\u00e9mico de ESO curso 2022-2023 El pasado mi\u00e9rcoles 19 de junio, fueron entregados los Premios &hellip; <\/p>\n","protected":false},"author":1,"featured_media":0,"parent":0,"menu_order":0,"comment_status":"closed","ping_status":"closed","template":"","meta":{"footnotes":""},"class_list":["post-4234","page","type-page","status-publish","hentry"],"_links":{"self":[{"href":"https:\/\/lapurisimaalzira.org\/index.php?rest_route=\/wp\/v2\/pages\/4234","targetHints":{"allow":["GET"]}}],"collection":[{"href":"https:\/\/lapurisimaalzira.org\/index.php?rest_route=\/wp\/v2\/pages"}],"about":[{"href":"https:\/\/lapurisimaalzira.org\/index.php?rest_route=\/wp\/v2\/types\/page"}],"author":[{"embeddable":true,"href":"https:\/\/lapurisimaalzira.org\/index.php?rest_route=\/wp\/v2\/users\/1"}],"replies":[{"embeddable":true,"href":"https:\/\/lapurisimaalzira.org\/index.php?rest_route=%2Fwp%2Fv2%2Fcomments&post=4234"}],"version-history":[{"count":7,"href":"https:\/\/lapurisimaalzira.org\/index.php?rest_route=\/wp\/v2\/pages\/4234\/revisions"}],"predecessor-version":[{"id":4693,"href":"https:\/\/lapurisimaalzira.org\/index.php?rest_route=\/wp\/v2\/pages\/4234\/revisions\/4693"}],"wp:attachment":[{"href":"https:\/\/lapurisimaalzira.org\/index.php?rest_route=%2Fwp%2Fv2%2Fmedia&parent=4234"}],"curies":[{"name":"wp","href":"https:\/\/api.w.org\/{rel}","templated":true}]}}