{"id":4993,"date":"2025-02-24T09:22:35","date_gmt":"2025-02-24T07:22:35","guid":{"rendered":"https:\/\/lapurisimaalzira.org\/?page_id=4993"},"modified":"2025-09-22T08:26:17","modified_gmt":"2025-09-22T06:26:17","slug":"premios-curso-2024-2025","status":"publish","type":"page","link":"https:\/\/lapurisimaalzira.org\/?page_id=4993","title":{"rendered":"Premios Curso 2024-2025"},"content":{"rendered":"\n<p><strong>28-05-2025<\/strong><\/p>\n\n\n\n<p><strong>Jornada Matem\u00e1tica<\/strong><\/p>\n\n\n\n<p>Nuestra alumna de 3\u00ba de Primaria, Adriana Capsir, ha sido reconocida como una de las 10 ganadoras destacadas de la Jornada Matem\u00e1tica de Valencia.<\/p>\n\n\n\n<p>La Jornada Matem\u00e1tica Valencia es un proyecto educativo que organiza el Colegio Guadalaviar, en colaboraci\u00f3n con la Universidad Polit\u00e9cnica de Valencia desde 1992, con el objetivo de mejorar el nivel matem\u00e1tico.<\/p>\n\n\n<div class=\"wp-block-image\">\n<figure class=\"aligncenter size-full\"><img loading=\"lazy\" decoding=\"async\" width=\"526\" height=\"885\" src=\"https:\/\/lapurisimaalzira.org\/wp-content\/uploads\/2025\/05\/Matematicas-2025.jpg\" alt=\"\" class=\"wp-image-5226\" srcset=\"https:\/\/lapurisimaalzira.org\/wp-content\/uploads\/2025\/05\/Matematicas-2025.jpg 526w, https:\/\/lapurisimaalzira.org\/wp-content\/uploads\/2025\/05\/Matematicas-2025-178x300.jpg 178w\" sizes=\"auto, (max-width: 526px) 100vw, 526px\" \/><\/figure>\n<\/div>\n\n\n<hr class=\"wp-block-separator has-alpha-channel-opacity\"\/>\n\n\n\n<p><strong>11-04-2025<\/strong><\/p>\n\n\n\n<p><strong>XXII Concurso de dibujo<\/strong><\/p>\n\n\n\n<p>Queremos dar la enhorabuena a Pau Donet, Claudia Ferrer y Marta Vento por que han sido premiados, en sus respectivas categor\u00edas, con el segundo y 2 terceros premios en el XXII concurso de dibujo organizado por la Junta de Hermandades y Cofrad\u00edas de la ciudad de Alzira.<br><\/p>\n\n\n<div class=\"wp-block-image\">\n<figure class=\"aligncenter size-large\"><img loading=\"lazy\" decoding=\"async\" width=\"1024\" height=\"933\" src=\"https:\/\/lapurisimaalzira.org\/wp-content\/uploads\/2025\/04\/01-1-1024x933.jpg\" alt=\"\" class=\"wp-image-5161\" srcset=\"https:\/\/lapurisimaalzira.org\/wp-content\/uploads\/2025\/04\/01-1-1024x933.jpg 1024w, https:\/\/lapurisimaalzira.org\/wp-content\/uploads\/2025\/04\/01-1-600x547.jpg 600w, https:\/\/lapurisimaalzira.org\/wp-content\/uploads\/2025\/04\/01-1-300x273.jpg 300w, https:\/\/lapurisimaalzira.org\/wp-content\/uploads\/2025\/04\/01-1-768x700.jpg 768w, https:\/\/lapurisimaalzira.org\/wp-content\/uploads\/2025\/04\/01-1-1536x1400.jpg 1536w, https:\/\/lapurisimaalzira.org\/wp-content\/uploads\/2025\/04\/01-1.jpg 2048w\" sizes=\"auto, (max-width: 1024px) 100vw, 1024px\" \/><\/figure>\n<\/div>\n\n\n<hr class=\"wp-block-separator has-alpha-channel-opacity\"\/>\n\n\n\n<p><strong>04-04-2025<\/strong><\/p>\n\n\n\n<p><strong><strong>Concurso \u00abAcci\u00f3n por el Clima\u00bb<\/strong><\/strong><\/p>\n\n\n\n<p>El pasado 4 de abril, se celebr\u00f3 la V edici\u00f3n del concurso \u00ab<strong>Acci\u00f3n por el Clima<\/strong>\u00bb convocado por la Ciutat de les Arts i les Ci\u00e8ncies y con la colaboraci\u00f3n de Reciclam\u00e1s, Global Omnium, Avanqua y Power Electronics, donde 44 equipos finalistas presentaron sus proyectos ante el jurado.<\/p>\n\n\n<div class=\"wp-block-image\">\n<figure class=\"aligncenter size-full\"><img loading=\"lazy\" decoding=\"async\" width=\"1019\" height=\"606\" src=\"https:\/\/lapurisimaalzira.org\/wp-content\/uploads\/2025\/04\/02.jpg\" alt=\"\" class=\"wp-image-5140\" srcset=\"https:\/\/lapurisimaalzira.org\/wp-content\/uploads\/2025\/04\/02.jpg 1019w, https:\/\/lapurisimaalzira.org\/wp-content\/uploads\/2025\/04\/02-600x357.jpg 600w, https:\/\/lapurisimaalzira.org\/wp-content\/uploads\/2025\/04\/02-300x178.jpg 300w, https:\/\/lapurisimaalzira.org\/wp-content\/uploads\/2025\/04\/02-768x457.jpg 768w\" sizes=\"auto, (max-width: 1019px) 100vw, 1019px\" \/><\/figure>\n<\/div>\n\n\n<p>Nuestro proyecto, FILTRO VITAL, ha ganado el Primer Premio en la categor\u00eda \u00abAcciones de implicaci\u00f3n social\u00bb. Este proyecto tiene como objetivo dise\u00f1ar y difundir acciones para que los estudiantes se conciencien y se conviertan en parte activa de la conservaci\u00f3n del medio ambiente.<\/p>\n\n\n<div class=\"wp-block-image\">\n<figure class=\"aligncenter size-full\"><img loading=\"lazy\" decoding=\"async\" width=\"1015\" height=\"454\" src=\"https:\/\/lapurisimaalzira.org\/wp-content\/uploads\/2025\/04\/01.jpg\" alt=\"\" class=\"wp-image-5139\" srcset=\"https:\/\/lapurisimaalzira.org\/wp-content\/uploads\/2025\/04\/01.jpg 1015w, https:\/\/lapurisimaalzira.org\/wp-content\/uploads\/2025\/04\/01-600x268.jpg 600w, https:\/\/lapurisimaalzira.org\/wp-content\/uploads\/2025\/04\/01-300x134.jpg 300w, https:\/\/lapurisimaalzira.org\/wp-content\/uploads\/2025\/04\/01-768x344.jpg 768w\" sizes=\"auto, (max-width: 1015px) 100vw, 1015px\" \/><\/figure>\n<\/div>\n\n\n<p>Queremos dar la enhorabuena a Marc Benavent, Lola Lozano, Martina Olmo, Roberto Sifre, Olivia Luz Oliver y \u00c1lvaro Mengual, por la excelente defensa del trabajo ante el jurado y todo el p\u00fablico general que se interes\u00f3 por nuestro proyecto, y adem\u00e1s felicitar a todo 1\u00ba ESO A y B por su dedicaci\u00f3n, esfuerzo y participaci\u00f3n en la elaboraci\u00f3n del proyecto presentado.<\/p>\n\n\n<div class=\"wp-block-image\">\n<figure class=\"aligncenter size-full\"><img loading=\"lazy\" decoding=\"async\" width=\"729\" height=\"444\" src=\"https:\/\/lapurisimaalzira.org\/wp-content\/uploads\/2025\/04\/03.jpg\" alt=\"\" class=\"wp-image-5141\" srcset=\"https:\/\/lapurisimaalzira.org\/wp-content\/uploads\/2025\/04\/03.jpg 729w, https:\/\/lapurisimaalzira.org\/wp-content\/uploads\/2025\/04\/03-600x365.jpg 600w, https:\/\/lapurisimaalzira.org\/wp-content\/uploads\/2025\/04\/03-300x183.jpg 300w\" sizes=\"auto, (max-width: 729px) 100vw, 729px\" \/><\/figure>\n<\/div>\n\n\n<hr class=\"wp-block-separator has-alpha-channel-opacity\"\/>\n\n\n\n<p><strong>27-02-2025<\/strong><\/p>\n\n\n\n<p><strong>Premios Extraordinarios al Rendimiento Acad\u00e9mico de Secundaria curso 2023-2024<\/strong><\/p>\n\n\n\n<p>El pasado jueves 27 se dieron los Premios Extraordinarios de Educaci\u00f3n Secundaria del curso 2023-2024.<\/p>\n\n\n\n<p>Damos la enhorabuena a nuestras alumnas Elsa Monz\u00f3, Ada Gema Sempere y Carmen Castells.<\/p>\n\n\n<div class=\"wp-block-image\">\n<figure class=\"aligncenter size-large\"><img loading=\"lazy\" decoding=\"async\" width=\"1024\" height=\"768\" src=\"https:\/\/lapurisimaalzira.org\/wp-content\/uploads\/2025\/03\/01-1024x768.jpg\" alt=\"\" class=\"wp-image-5022\" srcset=\"https:\/\/lapurisimaalzira.org\/wp-content\/uploads\/2025\/03\/01-1024x768.jpg 1024w, https:\/\/lapurisimaalzira.org\/wp-content\/uploads\/2025\/03\/01-600x450.jpg 600w, https:\/\/lapurisimaalzira.org\/wp-content\/uploads\/2025\/03\/01-300x225.jpg 300w, https:\/\/lapurisimaalzira.org\/wp-content\/uploads\/2025\/03\/01-768x576.jpg 768w, https:\/\/lapurisimaalzira.org\/wp-content\/uploads\/2025\/03\/01-1536x1152.jpg 1536w, https:\/\/lapurisimaalzira.org\/wp-content\/uploads\/2025\/03\/01.jpg 2048w\" sizes=\"auto, (max-width: 1024px) 100vw, 1024px\" \/><\/figure>\n<\/div>\n\n\n<p>Junto a ellas, este a\u00f1o en Bachillerato nos acompa\u00f1an alumnos que tambi\u00e9n han recibido el Premio, como Izan P\u00e9rez y Cristina Calvo (del centro Florida Campus Alzira), Claudia Cardiel (del centro Sagrada Familia de Alzira) y Ana Rubio (del centro San Jos\u00e9 de Calasanz de Algemes\u00ed).<\/p>\n\n\n<div class=\"wp-block-image\">\n<figure class=\"aligncenter size-large\"><img loading=\"lazy\" decoding=\"async\" width=\"1024\" height=\"768\" src=\"https:\/\/lapurisimaalzira.org\/wp-content\/uploads\/2025\/03\/02-1024x768.jpg\" alt=\"\" class=\"wp-image-5023\" srcset=\"https:\/\/lapurisimaalzira.org\/wp-content\/uploads\/2025\/03\/02-1024x768.jpg 1024w, https:\/\/lapurisimaalzira.org\/wp-content\/uploads\/2025\/03\/02-600x450.jpg 600w, https:\/\/lapurisimaalzira.org\/wp-content\/uploads\/2025\/03\/02-300x225.jpg 300w, https:\/\/lapurisimaalzira.org\/wp-content\/uploads\/2025\/03\/02-768x576.jpg 768w, https:\/\/lapurisimaalzira.org\/wp-content\/uploads\/2025\/03\/02-1536x1152.jpg 1536w, https:\/\/lapurisimaalzira.org\/wp-content\/uploads\/2025\/03\/02.jpg 2048w\" sizes=\"auto, (max-width: 1024px) 100vw, 1024px\" \/><\/figure>\n<\/div>\n\n\n<hr class=\"wp-block-separator has-alpha-channel-opacity\"\/>\n\n\n\n<p><strong>18-02-2025<\/strong><\/p>\n\n\n\n<p>Junt a elles, enguany a Batxillerat ens acompanyen alumnes que tamb\u00e9 han rebut el Premi, com ara s\u00f3n Iz\u00e1n P\u00e9rez i Cristina Calvo (del centre Florida Campus Alzira), Claudia Cardiel (del centre Sagrada Familia d\u2019Alzira) i Ana Rubio (del centre Sant Josep de Calassan\u00e7 d\u2019Algemes\u00ed).<\/p>\n\n\n\n<p><strong>Premios Extraordinarios al Rendimiento Acad\u00e9mico de Primaria curso 2023-2024<\/strong><\/p>\n\n\n\n<p>El passado 18 de febrero fueron entregados los Premios Extraordinarios al Rendimiento Acad\u00e9mico de la etapa de Educaci\u00f3n Primaria a nuestros alumnos Carmen Aguilar, Marc Benvent y Elisa Pellicer.<\/p>\n\n\n<div class=\"wp-block-image\">\n<figure class=\"aligncenter size-large\"><img loading=\"lazy\" decoding=\"async\" width=\"769\" height=\"1024\" src=\"https:\/\/lapurisimaalzira.org\/wp-content\/uploads\/2025\/02\/01-769x1024.jpg\" alt=\"\" class=\"wp-image-4998\" srcset=\"https:\/\/lapurisimaalzira.org\/wp-content\/uploads\/2025\/02\/01-769x1024.jpg 769w, https:\/\/lapurisimaalzira.org\/wp-content\/uploads\/2025\/02\/01-600x799.jpg 600w, https:\/\/lapurisimaalzira.org\/wp-content\/uploads\/2025\/02\/01-225x300.jpg 225w, https:\/\/lapurisimaalzira.org\/wp-content\/uploads\/2025\/02\/01-768x1023.jpg 768w, https:\/\/lapurisimaalzira.org\/wp-content\/uploads\/2025\/02\/01-1153x1536.jpg 1153w, https:\/\/lapurisimaalzira.org\/wp-content\/uploads\/2025\/02\/01.jpg 1201w\" sizes=\"auto, (max-width: 769px) 100vw, 769px\" \/><\/figure>\n<\/div>","protected":false},"excerpt":{"rendered":"<p>28-05-2025 Jornada Matem\u00e1tica Nuestra alumna de 3\u00ba de Primaria, Adriana Capsir, ha sido reconocida como una de las 10 ganadoras &hellip; <\/p>\n","protected":false},"author":1,"featured_media":0,"parent":0,"menu_order":0,"comment_status":"closed","ping_status":"closed","template":"","meta":{"footnotes":""},"class_list":["post-4993","page","type-page","status-publish","hentry"],"_links":{"self":[{"href":"https:\/\/lapurisimaalzira.org\/index.php?rest_route=\/wp\/v2\/pages\/4993","targetHints":{"allow":["GET"]}}],"collection":[{"href":"https:\/\/lapurisimaalzira.org\/index.php?rest_route=\/wp\/v2\/pages"}],"about":[{"href":"https:\/\/lapurisimaalzira.org\/index.php?rest_route=\/wp\/v2\/types\/page"}],"author":[{"embeddable":true,"href":"https:\/\/lapurisimaalzira.org\/index.php?rest_route=\/wp\/v2\/users\/1"}],"replies":[{"embeddable":true,"href":"https:\/\/lapurisimaalzira.org\/index.php?rest_route=%2Fwp%2Fv2%2Fcomments&post=4993"}],"version-history":[{"count":14,"href":"https:\/\/lapurisimaalzira.org\/index.php?rest_route=\/wp\/v2\/pages\/4993\/revisions"}],"predecessor-version":[{"id":5227,"href":"https:\/\/lapurisimaalzira.org\/index.php?rest_route=\/wp\/v2\/pages\/4993\/revisions\/5227"}],"wp:attachment":[{"href":"https:\/\/lapurisimaalzira.org\/index.php?rest_route=%2Fwp%2Fv2%2Fmedia&parent=4993"}],"curies":[{"name":"wp","href":"https:\/\/api.w.org\/{rel}","templated":true}]}}