{"id":5004,"date":"2025-03-05T12:33:45","date_gmt":"2025-03-05T10:33:45","guid":{"rendered":"https:\/\/lapurisimaalzira.org\/?page_id=5004"},"modified":"2026-04-17T09:01:47","modified_gmt":"2026-04-17T07:01:47","slug":"ecosistema-digital","status":"publish","type":"page","link":"https:\/\/lapurisimaalzira.org\/?page_id=5004","title":{"rendered":"Ecosistema digital"},"content":{"rendered":"\n<p>En Fundaci\u00f3n Educativa Franciscanas de la Inmaculada-Colegio La Pur\u00edsima de Alzira utilizamos Google Workspace for Education como un ecosistema tecnol\u00f3gico seguro, flexible y abierto. Disponemos de un acuerdo* con Google mediante el cual el alumnado mediante la cuenta corporativa de Google Workspace for Education puede completar las tareas, comunicarse con sus profesores, iniciar sesi\u00f3n en los dispositivos Chromebook y aprender las necesarias destrezas digitales.<\/p>\n\n\n\n<p>Con sus cuentas de&nbsp;Workspace&nbsp;para Centros Educativos, los alumnos pueden acceder a los siguientes servicios principales: Gmail , Calendar, Classroom, Contactos, Drive, Documentos, Hojas de c\u00e1lculo, Dibujos, Formularios , Grupos, Keep, Hojas de c\u00e1lculo, Sitios web, Presentaciones, Tareas, Meet, Vault&nbsp;y Sincronizaci\u00f3n de Chrome. (ver descripci\u00f3n completa en el<a href=\"https:\/\/workspace.google.com\/terms\/user_features.html\" target=\"_blank\" rel=\"noreferrer noopener\">&nbsp;Resumen de Servicios de&nbsp;Google Workspace<\/a>).<\/p>\n\n\n\n<p>* Los servicios principales de Google Workspace&nbsp;para Centros Educativos se proporcionan de conformidad con el <a href=\"https:\/\/www.google.com\/apps\/intl\/es\/terms\/education_terms.html\" target=\"_blank\" rel=\"noreferrer noopener\">Acuerdo de Google Workspace for Education<\/a>&nbsp;y la <a href=\"https:\/\/gsuite.google.com\/intl\/es\/terms\/dpa_terms.html\" target=\"_blank\" rel=\"noreferrer noopener\">Adenda sobre Tratamiento de Datos<\/a>&nbsp;.<\/p>\n\n\n\n<p>Para obtener m\u00e1s informaci\u00f3n sobre c\u00f3mo Google recaba, utiliza y divulga informaci\u00f3n personal para proporcionarnos servicios, consulta el <a href=\"https:\/\/edu.google.com\/intl\/es-419\/why-google\/privacy-security\/?modal_active=none\" target=\"_blank\" rel=\"noreferrer noopener\">Centro de Privacidad de Google for Education<\/a>&nbsp;y el <a href=\"https:\/\/gsuite.google.com\/terms\/education_privacy.html\" target=\"_blank\" rel=\"noreferrer noopener\">Aviso de Privacidad de&nbsp;Google Workspace for Education<\/a>&nbsp;y la <a href=\"https:\/\/www.google.com\/intl\/es\/policies\/privacy\/\" target=\"_blank\" rel=\"noreferrer noopener\">Pol\u00edtica de Privacidad de Google<\/a>&nbsp;.<\/p>\n\n\n\n<p>Adem\u00e1s de las aplicaciones del acuerdo de Google Workspace for Education, el profesorado de cada curso propondr\u00e1 el uso de aplicaciones educativas adicionales adecuadas a la edad y a los objetivos de aprendizaje del curso. <\/p>\n\n\n\n<p>Puede consultar en la siguiente tabla&nbsp;un&nbsp;resumen&nbsp;de las aplicaciones que habitualmente usamos, junto a su descripci\u00f3n y las condiciones de uso y privacidad de las mismas:<\/p>\n\n\n\n<figure class=\"wp-block-table aligncenter is-style-regular\"><table><tbody><tr><td><a href=\"https:\/\/www.aemet.es\/es\/portada\" target=\"_blank\" rel=\"noreferrer noopener\">AEMet<\/a><\/td><td>Agencia Estatal de Meteorolog\u00eda<\/td><td class=\"has-text-align-center\" data-align=\"center\"><a href=\"https:\/\/www.aemet.es\/es\/nota_legal\" target=\"_blank\" rel=\"noreferrer noopener\">Nota legal<\/a><\/td><\/tr><tr><td><a href=\"https:\/\/appangea.com\/\" target=\"_blank\" rel=\"noreferrer noopener\">APPangea<\/a><\/td><td>Recursos educativos para Geograf\u00eda e Historia<\/td><td class=\"has-text-align-center\" data-align=\"center\"><a href=\"https:\/\/appangea.com\/privacy-policy\/\" target=\"_blank\" rel=\"noreferrer noopener\">Pol\u00edtica de privacidad<\/a><\/td><\/tr><tr><td><a href=\"https:\/\/www.audacityteam.org\/\" target=\"_blank\" rel=\"noreferrer noopener\">Audacity<\/a><\/td><td>Aplicaci\u00f3n multiplataforma para la grabaci\u00f3n y edici\u00f3n de audio<\/td><td class=\"has-text-align-center\" data-align=\"center\"><a href=\"https:\/\/www.audacityteam.org\/desktop-privacy-notice\/\" target=\"_blank\" rel=\"noreferrer noopener\">Pol\u00edtica de privacidad<\/a><\/td><\/tr><tr><td><a href=\"https:\/\/biomodel.uah.es\/\" target=\"_blank\" rel=\"noreferrer noopener\">Biomodel<\/a><\/td><td>Creaci\u00f3n en 3D de mol\u00e9culas de bioqu\u00edmica<\/td><td class=\"has-text-align-center\" data-align=\"center\"><\/td><\/tr><tr><td><a href=\"https:\/\/www.blinklearning.com\/portal\/home\" target=\"_blank\" rel=\"noreferrer noopener\">BlinkLearning<\/a>         <\/td><td>Plataforma educativa digital<\/td><td class=\"has-text-align-center\" data-align=\"center\"><a href=\"https:\/\/www.blinklearning.com\/portal\/news\/Aviso+legal_4146298_534765714?sec=LegalNotice\" target=\"_blank\" rel=\"noreferrer noopener\">T\u00e9rminos de uso<\/a><br><a href=\"https:\/\/www.blinklearning.com\/portal\/news\/Pol%C3%ADtica+de+privacidad_4146298_534773362?sec=PrivacityPolicy\" target=\"_blank\" rel=\"noreferrer noopener\">Pol\u00edtica de privacidad<\/a><\/td><\/tr><tr><td><a href=\"https:\/\/www.blooket.com\/\" target=\"_blank\" rel=\"noreferrer noopener\">Blooket<\/a><\/td><td>Creaci\u00f3n de cuestionarios online<\/td><td class=\"has-text-align-center\" data-align=\"center\"><a href=\"https:\/\/www.blooket.com\/terms\" target=\"_blank\" rel=\"noreferrer noopener\">T\u00e9rminos de uso<\/a><br><a href=\"https:\/\/www.blooket.com\/privacy\" target=\"_blank\" rel=\"noreferrer noopener\">Pol\u00edtica de privacidad<\/a><\/td><\/tr><tr><td><a href=\"https:\/\/www.canva.com\/\" target=\"_blank\" rel=\"noreferrer noopener\">Canva<\/a><\/td><td>Creaci\u00f3n de carteles, infograf\u00edas, c\u00f3mics, etc.<\/td><td class=\"has-text-align-center\" data-align=\"center\"><a href=\"https:\/\/www.canva.com\/es_es\/politicas-legales\/terms-of-use\/\" target=\"_blank\" rel=\"noreferrer noopener\">Uso y privacidad<\/a><\/td><\/tr><tr><td><a href=\"https:\/\/classroomscreen.com\/\" target=\"_blank\" rel=\"noreferrer noopener\">Classroomscreen<\/a><\/td><td>Pizarra virtual que ayuda a hacer las clases m\u00e1s interactivas a trav\u00e9s<br>de una serie de herramientas<\/td><td class=\"has-text-align-center\" data-align=\"center\"><a href=\"https:\/\/classroomscreen.com\/legal\/terms\" target=\"_blank\" rel=\"noreferrer noopener\">T\u00e9rminos y condiciones<\/a><br><a href=\"https:\/\/classroomscreen.com\/legal\/privacy-policy\" target=\"_blank\" rel=\"noreferrer noopener\">Pol\u00edtica de privacidad<\/a><\/td><\/tr><tr><td><a href=\"https:\/\/didactalia.net\/comunidad\/materialeducativo\" target=\"_blank\" rel=\"noreferrer noopener\">Didactalia<\/a><\/td><td>Mapas interactivos<\/td><td class=\"has-text-align-center\" data-align=\"center\"><a href=\"https:\/\/didactalia.net\/comunidad\/materialeducativo\/condiciones-uso\" target=\"_blank\" rel=\"noreferrer noopener\">T\u00e9rminos de uso<\/a><br><a href=\"https:\/\/didactalia.net\/comunidad\/materialeducativo\/politica-privacidad\" target=\"_blank\" rel=\"noreferrer noopener\">Pol\u00edtica de privacidad<\/a><\/td><\/tr><tr><td><a href=\"https:\/\/edpuzzle.com\/\" target=\"_blank\" rel=\"noreferrer noopener\">Edpuzzle<\/a><\/td><td>Permite crear cuestionarios de evaluaci\u00f3n de v\u00eddeos o intercalar notas<\/td><td class=\"has-text-align-center\" data-align=\"center\"><a href=\"https:\/\/edpuzzle.com\/privacycenter\" target=\"_blank\" rel=\"noreferrer noopener\">Privacidad y seguridad<\/a><\/td><\/tr><tr><td><a href=\"https:\/\/es.educaplay.com\/\" target=\"_blank\" rel=\"noreferrer noopener\">Educaplay<\/a><\/td><td>Actividades educativas multimedia<\/td><td class=\"has-text-align-center\" data-align=\"center\"><a href=\"https:\/\/es.educaplay.com\/licencia\/\" target=\"_blank\" rel=\"noreferrer noopener\">T\u00e9rminos y condiciones<\/a><br><a href=\"https:\/\/es.educaplay.com\/politica-de-privacidad\/\" target=\"_blank\" rel=\"noreferrer noopener\">Pol\u00edtica de privacidad<\/a><\/td><\/tr><tr><td><a href=\"https:\/\/genially.com\/es\/\" target=\"_blank\" rel=\"noreferrer noopener\">Genially<\/a><\/td><td>Creador de presentaciones, infograf\u00edas y contenido interactivo<\/td><td class=\"has-text-align-center\" data-align=\"center\"><a href=\"https:\/\/genially.com\/es\/centro-de-datos\/\" target=\"_blank\" rel=\"noreferrer noopener\">Seguridad y privacidad<\/a><\/td><\/tr><tr><td><a href=\"https:\/\/www.geogebra.org\/classic?lang=es\" target=\"_blank\" rel=\"noreferrer noopener\">Geogebra<\/a><\/td><td>Calculadora gr\u00e1fica en l\u00ednea<\/td><td class=\"has-text-align-center\" data-align=\"center\"><a href=\"https:\/\/www.geogebra.org\/tos\" target=\"_blank\" rel=\"noreferrer noopener\">T\u00e9rminos de uso<\/a><br><a href=\"https:\/\/www.geogebra.org\/privacy\" target=\"_blank\" rel=\"noreferrer noopener\">Pol\u00edtica de privacidad<\/a><\/td><\/tr><tr><td><a href=\"https:\/\/kahoot.com\/\" target=\"_blank\" rel=\"noreferrer noopener\">Kahoot<\/a><\/td><td>Plataforma de aprendizaje basada en juegos<\/td><td class=\"has-text-align-center\" data-align=\"center\"><a href=\"https:\/\/trust.kahoot.com\/terms-and-conditions\/\" target=\"_blank\" rel=\"noreferrer noopener\">T\u00e9rminos y condiciones<\/a><br><a href=\"https:\/\/trust.kahoot.com\/privacy-policy\/\" target=\"_blank\" rel=\"noreferrer noopener\">Pol\u00edtica de privacidad<\/a><br><a href=\"https:\/\/trust.kahoot.com\/student-privacy-policy\/\" target=\"_blank\" rel=\"noreferrer noopener\">Pol\u00edtica de privacidad del estudiante<\/a><\/td><\/tr><tr><td><a href=\"https:\/\/www.lepointdufle.net\/p\/apprendre_le_francais.htm\" target=\"_blank\" rel=\"noreferrer noopener\">Le Point du Fle<\/a><\/td><td>P\u00e1gina de recursos online e imprimibles para Franc\u00e9s<\/td><td class=\"has-text-align-center\" data-align=\"center\"><\/td><\/tr><tr><td><a href=\"https:\/\/www.liveworksheets.com\/\" target=\"_blank\" rel=\"noreferrer noopener\">Liveworksheets<\/a><\/td><td>Actividades interactivas<\/td><td class=\"has-text-align-center\" data-align=\"center\"><a href=\"https:\/\/www.liveworksheets.com\/terms-of-use\" target=\"_blank\" rel=\"noreferrer noopener\">T\u00e9rminos de uso<\/a><br><a href=\"https:\/\/www.liveworksheets.com\/privacy-policy\" target=\"_blank\" rel=\"noreferrer noopener\">Pol\u00edtica de privacidad<\/a><\/td><\/tr><tr><td><a href=\"https:\/\/www.mentimeter.com\/es-ES\" target=\"_blank\" rel=\"noreferrer noopener\">Mentimeter<\/a>                          <\/td><td>Software para realizar presentaciones interactivas donde los usuarios<br>participan e interact\u00faan en tiempo real.<\/td><td class=\"has-text-align-center\" data-align=\"center\"><a href=\"https:\/\/www.mentimeter.com\/es-ES\/trust\/legal\/terms\" target=\"_blank\" rel=\"noreferrer noopener\">T\u00e9rminos de uso<\/a><br><a href=\"https:\/\/www.mentimeter.com\/es-ES\/trust\/legal\/privacy-policy\" target=\"_blank\" rel=\"noreferrer noopener\">Pol\u00edtica de privacidad<\/a><\/td><\/tr><tr><td><a href=\"https:\/\/makecode.microbit.org\/\" target=\"_blank\" rel=\"noreferrer noopener\">Makecode<\/a><\/td><td>Programaci\u00f3n de placas micro:bit<\/td><td class=\"has-text-align-center\" data-align=\"center\"><a href=\"https:\/\/www.microsoft.com\/en-us\/legal\/terms-of-use\" target=\"_blank\" rel=\"noreferrer noopener\">T\u00e9rminos de uso<\/a><br><a href=\"https:\/\/www.microsoft.com\/es-es\/privacy\/privacystatement\" target=\"_blank\" rel=\"noreferrer noopener\">Pol\u00edtica de privacidad<\/a><\/td><\/tr><tr><td><a href=\"https:\/\/quizizz.com\/?lng=es-ES\" target=\"_blank\" rel=\"noreferrer noopener\">Quizziz<\/a><\/td><td>Creaci\u00f3n de cuestionarios y juegos educativos<\/td><td class=\"has-text-align-center\" data-align=\"center\"><a href=\"https:\/\/quizizz.com\/tos?lng=es-ES\" target=\"_blank\" rel=\"noreferrer noopener\">T\u00e9rminos de uso<\/a><br><a href=\"https:\/\/quizizz.com\/privacy?lng=es-ES\" target=\"_blank\" rel=\"noreferrer noopener\">Pol\u00edtica de privacidad<\/a><\/td><\/tr><tr><td><a href=\"https:\/\/padlet.com\/\" target=\"_blank\" rel=\"noreferrer noopener\">Padlet<\/a><\/td><td>Herramienta en l\u00ednea para crear murales colaborativos<\/td><td class=\"has-text-align-center\" data-align=\"center\"><a href=\"https:\/\/legal.padlet.com\/terms\" target=\"_blank\" rel=\"noreferrer noopener\">T\u00e9rminos de uso<\/a><br><a href=\"https:\/\/legal.padlet.com\/privacy\" target=\"_blank\" rel=\"noreferrer noopener\">Pol\u00edtica de privacidad<\/a><\/td><\/tr><tr><td><a href=\"https:\/\/processing.org\/\" target=\"_blank\" rel=\"noreferrer noopener\">Processing<\/a><\/td><td>Es un cuaderno de dibujo de software flexible y un lenguaje para aprender a programar<\/td><td class=\"has-text-align-center\" data-align=\"center\"><a href=\"https:\/\/processing.org\/privacy\" target=\"_blank\" rel=\"noreferrer noopener\">Pol\u00edtica de privacidad<\/a><\/td><\/tr><tr><td><a href=\"https:\/\/scratch.mit.edu\/\" target=\"_blank\" rel=\"noreferrer noopener\">Scratch<\/a><\/td><td>Programaci\u00f3n por bloques<\/td><td class=\"has-text-align-center\" data-align=\"center\"><a href=\"https:\/\/scratch.mit.edu\/terms_of_use\" target=\"_blank\" rel=\"noreferrer noopener\">T\u00e9rminos de uso<\/a><br><a href=\"https:\/\/scratch.mit.edu\/privacy_policy\" target=\"_blank\" rel=\"noreferrer noopener\">Pol\u00edtica de privacidad<\/a><\/td><\/tr><tr><td><a href=\"https:\/\/sketchfab.com\/\" target=\"_blank\" rel=\"noreferrer noopener\">Sketchfab<\/a><\/td><td>Visualizaci\u00f3n de modelos en 3D<\/td><td class=\"has-text-align-center\" data-align=\"center\"><a href=\"https:\/\/sketchfab.com\/terms\" target=\"_blank\" rel=\"noreferrer noopener\">T\u00e9rminos de uso<\/a><br><a href=\"https:\/\/sketchfab.com\/privacy\" target=\"_blank\" rel=\"noreferrer noopener\">Pol\u00edtica de privacidad<\/a><\/td><\/tr><tr><td><a href=\"https:\/\/sociescuela.es\/\">Sociescuela<\/a><\/td><td>Evaluaci\u00f3n de la convivencia escolar<\/td><td class=\"has-text-align-center\" data-align=\"center\"><a href=\"https:\/\/sociescuela.es\/terminos-condiciones\">T\u00e9rminos de uso<\/a><br><a href=\"https:\/\/sociescuela.es\/politica-privacidad\">Pol\u00edtica de privacidad<\/a><\/td><\/tr><tr><td><a href=\"https:\/\/www.storyboardthat.com\" target=\"_blank\" rel=\"noreferrer noopener\">StoryboardThat<\/a><\/td><td>Creaci\u00f3n de guiones gr\u00e1ficos<\/td><td class=\"has-text-align-center\" data-align=\"center\"><a href=\"https:\/\/www.storyboardthat.com\/es\/acerca-de\/condiciones-de-uso\" target=\"_blank\" rel=\"noreferrer noopener\">T\u00e9rminos de uso<\/a><br><a href=\"https:\/\/www.storyboardthat.com\/es\/acerca-de\/privacidad\" target=\"_blank\" rel=\"noreferrer noopener\">Pol\u00edtica de privacidad<\/a><br><a href=\"https:\/\/www.storyboardthat.com\/es\/acerca-de\/privacidad-para-las-escuelas\" target=\"_blank\" rel=\"noreferrer noopener\">Pol\u00edtica de privacidad educaci\u00f3n<\/a><\/td><\/tr><tr><td><a href=\"https:\/\/www.tinkercad.com\/\" target=\"_blank\" rel=\"noreferrer noopener\">Tinkercad<\/a><\/td><td>Dise\u00f1o en 3D, electr\u00f3nica y programaci\u00f3n<\/td><td class=\"has-text-align-center\" data-align=\"center\"><a href=\"https:\/\/www.tinkercad.com\/terms\" target=\"_blank\" rel=\"noreferrer noopener\">T\u00e9rminos de uso<\/a><br><a href=\"https:\/\/www.tinkercad.com\/privacy\" target=\"_blank\" rel=\"noreferrer noopener\">Privacidad y seguridad<\/a><br><a href=\"https:\/\/www.tinkercad.com\/autodesk-privacy\" target=\"_blank\" rel=\"noreferrer noopener\">Privacidad Autodesk<\/a><\/td><\/tr><tr><td><a href=\"http:\/\/Wordwall\" target=\"_blank\" rel=\"noreferrer noopener\">Wordwall<\/a><\/td><td>Herramienta para crear actividades tanto interactivas como imprimibles.<\/td><td class=\"has-text-align-center\" data-align=\"center\"><a href=\"https:\/\/wordwall.net\/es\/account\/terms\" target=\"_blank\" rel=\"noreferrer noopener\">T\u00e9rminos de uso<\/a><br><a href=\"https:\/\/wordwall.net\/es\/account\/privacy\" target=\"_blank\" rel=\"noreferrer noopener\">Pol\u00edtica de privacidad<\/a><\/td><\/tr><\/tbody><\/table><\/figure>\n","protected":false},"excerpt":{"rendered":"<p>En Fundaci\u00f3n Educativa Franciscanas de la Inmaculada-Colegio La Pur\u00edsima de Alzira utilizamos Google Workspace for Education como un ecosistema tecnol\u00f3gico &hellip; <\/p>\n","protected":false},"author":1,"featured_media":0,"parent":0,"menu_order":0,"comment_status":"closed","ping_status":"closed","template":"","meta":{"footnotes":""},"class_list":["post-5004","page","type-page","status-publish","hentry"],"_links":{"self":[{"href":"https:\/\/lapurisimaalzira.org\/index.php?rest_route=\/wp\/v2\/pages\/5004","targetHints":{"allow":["GET"]}}],"collection":[{"href":"https:\/\/lapurisimaalzira.org\/index.php?rest_route=\/wp\/v2\/pages"}],"about":[{"href":"https:\/\/lapurisimaalzira.org\/index.php?rest_route=\/wp\/v2\/types\/page"}],"author":[{"embeddable":true,"href":"https:\/\/lapurisimaalzira.org\/index.php?rest_route=\/wp\/v2\/users\/1"}],"replies":[{"embeddable":true,"href":"https:\/\/lapurisimaalzira.org\/index.php?rest_route=%2Fwp%2Fv2%2Fcomments&post=5004"}],"version-history":[{"count":31,"href":"https:\/\/lapurisimaalzira.org\/index.php?rest_route=\/wp\/v2\/pages\/5004\/revisions"}],"predecessor-version":[{"id":5902,"href":"https:\/\/lapurisimaalzira.org\/index.php?rest_route=\/wp\/v2\/pages\/5004\/revisions\/5902"}],"wp:attachment":[{"href":"https:\/\/lapurisimaalzira.org\/index.php?rest_route=%2Fwp%2Fv2%2Fmedia&parent=5004"}],"curies":[{"name":"wp","href":"https:\/\/api.w.org\/{rel}","templated":true}]}}