{"id":536,"date":"2019-07-10T20:18:26","date_gmt":"2019-07-10T20:18:26","guid":{"rendered":"http:\/\/lapurisimaalzira.org\/?page_id=536"},"modified":"2019-09-09T20:52:55","modified_gmt":"2019-09-09T18:52:55","slug":"premios-curso-2018-2019","status":"publish","type":"page","link":"https:\/\/lapurisimaalzira.org\/?page_id=536","title":{"rendered":"Premios curso 2018-2019"},"content":{"rendered":"\n<p><strong><em>07-09-2019<\/em><\/strong><\/p>\n\n\n\n<p style=\"text-align:center\" class=\"has-large-font-size\"><img loading=\"lazy\" decoding=\"async\" width=\"300\" height=\"457\" class=\"wp-image-1627\" style=\"width: 300px;\" src=\"https:\/\/lapurisimaalzira.org\/wp-content\/uploads\/2019\/09\/17-Vicent-Andres-Estelles.jpg\" alt=\"\" srcset=\"https:\/\/lapurisimaalzira.org\/wp-content\/uploads\/2019\/09\/17-Vicent-Andres-Estelles.jpg 630w, https:\/\/lapurisimaalzira.org\/wp-content\/uploads\/2019\/09\/17-Vicent-Andres-Estelles-600x914.jpg 600w, https:\/\/lapurisimaalzira.org\/wp-content\/uploads\/2019\/09\/17-Vicent-Andres-Estelles-197x300.jpg 197w\" sizes=\"auto, (max-width: 300px) 100vw, 300px\" \/><\/p>\n\n\n\n<p>Nuestro alumno Bernat Maiques Garc\u00eda ha sido el ganador del Primer Premio Did\u00edn Puig, <\/p>\n\n\n\n<div class=\"wp-block-image\"><figure class=\"aligncenter\"><img loading=\"lazy\" decoding=\"async\" width=\"960\" height=\"720\" src=\"https:\/\/lapurisimaalzira.org\/wp-content\/uploads\/2019\/09\/03-70165995_1644294209034913_3349416978631622656_n.jpg\" alt=\"\" class=\"wp-image-1629\" srcset=\"https:\/\/lapurisimaalzira.org\/wp-content\/uploads\/2019\/09\/03-70165995_1644294209034913_3349416978631622656_n.jpg 960w, https:\/\/lapurisimaalzira.org\/wp-content\/uploads\/2019\/09\/03-70165995_1644294209034913_3349416978631622656_n-600x450.jpg 600w, https:\/\/lapurisimaalzira.org\/wp-content\/uploads\/2019\/09\/03-70165995_1644294209034913_3349416978631622656_n-300x225.jpg 300w, https:\/\/lapurisimaalzira.org\/wp-content\/uploads\/2019\/09\/03-70165995_1644294209034913_3349416978631622656_n-768x576.jpg 768w\" sizes=\"auto, (max-width: 960px) 100vw, 960px\" \/><\/figure><\/div>\n\n\n\n<p>Y nuestra alumna Alba Flores S\u00e1ez ha recibido el 3er premio de poes\u00eda corta.<\/p>\n\n\n\n<div class=\"wp-block-image\"><figure class=\"aligncenter\"><img loading=\"lazy\" decoding=\"async\" width=\"720\" height=\"960\" src=\"https:\/\/lapurisimaalzira.org\/wp-content\/uploads\/2019\/09\/01-17-Vicent-Andres-Estelles.jpg\" alt=\"\" class=\"wp-image-1628\" srcset=\"https:\/\/lapurisimaalzira.org\/wp-content\/uploads\/2019\/09\/01-17-Vicent-Andres-Estelles.jpg 720w, https:\/\/lapurisimaalzira.org\/wp-content\/uploads\/2019\/09\/01-17-Vicent-Andres-Estelles-600x800.jpg 600w, https:\/\/lapurisimaalzira.org\/wp-content\/uploads\/2019\/09\/01-17-Vicent-Andres-Estelles-225x300.jpg 225w\" sizes=\"auto, (max-width: 720px) 100vw, 720px\" \/><\/figure><\/div>\n\n\n\n<p><strong><em>25-05-2019<\/em><\/strong><\/p>\n\n\n\n<p class=\"has-large-font-size\">XXXII Cross escolar<\/p>\n\n\n\n<p style=\"text-align:center\"><strong>Alev\u00edn Femenino<\/strong><\/p>\n\n\n\n<p style=\"text-align:center\"><em><strong>1200 metros<\/strong><\/em><\/p>\n\n\n\n<p style=\"text-align:center\">2\u00ba &#8211; Laia Llinares Morales<\/p>\n\n\n\n<p style=\"text-align:center\">3\u00ba &#8211; Mar\u00eda Arlandis Guasp<\/p>\n\n\n\n<p style=\"text-align:center\"><strong>Alev\u00edn Masculino<\/strong><\/p>\n\n\n\n<p style=\"text-align:center\"><strong><em>1200 metros<\/em><\/strong><\/p>\n\n\n\n<p style=\"text-align:center\">1\u00ba &#8211; Marcos Vidal Asensio<br>3\u00ba &#8211; Dani Garc\u00eda<\/p>\n\n\n\n<p style=\"text-align:center\"><strong>Colegio mejor clasificado Alevin: La Pur\u00edsima<\/strong><\/p>\n\n\n\n<p style=\"text-align:center\"><strong>Pre-Benjam\u00edn Masculino<\/strong><\/p>\n\n\n\n<p style=\"text-align:center\">&nbsp;<em><strong>400 metros<\/strong><\/em><\/p>\n\n\n\n<p style=\"text-align:center\">1\u00ba &#8211; Ar\u00f3n Hurtado<\/p>\n\n\n\n<p style=\"text-align:center\">3\u00ba &#8211; Rafa Oliver<br><\/p>\n\n\n\n<p style=\"text-align:center\"><strong>Colegio mejor clasificado Pre-Benjam\u00edn: La Pur\u00edsima<\/strong><\/p>\n\n\n\n<p style=\"text-align:center\"><strong>Benjam\u00edn Masculino<\/strong><\/p>\n\n\n\n<p style=\"text-align:center\">&nbsp;<em><strong>1000 metros<\/strong><\/em><\/p>\n\n\n\n<p style=\"text-align:center\">1\u00ba &#8211; Nacho Pellicer Juan<\/p>\n\n\n\n<p style=\"text-align:center\">3\u00ba &#8211; Carlos Caster\u00e1<\/p>\n\n\n\n<hr class=\"wp-block-separator\"\/>\n\n\n\n<p><strong><em>21-04-2018<\/em><\/strong><\/p>\n\n\n\n<p class=\"has-large-font-size\">XIX Olimpiada escolar de atletismo<\/p>\n\n\n\n<p style=\"text-align:center\"><strong>Alev\u00edn Femenino<\/strong><br><\/p>\n\n\n\n<p style=\"text-align:center\"><strong><em>Altura<\/em><\/strong><\/p>\n\n\n\n<p style=\"text-align:center\">3\u00aa &#8211; Adriana Llinares Orts<\/p>\n\n\n\n<p style=\"text-align:center\"><strong><em>Peso<\/em><\/strong><\/p>\n\n\n\n<p style=\"text-align:center\">1\u00aa &#8211; Sara Mart\u00ednez Herrero<\/p>\n\n\n\n<p style=\"text-align:center\">2\u00aa &#8211; Carla Romero Bravo<\/p>\n\n\n\n<p style=\"text-align:center\"><strong><em>Longitud<\/em><\/strong><\/p>\n\n\n\n<p style=\"text-align:center\">2\u00aa &#8211; Blanca Llop Pelufo<br><\/p>\n\n\n\n<p style=\"text-align:center\"><strong><em>600 metros<\/em><\/strong><\/p>\n\n\n\n<p style=\"text-align:center\">1\u00aa &#8211; Sara Mart\u00ednez Herrero<br>3\u00aa &#8211; Laia Llinares Morales<br><\/p>\n\n\n\n<p style=\"text-align:center\"><strong>Alev\u00edn Masculino<\/strong><\/p>\n\n\n\n<p style=\"text-align:center\"><strong><em>Altura<\/em><\/strong><\/p>\n\n\n\n<p style=\"text-align:center\">1\u00ba &#8211; Federico Mar\u00edn Pascual<br>3\u00ba &#8211; Andrea Izquierdo Ripoll<br><\/p>\n\n\n\n<p style=\"text-align:center\"><strong><em>Peso<\/em><\/strong><\/p>\n\n\n\n<p style=\"text-align:center\">2\u00ba &#8211; Andrea Izquierdo Ripoll<br><\/p>\n\n\n\n<p style=\"text-align:center\"><em><strong>Longitud<\/strong><\/em><\/p>\n\n\n\n<p style=\"text-align:center\">1\u00ba &#8211; Federico Mar\u00edn Pascual<br><\/p>\n\n\n\n<p style=\"text-align:center\"><em><strong>600 metros<\/strong><\/em><\/p>\n\n\n\n<p style=\"text-align:center\">1\u00ba &#8211; Federico Mar\u00edn Pascual<\/p>\n\n\n\n<p style=\"text-align:center\">2\u00ba &#8211; Andrea Izquierdo Ripoll<br>3\u00ba &#8211; Marcos Vidal Asensio<\/p>\n\n\n\n<p style=\"text-align:center\"><strong><em>4&#215;100 metros<br><\/em><\/strong><\/p>\n\n\n\n<p style=\"text-align:center\">2\u00ba &#8211; Manu, Michel, Andrea, Fede<br><\/p>\n\n\n\n<p style=\"text-align:center\"><strong>Benjam\u00edn Femenino<\/strong><\/p>\n\n\n\n<p style=\"text-align:center\"><strong><em>Altura<\/em><\/strong><\/p>\n\n\n\n<p style=\"text-align:center\">2\u00ba &#8211; Ana Albelda Jover<br><\/p>\n\n\n\n<p style=\"text-align:center\"><strong>Benjam\u00edn Masculino<\/strong><\/p>\n\n\n\n<p style=\"text-align:center\"><strong><em>Peso<\/em><\/strong><\/p>\n\n\n\n<p style=\"text-align:center\">2\u00ba &#8211; Jos\u00e9 Antonio Sifre<\/p>\n\n\n\n<p style=\"text-align:center\"><em><strong>400 metros<\/strong><\/em><\/p>\n\n\n\n<p style=\"text-align:center\">1\u00ba &#8211; Bruno Parra Santamar\u00eda<br>2\u00ba &#8211; Vicente Aguilar Pellicer<\/p>\n\n\n\n<p style=\"text-align:center\"><strong><em>4&#215;100 metros<\/em><\/strong><\/p>\n\n\n\n<p style=\"text-align:center\">1\u00ba &#8211; Vicente, David, Fran, Bruno<br><\/p>\n\n\n\n<p style=\"text-align:center\"><strong>Infantil Femenino<\/strong><\/p>\n\n\n\n<p style=\"text-align:center\"><strong><em>Altura<\/em><\/strong><\/p>\n\n\n\n<p style=\"text-align:center\">2\u00aa &#8211; Ainhoa Santamar\u00eda Ballesteros<\/p>\n\n\n\n<p style=\"text-align:center\">3\u00aa &#8211; Aitana P\u00e9rez Piera<\/p>\n\n\n\n<p style=\"text-align:center\"><strong><em>Peso<\/em><\/strong><\/p>\n\n\n\n<p style=\"text-align:center\">1\u00aa &#8211; Elena Mar\u00edn Pascual<br>3\u00aa &#8211; Aitana P\u00e9rez Piera<\/p>\n\n\n\n<p style=\"text-align:center\"><strong><em>Longitud<\/em><\/strong><\/p>\n\n\n\n<p style=\"text-align:center\">2\u00aa &#8211; Claudia Gil Vela<br>3\u00aa &#8211; Aitana P\u00e9rez Piera<\/p>\n\n\n\n<p style=\"text-align:center\"><strong><em>800 metros<\/em><\/strong><\/p>\n\n\n\n<p style=\"text-align:center\">1\u00aa &#8211; Aitana P\u00e9rez Piera&nbsp;<br>2\u00ba &#8211; Blanca Valencia Carreres<br><\/p>\n\n\n\n<p style=\"text-align:center\"><strong><em>4&#215;100 metros<\/em><\/strong><\/p>\n\n\n\n<p style=\"text-align:center\">&nbsp;2\u00ba &#8211; Colegio La Pur\u00edsima (Elena, Consuelo, Blanca, Ainhoa)<br>3\u00ba &#8211; Colegio La Pur\u00edsima&nbsp;(Luc\u00eda, Estela, Claudia, Carla)<\/p>\n\n\n\n<p style=\"text-align:center\"><strong>Infantil Masculino<\/strong><\/p>\n\n\n\n<p style=\"text-align:center\"><strong><em>Altura<\/em><\/strong><\/p>\n\n\n\n<p style=\"text-align:center\">1\u00ba &#8211; Dimas Gonz\u00e1lez Climent<br>3\u00ba &#8211; Josep Escandell Nadal<\/p>\n\n\n\n<p style=\"text-align:center\"><strong><em>Peso<\/em><\/strong><\/p>\n\n\n\n<p style=\"text-align:center\">3\u00ba &#8211; Bernat Caster\u00e1 G\u00f3mez<br><\/p>\n\n\n\n<p style=\"text-align:center\"><strong><em>Longitud<\/em><\/strong><\/p>\n\n\n\n<p style=\"text-align:center\">1\u00ba &#8211; Alberto Alves Penad\u00e9s&nbsp;<br>3\u00ba &#8211; Marc Santamar\u00eda Terol<br><\/p>\n\n\n\n<p style=\"text-align:center\"><strong><em>800 metros<\/em><\/strong><\/p>\n\n\n\n<p style=\"text-align:center\">1\u00ba &#8211; Alberto Alves Penad\u00e9s<br>2\u00ba &#8211; Marc Santamar\u00eda Terol<\/p>\n\n\n\n<p style=\"text-align:center\">3\u00ba &#8211; Ricardo Pellicer Boluda<\/p>\n\n\n\n<p style=\"text-align:center\"><strong><em>4&#215;400 metros<br><\/em><\/strong><\/p>\n\n\n\n<p style=\"text-align:center\">1\u00ba &#8211; Colegio La Pur\u00edsima (Ricardo, Dimas, Marc, Alberto)&nbsp;<br>3\u00ba &#8211; Colegio La Pur\u00edsima (Josep, Bernat, H\u00e9ctor, Goren)<br><\/p>\n\n\n\n<div class=\"wp-block-image\"><figure class=\"aligncenter\"><a href=\"http:\/\/www.elseisdoble.com\/ver_noticia.asp?sec=1&amp;id=42993\" target=\"_blank\" rel=\"noreferrer noopener\"><img decoding=\"async\" src=\"http:\/\/www.lapurisimaalzira.es\/mediapool\/113\/1131484\/resources\/52996807.jpg\" alt=\"23-04-2018\"\/><\/a><\/figure><\/div>\n\n\n\n<p style=\"text-align:center\"><a href=\"http:\/\/www.elseisdoble.com\/ver_noticia.asp?sec=1&amp;id=42993\" target=\"_blank\" rel=\"noreferrer noopener\">Alumnos de colegios de Alzira y La Barraca participaron en la XIX Olimpiada Escolar de Atletismo<\/a><\/p>\n\n\n\n<hr class=\"wp-block-separator\"\/>\n\n\n\n<p><strong><em>12-04-2019<\/em><\/strong><\/p>\n\n\n\n<p class=\"has-large-font-size\">Concurso escolar de dibujo Semana Santa<\/p>\n\n\n\n<p>Nuestras alumnas han recibido los premios del Concurso Escolar de dibujo de la Semana Santa de Alzira en la Casa de la Cultura.<\/p>\n\n\n\n<div class=\"wp-block-image\"><figure class=\"aligncenter\"><img decoding=\"async\" src=\"http:\/\/www.lapurisimaalzira.es\/mediapool\/113\/1131484\/resources\/52589017.jpg\" alt=\"\"\/><\/figure><\/div>\n\n\n\n<p style=\"text-align:center\">Emma Belenguer, 2\u00ba premio del Primer Ciclo de Primaria<\/p>\n\n\n\n<div class=\"wp-block-image\"><figure class=\"aligncenter\"><img decoding=\"async\" src=\"http:\/\/www.lapurisimaalzira.es\/mediapool\/113\/1131484\/resources\/52589027.jpg\" alt=\"\"\/><\/figure><\/div>\n\n\n\n<p style=\"text-align:center\">Cayetana Mart\u00ednez, 2\u00ba premio del Segundo Ciclo de Primaria<\/p>\n\n\n\n<div class=\"wp-block-image\"><figure class=\"aligncenter\"><img decoding=\"async\" src=\"http:\/\/www.lapurisimaalzira.es\/mediapool\/113\/1131484\/resources\/52589112.jpg\" alt=\"\"\/><\/figure><\/div>\n\n\n\n<p style=\"text-align:center\">Mar\u00eda Leal, 3er premio del Tercer Ciclo de Primaria<\/p>\n\n\n\n<div class=\"wp-block-image\"><figure class=\"aligncenter\"><img decoding=\"async\" src=\"http:\/\/www.lapurisimaalzira.es\/mediapool\/113\/1131484\/resources\/52589117.jpg\" alt=\"\"\/><\/figure><\/div>\n\n\n\n<hr class=\"wp-block-separator\"\/>\n\n\n\n<p><strong><em>28-02-2019<\/em><\/strong><\/p>\n\n\n\n<div class=\"wp-block-image\"><figure class=\"aligncenter\"><img decoding=\"async\" src=\"http:\/\/www.lapurisimaalzira.es\/mediapool\/113\/1131484\/resources\/52223907.jpg\" alt=\"\"\/><\/figure><\/div>\n\n\n\n<p>Nuestra alumna de 4\u00baA de Educaci\u00f3n Primaria, Cayetana Mart\u00ednez Montalv\u00e1, ha recibido el premio al mejor dibujo de nuestro colegio en la actividad \u00abL&#8217;Art de la Regany\u00e0\u00bb.<\/p>\n\n\n\n<div class=\"wp-block-image\"><figure class=\"aligncenter\"><img decoding=\"async\" src=\"http:\/\/www.lapurisimaalzira.es\/mediapool\/113\/1131484\/resources\/52223947.jpg\" alt=\"\"\/><\/figure><\/div>\n\n\n\n<div class=\"wp-block-image\"><figure class=\"aligncenter\"><img decoding=\"async\" src=\"http:\/\/www.lapurisimaalzira.es\/mediapool\/113\/1131484\/resources\/big_52223957_0_500-667.jpg\" alt=\"\"\/><\/figure><\/div>\n\n\n\n<hr class=\"wp-block-separator\"\/>\n\n\n\n<p><strong><em>14-12-2018<\/em><\/strong><\/p>\n\n\n\n<p class=\"has-large-font-size\">II Concurs de narrativa en Valenci\u00e0<\/p>\n\n\n\n<p>Hoy por la tarde ha tenido lugar la entrega de premios del concurso de narrativa en valenciano \u00abEls llibres canvien el m\u00f3n\u00bb organizado y patrocinado por el ayuntamiento de Alzira.<\/p>\n\n\n\n<div class=\"wp-block-image\"><figure class=\"aligncenter\"><img decoding=\"async\" src=\"http:\/\/www.lapurisimaalzira.es\/mediapool\/113\/1131484\/resources\/51630637.jpg\" alt=\"\"\/><\/figure><\/div>\n\n\n\n<p>Han resultado premiados nuestros alumnos Irene Azor\u00edn de 1\u00ba de ESO, Alexia Esparza de 3\u00ba de ESO, Malena Gim\u00e9nez de 4\u00ba de ESO y Antonio Mir\u00f3 de 2\u00ba de Bachillerato.<\/p>\n\n\n\n<div class=\"wp-block-image\"><figure class=\"aligncenter\"><img decoding=\"async\" src=\"http:\/\/www.lapurisimaalzira.es\/mediapool\/113\/1131484\/resources\/51630642.jpg\" alt=\"\"\/><\/figure><\/div>\n\n\n\n<p><\/p>\n\n\n\n<div class=\"wp-block-image\"><figure class=\"aligncenter\"><img decoding=\"async\" src=\"http:\/\/www.lapurisimaalzira.es\/mediapool\/113\/1131484\/resources\/51630647.jpg\" alt=\"\"\/><\/figure><\/div>\n\n\n\n<div class=\"wp-block-image\"><figure class=\"aligncenter\"><a href=\"http:\/\/elseisdoble.com\/vernoticia\/45133\/el_ii_concurs_de_redaccio_en_valencia_ja_te_guanyadores_i_guanyadors\" target=\"_blank\" rel=\"noreferrer noopener\"><img decoding=\"async\" src=\"http:\/\/www.lapurisimaalzira.es\/mediapool\/113\/1131484\/resources\/51630617.jpg\" alt=\"18-12-2018\"\/><\/a><\/figure><\/div>\n\n\n\n<p style=\"text-align:center\"><a href=\"http:\/\/elseisdoble.com\/vernoticia\/45133\/el_ii_concurs_de_redaccio_en_valencia_ja_te_guanyadores_i_guanyadors\" target=\"_blank\" rel=\"noreferrer noopener\">18-12-2018<\/a><\/p>\n\n\n\n<hr class=\"wp-block-separator\"\/>\n\n\n\n<p><strong><em>24-11-2018<\/em><\/strong><\/p>\n\n\n\n<div class=\"wp-block-image\"><figure class=\"aligncenter\"><img decoding=\"async\" src=\"http:\/\/www.lapurisimaalzira.es\/mediapool\/113\/1131484\/resources\/51470727.png\" alt=\"\"\/><\/figure><\/div>\n\n\n\n<p>Hoy ha tenido lugar la entrega de premios del II Concurs d&#8217;Escriptura en Valenci\u00e0 con el tema \u00abLes festes que m\u00e9s t&#8217;estimes\u00bb, en el Monasterio de San Miguel de los Reyes, en Valencia.<\/p>\n\n\n\n<div class=\"wp-block-image\"><figure class=\"aligncenter\"><img decoding=\"async\" src=\"http:\/\/www.lapurisimaalzira.es\/mediapool\/113\/1131484\/resources\/51470837.jpg\" alt=\"\"\/><\/figure><\/div>\n\n\n\n<p>Laura Fargueta, alumna de 4\u00ba de ESO, ha obtenido el 3er premio de la categor\u00eda de 3\u00ba y 4\u00ba de ESO.<\/p>\n\n\n\n<div class=\"wp-block-image\"><figure class=\"aligncenter\"><img decoding=\"async\" src=\"http:\/\/www.lapurisimaalzira.es\/mediapool\/113\/1131484\/resources\/51470842.jpg\" alt=\"\"\/><\/figure><\/div>\n\n\n\n<hr class=\"wp-block-separator\"\/>\n\n\n\n<p><strong><em>07-11-2018<\/em><\/strong><\/p>\n\n\n\n<p class=\"has-large-font-size\">XXI Premios de narrativa infantil y juvenil Falla Pla\u00e7a Malva<\/p>\n\n\n\n<div class=\"wp-block-image\"><figure class=\"aligncenter\"><img decoding=\"async\" src=\"http:\/\/www.lapurisimaalzira.es\/mediapool\/113\/1131484\/resources\/51357922.jpg\" alt=\"\"\/><\/figure><\/div>\n\n\n\n<p>Juan Borrero Peris ha sido premiado en una de las categor\u00edas de Primaria.<\/p>\n\n\n\n<div class=\"wp-block-image\"><figure class=\"aligncenter\"><img decoding=\"async\" src=\"http:\/\/www.lapurisimaalzira.es\/mediapool\/113\/1131484\/resources\/51357932.jpg\" alt=\"\"\/><\/figure><\/div>\n\n\n\n<p>Cristina Alves, Sol Pellicer y Manu Canet han sido premiados en la categor\u00eda de Secundaria.<\/p>\n\n\n\n<div class=\"wp-block-image\"><figure class=\"aligncenter\"><img decoding=\"async\" src=\"http:\/\/www.lapurisimaalzira.es\/mediapool\/113\/1131484\/resources\/51357942.jpg\" alt=\"\"\/><\/figure><\/div>\n\n\n\n<p>Los trabajos ganadores ser\u00e1n publicados en el libro de la falla.<\/p>\n\n\n\n<div class=\"wp-block-image\"><figure class=\"aligncenter\"><img decoding=\"async\" src=\"http:\/\/www.lapurisimaalzira.es\/mediapool\/113\/1131484\/resources\/51357952.jpg\" alt=\"\"\/><\/figure><\/div>\n\n\n\n<p><a href=\"https:\/\/www.totalzira.com\/comarcal\/ribera-alta\/alzira\/guanyadors-del-xxi-concurs-narrativa-infantil-i-juvenil-de-la-falla-placa-malva\/\" target=\"_blank\" rel=\"noreferrer noopener\">Tot Alzira (08-11-2018)<\/a>: \u00abGuanyadors del XXI Concurs Narrativa Infantil i Juvenil de la Falla Pla\u00e7a Malva\u00bb.<\/p>\n\n\n\n<p><a href=\"https:\/\/www.riberaexpress.es\/2018\/11\/07\/400-treballs-participen-en-els-xxi-premis-del-concurs-de-narrativa-infantil-i-juvenil-de-la-malva\/\" target=\"_blank\" rel=\"noreferrer noopener\">Ribera Express (07-11-2018)<\/a>: \u00ab400 treballs participen en els XXI Premis del Concurs de Narrativa Infantil i Juvenil de la Malva\u00bb.<\/p>\n\n\n\n<hr class=\"wp-block-separator\"\/>\n\n\n\n<p><strong><em>11-09-2018<\/em><\/strong><\/p>\n\n\n\n<p class=\"has-large-font-size\">XVI Premios Vicent Andr\u00e9s Estell\u00e9s<\/p>\n\n\n\n<p align=\"justify\">Los premiados del Colegio La Pur\u00edsima, Lidia Fargueta, Beatriz Garc\u00eda, Carmina Borrero y Carlos Gonz\u00e1lez, recogieron el pasado 8 de septiembre los premios en Benimodo en el acto de entrega de los XVI Premios Vicent Andr\u00e9s Estell\u00e9s en poes\u00eda y narrativa corta en valenciano, fomentando el uso de nuestra lengua.<\/p>\n\n\n\n<p>Recordemos que estos premios corresponden al curso pasado 2017-18.<\/p>\n\n\n\n<div class=\"wp-block-image\"><figure class=\"aligncenter\"><img decoding=\"async\" src=\"http:\/\/www.lapurisimaalzira.es\/mediapool\/113\/1131484\/resources\/50827348.jpg\" alt=\"\"\/><\/figure><\/div>\n\n\n\n<p>Carmina Borrero Peris, alumna de 4\u00ba de ESO, ha recibido la menci\u00f3n en narrativa corta con el relato titulado \u00abLa riquesa del tren\u00bb.<\/p>\n\n\n\n<p>Lidia Fargueta Pelufo, de 2\u00ba de Bachillerato, ha recibido la menci\u00f3n en narrativa por \u00abUna vida, un instant\u00bb.<\/p>\n\n\n\n<p>Beatriz Garc\u00eda Ib\u00e1\u00f1ez, de 2\u00ba de Bachillerato, ha recibido la menci\u00f3n en poes\u00eda por \u00abLa pena de l&#8217;amor\u00bb.<\/p>\n\n\n\n<p>Y, Carlos Gonz\u00e1lez Colomer, de 2\u00ba de Bachillerato, ha recibido la menci\u00f3n por su relato \u00abAn\u00e0lisi d&#8217;una corda\u00bb en la modalidad de poes\u00eda.<\/p>\n\n\n\n<div class=\"wp-block-image\"><figure class=\"aligncenter\"><img decoding=\"async\" src=\"http:\/\/www.lapurisimaalzira.es\/mediapool\/113\/1131484\/resources\/50827358.jpg\" alt=\"\"\/><\/figure><\/div>\n\n\n\n<p align=\"justify\">Al acto han asistido, entre otras, la Molt Honorable Vicepresidenta del Consell de la Generalitat Valenciana y Consellera d&#8217;Igualtat i Pol\u00edtiques inclusives M\u00f3nica Oltra, el alcalde de Benimodo Francisco Teruel y el concejal del Ayuntamiento de Alzira, Albert Furi\u00f3. Tambi\u00e9n, representando al centro, han acompa\u00f1ado a los alumnos premiados: Jos\u00e9 Antonio Lozano, como Director, M\u00aa Dolores Navarro, como Jefa de Estudios, y Nadia Che como profesora del centro.<\/p>\n\n\n\n<div class=\"wp-block-image\"><figure class=\"aligncenter\"><img decoding=\"async\" src=\"http:\/\/www.lapurisimaalzira.es\/mediapool\/113\/1131484\/resources\/50827353.jpg\" alt=\"\"\/><\/figure><\/div>\n\n\n\n<p align=\"justify\">Hay que destacar que en las \u00faltimas cuatro ediciones el alumnado de La Pur\u00edsima ha sido del que m\u00e1s ha participado y tambi\u00e9n de los que m\u00e1s galardones y menciones han recibido.<\/p>\n","protected":false},"excerpt":{"rendered":"<p>07-09-2019 Nuestro alumno Bernat Maiques Garc\u00eda ha sido el ganador del Primer Premio Did\u00edn Puig, Y nuestra alumna Alba Flores &hellip; <\/p>\n","protected":false},"author":1,"featured_media":0,"parent":0,"menu_order":0,"comment_status":"closed","ping_status":"closed","template":"","meta":{"footnotes":""},"class_list":["post-536","page","type-page","status-publish","hentry"],"_links":{"self":[{"href":"https:\/\/lapurisimaalzira.org\/index.php?rest_route=\/wp\/v2\/pages\/536","targetHints":{"allow":["GET"]}}],"collection":[{"href":"https:\/\/lapurisimaalzira.org\/index.php?rest_route=\/wp\/v2\/pages"}],"about":[{"href":"https:\/\/lapurisimaalzira.org\/index.php?rest_route=\/wp\/v2\/types\/page"}],"author":[{"embeddable":true,"href":"https:\/\/lapurisimaalzira.org\/index.php?rest_route=\/wp\/v2\/users\/1"}],"replies":[{"embeddable":true,"href":"https:\/\/lapurisimaalzira.org\/index.php?rest_route=%2Fwp%2Fv2%2Fcomments&post=536"}],"version-history":[{"count":9,"href":"https:\/\/lapurisimaalzira.org\/index.php?rest_route=\/wp\/v2\/pages\/536\/revisions"}],"predecessor-version":[{"id":1630,"href":"https:\/\/lapurisimaalzira.org\/index.php?rest_route=\/wp\/v2\/pages\/536\/revisions\/1630"}],"wp:attachment":[{"href":"https:\/\/lapurisimaalzira.org\/index.php?rest_route=%2Fwp%2Fv2%2Fmedia&parent=536"}],"curies":[{"name":"wp","href":"https:\/\/api.w.org\/{rel}","templated":true}]}}