{"id":539,"date":"2019-07-10T20:18:49","date_gmt":"2019-07-10T20:18:49","guid":{"rendered":"http:\/\/lapurisimaalzira.org\/?page_id=539"},"modified":"2019-07-12T08:02:41","modified_gmt":"2019-07-12T08:02:41","slug":"premios-curso-2017-2018","status":"publish","type":"page","link":"https:\/\/lapurisimaalzira.org\/?page_id=539","title":{"rendered":"Premios curso 2017-2018"},"content":{"rendered":"\n<p><strong><em>05-06-2018<\/em><\/strong><\/p>\n\n\n\n<p class=\"has-large-font-size\">XXXI Cross escolar<\/p>\n\n\n\n<p style=\"text-align:center\"><strong>Alev\u00edn Femenino<\/strong><\/p>\n\n\n\n<p style=\"text-align:center\"><em><strong>1200 metros<\/strong><\/em><\/p>\n\n\n\n<p style=\"text-align:center\">2\u00ba &#8211; Laia Llinares Morales<\/p>\n\n\n\n<p style=\"text-align:center\">3\u00ba &#8211; Claudia Cerezo Mart\u00ed<\/p>\n\n\n\n<p style=\"text-align:center\"><strong>Alev\u00edn Masculino<\/strong><\/p>\n\n\n\n<p style=\"text-align:center\"><strong><em>1200 metros<\/em><\/strong><\/p>\n\n\n\n<p style=\"text-align:center\">2\u00ba &#8211; Marcos Vidal Asensio<br> <\/p>\n\n\n\n<p style=\"text-align:center\"><strong>Colegio mejor clasificado Alevin: La Pur\u00edsima<\/strong> <\/p>\n\n\n\n<p style=\"text-align:center\"><strong>Pre-Benjam\u00edn Masculino<\/strong><\/p>\n\n\n\n<p style=\"text-align:center\">&nbsp;<em><strong>400 metros<\/strong><\/em><\/p>\n\n\n\n<p style=\"text-align:center\">2\u00ba &#8211; Koke Peris Sanchis<\/p>\n\n\n\n<p style=\"text-align:center\">3\u00ba &#8211; Carlos Bachero Caster\u00e1<br> <\/p>\n\n\n\n<p style=\"text-align:center\"><strong>Benjam\u00edn Femenino<\/strong><\/p>\n\n\n\n<p style=\"text-align:center\"><strong><em>1000 metros<\/em><\/strong><\/p>\n\n\n\n<p style=\"text-align:center\">3\u00aa &#8211; Mar\u00eda Arlandis Guasp<br> <\/p>\n\n\n\n<p style=\"text-align:center\"><strong>Benjam\u00edn Masculino<\/strong><\/p>\n\n\n\n<p style=\"text-align:center\">&nbsp;<em><strong>1000 metros<\/strong><\/em><\/p>\n\n\n\n<p style=\"text-align:center\">3\u00ba &#8211; Nacho Pellicer Juan<\/p>\n\n\n\n<p style=\"text-align:center\"><strong>Infantil Femenino<\/strong><\/p>\n\n\n\n<p style=\"text-align:center\"><strong><em>1400 metros<\/em><\/strong><\/p>\n\n\n\n<p style=\"text-align:center\">3\u00aa &#8211; Blanca Valencia Carreres<\/p>\n\n\n\n<p style=\"text-align:center\"><strong>Infantil Masculino<\/strong><\/p>\n\n\n\n<p style=\"text-align:center\"><strong><em>1400 metros<\/em><\/strong><\/p>\n\n\n\n<p style=\"text-align:center\">&nbsp;2\u00ba &#8211; Roberto Dami\u00e1 Osca<\/p>\n\n\n\n<div class=\"wp-block-image\"><figure class=\"aligncenter\"><a href=\"https:\/\/drive.google.com\/drive\/folders\/1I9CRXwmwXDNZlk-9fMLE50YTc0OLWA4P\" target=\"_blank\" rel=\"noreferrer noopener\"><img decoding=\"async\" src=\"http:\/\/www.lapurisimaalzira.es\/mediapool\/113\/1131484\/resources\/50055839.jpg\" alt=\"Fotos\"\/><\/a><\/figure><\/div>\n\n\n\n<p style=\"text-align:center\"><a href=\"https:\/\/drive.google.com\/drive\/folders\/1I9CRXwmwXDNZlk-9fMLE50YTc0OLWA4P\" target=\"_blank\" rel=\"noreferrer noopener\">Fotos<\/a><\/p>\n\n\n\n<hr class=\"wp-block-separator\"\/>\n\n\n\n<p><strong><em>21-04-2018<\/em><\/strong><\/p>\n\n\n\n<p class=\"has-large-font-size\">XIX Olimpiada escolar de atletismo<\/p>\n\n\n\n<p style=\"text-align:center\"><strong>Alev\u00edn Femenino<\/strong><br> <\/p>\n\n\n\n<p style=\"text-align:center\"><strong><em>Altura<\/em><\/strong><\/p>\n\n\n\n<p style=\"text-align:center\">3\u00aa &#8211; Adriana Llinares Orts<\/p>\n\n\n\n<p style=\"text-align:center\"><strong><em>Peso<\/em><\/strong><\/p>\n\n\n\n<p style=\"text-align:center\">1\u00aa &#8211; Sara Mart\u00ednez Herrero<br> 2\u00aa &#8211; Carla Romero Bravo<\/p>\n\n\n\n<p style=\"text-align:center\"><strong><em>Longitud<\/em><\/strong><\/p>\n\n\n\n<p style=\"text-align:center\">2\u00aa &#8211; Blanca Llop Pelufo<br> <\/p>\n\n\n\n<p style=\"text-align:center\"><strong><em>600 metros<\/em><\/strong><\/p>\n\n\n\n<p style=\"text-align:center\">1\u00aa &#8211; Sara Mart\u00ednez Herrero<br>3\u00aa &#8211; Laia Llinares Morales<br> <\/p>\n\n\n\n<p style=\"text-align:center\"><strong>Alev\u00edn Masculino<\/strong><\/p>\n\n\n\n<p style=\"text-align:center\"><strong><em>Altura<\/em><\/strong><\/p>\n\n\n\n<p style=\"text-align:center\">1\u00ba &#8211; Federico Mar\u00edn Pascual<br>3\u00ba &#8211; Andrea Izquierdo Ripoll<br> <\/p>\n\n\n\n<p style=\"text-align:center\"><strong><em>Peso<\/em><\/strong><\/p>\n\n\n\n<p style=\"text-align:center\">2\u00ba &#8211; Andrea Izquierdo Ripoll<br> <\/p>\n\n\n\n<p style=\"text-align:center\"><em><strong>Longitud<\/strong><\/em><\/p>\n\n\n\n<p style=\"text-align:center\">1\u00ba &#8211; Federico Mar\u00edn Pascual<br> <\/p>\n\n\n\n<p style=\"text-align:center\"><em><strong>600 metros<\/strong><\/em><\/p>\n\n\n\n<p style=\"text-align:center\">1\u00ba &#8211; Federico Mar\u00edn Pascual<\/p>\n\n\n\n<p style=\"text-align:center\">2\u00ba &#8211; Andrea Izquierdo Ripoll<br>3\u00ba &#8211; Marcos Vidal Asensio<\/p>\n\n\n\n<p style=\"text-align:center\"><strong><em>4&#215;100 metros<br> <\/em><\/strong><\/p>\n\n\n\n<p style=\"text-align:center\">2\u00ba &#8211; Manu, Michel, Andrea, Fede<br> <\/p>\n\n\n\n<p style=\"text-align:center\"><strong>Benjam\u00edn Femenino<\/strong><\/p>\n\n\n\n<p style=\"text-align:center\"><strong><em>Altura<\/em><\/strong><\/p>\n\n\n\n<p style=\"text-align:center\">2\u00ba &#8211; Ana Albelda Jover<br> <\/p>\n\n\n\n<p style=\"text-align:center\"><strong>Benjam\u00edn Masculino<\/strong><\/p>\n\n\n\n<p style=\"text-align:center\"><strong><em>Peso<\/em><\/strong><\/p>\n\n\n\n<p style=\"text-align:center\">2\u00ba &#8211; Jos\u00e9 Antonio Sifre <\/p>\n\n\n\n<p style=\"text-align:center\"><em><strong>400 metros<\/strong><\/em><\/p>\n\n\n\n<p style=\"text-align:center\">1\u00ba &#8211; Bruno Parra Santamar\u00eda<br>2\u00ba &#8211; Vicente Aguilar Pellicer<\/p>\n\n\n\n<p style=\"text-align:center\"><strong><em>4&#215;100 metros<\/em><\/strong><\/p>\n\n\n\n<p style=\"text-align:center\">1\u00ba &#8211; Vicente, David, Fran, Bruno<br> <\/p>\n\n\n\n<p style=\"text-align:center\"><strong>Infantil Femenino<\/strong><\/p>\n\n\n\n<p style=\"text-align:center\"><strong><em>Altura<\/em><\/strong><\/p>\n\n\n\n<p style=\"text-align:center\">2\u00aa &#8211; Ainhoa Santamar\u00eda Ballesteros<\/p>\n\n\n\n<p style=\"text-align:center\">3\u00aa &#8211; Aitana P\u00e9rez Piera<\/p>\n\n\n\n<p style=\"text-align:center\"><strong><em>Peso<\/em><\/strong><\/p>\n\n\n\n<p style=\"text-align:center\">1\u00aa &#8211; Elena Mar\u00edn Pascual<br>3\u00aa &#8211; Aitana P\u00e9rez Piera<\/p>\n\n\n\n<p style=\"text-align:center\"><strong><em>Longitud<\/em><\/strong><\/p>\n\n\n\n<p style=\"text-align:center\">2\u00aa &#8211; Claudia Gil Vela<br>3\u00aa &#8211; Aitana P\u00e9rez Piera<\/p>\n\n\n\n<p style=\"text-align:center\"><strong><em>800 metros<\/em><\/strong><\/p>\n\n\n\n<p style=\"text-align:center\">1\u00aa &#8211; Aitana P\u00e9rez Piera <br>2\u00ba &#8211; Blanca Valencia Carreres<br> <\/p>\n\n\n\n<p style=\"text-align:center\"><strong><em>4&#215;100 metros<\/em><\/strong><\/p>\n\n\n\n<p style=\"text-align:center\">\u00a02\u00ba &#8211; Colegio La Pur\u00edsima (Elena, Consuelo, Blanca, Ainhoa)<br>3\u00ba &#8211; Colegio La Pur\u00edsima (Luc\u00eda, Estela, Claudia, Carla)<\/p>\n\n\n\n<p style=\"text-align:center\"><strong>Infantil Masculino<\/strong><\/p>\n\n\n\n<p style=\"text-align:center\"><strong><em>Altura<\/em><\/strong><\/p>\n\n\n\n<p style=\"text-align:center\">1\u00ba &#8211; Dimas Gonz\u00e1lez Climent<br>3\u00ba &#8211; Josep Escandell Nadal<\/p>\n\n\n\n<p style=\"text-align:center\"><strong><em>Peso<\/em><\/strong><\/p>\n\n\n\n<p style=\"text-align:center\">3\u00ba &#8211; Bernat Caster\u00e1 G\u00f3mez<br> <\/p>\n\n\n\n<p style=\"text-align:center\"><strong><em>Longitud<\/em><\/strong><\/p>\n\n\n\n<p style=\"text-align:center\">1\u00ba &#8211; Alberto Alves Penad\u00e9s <br>3\u00ba &#8211; Marc Santamar\u00eda Terol<br> <\/p>\n\n\n\n<p style=\"text-align:center\"><strong><em>800 metros<\/em><\/strong><\/p>\n\n\n\n<p style=\"text-align:center\">1\u00ba &#8211; Alberto Alves Penad\u00e9s<br>2\u00ba &#8211; Marc Santamar\u00eda Terol<\/p>\n\n\n\n<p style=\"text-align:center\">3\u00ba &#8211; Ricardo Pellicer Boluda<\/p>\n\n\n\n<p style=\"text-align:center\"><strong><em>4&#215;400 metros<br> <\/em><\/strong><\/p>\n\n\n\n<p style=\"text-align:center\">1\u00ba &#8211; Colegio La Pur\u00edsima (Ricardo, Dimas, Marc, Alberto) <br>3\u00ba &#8211; Colegio La Pur\u00edsima (Josep, Bernat, H\u00e9ctor, Goren)<br> <\/p>\n\n\n\n<div class=\"wp-block-image\"><figure class=\"aligncenter\"><a href=\"http:\/\/www.elseisdoble.com\/ver_noticia.asp?sec=1&amp;id=42993\" target=\"_blank\" rel=\"noreferrer noopener\"><img decoding=\"async\" src=\"http:\/\/www.lapurisimaalzira.es\/mediapool\/113\/1131484\/resources\/49761829.jpg\" alt=\"23-04-2018\"\/><\/a><\/figure><\/div>\n\n\n\n<p style=\"text-align:center\"><a href=\"http:\/\/www.elseisdoble.com\/ver_noticia.asp?sec=1&amp;id=42993\" target=\"_blank\" rel=\"noreferrer noopener\">Alumnos de colegios de Alzira y La Barraca participaron en la XIX Olimpiada Escolar de Atletismo<\/a><\/p>\n\n\n\n<hr class=\"wp-block-separator\"\/>\n\n\n\n<p><strong><em>26-04-2018<\/em><\/strong><\/p>\n\n\n\n<p class=\"has-large-font-size\">IV Concurso de Fotograf\u00eda digital<\/p>\n\n\n\n<p align=\"justify\">Las\n alumnas Maribel Bono, de 1\u00ba de Bachillerato, y Rosana Bravo, de 4\u00ba de \nESO, han ganado el segundo premio, cada una en su categor\u00eda, del IV \nConcurso de Fotograf\u00eda Digital organizado por el ayuntamiento de Alzira.\n El lema de este a\u00f1o ha sido \u00abLa Muntanyeta del Salvador d&#8217;Alzira, \npatrimoni cultural i etnol\u00f2gic\u00bb.<\/p>\n\n\n\n<div class=\"wp-block-image\"><figure class=\"aligncenter\"><img decoding=\"async\" src=\"http:\/\/www.lapurisimaalzira.es\/mediapool\/113\/1131484\/resources\/49673729.jpg\" alt=\"\"\/><\/figure><\/div>\n\n\n\n<hr class=\"wp-block-separator\"\/>\n\n\n\n<p><strong><em>28-03-2018<\/em><\/strong><\/p>\n\n\n\n<p class=\"has-large-font-size\">Premios extraordinarios Secundaria, curso 2016-17<\/p>\n\n\n\n<div class=\"wp-block-image\"><figure class=\"aligncenter\"><img decoding=\"async\" src=\"http:\/\/www.lapurisimaalzira.es\/mediapool\/113\/1131484\/resources\/49372609.jpg\" alt=\"\"\/><\/figure><\/div>\n\n\n\n<p align=\"justify\">Esta\n tarde se ha celebrado la ceremonia de entrega de los premios \nextraordinarios al rendimiento acad\u00e9mico de Secundaria, del curso \n2016-2017, otorgados por la Conselleria de Educaci\u00f3n, en el Palau Reina \nSof\u00eda de Valencia.<\/p>\n\n\n\n<div class=\"wp-block-image\"><figure class=\"aligncenter\"><img decoding=\"async\" src=\"http:\/\/www.lapurisimaalzira.es\/mediapool\/113\/1131484\/resources\/49372614.jpg\" alt=\"\"\/><\/figure><\/div>\n\n\n\n<p>Enhorabuena a Mari Lluch Ferrer, a Inmaculada Valencia y a sus familias.<\/p>\n\n\n\n<hr class=\"wp-block-separator\"\/>\n\n\n\n<p><strong><em>09-02-2018<\/em><\/strong><\/p>\n\n\n\n<p class=\"has-large-font-size\">X Concurso poes\u00eda falla Pla\u00e7a Malva<\/p>\n\n\n\n<p>En la categor\u00eda de Secundaria, los alumnos Aitana P\u00e9rez (2\u00ba de ESO) y Samuel G\u00f3mez (1\u00ba de ESO) resultaron premiados.<\/p>\n\n\n\n<div class=\"wp-block-image\"><figure class=\"aligncenter\"><img decoding=\"async\" src=\"http:\/\/www.lapurisimaalzira.es\/mediapool\/113\/1131484\/resources\/48906462.jpg\" alt=\"\"\/><\/figure><\/div>\n\n\n\n<p>El\n acto empez\u00f3 con la presencia del escritor y cuenta-cuentos Carles Cano \nque nos deleit\u00f3 con un magn\u00edfico cuento y un recital de poemas.<\/p>\n\n\n\n<div class=\"wp-block-image\"><figure class=\"aligncenter\"><img decoding=\"async\" src=\"http:\/\/www.lapurisimaalzira.es\/mediapool\/113\/1131484\/resources\/48906472.jpg\" alt=\"\"\/><\/figure><\/div>\n\n\n\n<p>Despu\u00e9s, Josep Antoni Fluix\u00e0 hizo la presentaci\u00f3n de la gu\u00eda did\u00e1ctica \u00abAmb la llengua fora\u00bb.<\/p>\n\n\n\n<p>Y para finalizar, el concejal de cultura Pepe Grau hizo entrega de los premios.<\/p>\n\n\n\n<div class=\"wp-block-image\"><figure class=\"aligncenter\"><a href=\"http:\/\/elseisdoble.com\/vernoticia\/42337\/el_x_concurs_premi_malva_alzira_de_poesia_infantil_i_juvenil_2017_ja_te_guanyadors\" target=\"_blank\" rel=\"noreferrer noopener\"><img decoding=\"async\" src=\"http:\/\/www.lapurisimaalzira.es\/mediapool\/113\/1131484\/resources\/48908962.jpg\" alt=\"El Seis Doble\"\/><\/a><\/figure><\/div>\n\n\n\n<p style=\"text-align:center\"><a href=\"http:\/\/elseisdoble.com\/vernoticia\/42337\/el_x_concurs_premi_malva_alzira_de_poesia_infantil_i_juvenil_2017_ja_te_guanyadors\" target=\"_blank\" rel=\"noreferrer noopener\">11-02-2018<\/a><\/p>\n\n\n\n<hr class=\"wp-block-separator\"\/>\n\n\n\n<p><strong><em>02-11-2017<\/em><\/strong><\/p>\n\n\n\n<p class=\"has-large-font-size\">XXII Concurs escolar de dibuix<\/p>\n\n\n\n<div class=\"wp-block-image\"><figure class=\"aligncenter\"><img decoding=\"async\" src=\"http:\/\/www.lapurisimaalzira.es\/mediapool\/113\/1131484\/resources\/47752940.jpg\" alt=\"\"\/><\/figure><\/div>\n\n\n\n<p style=\"text-align:center\">Ana Albelda<\/p>\n\n\n\n<div class=\"wp-block-image\"><figure class=\"aligncenter\"><img decoding=\"async\" src=\"http:\/\/www.lapurisimaalzira.es\/mediapool\/113\/1131484\/resources\/47753000.png\" alt=\"\"\/><\/figure><\/div>\n\n\n\n<p style=\"text-align:center\">Categor\u00eda Primaria<\/p>\n\n\n\n<div class=\"wp-block-image\"><figure class=\"aligncenter\"><img decoding=\"async\" src=\"http:\/\/www.lapurisimaalzira.es\/mediapool\/113\/1131484\/resources\/47752960.jpg\" alt=\"\"\/><\/figure><\/div>\n\n\n\n<p style=\"text-align:center\">Anna Blau<\/p>\n\n\n\n<div class=\"wp-block-image\"><figure class=\"aligncenter\"><img decoding=\"async\" src=\"http:\/\/www.lapurisimaalzira.es\/mediapool\/113\/1131484\/resources\/47753005.png\" alt=\"\"\/><\/figure><\/div>\n\n\n\n<p style=\"text-align:center\">Categor\u00eda ESO<\/p>\n\n\n\n<div class=\"wp-block-image\"><figure class=\"aligncenter\"><img decoding=\"async\" src=\"http:\/\/www.lapurisimaalzira.es\/mediapool\/113\/1131484\/resources\/47752980.jpg\" alt=\"\"\/><\/figure><\/div>\n\n\n\n<p style=\"text-align:center\">Alba Garrig\u00f3s<\/p>\n\n\n\n<div class=\"wp-block-image\"><figure class=\"aligncenter\"><img decoding=\"async\" src=\"http:\/\/www.lapurisimaalzira.es\/mediapool\/113\/1131484\/resources\/big_47753020_0_225-247.jpg\" alt=\"\"\/><\/figure><\/div>\n\n\n\n<p style=\"text-align:center\">Categor\u00eda ESO<\/p>\n\n\n\n<div class=\"wp-block-image\"><figure class=\"aligncenter\"><img decoding=\"async\" src=\"http:\/\/www.lapurisimaalzira.es\/mediapool\/113\/1131484\/resources\/47752985.jpg\" alt=\"\"\/><\/figure><\/div>\n\n\n\n<p style=\"text-align:center\">Berta Ases<\/p>\n\n\n\n<div class=\"wp-block-image\"><figure class=\"aligncenter\"><img decoding=\"async\" src=\"http:\/\/www.lapurisimaalzira.es\/mediapool\/113\/1131484\/resources\/big_47753025_0_225-247.jpg\" alt=\"\"\/><\/figure><\/div>\n\n\n\n<p style=\"text-align:center\">Categor\u00eda Bachillerato<\/p>\n","protected":false},"excerpt":{"rendered":"<p>05-06-2018 XXXI Cross escolar Alev\u00edn Femenino 1200 metros 2\u00ba &#8211; Laia Llinares Morales 3\u00ba &#8211; Claudia Cerezo Mart\u00ed Alev\u00edn Masculino &hellip; <\/p>\n","protected":false},"author":1,"featured_media":0,"parent":0,"menu_order":0,"comment_status":"closed","ping_status":"closed","template":"","meta":{"footnotes":""},"class_list":["post-539","page","type-page","status-publish","hentry"],"_links":{"self":[{"href":"https:\/\/lapurisimaalzira.org\/index.php?rest_route=\/wp\/v2\/pages\/539","targetHints":{"allow":["GET"]}}],"collection":[{"href":"https:\/\/lapurisimaalzira.org\/index.php?rest_route=\/wp\/v2\/pages"}],"about":[{"href":"https:\/\/lapurisimaalzira.org\/index.php?rest_route=\/wp\/v2\/types\/page"}],"author":[{"embeddable":true,"href":"https:\/\/lapurisimaalzira.org\/index.php?rest_route=\/wp\/v2\/users\/1"}],"replies":[{"embeddable":true,"href":"https:\/\/lapurisimaalzira.org\/index.php?rest_route=%2Fwp%2Fv2%2Fcomments&post=539"}],"version-history":[{"count":7,"href":"https:\/\/lapurisimaalzira.org\/index.php?rest_route=\/wp\/v2\/pages\/539\/revisions"}],"predecessor-version":[{"id":593,"href":"https:\/\/lapurisimaalzira.org\/index.php?rest_route=\/wp\/v2\/pages\/539\/revisions\/593"}],"wp:attachment":[{"href":"https:\/\/lapurisimaalzira.org\/index.php?rest_route=%2Fwp%2Fv2%2Fmedia&parent=539"}],"curies":[{"name":"wp","href":"https:\/\/api.w.org\/{rel}","templated":true}]}}