{"id":548,"date":"2019-07-10T20:19:56","date_gmt":"2019-07-10T20:19:56","guid":{"rendered":"http:\/\/lapurisimaalzira.org\/?page_id=548"},"modified":"2019-07-12T15:45:24","modified_gmt":"2019-07-12T15:45:24","slug":"premios-curso-2014-2015","status":"publish","type":"page","link":"https:\/\/lapurisimaalzira.org\/?page_id=548","title":{"rendered":"Premios curso 2014-2015"},"content":{"rendered":"\n<p><strong><em>15-06-2015<\/em><\/strong><\/p>\n\n\n\n<p class=\"has-large-font-size\">Premis Vicent Andr\u00e9s Estell\u00e9s<\/p>\n\n\n\n<div class=\"wp-block-image\"><figure class=\"aligncenter\"><img decoding=\"async\" src=\"http:\/\/www.lapurisimaalzira.es\/mediapool\/113\/1131484\/resources\/36936756.jpg\" alt=\"\"\/><\/figure><\/div>\n\n\n\n<div class=\"wp-block-image\"><figure class=\"aligncenter\"><img decoding=\"async\" src=\"http:\/\/www.lapurisimaalzira.es\/mediapool\/113\/1131484\/resources\/36936752.png\" alt=\"\"\/><\/figure><\/div>\n\n\n\n<p style=\"text-align:center\">Noelia Mart\u00ednez Albert<\/p>\n\n\n\n<p style=\"text-align:center\">(2n Batxiller)<\/p>\n\n\n\n<hr class=\"wp-block-separator\"\/>\n\n\n\n<p><strong><em>03-06-2015<\/em><\/strong><\/p>\n\n\n\n<p class=\"has-large-font-size\">Concurso dibujos sobre el medio ambiente (Onda Cero)<\/p>\n\n\n\n<div class=\"wp-block-image\"><figure class=\"aligncenter\"><img decoding=\"async\" src=\"http:\/\/www.lapurisimaalzira.es\/mediapool\/113\/1131484\/resources\/36936755.png\" alt=\"\"\/><figcaption>Marcos Ferrer (1\u00ba Primaria A)<\/figcaption><\/figure><\/div>\n\n\n\n<div class=\"wp-block-image\"><figure class=\"aligncenter\"><img decoding=\"async\" src=\"http:\/\/www.lapurisimaalzira.es\/mediapool\/113\/1131484\/resources\/36936761.jpg\" alt=\"\"\/><figcaption>Bruno Parra (1\u00ba Primaria B)<\/figcaption><\/figure><\/div>\n\n\n\n<ul class=\"wp-block-gallery aligncenter columns-3 is-cropped wp-block-gallery-1 is-layout-flex wp-block-gallery-is-layout-flex\"><li class=\"blocks-gallery-item\"><figure><img loading=\"lazy\" decoding=\"async\" width=\"1024\" height=\"768\" src=\"https:\/\/lapurisimaalzira.org\/wp-content\/uploads\/2019\/07\/01-image1-1024x768.jpg\" alt=\"\" data-id=\"694\" data-link=\"https:\/\/lapurisimaalzira.org\/?attachment_id=694\" class=\"wp-image-694\" srcset=\"https:\/\/lapurisimaalzira.org\/wp-content\/uploads\/2019\/07\/01-image1-1024x768.jpg 1024w, https:\/\/lapurisimaalzira.org\/wp-content\/uploads\/2019\/07\/01-image1-600x450.jpg 600w, https:\/\/lapurisimaalzira.org\/wp-content\/uploads\/2019\/07\/01-image1-300x225.jpg 300w, https:\/\/lapurisimaalzira.org\/wp-content\/uploads\/2019\/07\/01-image1-768x576.jpg 768w, https:\/\/lapurisimaalzira.org\/wp-content\/uploads\/2019\/07\/01-image1.jpg 1280w\" sizes=\"auto, (max-width: 1024px) 100vw, 1024px\" \/><\/figure><\/li><li class=\"blocks-gallery-item\"><figure><img loading=\"lazy\" decoding=\"async\" width=\"1024\" height=\"768\" src=\"https:\/\/lapurisimaalzira.org\/wp-content\/uploads\/2019\/07\/02-image2-1024x768.jpg\" alt=\"\" data-id=\"695\" data-link=\"https:\/\/lapurisimaalzira.org\/?attachment_id=695\" class=\"wp-image-695\" srcset=\"https:\/\/lapurisimaalzira.org\/wp-content\/uploads\/2019\/07\/02-image2-1024x768.jpg 1024w, https:\/\/lapurisimaalzira.org\/wp-content\/uploads\/2019\/07\/02-image2-600x450.jpg 600w, https:\/\/lapurisimaalzira.org\/wp-content\/uploads\/2019\/07\/02-image2-300x225.jpg 300w, https:\/\/lapurisimaalzira.org\/wp-content\/uploads\/2019\/07\/02-image2-768x576.jpg 768w, https:\/\/lapurisimaalzira.org\/wp-content\/uploads\/2019\/07\/02-image2.jpg 1280w\" sizes=\"auto, (max-width: 1024px) 100vw, 1024px\" \/><\/figure><\/li><li class=\"blocks-gallery-item\"><figure><img loading=\"lazy\" decoding=\"async\" width=\"1024\" height=\"768\" src=\"https:\/\/lapurisimaalzira.org\/wp-content\/uploads\/2019\/07\/03-image3-1024x768.jpg\" alt=\"\" data-id=\"696\" data-link=\"https:\/\/lapurisimaalzira.org\/?attachment_id=696\" class=\"wp-image-696\" srcset=\"https:\/\/lapurisimaalzira.org\/wp-content\/uploads\/2019\/07\/03-image3-1024x768.jpg 1024w, https:\/\/lapurisimaalzira.org\/wp-content\/uploads\/2019\/07\/03-image3-600x450.jpg 600w, https:\/\/lapurisimaalzira.org\/wp-content\/uploads\/2019\/07\/03-image3-300x225.jpg 300w, https:\/\/lapurisimaalzira.org\/wp-content\/uploads\/2019\/07\/03-image3-768x576.jpg 768w, https:\/\/lapurisimaalzira.org\/wp-content\/uploads\/2019\/07\/03-image3.jpg 1280w\" sizes=\"auto, (max-width: 1024px) 100vw, 1024px\" \/><\/figure><\/li><li class=\"blocks-gallery-item\"><figure><img loading=\"lazy\" decoding=\"async\" width=\"1024\" height=\"768\" src=\"https:\/\/lapurisimaalzira.org\/wp-content\/uploads\/2019\/07\/04-image4-1024x768.jpg\" alt=\"\" data-id=\"697\" data-link=\"https:\/\/lapurisimaalzira.org\/?attachment_id=697\" class=\"wp-image-697\" srcset=\"https:\/\/lapurisimaalzira.org\/wp-content\/uploads\/2019\/07\/04-image4-1024x768.jpg 1024w, https:\/\/lapurisimaalzira.org\/wp-content\/uploads\/2019\/07\/04-image4-600x450.jpg 600w, https:\/\/lapurisimaalzira.org\/wp-content\/uploads\/2019\/07\/04-image4-300x225.jpg 300w, https:\/\/lapurisimaalzira.org\/wp-content\/uploads\/2019\/07\/04-image4-768x576.jpg 768w, https:\/\/lapurisimaalzira.org\/wp-content\/uploads\/2019\/07\/04-image4.jpg 1280w\" sizes=\"auto, (max-width: 1024px) 100vw, 1024px\" \/><\/figure><\/li><li class=\"blocks-gallery-item\"><figure><img loading=\"lazy\" decoding=\"async\" width=\"1024\" height=\"768\" src=\"https:\/\/lapurisimaalzira.org\/wp-content\/uploads\/2019\/07\/05-image5-1024x768.jpg\" alt=\"\" data-id=\"698\" data-link=\"https:\/\/lapurisimaalzira.org\/?attachment_id=698\" class=\"wp-image-698\" srcset=\"https:\/\/lapurisimaalzira.org\/wp-content\/uploads\/2019\/07\/05-image5-1024x768.jpg 1024w, https:\/\/lapurisimaalzira.org\/wp-content\/uploads\/2019\/07\/05-image5-600x450.jpg 600w, https:\/\/lapurisimaalzira.org\/wp-content\/uploads\/2019\/07\/05-image5-300x225.jpg 300w, https:\/\/lapurisimaalzira.org\/wp-content\/uploads\/2019\/07\/05-image5-768x576.jpg 768w, https:\/\/lapurisimaalzira.org\/wp-content\/uploads\/2019\/07\/05-image5.jpg 1280w\" sizes=\"auto, (max-width: 1024px) 100vw, 1024px\" \/><\/figure><\/li><li class=\"blocks-gallery-item\"><figure><img loading=\"lazy\" decoding=\"async\" width=\"1024\" height=\"768\" src=\"https:\/\/lapurisimaalzira.org\/wp-content\/uploads\/2019\/07\/06-image6-1024x768.jpg\" alt=\"\" data-id=\"699\" data-link=\"https:\/\/lapurisimaalzira.org\/?attachment_id=699\" class=\"wp-image-699\" srcset=\"https:\/\/lapurisimaalzira.org\/wp-content\/uploads\/2019\/07\/06-image6-1024x768.jpg 1024w, https:\/\/lapurisimaalzira.org\/wp-content\/uploads\/2019\/07\/06-image6-600x450.jpg 600w, https:\/\/lapurisimaalzira.org\/wp-content\/uploads\/2019\/07\/06-image6-300x225.jpg 300w, https:\/\/lapurisimaalzira.org\/wp-content\/uploads\/2019\/07\/06-image6-768x576.jpg 768w, https:\/\/lapurisimaalzira.org\/wp-content\/uploads\/2019\/07\/06-image6.jpg 1280w\" sizes=\"auto, (max-width: 1024px) 100vw, 1024px\" \/><\/figure><\/li><\/ul>\n\n\n\n<hr class=\"wp-block-separator\"\/>\n\n\n\n<p><strong><em>23-05-2015<\/em><\/strong><\/p>\n\n\n\n<p class=\"has-large-font-size\">28\u00aa edici\u00f3n de la Volta a Peu-cross escolar<\/p>\n\n\n\n<p style=\"text-align:center\"><strong>Alev\u00edn Masculino<\/strong> <\/p>\n\n\n\n<p style=\"text-align:center\">2\u00ba &#8211; Jos\u00e9 Mar\u00eda Piera Piqueras<\/p>\n\n\n\n<p style=\"text-align:center\">3\u00ba &#8211; Marc Santamar\u00eda Terol<\/p>\n\n\n\n<p style=\"text-align:center\"><strong>Alev\u00edn Femenino<\/strong><\/p>\n\n\n\n<p style=\"text-align:center\">2\u00aa &#8211; Esther Camarasa Garc\u00eda<\/p>\n\n\n\n<p style=\"text-align:center\"><strong>Benjam\u00edn Femenino<\/strong><\/p>\n\n\n\n<p style=\"text-align:center\">3\u00aa &#8211; Paula Maiques Garc\u00eda<\/p>\n\n\n\n<p style=\"text-align:center\"><strong>Pre-Benjam\u00edn Femenino<\/strong><\/p>\n\n\n\n<p style=\"text-align:center\">1\u00aa &#8211; Laia Llinares Morales<\/p>\n\n\n\n<p style=\"text-align:center\"><strong>Pre-Benjam\u00edn Masculino<\/strong><\/p>\n\n\n\n<p style=\"text-align:center\">1\u00ba &#8211; Nacho Terol Nebra<\/p>\n\n\n\n<p style=\"text-align:center\">3\u00ba &#8211; Bruno Parra Santamar\u00eda<\/p>\n\n\n\n<p><a target=\"_blank\" href=\"http:\/\/www.elseisdoble.com\/vernoticia\/32302\/unos_600_ninos_participaron_ayer_en_la_28\u00aa_edicion_de_la_volta_a_peucross_escolar_celebrada_en_alzira\" rel=\"noreferrer noopener\">El Seis Doble (24-05-2015)<\/a>: \u00abUnos 600 ni\u00f1os participaron ayer en la 28\u00aa edici\u00f3n de la Volta a Peu-cross escolar celebrada en Alzira\u00bb.<\/p>\n\n\n\n<hr class=\"wp-block-separator\"\/>\n\n\n\n<p><strong><em>25-04-2015<\/em><\/strong><\/p>\n\n\n\n<p style=\"text-align:left\" class=\"has-large-font-size\">XVI Olimpiada escolar de atletismo<\/p>\n\n\n\n<p style=\"text-align:center\"><strong>Alev\u00edn Femenino<\/strong><br> <\/p>\n\n\n\n<p style=\"text-align:center\"><em><strong>Altura<\/strong><\/em><\/p>\n\n\n\n<p style=\"text-align:center\">2\u00aa &#8211; Helena Mar\u00edn Pascual<\/p>\n\n\n\n<p style=\"text-align:center\"><strong><em>Peso<\/em><\/strong><\/p>\n\n\n\n<p style=\"text-align:center\">2\u00aa &#8211; Carla Garc\u00eda Garc\u00eda<\/p>\n\n\n\n<p style=\"text-align:center\">3\u00ba &#8211; Nayade Bl\u00e1zquez Sales<\/p>\n\n\n\n<p style=\"text-align:center\"><strong><em>Longitud<\/em><\/strong><\/p>\n\n\n\n<p style=\"text-align:center\">2\u00aa &#8211; Nayade Bl\u00e1zquez Sales<\/p>\n\n\n\n<p style=\"text-align:center\"><strong><em>4&#215;100 metros<\/em><\/strong><\/p>\n\n\n\n<p style=\"text-align:center\">1\u00ba- Colegio La Pur\u00edsima<\/p>\n\n\n\n<p style=\"text-align:center\">2\u00ba &#8211; Colegio La Pur\u00edsima<\/p>\n\n\n\n<p style=\"text-align:center\">3\u00ba &#8211; Colegio La Pur\u00edsima<\/p>\n\n\n\n<p style=\"text-align:center\"><strong>Alev\u00edn Masculino<\/strong><\/p>\n\n\n\n<p style=\"text-align:center\"><strong><em>Altura<\/em><\/strong><\/p>\n\n\n\n<p style=\"text-align:center\">3\u00ba &#8211; Fernando P\u00e9rez Bernia<\/p>\n\n\n\n<p style=\"text-align:center\"><strong><em>4&#215;100 metros<\/em><\/strong><\/p>\n\n\n\n<p style=\"text-align:center\">2\u00ba &#8211; Colegio La Pur\u00edsima<\/p>\n\n\n\n<p style=\"text-align:center\"><strong>Benjam\u00edn Femenino<\/strong><\/p>\n\n\n\n<p style=\"text-align:center\"><strong><em>Longitud<\/em><\/strong><\/p>\n\n\n\n<p style=\"text-align:center\">3\u00aa &#8211; Sara Mart\u00ednez Herrero<\/p>\n\n\n\n<p style=\"text-align:center\"><strong><em>400 metros<\/em><\/strong><\/p>\n\n\n\n<p style=\"text-align:center\">3\u00aa &#8211; Paula Maiques Garc\u00eda<\/p>\n\n\n\n<p style=\"text-align:center\"><strong>Benjam\u00edn Masculino<\/strong><\/p>\n\n\n\n<p style=\"text-align:center\"><strong><em>Peso<\/em><\/strong><\/p>\n\n\n\n<p style=\"text-align:center\">2\u00ba &#8211; Oscar Albelda Pascual<\/p>\n\n\n\n<p style=\"text-align:center\">3\u00ba &#8211; Albert Morant Joachim<\/p>\n\n\n\n<p style=\"text-align:center\"><em><strong>Longitud<\/strong><\/em><\/p>\n\n\n\n<p style=\"text-align:center\">1\u00ba &#8211; Fede Mar\u00edn Pascual<\/p>\n\n\n\n<p style=\"text-align:center\"><em><strong>400 metros<\/strong><\/em><\/p>\n\n\n\n<p style=\"text-align:center\">1\u00ba &#8211; Fede Mar\u00edn Pascual<\/p>\n\n\n\n<p style=\"text-align:center\"><strong><em>4&#215;100 metros<\/em><\/strong><\/p>\n\n\n\n<p style=\"text-align:center\">2\u00ba &#8211; Colegio La Pur\u00edsima<\/p>\n\n\n\n<p style=\"text-align:center\"><strong>Infantil Femenino<\/strong><\/p>\n\n\n\n<p style=\"text-align:center\"><strong><em>Altura<\/em><\/strong><\/p>\n\n\n\n<p style=\"text-align:center\">2\u00aa &#8211; Imma Valencia Carreres<\/p>\n\n\n\n<p style=\"text-align:center\"><strong><em>Peso<\/em><\/strong><\/p>\n\n\n\n<p style=\"text-align:center\">1\u00aa &#8211; Yaiza Gim\u00e9nez Barbero<\/p>\n\n\n\n<p style=\"text-align:center\"><strong><em>Longitud<\/em><\/strong><\/p>\n\n\n\n<p style=\"text-align:center\">3\u00aa &#8211; Alexia L\u00f3pez-Dur\u00e1n Tormo<\/p>\n\n\n\n<p style=\"text-align:center\"><strong><em>4&#215;100 metros<\/em><\/strong><\/p>\n\n\n\n<p style=\"text-align:center\">1\u00ba &#8211; Colegio La Pur\u00edsima<\/p>\n\n\n\n<p><a target=\"_blank\" href=\"http:\/\/www.tusnoticiasdelaribera.com\/index.php?option=com_k2&amp;view=item&amp;id=16042:atletismo-clasificaciones-de-la-xvi-olimpiada-escolar-de-atletismo-en-alzira&amp;Itemid=1546\" rel=\"noreferrer noopener\">Deportes de la Ribera (27-04-2015)<\/a>: \u00abAtletismo: Clasificaciones de la XVI Olimpiada Escolar de Atletismo en Alzira\u00bb.<\/p>\n\n\n\n<p><a target=\"_blank\" href=\"http:\/\/www.riberaexpress.es\/2015\/04\/27\/escolar\/\" rel=\"noreferrer noopener\">Ribera Express (28-04-2015)<\/a>: \u00abClassificacions de la XVI Olimpiada Escolar d&#8217;Atletisme d&#8217;Alzira\u00bb.<\/p>\n\n\n\n<hr class=\"wp-block-separator\"\/>\n\n\n\n<p><strong><em>01-04-2015<\/em><\/strong><\/p>\n\n\n\n<p class=\"has-large-font-size\">Entrega Premios Extraordinarios al Rendimiento Acad\u00e9mico de Secundaria 2013-2014<\/p>\n\n\n\n<p align=\"justify\">El\n d\u00eda 1 de abril, a las 20 horas se hizo la ceremonia de entrega de los \nPremios Extraordinarios al Rendimiento Acad\u00e9mico de Secundaria, en el \nPalau Reina Sof\u00eda.<\/p>\n\n\n\n<div class=\"wp-block-image\"><figure class=\"aligncenter\"><img decoding=\"async\" src=\"http:\/\/www.lapurisimaalzira.es\/mediapool\/113\/1131484\/resources\/36936753.jpg\" alt=\"\"\/><\/figure><\/div>\n\n\n\n<p align=\"justify\">Cuatro\n de nuestras alumnas de 1\u00ba de Bachillerato recibieron el diploma \nacreditativo: Esther Caster\u00e1, Alejandra Frutos y Marta Orts (alumnas de \nnuestro colegio en la ESO) e Irene Navarrete (alumna de Santa Ana de \nAlgemes\u00ed en la ESO).<\/p>\n\n\n\n<div class=\"wp-block-image\"><figure class=\"aligncenter\"><img decoding=\"async\" src=\"http:\/\/www.lapurisimaalzira.es\/mediapool\/113\/1131484\/resources\/36936760.jpg\" alt=\"\"\/><\/figure><\/div>\n\n\n\n<p>El acto fue presidido por la Consellera de Educaci\u00f3n, Do\u00f1a M\u00aa Jos\u00e9 Catal\u00e1.<\/p>\n\n\n\n<hr class=\"wp-block-separator\"\/>\n\n\n\n<p><strong><em>31-03-2015<\/em><\/strong><\/p>\n\n\n\n<p class=\"has-large-font-size\">Entrega Premios Extraordinarios al rendimiento acad\u00e9mico de Primaria 2013-2014<\/p>\n\n\n\n<div class=\"wp-block-image\"><figure class=\"aligncenter\"><img decoding=\"async\" src=\"http:\/\/www.lapurisimaalzira.es\/mediapool\/113\/1131484\/resources\/36936759.jpg\" alt=\"\"\/><\/figure><\/div>\n\n\n\n<p align=\"justify\">Han\n recibido el Premio Extraordinario por parte de la Conseller\u00eda de \nEducaci\u00f3n dos alumnos de nuestro centro: Carles Castillo y Lola Vila.<\/p>\n\n\n\n<div class=\"wp-block-image\"><figure class=\"aligncenter\"><img decoding=\"async\" src=\"http:\/\/www.lapurisimaalzira.es\/mediapool\/113\/1131484\/resources\/36936758.JPG\" alt=\"\"\/><\/figure><\/div>\n\n\n\n<p align=\"justify\">Desde el Centro queremos daros la enhorabuena y desearos que sig\u00e1is trabajando para conseguir vuestras metas.<\/p>\n\n\n\n<div class=\"wp-block-image\"><figure class=\"aligncenter\"><img decoding=\"async\" src=\"http:\/\/www.lapurisimaalzira.es\/mediapool\/113\/1131484\/resources\/36936757.JPG\" alt=\"\"\/><\/figure><\/div>\n\n\n\n<div class=\"wp-block-image\"><figure class=\"aligncenter\"><img decoding=\"async\" src=\"http:\/\/www.lapurisimaalzira.es\/mediapool\/113\/1131484\/resources\/36936765.JPG\" alt=\"\"\/><\/figure><\/div>\n\n\n\n<div class=\"wp-block-image\"><figure class=\"aligncenter\"><img decoding=\"async\" src=\"http:\/\/www.lapurisimaalzira.es\/mediapool\/113\/1131484\/resources\/36936764.JPG\" alt=\"\"\/><\/figure><\/div>\n\n\n\n<hr class=\"wp-block-separator\"\/>\n\n\n\n<p><strong><em>06-03-2015<\/em><\/strong><\/p>\n\n\n\n<div class=\"wp-block-image\"><figure class=\"aligncenter\"><img decoding=\"async\" src=\"http:\/\/www.lapurisimaalzira.es\/mediapool\/113\/1131484\/resources\/36936763.jpg\" alt=\"\"\/><\/figure><\/div>\n\n\n\n<p style=\"text-align:center\">Categor\u00eda C: Tercer premio<\/p>\n\n\n\n<p style=\"text-align:center\">Loreto R\u00edos Petit (4\u00ba ESO): \u00abA la recerca de la igualtat\u00bb<\/p>\n\n\n\n<p style=\"text-align:center\">Categor\u00eda D: Segundo premio<\/p>\n\n\n\n<p style=\"text-align:center\">Alejandra Frutos P\u00e9rez (1\u00ba Bachillerato): \u00abDi\u00e0legs amb la meua \u00e0via\u00bb<\/p>\n\n\n\n<div class=\"wp-block-image\"><figure class=\"aligncenter\"><a href=\"http:\/\/www.riberaexpress.es\/2015\/03\/08\/contes-igaltat\/\" target=\"_blank\" rel=\"noreferrer noopener\"><img decoding=\"async\" src=\"http:\/\/www.lapurisimaalzira.es\/mediapool\/113\/1131484\/resources\/36936762.png\" alt=\"\"\/><\/a><\/figure><\/div>\n\n\n\n<p style=\"text-align:center\"><a target=\"_blank\" href=\"http:\/\/www.riberaexpress.es\/2015\/03\/08\/contes-igaltat\/\" rel=\"noreferrer noopener\">08-03-2015<\/a><\/p>\n\n\n\n<hr class=\"wp-block-separator\"\/>\n\n\n\n<p><strong><em>13-02-2015<\/em><\/strong><\/p>\n\n\n\n<p class=\"has-large-font-size\">II Campeonato Despierta<\/p>\n\n\n\n<p style=\"text-align:center\"><strong>Medina Camps, Hugo<\/strong><\/p>\n\n\n\n<p style=\"text-align:center\"><strong>Alcover Casp, Pablo<\/strong><\/p>\n\n\n\n<p style=\"text-align:center\"><strong>Amargos Mengual, Adri\u00e1n<\/strong><\/p>\n\n\n\n<p style=\"text-align:center\"><strong>Medina Camps, Jacobo<\/strong><\/p>\n\n\n\n<p style=\"text-align:center\"><strong>Gallardo Palau, Estela<\/strong><\/p>\n\n\n\n<p style=\"text-align:center\"><strong>Alcover Casp, Rafael<\/strong><\/p>\n\n\n\n<div class=\"wp-block-image\"><figure class=\"aligncenter\"><a href=\"http:\/\/www.elseisdoble.com\/vernoticia\/30656\/46_estudiantes_de_diversos_centros_de_educacion_primaria_han_sido_premiados_en_el_ii_campeonato_despierta_celebrado_en_alzira\" target=\"_blank\" rel=\"noreferrer noopener\"><img decoding=\"async\" src=\"http:\/\/www.lapurisimaalzira.es\/mediapool\/113\/1131484\/resources\/36936769.jpg\" alt=\"\"\/><\/a><\/figure><\/div>\n\n\n\n<p style=\"text-align:center\"><a target=\"_blank\" href=\"http:\/\/www.elseisdoble.com\/vernoticia\/30656\/46_estudiantes_de_diversos_centros_de_educacion_primaria_han_sido_premiados_en_el_ii_campeonato_despierta_celebrado_en_alzira\" rel=\"noreferrer noopener\">08-03-2015<\/a><\/p>\n\n\n\n<hr class=\"wp-block-separator\"\/>\n\n\n\n<p><strong><em>09-02-2015<\/em><\/strong><\/p>\n\n\n\n<p class=\"has-large-font-size\">Premios de poes\u00eda Infantil y Juvenil Falla Pla\u00e7a Malva<\/p>\n\n\n\n<p style=\"text-align:center\">Primer premio<\/p>\n\n\n\n<p style=\"text-align:center\">Carla Morell Nicolau<\/p>\n\n\n\n<p style=\"text-align:center\">\u00abLa Murta\u00bb<\/p>\n\n\n\n<p style=\"text-align:center\">Segundo premio<\/p>\n\n\n\n<p style=\"text-align:center\">Marta Davis Clausi<\/p>\n\n\n\n<p style=\"text-align:center\">\u00abEl X\u00faquer\u00bb<\/p>\n\n\n\n<p style=\"text-align:center\">Finalista<\/p>\n\n\n\n<p style=\"text-align:center\">Loreto R\u00edos Petit<\/p>\n\n\n\n<p style=\"text-align:center\">\u00abLa ciutat d&#8217;Alzira\u00bb<\/p>\n\n\n\n<div class=\"wp-block-image\"><figure class=\"aligncenter\"><a href=\"http:\/\/www.elseisdoble.com\/vernoticia\/29982\/el_vii_concurs_premi_malva_alzira_de_poesia_infantil_i_juvenil_2015_ja_te_guanyadors\" target=\"_blank\" rel=\"noreferrer noopener\"><img decoding=\"async\" src=\"http:\/\/www.lapurisimaalzira.es\/mediapool\/113\/1131484\/resources\/36936768.jpg\" alt=\"\"\/><\/a><\/figure><\/div>\n\n\n\n<p style=\"text-align:center\"><a target=\"_blank\" href=\"http:\/\/www.elseisdoble.com\/vernoticia\/29982\/el_vii_concurs_premi_malva_alzira_de_poesia_infantil_i_juvenil_2015_ja_te_guanyadors\" rel=\"noreferrer noopener\">08-02-2015<\/a><\/p>\n\n\n\n<hr class=\"wp-block-separator\"\/>\n\n\n\n<p><strong><em>15-12-2014<\/em><\/strong><\/p>\n\n\n\n<p class=\"has-large-font-size\">Premios de narrativa Infantil y Juvenil Falla Pla\u00e7a Malva<\/p>\n\n\n\n<p style=\"text-align:center\"><strong>2\u00aa categor\u00eda (alumnos de 5\u00ba y 6\u00ba de Primaria)<\/strong><\/p>\n\n\n\n<p style=\"text-align:center\">1\u00ba Premio: In\u00e9s Ram\u00edrez Guitart con \u00ab<em>Roma la ciutat de l&#8217;amor<\/em>\u00ab<\/p>\n\n\n\n<p style=\"text-align:center\">Acc\u00e9sit: Javier Alba Calatayud con \u00ab<em>Aix\u00f2 s\u00ed que \u00e9s un trencad\u00eds&#8230;<\/em>\u00ab<\/p>\n\n\n\n<div class=\"wp-block-image\"><figure class=\"aligncenter\"><a href=\"http:\/\/www.elseisdoble.com\/vernoticia\/28952\/la_falla_plaa_malva_dalzira_va_entregar_ahir_els_premis_de_narrativa_infantil_i_juvenil\" target=\"_blank\" rel=\"noreferrer noopener\"><img decoding=\"async\" src=\"http:\/\/www.lapurisimaalzira.es\/mediapool\/113\/1131484\/resources\/36936767.jpg\" alt=\"\"\/><\/a><\/figure><\/div>\n\n\n\n<p style=\"text-align:center\"><a target=\"_blank\" href=\"http:\/\/www.elseisdoble.com\/vernoticia\/28952\/la_falla_plaa_malva_dalzira_va_entregar_ahir_els_premis_de_narrativa_infantil_i_juvenil\" rel=\"noreferrer noopener\">16-12-2014<br> <\/a><\/p>\n\n\n\n<hr class=\"wp-block-separator\"\/>\n\n\n\n<p><strong><em>13-11-2014<\/em><\/strong><\/p>\n\n\n\n<p class=\"has-large-font-size\">Premios extraordinarios curso 2013-2014<\/p>\n\n\n\n<div class=\"wp-block-image\"><figure class=\"aligncenter\"><img decoding=\"async\" src=\"http:\/\/www.lapurisimaalzira.es\/mediapool\/113\/1131484\/resources\/36936766.jpg\" alt=\"\"\/><\/figure><\/div>\n\n\n\n<div class=\"wp-block-image\"><figure class=\"aligncenter\"><a href=\"http:\/\/www.docv.gva.es\/datos\/2014\/11\/13\/pdf\/2014_10235.pdf\" target=\"_blank\" rel=\"noreferrer noopener\"><img decoding=\"async\" src=\"http:\/\/www.lapurisimaalzira.es\/mediapool\/113\/1131484\/resources\/36936774.gif\" alt=\"\"\/><\/a><\/figure><\/div>\n\n\n\n<p style=\"text-align:center\"><a target=\"_blank\" href=\"http:\/\/www.docv.gva.es\/datos\/2014\/11\/13\/pdf\/2014_10235.pdf\" rel=\"noreferrer noopener\">DOCV: Concesi\u00f3n Premios Extraordinarios curso 2013-2014 de Primaria para Carles Castillo Valiente y Dolores Vila Castell\u00f3.<\/a><\/p>\n\n\n\n<div class=\"wp-block-image\"><figure class=\"aligncenter\"><a href=\"http:\/\/www.docv.gva.es\/datos\/2014\/11\/13\/pdf\/2014_10237.pdf\" target=\"_blank\" rel=\"noreferrer noopener\"><img decoding=\"async\" src=\"http:\/\/www.lapurisimaalzira.es\/mediapool\/113\/1131484\/resources\/36936773.gif\" alt=\"\"\/><\/a><\/figure><\/div>\n\n\n\n<p style=\"text-align:center\"><a target=\"_blank\" href=\"http:\/\/www.docv.gva.es\/datos\/2014\/11\/13\/pdf\/2014_10237.pdf\" rel=\"noreferrer noopener\">DOCV:\n Concesi\u00f3n Premios Extraordinarios curso 2013-2014 de ESO para Esther \nCaster\u00e1 Tom\u00e1s, Alejandra-In\u00e9s Frutos P\u00e9rez y Marta Orts Ll\u00e1cer.<\/a><\/p>\n","protected":false},"excerpt":{"rendered":"<p>15-06-2015 Premis Vicent Andr\u00e9s Estell\u00e9s Noelia Mart\u00ednez Albert (2n Batxiller) 03-06-2015 Concurso dibujos sobre el medio ambiente (Onda Cero) 23-05-2015 &hellip; <\/p>\n","protected":false},"author":1,"featured_media":0,"parent":0,"menu_order":0,"comment_status":"closed","ping_status":"closed","template":"","meta":{"footnotes":""},"class_list":["post-548","page","type-page","status-publish","hentry"],"_links":{"self":[{"href":"https:\/\/lapurisimaalzira.org\/index.php?rest_route=\/wp\/v2\/pages\/548","targetHints":{"allow":["GET"]}}],"collection":[{"href":"https:\/\/lapurisimaalzira.org\/index.php?rest_route=\/wp\/v2\/pages"}],"about":[{"href":"https:\/\/lapurisimaalzira.org\/index.php?rest_route=\/wp\/v2\/types\/page"}],"author":[{"embeddable":true,"href":"https:\/\/lapurisimaalzira.org\/index.php?rest_route=\/wp\/v2\/users\/1"}],"replies":[{"embeddable":true,"href":"https:\/\/lapurisimaalzira.org\/index.php?rest_route=%2Fwp%2Fv2%2Fcomments&post=548"}],"version-history":[{"count":7,"href":"https:\/\/lapurisimaalzira.org\/index.php?rest_route=\/wp\/v2\/pages\/548\/revisions"}],"predecessor-version":[{"id":705,"href":"https:\/\/lapurisimaalzira.org\/index.php?rest_route=\/wp\/v2\/pages\/548\/revisions\/705"}],"wp:attachment":[{"href":"https:\/\/lapurisimaalzira.org\/index.php?rest_route=%2Fwp%2Fv2%2Fmedia&parent=548"}],"curies":[{"name":"wp","href":"https:\/\/api.w.org\/{rel}","templated":true}]}}