{"id":920,"date":"2019-07-14T20:32:53","date_gmt":"2019-07-14T20:32:53","guid":{"rendered":"http:\/\/lapurisimaalzira.org\/?page_id=920"},"modified":"2026-03-25T12:47:55","modified_gmt":"2026-03-25T10:47:55","slug":"becas","status":"publish","type":"page","link":"https:\/\/lapurisimaalzira.org\/?page_id=920","title":{"rendered":"Becas"},"content":{"rendered":"\n<table class=\"wp-block-table aligncenter has-subtle-pale-green-background-color has-background is-style-regular\" width=\"100%\" cellspacing=\"10\" cellpadding=\"0\" bordercolor=\"#000000\" border=\"1\"><tbody><tr><td style=\"width:150px;\" align=\"center\"><strong>DIRIGIDO A<\/strong><\/td><td style=\"width:250px;\" align=\"center\"><strong>DENOMINACI\u00d3N<\/strong><\/td><td align=\"center\"><strong>&nbsp;&nbsp;PLAZOS<\/strong>&nbsp;<\/td><td align=\"center\"><strong>ENLACES<\/strong><\/td><\/tr>\n\n<tr><td align=\"center\">Bachillerato<br><\/td>\n<td align=\"center\"><br>Becas de car\u00e1cter general para el curso acad\u00e9mico 2026-2027 para estudiantes que cursen estudios postobligatorios<br><br><\/td>\n<td align=\"center\"><br>Solicitud: del 07-04-2026 al 18-05-2026<br><br><\/td>\n<td align=\"center\"><a href=\"https:\/\/www.boe.es\/boe\/dias\/2026\/03\/25\/pdfs\/BOE-B-2026-9261.pdf\" target=\"_blank\" rel=\"noreferrer noopener\">BOE: Extracto de la resoluci\u00f3n<\/a><br><br><a href=\"https:\/\/www.infosubvenciones.es\/bdnstrans\/GE\/es\/convocatoria\/894743\" target=\"_blank\" rel=\"noopener noreferrer\">Convocatoria<\/a><br><\/td><\/tr><br><\/td><\/tr>\n\n<tr><td align=\"center\">3\u00ba y 4\u00ba ESO<br><\/td>\n<td align=\"center\"><br>Recuperaci\u00f3n y utilizaci\u00f3n educativa de \u00abPueblos abandonados\u00bb durante el verano de 2026<br><br><\/td>\n<td align=\"center\"><br>Solicitud: 06-03-26 al 26-03-26<br><br><\/td>\n<td align=\"center\"><a href=\"https:\/\/www.boe.es\/boe\/dias\/2026\/03\/05\/pdfs\/BOE-B-2026-6718.pdf\" target=\"_blank\" rel=\"noreferrer noopener\">BOE<\/a><br><br><a href=\"https:\/\/www.infosubvenciones.es\/bdnstrans\/GE\/es\/convocatorias\/890843\" target=\"_blank\" rel=\"noopener noreferrer\">Convocatoria<\/a><\/td><\/tr>\n\n<tr><td align=\"center\">Bachillerato<br><\/td>\n<td align=\"center\"><br>Becas para la participaci\u00f3n en un programa intensivo de inmersi\u00f3n ling\u00fc\u00edstica en ingl\u00e9s en Espa\u00f1a durante el mes de julio de 2026<br><br><\/td>\n<td align=\"center\"><br>Solicitud: hasta el 10-03-2026<br><br><\/td>\n<td align=\"center\"><a href=\"https:\/\/www.boe.es\/diario_boe\/verifica.php?acc=Verificar&#038;c=BOE-B-2026-3168\" target=\"_blank\" rel=\"noreferrer noopener\">BOE<\/a><br><br><a href=\"https:\/\/www.infosubvenciones.es\/bdnstrans\/GE\/es\/convocatorias\/884860\" target=\"_blank\" rel=\"noopener noreferrer\">Solicitud<\/a><br><\/td><\/tr>\n\n<tr><td align=\"center\">Infantil, Primaria, ESO y Bachillerato<br><\/td>\n<td align=\"center\">&nbsp;&nbsp;&nbsp;Ayudas adquisici\u00f3n Material escolar DANA 2024<br><\/td>\n<td align=\"center\">Del 20-10-2025 al 19-11-2025<\/td>\n<td align=\"center\"><a href=\"https:\/\/dogv.gva.es\/datos\/2025\/10\/17\/pdf\/2025_42582_es.pdf\" target=\"_blank\" rel=\"noopener noreferrer\"><br>DOGV<\/a><br><br><a href=\"https:\/\/ceice.gva.es\/es\/informacio-dana\" target=\"_blank\" rel=\"noopener noreferrer\">Solicitud<\/a><br><\/td><br><\/tr>\n\n<tr><td align=\"center\">Infantil, Primaria y ESO<br><\/td>\n<td align=\"center\">&nbsp;&nbsp;&nbsp;Becas comedor<br><\/td>\n<td align=\"center\">Los plazos ordinarios de presentaci\u00f3n ser\u00e1n desde el d\u00eda siguiente\nde la publicaci\u00f3n de esta resoluci\u00f3n hasta la finalizaci\u00f3n del periodo\nde formalizaci\u00f3n de la matr\u00edcula si contin\u00faa en el mismo centro, o\ndurante el periodo de formalizaci\u00f3n de la matr\u00edcula en el supuesto de\nque cambie de centro educativo<\/td>\n<td align=\"center\"><a href=\"https:\/\/ceice.gva.es\/documents\/162640666\/383432176\/Circular+presentaci%C3%B3+anticipada+sol%C2%B7licituds+menjador+i+transport_DEF_firmado.pdf\/8b047ae2-40cd-2789-2776-71d6de8d0894?t=1749815429441\" target=\"_blank\" rel=\"noreferrer noopener\"><br>Circular<\/a><br><br><a href=\"https:\/\/ceice.gva.es\/webitaca\/docs\/avisos\/AnexoI_Solicitud_Comedor_180491_BI_160625.pdf\" target=\"_blank\" rel=\"noopener noreferrer\">Solicitud Anexo I<br><br><\/a><a href=\"https:\/\/dogv.gva.es\/datos\/2025\/07\/03\/pdf\/2025_25504_es.pdf\" target=\"_blank\" rel=\"noopener noreferrer\">Extracto resoluci\u00f3n<\/a><br><br><a href=\"https:\/\/dogv.gva.es\/datos\/2025\/07\/03\/pdf\/2025_25524_es.pdf\" target=\"_blank\" rel=\"noopener noreferrer\">Resoluci\u00f3n<br><br><\/a><\/td><\/tr>\n\n<tr><td align=\"center\">Primaria, ESO y Bachillerato<br><\/td>\n<td align=\"center\">Banco de Libros<br><\/td>\n<td align=\"center\"><br>Ver en Informaci\u00f3n<br><br><\/td>\n<td align=\"center\"><a href=\"https:\/\/lapurisimaalzira.org\/?page_id=974\" rel=\"noreferrer noopener\" target=\"_blank\">Informaci\u00f3n<\/a><\/td><\/tr>\n\n<tr><td align=\"center\">2\u00ba Bachillerato<br><\/td>\n<td align=\"center\">Premios Extraordinarios<br><\/td>\n<td align=\"center\"><br>Lista provisional aspirantes: antes del 06-06-2025<br><br>Renuncia y alegaciones: 10 d\u00edas h\u00e1biles desde Lista provisional<br><br>Lista provisional premiados: antes del 25-07-2025<br><br>Alegaciones: 5 d\u00edas h\u00e1biles desde Lista provisional premiados<br><br>Publicaci\u00f3n DOGV: antes del 26-09-2025<br><br><\/td>\n<td align=\"center\"><a href=\"https:\/\/dogv.gva.es\/datos\/2025\/06\/03\/pdf\/2025_19724_es.pdf\" target=\"_blank\" rel=\"noreferrer noopener\">DOGV<\/a><br><br><\/td><\/tr>\n\n\n<tr><td align=\"center\">2\u00ba Bachillerato<br><\/td>\n<td align=\"center\">Aula de verano \u00abOrtega y Gasset\u00bb<br><\/td>\n<td align=\"center\"><br>Solicitud<br>15 d\u00edas h\u00e1biles a partir del 23-05-25<br><br><\/td>\n<td align=\"center\"><a href=\"https:\/\/www.boe.es\/boe\/dias\/2025\/05\/22\/pdfs\/BOE-B-2025-18533.pdf\" target=\"_blank\" rel=\"noreferrer noopener\">BOE<\/a><\/td><\/tr>\n\n<tr><td align=\"center\">4\u00ba ESO<br><\/td>\n<td align=\"center\"><br>Ayudas para participar en el programa \u00abCampus de Profundizaci\u00f3n Cient\u00edfica para estudiantes de Educaci\u00f3n Secundaria Obligatoria\u00bb en Soria<br><br><\/td>\n<td align=\"center\"><br>Solicitud: hasta el 27-05-2025<br><br><\/td>\n<td align=\"center\"><a href=\"https:\/\/www.educacionfpydeportes.gob.es\/servicios-al-ciudadano\/catalogo\/general\/20\/201294\/ficha\/201294-2025.html\" target=\"_blank\" rel=\"noopener noreferrer\">Informaci\u00f3n y solicitud<\/a><br><\/td><\/tr>\n\n<tr><td align=\"center\">1\u00ba Bachillerato<br><\/td>\n<td align=\"center\">Programa Praktikum<br><\/td>\n<td align=\"center\"><br>Solicitud: hasta el 15 de mayo de 2025<br><br><\/td>\n<td align=\"center\"><a href=\"https:\/\/www.upv.es\/contenidos\/praktikum\/va\/inici\/\" target=\"_blank\" rel=\"noreferrer noopener\">Informaci\u00f3n<\/a><\/td><\/tr>\n\n<tr><td align=\"center\">Infantil, Primaria, ESO, Bachillerato<br><\/td>\n<td align=\"center\"><br>Ayudas para alumnado con necesidad espec\u00edfica de apoyo educativo<br><br><\/td>\n<td align=\"center\"><br>Solicitud: del 30-04-2025 al 11-09-2025<br><br><\/td>\n<td align=\"center\"><br><a href=\"https:\/\/www.boe.es\/boe\/dias\/2025\/04\/25\/pdfs\/BOE-B-2025-15040.pdf\" target=\"_blank\" rel=\"noreferrer noopener\">BOE<\/a><br><br><a href=\"https:\/\/www.infosubvenciones.es\/bdnstrans\/GE\/es\/convocatoria\/828444\" target=\"_blank\" rel=\"noopener noreferrer\">Convocatoria<\/a><br><br><\/td><\/tr>\n\n<tr><td align=\"center\">Infantil, Primaria y ESO<br><\/td>\n<td align=\"center\">&nbsp;&nbsp;&nbsp;Becas comedor<br><\/td>\n<td align=\"center\">Los plazos ordinarios de presentaci\u00f3n ser\u00e1n desde el d\u00eda siguiente\nde la publicaci\u00f3n de esta resoluci\u00f3n hasta la finalizaci\u00f3n del periodo\nde formalizaci\u00f3n de la matr\u00edcula si contin\u00faa en el mismo centro, o\ndurante el periodo de formalizaci\u00f3n de la matr\u00edcula en el supuesto de\nque cambie de centro educativo<\/td>\n<td align=\"center\"><a href=\"http:\/\/www.dogv.gva.es\/datos\/2018\/05\/14\/pdf\/2018_4707.pdf\" target=\"_blank\" rel=\"noreferrer noopener\"><br>Orden 18\/2018<\/a><br><br><a href=\"https:\/\/dogv.gva.es\/datos\/2024\/06\/28\/pdf\/2024_6292.pdf\" target=\"_blank\" rel=\"noopener noreferrer\">Resoluci\u00f3n<br><br><\/a><a href=\"https:\/\/dogv.gva.es\/datos\/2024\/06\/28\/pdf\/2024_6234.pdf\" target=\"_blank\" rel=\"noopener noreferrer\">Extracto resoluci\u00f3n<br><br><\/a><a href=\"https:\/\/\nwww.infosubvenciones.es\/bdnstrans\/GE\/es\/convocatoria\/770620\" target=\"_blank\" rel=\"noopener noreferrer\">Informaci\u00f3n<br><br><\/a><a href=\"https:\/\/ceice.gva.es\/documents\/162640666\/383432176\/ANEXO+I_Solicitud+Ayudas+Comedor+Escolar_180491_BI.pdf\/ce75e9c8-d0a1-3161-7c1a-0bd05bfd7cd6?t=1719574089627\" target=\"_blank\" rel=\"noopener noreferrer\">Solicitud Anexo I<br><br>\n<\/a><\/td><\/tr>\n\n<tr><td align=\"center\">Infantil, Primaria<br><\/td>\n<td align=\"center\">Ayudas para adquisici\u00f3n de material escolar no curricular<br><\/td>\n<td align=\"center\"><br><br><\/td>\n<td align=\"center\"><br><a href=\"https:\/\/dogv.gva.es\/datos\/2023\/05\/29\/pdf\/2023_5829.pdf\" target=\"_blank\" rel=\"noreferrer noopener\">Orden<\/a><br><br><a href=\"https:\/\/dogv.gva.es\/datos\/2023\/06\/07\/pdf\/2023_6276.pdf\" target=\"_blank\" rel=\"noopener noreferrer\">Resoluci\u00f3n<\/a><br><br><a href=\"https:\/\/dogv.gva.es\/datos\/2023\/06\/07\/pdf\/2023_6310.pdf\" target=\"_blank\" rel=\"noopener noreferrer\">Extracto Resoluci\u00f3n<\/a><br><br><a href=\"https:\/\/www.infosubvenciones.es\/bdnstrans\/GE\/es\/convocatoria\/700721\" target=\"_blank\" rel=\"noopener noreferrer\">Informaci\u00f3n<\/a><br><br><a href=\"https:\/\/www.infosubvenciones.es\/bdnstrans\/GE\/es\/convocatoria\/902281\/document\/914945\" target=\"_blank\" rel=\"noopener noreferrer\">Anexo I<\/a><br><br><\/td><\/tr>\n\n<tr><td align=\"center\">6\u00ba Primaria y 1\u00ba ESO<br><\/td>\n<td align=\"center\"><br>Ayudas para participar en el programa \u00abAulas de la Naturaleza\u00bb 2022<br><br><\/td>\n<td align=\"center\"><br>Solicitud: hasta el 25-04-2022<br><br><\/td>\n<td align=\"center\"><a href=\"https:\/\/www.boe.es\/boe\/dias\/2022\/03\/31\/pdfs\/BOE-B-2022-10061.pdf\" target=\"_blank\" rel=\"noreferrer noopener\">BOE<br><br><\/a><a href=\"https:\/\/www.infosubvenciones.es\/bdnstrans\/GE\/es\/convocatoria\/618185\" target=\"_blank\" rel=\"noopener noreferrer\">Informaci\u00f3n<\/a><br><\/td><\/tr>\n\n<tr><td align=\"center\">Bachillerato<br><\/td>\n<td align=\"center\">Ci\u00e8ncia Ara<br><\/td>\n<td align=\"center\"><br>Inscripci\u00f3n: del 10-06-2019 al 23-06-2019<br><br><\/td>\n<td align=\"center\"><a href=\"https:\/\/www.uv.es\/uvweb\/delegacio-incorporacio-UV\/ca\/cooperacio-secundaria\/fes-ciencia\/ciencia-ara\/bases-1285871058524.html\" target=\"_blank\" rel=\"noreferrer noopener\">Informaci\u00f3n<\/a><\/td><\/tr>\n\n<tr><td align=\"center\">Bachillerato<br><\/td>\n<td align=\"center\"><br>Programa Descubre<br><br><\/td>\n<td align=\"center\"><br>Solicitud: hasta el 23-06-2019<br><br><\/td>\n<td align=\"center\"><a href=\"http:\/\/www.cipf.es\/web\/portada\/descubre\" target=\"_blank\" rel=\"noreferrer noopener\">Web<\/a><\/td><\/tr>\n\n<tr><td align=\"center\">1\u00ba y 2\u00ba ESO<br><\/td>\n<td align=\"center\"><br>Ayudas para participar en un Programa de Inmersi\u00f3n Ling\u00fc\u00edstica en colonias de vacaciones para 2019<br><br><\/td>\n<td align=\"center\"><br>Solicitud: hasta 15 d\u00edas h\u00e1biles a partir del 27-04-2019<br><br><\/td>\n<td align=\"center\"><a href=\"https:\/\/www.boe.es\/boe\/dias\/2019\/04\/26\/pdfs\/BOE-B-2019-18140.pdf\" target=\"_blank\" rel=\"noreferrer noopener\">BOE<\/a><br><br><a href=\"http:\/\/www.pap.hacienda.gob.es\/bdnstrans\/GE\/es\/convocatoria\/450328\" target=\"_blank\" rel=\"noopener noreferrer\">Solicitud<\/a><\/td><\/tr>\n\n<tr><td align=\"center\">ESO y Bachillerato<br><\/td>\n<td align=\"center\"><br>Becas Eurolingua<br><br><\/td>\n<td align=\"center\"><br>Solicitud: hasta el 17-04-2019<br><br><\/td>\n<td align=\"center\"><a href=\"https:\/\/www.becaseurolingua.com\/?utm_campaign=ies-valencia&amp;utm_medium=email&amp;utm_source=mail-marketing\" target=\"_blank\" rel=\"noreferrer noopener\">Eurolingua<\/a><\/td><\/tr>\n\n<tr><td align=\"center\">4\u00ba ESO y 1\u00ba Bachillerato Ciencias<br><\/td>\n<td align=\"center\"><br>Ayudas para participar en el programa \u00abCampus Cient\u00edficos de Verano\u00bb<br><br><\/td>\n<td align=\"center\"><br>Solicitud: hasta el 01-04-2019<br><br><\/td>\n<td align=\"center\"><a href=\"https:\/\/www.boe.es\/boe\/dias\/2019\/03\/18\/pdfs\/BOE-B-2019-11689.pdf\" target=\"_blank\" rel=\"noreferrer noopener\">BOE<\/a><br><br><a href=\"https:\/\/www.campuscientificos.es\/\" target=\"_blank\" rel=\"noopener noreferrer\">Solicitud<\/a><\/td><\/tr>\n\n<tr><td align=\"center\">Infantil 3, 4 y 5 a\u00f1os<br><\/td>\n<td align=\"center\"><br>Ayudas material escolar 2\u00ba ciclo Educaci\u00f3n Infantil<br><br><\/td>\n<td align=\"center\"><br>Solicitud: hasta el 20-03-2019<br><br><\/td>\n<td align=\"center\"><a href=\"https:\/\/lapurisimaalzira.org\/wp-content\/uploads\/2019\/07\/Bases_Ajudes_material_2n_cicle_infantil.pdf\" target=\"_blank\" rel=\"noreferrer noopener\"><br>PDF<\/a><br><br><a href=\"https:\/\/sedeelectronica.alzira.es\/PortalCiudadano\/info\/inicio.do\" target=\"_blank\" rel=\"noopener noreferrer\">Solicitud<\/a><br>(Acceder a Cat\u00e1logo de Tr\u00e1mites\/Educaci\u00f3n y Cultura)<br><br><\/td><\/tr>\n\n<\/tbody><\/table>\n\n\n\n<p><\/p>\n","protected":false},"excerpt":{"rendered":"<p>DIRIGIDO A DENOMINACI\u00d3N &nbsp;&nbsp;PLAZOS&nbsp; ENLACES Bachillerato Becas de car\u00e1cter general para el curso acad\u00e9mico 2026-2027 para estudiantes que cursen estudios &hellip; <\/p>\n","protected":false},"author":1,"featured_media":0,"parent":0,"menu_order":0,"comment_status":"closed","ping_status":"closed","template":"","meta":{"footnotes":""},"class_list":["post-920","page","type-page","status-publish","hentry"],"_links":{"self":[{"href":"https:\/\/lapurisimaalzira.org\/index.php?rest_route=\/wp\/v2\/pages\/920","targetHints":{"allow":["GET"]}}],"collection":[{"href":"https:\/\/lapurisimaalzira.org\/index.php?rest_route=\/wp\/v2\/pages"}],"about":[{"href":"https:\/\/lapurisimaalzira.org\/index.php?rest_route=\/wp\/v2\/types\/page"}],"author":[{"embeddable":true,"href":"https:\/\/lapurisimaalzira.org\/index.php?rest_route=\/wp\/v2\/users\/1"}],"replies":[{"embeddable":true,"href":"https:\/\/lapurisimaalzira.org\/index.php?rest_route=%2Fwp%2Fv2%2Fcomments&post=920"}],"version-history":[{"count":187,"href":"https:\/\/lapurisimaalzira.org\/index.php?rest_route=\/wp\/v2\/pages\/920\/revisions"}],"predecessor-version":[{"id":5854,"href":"https:\/\/lapurisimaalzira.org\/index.php?rest_route=\/wp\/v2\/pages\/920\/revisions\/5854"}],"wp:attachment":[{"href":"https:\/\/lapurisimaalzira.org\/index.php?rest_route=%2Fwp%2Fv2%2Fmedia&parent=920"}],"curies":[{"name":"wp","href":"https:\/\/api.w.org\/{rel}","templated":true}]}}